{"id":1046,"date":"2019-11-10T11:20:36","date_gmt":"2019-11-10T10:20:36","guid":{"rendered":"http:\/\/www.lyceecharlescoulomb.fr\/site\/?page_id=1046"},"modified":"2023-01-20T17:27:17","modified_gmt":"2023-01-20T16:27:17","slug":"premiere-et-terminale-generale","status":"publish","type":"page","link":"http:\/\/www.lyceecharlescoulomb.fr\/site\/?page_id=1046","title":{"rendered":"Pr\u00e9sentation"},"content":{"rendered":"\t\t<div data-elementor-type=\"wp-page\" data-elementor-id=\"1046\" class=\"elementor elementor-1046\">\n\t\t\t\t\t\t<section class=\"elementor-section elementor-top-section elementor-element elementor-element-638bb559 elementor-section-boxed elementor-section-height-default elementor-section-height-default\" data-id=\"638bb559\" data-element_type=\"section\" data-e-type=\"section\">\n\t\t\t\t\t\t<div class=\"elementor-container elementor-column-gap-default\">\n\t\t\t\t\t<div class=\"elementor-column elementor-col-100 elementor-top-column elementor-element elementor-element-57004911\" data-id=\"57004911\" data-element_type=\"column\" data-e-type=\"column\">\n\t\t\t<div class=\"elementor-widget-wrap elementor-element-populated\">\n\t\t\t\t\t\t<div class=\"elementor-element elementor-element-c53608a elementor-tabs-view-horizontal elementor-widget elementor-widget-tabs\" data-id=\"c53608a\" data-element_type=\"widget\" data-e-type=\"widget\" data-widget_type=\"tabs.default\">\n\t\t\t\t<div class=\"elementor-widget-container\">\n\t\t\t\t\t\t\t<div class=\"elementor-tabs\">\n\t\t\t<div class=\"elementor-tabs-wrapper\" role=\"tablist\" >\n\t\t\t\t\t\t\t\t\t<div id=\"elementor-tab-title-2061\" class=\"elementor-tab-title elementor-tab-desktop-title\" aria-selected=\"true\" data-tab=\"1\" role=\"tab\" tabindex=\"0\" aria-controls=\"elementor-tab-content-2061\" aria-expanded=\"false\">Objectifs<\/div>\n\t\t\t\t\t\t\t\t\t<div id=\"elementor-tab-title-2062\" class=\"elementor-tab-title elementor-tab-desktop-title\" aria-selected=\"false\" data-tab=\"2\" role=\"tab\" tabindex=\"-1\" aria-controls=\"elementor-tab-content-2062\" aria-expanded=\"false\">Contenu <\/div>\n\t\t\t\t\t\t\t<\/div>\n\t\t\t<div class=\"elementor-tabs-content-wrapper\" role=\"tablist\" aria-orientation=\"vertical\">\n\t\t\t\t\t\t\t\t\t<div class=\"elementor-tab-title elementor-tab-mobile-title\" aria-selected=\"true\" data-tab=\"1\" role=\"tab\" tabindex=\"0\" aria-controls=\"elementor-tab-content-2061\" aria-expanded=\"false\">Objectifs<\/div>\n\t\t\t\t\t<div id=\"elementor-tab-content-2061\" class=\"elementor-tab-content elementor-clearfix\" data-tab=\"1\" role=\"tabpanel\" aria-labelledby=\"elementor-tab-title-2061\" tabindex=\"0\" hidden=\"false\"><p>Le cycle terminal du baccalaur\u00e9at g\u00e9n\u00e9ral est con\u00e7u pour pr\u00e9parer au dipl\u00f4me et au-del\u00e0 \u00e0 une poursuite d\u2019\u00e9tudes r\u00e9ussie.<\/p><p>L&rsquo;objectif est de transmettre aux lyc\u00e9ens une culture commune et de leurpermettre d&rsquo;\u00e9laborer leur projet d&rsquo;\u00e9tudes de mani\u00e8re progressive :<\/p><ul><li>un socle de culture commune, humaniste et scientifique, ouvert aux enjeuxde l\u2019avenir, est propos\u00e9 \u00e0 tous les lyc\u00e9ens. En compl\u00e9ment, l\u2019\u00e9l\u00e8ve choisit desenseignements de sp\u00e9cialit\u00e9 et des enseignements optionnels,<\/li><li>l\u2019\u00e9l\u00e8ve b\u00e9n\u00e9ficie d\u2019une aide \u00e0 l\u2019orientation tout au long du lyc\u00e9e pourpr\u00e9parer les choix de parcours et, \u00e0 terme, l\u2019entr\u00e9e dans l\u2019enseignement\u00a0sup\u00e9rieur,<\/li><li>des enseignements nouveaux permettent aux \u00e9l\u00e8ves de partager une culture scientifique, de tenir compte pleinement des transitions technologiques de notre temps et de comprendre les grands d\u00e9fis du monde contemporain,<\/li><li>les lyc\u00e9ens choisissent des parcours en fonction de leurs go\u00fbts et de leurs ambitions.<\/li><\/ul><\/div>\n\t\t\t\t\t\t\t\t\t<div class=\"elementor-tab-title elementor-tab-mobile-title\" aria-selected=\"false\" data-tab=\"2\" role=\"tab\" tabindex=\"-1\" aria-controls=\"elementor-tab-content-2062\" aria-expanded=\"false\">Contenu <\/div>\n\t\t\t\t\t<div id=\"elementor-tab-content-2062\" class=\"elementor-tab-content elementor-clearfix\" data-tab=\"2\" role=\"tabpanel\" aria-labelledby=\"elementor-tab-title-2062\" tabindex=\"0\" hidden=\"hidden\">Les enseignements de la classe de premi\u00e8re et de la classe de terminale comprennent :\n<ul>\n \t<li>des enseignements communs,<\/li>\n \t<li>des enseignements de sp\u00e9cialit\u00e9 au choix : trois en premi\u00e8re et ce sera deux en terminale,<\/li>\n \t<li>des enseignements optionnels (uniquement en classe de terminale).<\/li>\n<\/ul>\n<h2 class=\"niveau\"><span style=\"color: #962b25;\">Classe de Premi\u00e8re<\/span><\/h2>\n<div><strong>Enseignements communs (horaire hebdomadaire)<\/strong><\/div>\n<div><\/div>\n<table style=\"height: 48px; width: 100%; background-color: #c2cc89;\" border=\"1\" width=\"100%\" bgcolor=\"#F4FA58\">\n<tbody>\n<tr>\n<td align=\"center\" width=\"16%\">Fran\u00e7ais\n4 h<\/td>\n<td align=\"center\" width=\"16%\">Histoire\nG\u00e9ographie\n3h<\/td>\n<td align=\"center\" width=\"16%\">Enseignement Moral et\nCivique\n18 h annuelles<\/td>\n<td align=\"center\" width=\"16%\">Enseignement Scientifique\n2h<\/td>\n<td align=\"center\" width=\"16%\">Langue Vivante A et\nLangue Vivante B\n4h30<\/td>\n<td align=\"center\" width=\"16%\">Education\nPhysique et\nSportive\n2h<\/td>\n<\/tr>\n<\/tbody>\n<\/table>\n<strong>Enseignements de sp\u00e9cialit\u00e9 : l\u2019\u00e9l\u00e8ve choisit 3 enseignements<\/strong>\n<table style=\"background-color: #c2cc89; width: 0%;\" border=\"1\" width=\"100%\" bgcolor=\"#F4FA58\">\n<tbody>\n<tr>\n<td style=\"width: 12.5%;\" align=\"center\" width=\"12.5%\">Histoire-G\u00e9ographie,\nG\u00e9opolitique et\nSciences Politiques<\/td>\n<td style=\"width: 12.5%;\" align=\"center\" width=\"12.5%\">LLCE Anglais Monde Contemporain<\/td>\n<td style=\"width: 12.5%;\" align=\"center\" width=\"12.5%\">Math\u00e9matiques<\/td>\n<td style=\"width: 12.5%;\" align=\"center\" width=\"12.5%\">Num\u00e9rique\net Sciences\nInformatiques<\/td>\n<td style=\"width: 12.5%;\" align=\"center\" width=\"12.5%\">Physique\nChimie<\/td>\n<td style=\"width: 12.5%;\" align=\"center\" width=\"12.5%\">Sciences\nEconomiques et\nSociales<\/td>\n<td style=\"width: 12.5%;\" align=\"center\" width=\"12.5%\">Sciences de\nl\u2019ing\u00e9nieur<\/td>\n<td style=\"width: 12.5%;\" align=\"center\" width=\"12.5%\">Sciences de\nla Vie et\nde la Terre<\/td>\n<\/tr>\n<tr>\n<td style=\"width: 98%;\" colspan=\"7\" align=\"center\">4 h hebdomadaires<\/td>\n<\/tr>\n<\/tbody>\n<\/table>\n<div><\/div>\n<h2><span style=\"color: #962b25;\">Classe de Terminale<\/span><\/h2>\n<div>\n\n<strong>Enseignements communs (horaire hebdomadaire)<\/strong>\n<table style=\"background-color: #c2cc89; width: 100%;\" border=\"1\" width=\"100%\" bgcolor=\"\">\n<tbody>\n<tr>\n<td align=\"center\" width=\"16%\">Philosophie\n4 h<\/td>\n<td align=\"center\" width=\"16%\">Histoire\nG\u00e9ographie\n3h<\/td>\n<td align=\"center\" width=\"16%\">Enseignement Moral et\nCivique\n18 h annuelles<\/td>\n<td align=\"center\" width=\"16%\">Enseignement Scientifique\n2h<\/td>\n<td align=\"center\" width=\"16%\">Langue Vivante A et\nLangue Vivante B\n4h<\/td>\n<td align=\"center\" width=\"16%\">Education\nPhysique et\nSportive\n2h<\/td>\n<\/tr>\n<\/tbody>\n<\/table>\n<\/div>\n<strong>Enseignements de sp\u00e9cialit\u00e9 : l\u2019\u00e9l\u00e8ve choisit 2 enseignements de sp\u00e9cialit\u00e9s (parmi ceux choisis en premi\u00e8re)\n<\/strong>\n<table style=\"width: 100%; background-color: #c2cc89;\" border=\"1\" width=\"100%\" bgcolor=\"#F4FA58\">\n<tbody>\n<tr>\n<td style=\"width: 12.5%;\" align=\"center\" width=\"12.5%\">Histoire-G\u00e9ographie,\nG\u00e9opolitique et\nSciences Politiques<\/td>\n<td style=\"width: 12.5%;\" align=\"center\" width=\"12.5%\">LLCE Anglais Monde Contemporain<\/td>\n<td style=\"width: 12.5%;\" align=\"center\" width=\"12.5%\">Math\u00e9matiques<\/td>\n<td style=\"width: 12.5%;\" align=\"center\" width=\"12.5%\">Num\u00e9rique\net Sciences\nInformatiques<\/td>\n<td style=\"width: 12.5%;\" align=\"center\" width=\"12.5%\">Physique\nChimie<\/td>\n<td style=\"width: 12.5%;\" align=\"center\" width=\"12.5%\">Sciences\nEconomiques et\nSociales<\/td>\n<td style=\"width: 12.5%;\" align=\"center\" width=\"12.5%\">Sciences de\nl\u2019ing\u00e9nieur<\/td>\n<td style=\"width: 12.5%;\" align=\"center\" width=\"12.5%\">Sciences de\nla Vie et\nde la Terre<\/td>\n<\/tr>\n<tr>\n<td style=\"width: 98%;\" colspan=\"7\" align=\"center\">6 h hebdomadaires<\/td>\n<\/tr>\n<\/tbody>\n<\/table>\n<strong>Enseignements optionnels<\/strong>\n<table style=\"background-color: #c2cc89; width: 100%;\" border=\"1\" width=\"100%\" bgcolor=\"#F4FA58\">\n<tbody>\n<tr>\n<td colspan=\"3\" align=\"center\">1 enseignement parmi<\/td>\n<\/tr>\n<tr>\n<td align=\"center\" width=\"33%\"><strong>Math\u00e9matiques compl\u00e9mentaires<\/strong>\n\nPour les \u00e9l\u00e8ves ne choisissant pas en terminale la sp\u00e9cialit\u00e9 Math\u00e9matiques<\/td>\n<td align=\"center\" width=\"33%\"><strong>Math\u00e9matiques expertes<\/strong>\n\nPour les \u00e9l\u00e8ves choisissant en terminale la sp\u00e9cialit\u00e9 Math\u00e9matiques<\/td>\n<td align=\"center\" width=\"33%\"><strong>Droit et grands enjeux du monde contemporain<\/strong><\/td>\n<\/tr>\n<tr>\n<td colspan=\"3\" align=\"center\">3 h hebdomadaires<\/td>\n<\/tr>\n<\/tbody>\n<\/table><\/div>\n\t\t\t\t\t\t\t<\/div>\n\t\t<\/div>\n\t\t\t\t\t\t<\/div>\n\t\t\t\t<\/div>\n\t\t\t\t\t<\/div>\n\t\t<\/div>\n\t\t\t\t\t<\/div>\n\t\t<\/section>\n\t\t\t\t<section class=\"elementor-section elementor-top-section elementor-element elementor-element-52a6e30d elementor-section-boxed elementor-section-height-default elementor-section-height-default\" data-id=\"52a6e30d\" data-element_type=\"section\" data-e-type=\"section\">\n\t\t\t\t\t\t<div class=\"elementor-container elementor-column-gap-default\">\n\t\t\t\t\t<div class=\"elementor-column elementor-col-100 elementor-top-column elementor-element elementor-element-72f84b5\" data-id=\"72f84b5\" data-element_type=\"column\" data-e-type=\"column\">\n\t\t\t<div class=\"elementor-widget-wrap\">\n\t\t\t\t\t\t\t<\/div>\n\t\t<\/div>\n\t\t\t\t\t<\/div>\n\t\t<\/section>\n\t\t\t\t<\/div>\n\t\t","protected":false},"excerpt":{"rendered":"<p>Objectifs Contenu Objectifs Le cycle terminal du baccalaur\u00e9at g\u00e9n\u00e9ral est con\u00e7u pour pr\u00e9parer au dipl\u00f4me et au-del\u00e0 \u00e0 une poursuite d\u2019\u00e9tudes r\u00e9ussie. L&#8217;objectif est de transmettre aux lyc\u00e9ens une culture [&hellip;]<\/p>\n","protected":false},"author":1,"featured_media":0,"parent":1055,"menu_order":1,"comment_status":"closed","ping_status":"closed","template":"","meta":{"ocean_post_layout":"","ocean_both_sidebars_style":"","ocean_both_sidebars_content_width":0,"ocean_both_sidebars_sidebars_width":0,"ocean_sidebar":"0","ocean_second_sidebar":"0","ocean_disable_margins":"enable","ocean_add_body_class":"","ocean_shortcode_before_top_bar":"","ocean_shortcode_after_top_bar":"","ocean_shortcode_before_header":"","ocean_shortcode_after_header":"","ocean_has_shortcode":"","ocean_shortcode_after_title":"","ocean_shortcode_before_footer_widgets":"","ocean_shortcode_after_footer_widgets":"","ocean_shortcode_before_footer_bottom":"","ocean_shortcode_after_footer_bottom":"","ocean_display_top_bar":"default","ocean_display_header":"default","ocean_header_style":"","ocean_center_header_left_menu":"0","ocean_custom_header_template":"0","ocean_custom_logo":0,"ocean_custom_retina_logo":0,"ocean_custom_logo_max_width":0,"ocean_custom_logo_tablet_max_width":0,"ocean_custom_logo_mobile_max_width":0,"ocean_custom_logo_max_height":0,"ocean_custom_logo_tablet_max_height":0,"ocean_custom_logo_mobile_max_height":0,"ocean_header_custom_menu":"0","ocean_menu_typo_font_family":"0","ocean_menu_typo_font_subset":"","ocean_menu_typo_font_size":0,"ocean_menu_typo_font_size_tablet":0,"ocean_menu_typo_font_size_mobile":0,"ocean_menu_typo_font_size_unit":"px","ocean_menu_typo_font_weight":"","ocean_menu_typo_font_weight_tablet":"","ocean_menu_typo_font_weight_mobile":"","ocean_menu_typo_transform":"","ocean_menu_typo_transform_tablet":"","ocean_menu_typo_transform_mobile":"","ocean_menu_typo_line_height":0,"ocean_menu_typo_line_height_tablet":0,"ocean_menu_typo_line_height_mobile":0,"ocean_menu_typo_line_height_unit":"","ocean_menu_typo_spacing":0,"ocean_menu_typo_spacing_tablet":0,"ocean_menu_typo_spacing_mobile":0,"ocean_menu_typo_spacing_unit":"","ocean_menu_link_color":"","ocean_menu_link_color_hover":"","ocean_menu_link_color_active":"","ocean_menu_link_background":"","ocean_menu_link_hover_background":"","ocean_menu_link_active_background":"","ocean_menu_social_links_bg":"","ocean_menu_social_hover_links_bg":"","ocean_menu_social_links_color":"","ocean_menu_social_hover_links_color":"","ocean_disable_title":"default","ocean_disable_heading":"default","ocean_post_title":"","ocean_post_subheading":"","ocean_post_title_style":"","ocean_post_title_background_color":"","ocean_post_title_background":0,"ocean_post_title_bg_image_position":"","ocean_post_title_bg_image_attachment":"","ocean_post_title_bg_image_repeat":"","ocean_post_title_bg_image_size":"","ocean_post_title_height":0,"ocean_post_title_bg_overlay":0.5,"ocean_post_title_bg_overlay_color":"","ocean_disable_breadcrumbs":"default","ocean_breadcrumbs_color":"","ocean_breadcrumbs_separator_color":"","ocean_breadcrumbs_links_color":"","ocean_breadcrumbs_links_hover_color":"","ocean_display_footer_widgets":"default","ocean_display_footer_bottom":"default","ocean_custom_footer_template":"0","footnotes":""},"class_list":["post-1046","page","type-page","status-publish","hentry","entry"],"_links":{"self":[{"href":"http:\/\/www.lyceecharlescoulomb.fr\/site\/index.php?rest_route=\/wp\/v2\/pages\/1046","targetHints":{"allow":["GET"]}}],"collection":[{"href":"http:\/\/www.lyceecharlescoulomb.fr\/site\/index.php?rest_route=\/wp\/v2\/pages"}],"about":[{"href":"http:\/\/www.lyceecharlescoulomb.fr\/site\/index.php?rest_route=\/wp\/v2\/types\/page"}],"author":[{"embeddable":true,"href":"http:\/\/www.lyceecharlescoulomb.fr\/site\/index.php?rest_route=\/wp\/v2\/users\/1"}],"replies":[{"embeddable":true,"href":"http:\/\/www.lyceecharlescoulomb.fr\/site\/index.php?rest_route=%2Fwp%2Fv2%2Fcomments&post=1046"}],"version-history":[{"count":18,"href":"http:\/\/www.lyceecharlescoulomb.fr\/site\/index.php?rest_route=\/wp\/v2\/pages\/1046\/revisions"}],"predecessor-version":[{"id":4601,"href":"http:\/\/www.lyceecharlescoulomb.fr\/site\/index.php?rest_route=\/wp\/v2\/pages\/1046\/revisions\/4601"}],"up":[{"embeddable":true,"href":"http:\/\/www.lyceecharlescoulomb.fr\/site\/index.php?rest_route=\/wp\/v2\/pages\/1055"}],"wp:attachment":[{"href":"http:\/\/www.lyceecharlescoulomb.fr\/site\/index.php?rest_route=%2Fwp%2Fv2%2Fmedia&parent=1046"}],"curies":[{"name":"wp","href":"https:\/\/api.w.org\/{rel}","templated":true}]}}