{"id":1105,"date":"2019-11-11T21:06:43","date_gmt":"2019-11-11T20:06:43","guid":{"rendered":"http:\/\/www.lyceecharlescoulomb.fr\/site\/?page_id=1105"},"modified":"2021-02-24T05:02:40","modified_gmt":"2021-02-24T04:02:40","slug":"enseignements-specifiques-en-classe-de-terminale","status":"publish","type":"page","link":"http:\/\/www.lyceecharlescoulomb.fr\/site\/?page_id=1105","title":{"rendered":"STI2D : Les enseignements sp\u00e9cifiques en classe de terminale STI2D"},"content":{"rendered":"\t\t<div data-elementor-type=\"wp-page\" data-elementor-id=\"1105\" class=\"elementor elementor-1105\">\n\t\t\t\t\t\t<section class=\"elementor-section elementor-top-section elementor-element elementor-element-1026938 elementor-section-boxed elementor-section-height-default elementor-section-height-default\" data-id=\"1026938\" data-element_type=\"section\" data-e-type=\"section\">\n\t\t\t\t\t\t<div class=\"elementor-container elementor-column-gap-default\">\n\t\t\t\t\t<div class=\"elementor-column elementor-col-100 elementor-top-column elementor-element elementor-element-76e8aaa\" data-id=\"76e8aaa\" data-element_type=\"column\" data-e-type=\"column\">\n\t\t\t<div class=\"elementor-widget-wrap elementor-element-populated\">\n\t\t\t\t\t\t<div class=\"elementor-element elementor-element-a8a673c elementor-tabs-view-horizontal elementor-widget elementor-widget-tabs\" data-id=\"a8a673c\" data-element_type=\"widget\" data-e-type=\"widget\" data-widget_type=\"tabs.default\">\n\t\t\t\t<div class=\"elementor-widget-container\">\n\t\t\t\t\t\t\t<div class=\"elementor-tabs\">\n\t\t\t<div class=\"elementor-tabs-wrapper\" role=\"tablist\" >\n\t\t\t\t\t\t\t\t\t<div id=\"elementor-tab-title-1761\" class=\"elementor-tab-title elementor-tab-desktop-title\" aria-selected=\"true\" data-tab=\"1\" role=\"tab\" tabindex=\"0\" aria-controls=\"elementor-tab-content-1761\" aria-expanded=\"false\">Architecture et <br>Construction (AC)<\/div>\n\t\t\t\t\t\t\t\t\t<div id=\"elementor-tab-title-1762\" class=\"elementor-tab-title elementor-tab-desktop-title\" aria-selected=\"false\" data-tab=\"2\" role=\"tab\" tabindex=\"-1\" aria-controls=\"elementor-tab-content-1762\" aria-expanded=\"false\">Energie et <br>Environnement (EE)<\/div>\n\t\t\t\t\t\t\t\t\t<div id=\"elementor-tab-title-1763\" class=\"elementor-tab-title elementor-tab-desktop-title\" aria-selected=\"false\" data-tab=\"3\" role=\"tab\" tabindex=\"-1\" aria-controls=\"elementor-tab-content-1763\" aria-expanded=\"false\">Innovation Technologique et <br>Ecoconception (ITEC)<\/div>\n\t\t\t\t\t\t\t\t\t<div id=\"elementor-tab-title-1764\" class=\"elementor-tab-title elementor-tab-desktop-title\" aria-selected=\"false\" data-tab=\"4\" role=\"tab\" tabindex=\"-1\" aria-controls=\"elementor-tab-content-1764\" aria-expanded=\"false\">Syst\u00e8mes d'Information et <br>Num\u00e9rique (SIN)<\/div>\n\t\t\t\t\t\t\t<\/div>\n\t\t\t<div class=\"elementor-tabs-content-wrapper\" role=\"tablist\" aria-orientation=\"vertical\">\n\t\t\t\t\t\t\t\t\t<div class=\"elementor-tab-title elementor-tab-mobile-title\" aria-selected=\"true\" data-tab=\"1\" role=\"tab\" tabindex=\"0\" aria-controls=\"elementor-tab-content-1761\" aria-expanded=\"false\">Architecture et <br>Construction (AC)<\/div>\n\t\t\t\t\t<div id=\"elementor-tab-content-1761\" class=\"elementor-tab-content elementor-clearfix\" data-tab=\"1\" role=\"tabpanel\" aria-labelledby=\"elementor-tab-title-1761\" tabindex=\"0\" hidden=\"false\"><p>L\u2019enseignement sp\u00e9cifique <strong>Architecture et Construction (AC) <\/strong>explore tous les aspects de la construction de b\u00e2timents et de g\u00e9nie civil, en int\u00e9grant les pr\u00e9occupations les plus r\u00e9centes du D\u00e9veloppement Durable\u00a0:<\/p><p><img decoding=\"async\" class=\"aligncenter\" src=\"http:\/\/www.lyceecharlescoulomb.fr\/site\/wp-content\/uploads\/2019\/10\/STI2D_spe_ac.jpg\" alt=\"\" \/><br \/>\u2013 Isolation\u00a0RT2012,<br \/>\u2013 Architecture Bioclimatique,<br \/>\u2013 Impact environnemental,<br \/>\u2013 Accessibilit\u00e9 des b\u00e2timents,<br \/>\u2013 Energie grise,<br \/>\u2013 Gestion des d\u00e9chets.<br \/>L\u2019enseignement apporte les comp\u00e9tences n\u00e9cessaires pour appr\u00e9hender les probl\u00e8mes de conception et r\u00e9alisation des constructions\u00a0: lecture de plans, trac\u00e9 de perspectives, conception sur modeleur 3D, r\u00e9alisation de maquettes, utilisation de logiciels experts pour le calcul des structures, planification de chantier, \u00e9clairage, thermique, acoustique.<br \/>Par ailleurs, l\u2019\u00e9l\u00e8ve en STI2D AC se familiarisera avec les normes, les textes officiels et les calculs de base, outils indispensables \u00e0 sa formation.<\/p><\/div>\n\t\t\t\t\t\t\t\t\t<div class=\"elementor-tab-title elementor-tab-mobile-title\" aria-selected=\"false\" data-tab=\"2\" role=\"tab\" tabindex=\"-1\" aria-controls=\"elementor-tab-content-1762\" aria-expanded=\"false\">Energie et <br>Environnement (EE)<\/div>\n\t\t\t\t\t<div id=\"elementor-tab-content-1762\" class=\"elementor-tab-content elementor-clearfix\" data-tab=\"2\" role=\"tabpanel\" aria-labelledby=\"elementor-tab-title-1762\" tabindex=\"0\" hidden=\"hidden\"><p>L\u2019enseignement sp\u00e9cifique <strong>\u00c9nergie et Environnement (EE) <\/strong>explore la gestion, le transport, la distribution et l\u2019utilisation de l\u2019\u00e9nergie.<\/p><p><img decoding=\"async\" class=\"aligncenter\" src=\"http:\/\/www.lyceecharlescoulomb.fr\/site\/wp-content\/uploads\/2019\/10\/STI2D_spe_ee.jpg\" alt=\"\" \/><br \/>Elle apporte les comp\u00e9tences n\u00e9cessaires pour appr\u00e9hender l\u2019efficacit\u00e9 \u00e9nerg\u00e9tique de tous les syst\u00e8mes int\u00e9grant une composante \u00e9nerg\u00e9tique, leur impact sur l\u2019environnement et l\u2019optimisation du cycle de vie.<br \/>Cette formation permet aux \u00e9l\u00e8ves d\u2019aborder les principales \u00e9tapes d\u2019un projet technologique justifi\u00e9 par l\u2019am\u00e9lioration de l\u2019efficacit\u00e9 \u00e9nerg\u00e9tique d\u2019un syst\u00e8me, l\u2019am\u00e9lioration de performances dans un objectif de d\u00e9veloppement durable, la modification d\u2019une cha\u00eene d\u2019\u00e9nergie comme :<br \/>\u2013 un moteur \u00e9lectrique convertit de l\u2019<a title=\"\u00c9nergie \u00e9lectrique\" href=\"http:\/\/fr.wikipedia.org\/wiki\/%C3%89nergie_%C3%A9lectrique\">\u00e9nergie \u00e9lectrique<\/a> en <a title=\"\u00c9nergie m\u00e9canique\" href=\"http:\/\/fr.wikipedia.org\/wiki\/%C3%89nergie_m%C3%A9canique\">\u00e9nergie m\u00e9canique<\/a> (mouvement de rotation).<br \/>\u2013 un feu de bois utilise une <a title=\"Source d'\u00e9nergie\" href=\"http:\/\/fr.wikipedia.org\/wiki\/Source_d%27%C3%A9nergie\">source d\u2019\u00e9nergie<\/a>, la <a title=\"Biomasse\" href=\"http:\/\/fr.wikipedia.org\/wiki\/Biomasse\">biomasse<\/a>, qu\u2019il convertit en \u00e9nergie thermique (chaleur).<br \/>Cette formation permet aussi de d\u00e9finir tout ou partie des fonctions assur\u00e9es par une cha\u00eene d\u2019\u00e9nergie et le syst\u00e8me de gestion associ\u00e9, anticiper ou v\u00e9rifier leurs comportements par simulation.<\/p><\/div>\n\t\t\t\t\t\t\t\t\t<div class=\"elementor-tab-title elementor-tab-mobile-title\" aria-selected=\"false\" data-tab=\"3\" role=\"tab\" tabindex=\"-1\" aria-controls=\"elementor-tab-content-1763\" aria-expanded=\"false\">Innovation Technologique et <br>Ecoconception (ITEC)<\/div>\n\t\t\t\t\t<div id=\"elementor-tab-content-1763\" class=\"elementor-tab-content elementor-clearfix\" data-tab=\"3\" role=\"tabpanel\" aria-labelledby=\"elementor-tab-title-1763\" tabindex=\"0\" hidden=\"hidden\"><p>L\u2019enseignement sp\u00e9cifique <strong>Innovation Technologique et Eco-Conception (ITEC)<\/strong> porte sur l\u2019analyse, la conception et le prototypage de solutions techniques relatives \u00e0 des produits manufactur\u00e9s, en respectant les contraintes \u00e9conomiques et environnementales.<\/p><p><img decoding=\"async\" class=\"aligncenter\" src=\"http:\/\/www.lyceecharlescoulomb.fr\/site\/wp-content\/uploads\/2019\/11\/itec.png\" alt=\"\" \/><br \/>\u00a0En choisissant cet enseignement sp\u00e9cifique, les \u00e9l\u00e8ves se confrontent \u00e0 la r\u00e9alit\u00e9 de la conception de produits innovants, en d\u00e9veloppant des comp\u00e9tences dans trois domaines\u00a0: <br \/>\u2013 <strong>La<\/strong> <strong>d\u00e9marche de projet<\/strong>\u00a0:<br \/>Quelles modifications apporter \u00e0 un produit existant pour mettre en \u0153uvre une \u00e9volution r\u00e9pondant \u00e0 un besoin ?<br \/>\u2013 <strong>L\u2019approfondissement des connaissances<\/strong>\u00a0:<br \/>Les \u00e9l\u00e8ves \u00e9tudient des m\u00e9canismes et anticipent leur comportement gr\u00e2ce \u00e0 des outils de simulation informatique et des protocoles exp\u00e9rimentaux.<br \/>\u2013 <strong>La<\/strong> <strong>mise en \u0153uvre des outils de prototypage<\/strong>\u00a0:<br \/>Les \u00e9l\u00e8ves d\u00e9couvrent et exp\u00e9rimentent les principaux proc\u00e9d\u00e9s de fabrication. Ils peuvent ainsi prendre en compte les contraintes de ces proc\u00e9d\u00e9s d\u00e8s la conception. Gr\u00e2ce au prototypage rapide, ils peuvent valider les fonctionnalit\u00e9s d\u2019un m\u00e9canisme et son int\u00e9gration dans le produit.<\/p><\/div>\n\t\t\t\t\t\t\t\t\t<div class=\"elementor-tab-title elementor-tab-mobile-title\" aria-selected=\"false\" data-tab=\"4\" role=\"tab\" tabindex=\"-1\" aria-controls=\"elementor-tab-content-1764\" aria-expanded=\"false\">Syst\u00e8mes d'Information et <br>Num\u00e9rique (SIN)<\/div>\n\t\t\t\t\t<div id=\"elementor-tab-content-1764\" class=\"elementor-tab-content elementor-clearfix\" data-tab=\"4\" role=\"tabpanel\" aria-labelledby=\"elementor-tab-title-1764\" tabindex=\"0\" hidden=\"hidden\"><div id=\"elementor-tab-content-3724\" class=\"elementor-tab-content elementor-clearfix elementor-active\" role=\"tabpanel\" data-tab=\"4\" aria-labelledby=\"elementor-tab-title-3724\"><div id=\"CalqueOnglet4\"><p>La formation propos\u00e9e dans l\u2019enseignement sp\u00e9cifique <strong>Syst\u00e8me d\u2019Information et Num\u00e9rique<\/strong> (<strong>SIN) <\/strong> r\u00e9pond aux enjeux num\u00e9riques de notre \u00e9poque.<\/p><p><img fetchpriority=\"high\" decoding=\"async\" class=\"aligncenter\" src=\"http:\/\/www.lyceecharlescoulomb.fr\/site\/wp-content\/uploads\/2019\/10\/STI2D_spe_sin.jpg\" alt=\"\" width=\"700\" height=\"300\" \/>L\u2019enseignement est organis\u00e9 autour des blocs suivants\u00a0:<br \/><strong>Acqu\u00e9rir et conditionner<\/strong>\u00a0<strong>l\u2019information<\/strong> : l\u2019ergonomie des objets techniques actuels est bien souvent li\u00e9e aux capteurs employ\u00e9s (acc\u00e9l\u00e9rom\u00e8tres, capteurs GPS, ultrason, infrarouge\u2026). Il suffit d\u2019utiliser un smartphone pour s\u2019en convaincre.<\/p><p><strong>Traiter et sauvegarder<\/strong>\u00a0<strong>l\u2019information <\/strong>: l\u2019ordinateur, les microprocesseurs, les microcontr\u00f4leurs, \u2026autant d\u2019outils qui permettent le traitement de l\u2019information. A cela il ne faut pas oublier d\u2019ajouter la programmation en langage \u00e9volu\u00e9 (orient\u00e9e objet, langage C, graphique) permettant notamment le d\u00e9veloppement d\u2019applications sur tablettes tactiles.<\/p><p><strong>Communiquer<\/strong>\u00a0<strong>l\u2019information<\/strong>: r\u00e9seau Ethernet, bus CAN pour l\u2019automobile, bus I2C entre composants \u00e9lectroniques, liaisons Bluetooth, WiFi, RFID\u2026 C\u2019est une composante incontournable des objets \u00ab\u00a0num\u00e9riques\u00a0\u00bb.<\/p><\/div><\/div><\/div>\n\t\t\t\t\t\t\t<\/div>\n\t\t<\/div>\n\t\t\t\t\t\t<\/div>\n\t\t\t\t<\/div>\n\t\t\t\t\t<\/div>\n\t\t<\/div>\n\t\t\t\t\t<\/div>\n\t\t<\/section>\n\t\t\t\t<\/div>\n\t\t","protected":false},"excerpt":{"rendered":"<p>Architecture et Construction (AC) Energie et Environnement (EE) Innovation Technologique et Ecoconception (ITEC) Syst\u00e8mes d&rsquo;Information et Num\u00e9rique (SIN) Architecture et Construction (AC) L\u2019enseignement sp\u00e9cifique Architecture et Construction (AC) explore tous [&hellip;]<\/p>\n","protected":false},"author":1,"featured_media":0,"parent":756,"menu_order":0,"comment_status":"closed","ping_status":"closed","template":"","meta":{"ocean_post_layout":"","ocean_both_sidebars_style":"","ocean_both_sidebars_content_width":0,"ocean_both_sidebars_sidebars_width":0,"ocean_sidebar":"0","ocean_second_sidebar":"0","ocean_disable_margins":"enable","ocean_add_body_class":"","ocean_shortcode_before_top_bar":"","ocean_shortcode_after_top_bar":"","ocean_shortcode_before_header":"","ocean_shortcode_after_header":"","ocean_has_shortcode":"","ocean_shortcode_after_title":"","ocean_shortcode_before_footer_widgets":"","ocean_shortcode_after_footer_widgets":"","ocean_shortcode_before_footer_bottom":"","ocean_shortcode_after_footer_bottom":"","ocean_display_top_bar":"default","ocean_display_header":"default","ocean_header_style":"","ocean_center_header_left_menu":"0","ocean_custom_header_template":"0","ocean_custom_logo":0,"ocean_custom_retina_logo":0,"ocean_custom_logo_max_width":0,"ocean_custom_logo_tablet_max_width":0,"ocean_custom_logo_mobile_max_width":0,"ocean_custom_logo_max_height":0,"ocean_custom_logo_tablet_max_height":0,"ocean_custom_logo_mobile_max_height":0,"ocean_header_custom_menu":"0","ocean_menu_typo_font_family":"0","ocean_menu_typo_font_subset":"","ocean_menu_typo_font_size":0,"ocean_menu_typo_font_size_tablet":0,"ocean_menu_typo_font_size_mobile":0,"ocean_menu_typo_font_size_unit":"px","ocean_menu_typo_font_weight":"","ocean_menu_typo_font_weight_tablet":"","ocean_menu_typo_font_weight_mobile":"","ocean_menu_typo_transform":"","ocean_menu_typo_transform_tablet":"","ocean_menu_typo_transform_mobile":"","ocean_menu_typo_line_height":0,"ocean_menu_typo_line_height_tablet":0,"ocean_menu_typo_line_height_mobile":0,"ocean_menu_typo_line_height_unit":"","ocean_menu_typo_spacing":0,"ocean_menu_typo_spacing_tablet":0,"ocean_menu_typo_spacing_mobile":0,"ocean_menu_typo_spacing_unit":"","ocean_menu_link_color":"","ocean_menu_link_color_hover":"","ocean_menu_link_color_active":"","ocean_menu_link_background":"","ocean_menu_link_hover_background":"","ocean_menu_link_active_background":"","ocean_menu_social_links_bg":"","ocean_menu_social_hover_links_bg":"","ocean_menu_social_links_color":"","ocean_menu_social_hover_links_color":"","ocean_disable_title":"default","ocean_disable_heading":"default","ocean_post_title":"","ocean_post_subheading":"","ocean_post_title_style":"","ocean_post_title_background_color":"","ocean_post_title_background":0,"ocean_post_title_bg_image_position":"","ocean_post_title_bg_image_attachment":"","ocean_post_title_bg_image_repeat":"","ocean_post_title_bg_image_size":"","ocean_post_title_height":0,"ocean_post_title_bg_overlay":0.5,"ocean_post_title_bg_overlay_color":"","ocean_disable_breadcrumbs":"default","ocean_breadcrumbs_color":"","ocean_breadcrumbs_separator_color":"","ocean_breadcrumbs_links_color":"","ocean_breadcrumbs_links_hover_color":"","ocean_display_footer_widgets":"default","ocean_display_footer_bottom":"default","ocean_custom_footer_template":"0","footnotes":""},"class_list":["post-1105","page","type-page","status-publish","hentry","entry"],"_links":{"self":[{"href":"http:\/\/www.lyceecharlescoulomb.fr\/site\/index.php?rest_route=\/wp\/v2\/pages\/1105","targetHints":{"allow":["GET"]}}],"collection":[{"href":"http:\/\/www.lyceecharlescoulomb.fr\/site\/index.php?rest_route=\/wp\/v2\/pages"}],"about":[{"href":"http:\/\/www.lyceecharlescoulomb.fr\/site\/index.php?rest_route=\/wp\/v2\/types\/page"}],"author":[{"embeddable":true,"href":"http:\/\/www.lyceecharlescoulomb.fr\/site\/index.php?rest_route=\/wp\/v2\/users\/1"}],"replies":[{"embeddable":true,"href":"http:\/\/www.lyceecharlescoulomb.fr\/site\/index.php?rest_route=%2Fwp%2Fv2%2Fcomments&post=1105"}],"version-history":[{"count":20,"href":"http:\/\/www.lyceecharlescoulomb.fr\/site\/index.php?rest_route=\/wp\/v2\/pages\/1105\/revisions"}],"predecessor-version":[{"id":2241,"href":"http:\/\/www.lyceecharlescoulomb.fr\/site\/index.php?rest_route=\/wp\/v2\/pages\/1105\/revisions\/2241"}],"up":[{"embeddable":true,"href":"http:\/\/www.lyceecharlescoulomb.fr\/site\/index.php?rest_route=\/wp\/v2\/pages\/756"}],"wp:attachment":[{"href":"http:\/\/www.lyceecharlescoulomb.fr\/site\/index.php?rest_route=%2Fwp%2Fv2%2Fmedia&parent=1105"}],"curies":[{"name":"wp","href":"https:\/\/api.w.org\/{rel}","templated":true}]}}