{"id":1328,"date":"2019-11-26T18:37:33","date_gmt":"2019-11-26T17:37:33","guid":{"rendered":"http:\/\/www.lyceecharlescoulomb.fr\/site\/?page_id=1328"},"modified":"2024-05-30T09:03:21","modified_gmt":"2024-05-30T07:03:21","slug":"nos-offres-2019","status":"publish","type":"page","link":"http:\/\/www.lyceecharlescoulomb.fr\/site\/?page_id=1328","title":{"rendered":"Nos Offres 2024"},"content":{"rendered":"<p><em><strong><span style=\"font-size: 14pt;\">Annonces mise \u00e0 jour le 22 mai 2024<br \/>\n<\/span><\/strong><\/em><\/p>\n<p><strong>Pour \u00eatre candidat.e dans notre UFA et valider ces offres, vous devez \u00eatre au pr\u00e9alable inscrit aupr\u00e8s de Monsieur St\u00e9phane ARNOULT stephane.arnoult@ac-poitiers.fr<\/strong><\/p>\n<hr \/>\n<p><strong><label>Dipl\u00f4me :\u00a0<\/label> BTS \u00c9lectrotechnique<\/strong><br \/>\nDate de diffusion : 17 mai 2024<br \/>\n<strong>Alternance &#8211; Technicien.ne \u00c9lectrotechnique Bac +2<\/strong><br \/>\nL&rsquo;entreprise <span style=\"font-size: small;\"><strong>TECNAL<\/strong> recherche un.e <b>alternant.e charg\u00e9.e d&rsquo;\u00e9tudes \u00e9lectrique H\/F.<\/b><\/span><\/p>\n<div><span style=\"font-size: small;\">Descriptif de l&rsquo;offre en pi\u00e8ce jointe en cliquant<a href=\"http:\/\/www.lyceecharlescoulomb.fr\/site\/wp-content\/uploads\/2024\/05\/Alternant-Charge-detudes-electricite-TECNAL.pdf\" target=\"_blank\" rel=\"noopener\"> ici<\/a>.<\/span><\/div>\n<div><span style=\"font-size: small;\">Pour postuler, veuillez transmettre votre lettre de motivation, votre CV et vos bulletins de terminale par mail, au format PDF, \u00e0 l&rsquo;adresse indiqu\u00e9e dans le descriptif de l&rsquo;offre.<\/span><\/div>\n<div id=\":10r\" class=\"a3s aiL \">\n<div dir=\"ltr\">\n<div id=\":10r\" class=\"a3s aiL \">\n<div dir=\"ltr\">\n<div id=\":1vs\" class=\"a3s aiL \">\n<div id=\":10r\" class=\"a3s aiL \">\n<div dir=\"ltr\">\n<div id=\":1vs\" class=\"a3s aiL \">\n<div dir=\"ltr\">\n<div dir=\"ltr\">\n<hr \/>\n<p dir=\"ltr\"><strong><label>Dipl\u00f4me :\u00a0<\/label> BTS Maintenance des Syst\u00e8mes Option A<\/strong><br \/>\nDate de diffusion : 17 mai 2024<br \/>\n<strong>Alternance &#8211; Technicien.ne Maintenance des syst\u00e8me Bac +2<\/strong><br \/>\nL&rsquo;entreprise VENTHENAT recherche un.e alternant.e en Maintenance des Syst\u00e8mes pour un poste de technicien.ne en maintenance pour son site de BARBEZIEUX SAINT HILAIRE (16300).<br \/>\nDescriptif de l&rsquo;offre en pi\u00e8ce jointe en cliquant<a href=\"http:\/\/www.lyceecharlescoulomb.fr\/site\/wp-content\/uploads\/2024\/05\/Apprenti-Technicien-Maintenance-Venthenat.pdf\" target=\"_blank\" rel=\"noopener\"> ici<\/a>.<br \/>\nPour postuler, veuillez transmettre votre lettre de motivation, votre CV et vos bulletins de terminale par mail, au format PDF, <span style=\"font-size: small;\">\u00e0 l&rsquo;attention de Monsieur Cl\u00e9ment GENDRE \u00e0 l&rsquo;adresse courriel suivante : <span role=\"gridcell\"> <a href=\"mailto:gendrec@plastiques-venthenat.fr\" target=\"_blank\" rel=\"noopener\">gendrec@plastiques-venthenat.<wbr \/>fr<\/a> <\/span><\/span>.<\/p>\n<\/div>\n<div dir=\"ltr\">\n<div dir=\"ltr\">\n<div dir=\"ltr\">\n<div class=\"a3s aiL \">\n<hr \/>\n<p><strong><label>Dipl\u00f4me : <\/label> BTS \u00c9lectrotechnique<\/strong><br \/>\nDate de diffusion : 22 mai 2024<br \/>\n<strong>Alternance &#8211; Technicien.ne \u00c9lectrotechnique Bac +2<\/strong><br \/>\nL&rsquo;entreprise <span style=\"font-size: small;\"><b>CMFT industrie<\/b>, <\/span><span style=\"font-size: small;\">situ\u00e9e au HAILLAN (33) recherche un(e) apprenti(e) Metteur au point (H\/F).<\/span><br \/>\nDescriptif de l&rsquo;offre en pi\u00e8ce jointe en cliquant<a href=\"http:\/\/www.lyceecharlescoulomb.fr\/site\/wp-content\/uploads\/2024\/05\/Annonce-Apprenti-Metteur-au-point-CMFT.pdf\" target=\"_blank\" rel=\"noopener\"> ici<\/a>.<br \/>\nPour postuler, vous devez transmettre<span style=\"font-size: small;\"> votre CV, votre lettre de motivation et vos 4 derniers bulletins par l&rsquo;interm\u00e9diaire de l&rsquo;adresse courriel <a href=\"mailto:office@plastiques-venthenat.fr\" target=\"_blank\" rel=\"noopener\">Recrutement.bordeaux@groupe-<wbr \/>climater.com<\/a> au format PDF. <\/span><\/p>\n<div id=\":10r\" class=\"a3s aiL \">\n<div dir=\"ltr\">\n<div id=\":10r\" class=\"a3s aiL \">\n<div dir=\"ltr\">\n<div id=\":1vs\" class=\"a3s aiL \">\n<div id=\":10r\" class=\"a3s aiL \">\n<div dir=\"ltr\">\n<div id=\":1vs\" class=\"a3s aiL \">\n<div dir=\"ltr\">\n<div dir=\"ltr\">\n<hr \/>\n<p dir=\"ltr\"><strong><label>Dipl\u00f4me :\u00a0<\/label> BTS Maintenance des Syst\u00e8mes Option A<\/strong><br \/>\nDate de diffusion : 22 mai 2024<br \/>\n<strong>Alternance &#8211; Technicien.ne Maintenance des syst\u00e8me Bac +2<\/strong><br \/>\nL&rsquo;entreprise connue en Charente pour g\u00e9rer les tri des sacs jaunes recherche un(e) apprenti(e) en maintenance pour son usine de MORNAC (16). Cette entreprise est une entreprise tr\u00e8s sensibilis\u00e9e \u00e0 la formation par apprentissage.<br \/>\nDescriptif de l&rsquo;offre en pi\u00e8ce jointe en cliquant<a href=\"http:\/\/www.lyceecharlescoulomb.fr\/site\/wp-content\/uploads\/2024\/05\/Fiche-de-poste-CALITOM.pdf\" target=\"_blank\" rel=\"noopener\"> ici<\/a>.<br \/>\nPour postuler sur cette offre, il faut envoyer votre CV, lettre de motivation et vos 4 derniers bulletins au format PDF \u00e0 l&rsquo;attention de Monsieur Emmanuel ANDRIEUX \u00e0 l&rsquo;adresse courriel suivante :\u00a0<span role=\"gridcell\"><a href=\"mailto:EANDRIEUX@calitom.com\" target=\"_blank\" rel=\"noopener\">EANDRIEUX@<span class=\"gmail-il\">calitom<\/span>.com<\/a><\/span><\/p>\n<\/div>\n<div dir=\"ltr\">\n<div dir=\"ltr\">\n<div dir=\"ltr\">\n<div class=\"a3s aiL \">\n<hr \/>\n<p><strong><label>Dipl\u00f4me : <\/label> BTS \u00c9lectrotechnique<\/strong><br \/>\nDate de diffusion : 27 mai 2024<br \/>\n<strong>Alternance &#8211; Technicien.ne \u00c9lectrotechnique Bac +2<\/strong><br \/>\nL&rsquo;entreprise situ\u00e9e \u00e0 BRIE (16590)\u00a0 recherche un(e) apprenti(e) Technicien.ne en Electrotechnique.<br \/>\nVous trouverez la fiche de poste en cliquant <a href=\"http:\/\/www.lyceecharlescoulomb.fr\/site\/wp-content\/uploads\/2024\/05\/Offre-SDEL.pdf\" target=\"_blank\" rel=\"noopener\">ici<\/a>.<br \/>\nPour postuler, vous devez transmettre votre CV, votre lettre de motivation et vos 4 derniers bulletins par l&rsquo;interm\u00e9diaire de l&rsquo;adresse courriel pr\u00e9cis\u00e9e dans l&rsquo;offre.<\/p>\n<hr \/>\n<p><strong><label>Dipl\u00f4me :\u00a0<\/label> BTS Maintenance des Syst\u00e8mes Option A<\/strong><br \/>\nDate de diffusion : 27 mai 2024<br \/>\n<strong>Alternance &#8211; Technicien.ne Maintenance des syst\u00e8me Bac +2<\/strong><br \/>\nL&rsquo;entreprise recherche un.e <b>alternant.e Technicien.ne de Maintenance.<br \/>\n<\/b>Vous trouverez le descriptif de l&rsquo;offre en cliquant <strong><a href=\"http:\/\/www.lyceecharlescoulomb.fr\/site\/wp-content\/uploads\/2024\/05\/Alternant-Technicien-de-maintenance-TECNAL.pdf\" target=\"_blank\" rel=\"noopener\">ici<\/a><\/strong>.<br \/>\nPour postuler, vous pouvez transmettre votre lettre de motivation, votre CV et vos bulletins de terminale par mail, au format PDF, \u00e0 l&rsquo;adresse indiqu\u00e9e dans le descriptif de l&rsquo;offre.<\/p>\n<hr \/>\n<\/div>\n<\/div>\n<\/div>\n<\/div>\n<\/div>\n<\/div>\n<\/div>\n<\/div>\n<\/div>\n<\/div>\n<\/div>\n<\/div>\n<\/div>\n<\/div>\n<\/div>\n<\/div>\n<\/div>\n<\/div>\n<\/div>\n<\/div>\n<\/div>\n<\/div>\n<\/div>\n<\/div>\n<\/div>\n<\/div>\n","protected":false},"excerpt":{"rendered":"<p>Annonces mise \u00e0 jour le 22 mai 2024 Pour \u00eatre candidat.e dans notre UFA et valider ces offres, vous devez \u00eatre au pr\u00e9alable inscrit aupr\u00e8s de Monsieur St\u00e9phane ARNOULT stephane.arnoult@ac-poitiers.fr [&hellip;]<\/p>\n","protected":false},"author":3,"featured_media":0,"parent":1323,"menu_order":3,"comment_status":"closed","ping_status":"closed","template":"","meta":{"ocean_post_layout":"","ocean_both_sidebars_style":"","ocean_both_sidebars_content_width":0,"ocean_both_sidebars_sidebars_width":0,"ocean_sidebar":"0","ocean_second_sidebar":"0","ocean_disable_margins":"enable","ocean_add_body_class":"","ocean_shortcode_before_top_bar":"","ocean_shortcode_after_top_bar":"","ocean_shortcode_before_header":"","ocean_shortcode_after_header":"","ocean_has_shortcode":"","ocean_shortcode_after_title":"","ocean_shortcode_before_footer_widgets":"","ocean_shortcode_after_footer_widgets":"","ocean_shortcode_before_footer_bottom":"","ocean_shortcode_after_footer_bottom":"","ocean_display_top_bar":"default","ocean_display_header":"default","ocean_header_style":"","ocean_center_header_left_menu":"0","ocean_custom_header_template":"0","ocean_custom_logo":0,"ocean_custom_retina_logo":0,"ocean_custom_logo_max_width":0,"ocean_custom_logo_tablet_max_width":0,"ocean_custom_logo_mobile_max_width":0,"ocean_custom_logo_max_height":0,"ocean_custom_logo_tablet_max_height":0,"ocean_custom_logo_mobile_max_height":0,"ocean_header_custom_menu":"0","ocean_menu_typo_font_family":"0","ocean_menu_typo_font_subset":"","ocean_menu_typo_font_size":0,"ocean_menu_typo_font_size_tablet":0,"ocean_menu_typo_font_size_mobile":0,"ocean_menu_typo_font_size_unit":"px","ocean_menu_typo_font_weight":"","ocean_menu_typo_font_weight_tablet":"","ocean_menu_typo_font_weight_mobile":"","ocean_menu_typo_transform":"","ocean_menu_typo_transform_tablet":"","ocean_menu_typo_transform_mobile":"","ocean_menu_typo_line_height":0,"ocean_menu_typo_line_height_tablet":0,"ocean_menu_typo_line_height_mobile":0,"ocean_menu_typo_line_height_unit":"","ocean_menu_typo_spacing":0,"ocean_menu_typo_spacing_tablet":0,"ocean_menu_typo_spacing_mobile":0,"ocean_menu_typo_spacing_unit":"","ocean_menu_link_color":"","ocean_menu_link_color_hover":"","ocean_menu_link_color_active":"","ocean_menu_link_background":"","ocean_menu_link_hover_background":"","ocean_menu_link_active_background":"","ocean_menu_social_links_bg":"","ocean_menu_social_hover_links_bg":"","ocean_menu_social_links_color":"","ocean_menu_social_hover_links_color":"","ocean_disable_title":"default","ocean_disable_heading":"default","ocean_post_title":"","ocean_post_subheading":"","ocean_post_title_style":"","ocean_post_title_background_color":"","ocean_post_title_background":0,"ocean_post_title_bg_image_position":"","ocean_post_title_bg_image_attachment":"","ocean_post_title_bg_image_repeat":"","ocean_post_title_bg_image_size":"","ocean_post_title_height":0,"ocean_post_title_bg_overlay":0.5,"ocean_post_title_bg_overlay_color":"","ocean_disable_breadcrumbs":"default","ocean_breadcrumbs_color":"","ocean_breadcrumbs_separator_color":"","ocean_breadcrumbs_links_color":"","ocean_breadcrumbs_links_hover_color":"","ocean_display_footer_widgets":"default","ocean_display_footer_bottom":"default","ocean_custom_footer_template":"0","footnotes":""},"class_list":["post-1328","page","type-page","status-publish","hentry","entry"],"_links":{"self":[{"href":"http:\/\/www.lyceecharlescoulomb.fr\/site\/index.php?rest_route=\/wp\/v2\/pages\/1328","targetHints":{"allow":["GET"]}}],"collection":[{"href":"http:\/\/www.lyceecharlescoulomb.fr\/site\/index.php?rest_route=\/wp\/v2\/pages"}],"about":[{"href":"http:\/\/www.lyceecharlescoulomb.fr\/site\/index.php?rest_route=\/wp\/v2\/types\/page"}],"author":[{"embeddable":true,"href":"http:\/\/www.lyceecharlescoulomb.fr\/site\/index.php?rest_route=\/wp\/v2\/users\/3"}],"replies":[{"embeddable":true,"href":"http:\/\/www.lyceecharlescoulomb.fr\/site\/index.php?rest_route=%2Fwp%2Fv2%2Fcomments&post=1328"}],"version-history":[{"count":214,"href":"http:\/\/www.lyceecharlescoulomb.fr\/site\/index.php?rest_route=\/wp\/v2\/pages\/1328\/revisions"}],"predecessor-version":[{"id":5605,"href":"http:\/\/www.lyceecharlescoulomb.fr\/site\/index.php?rest_route=\/wp\/v2\/pages\/1328\/revisions\/5605"}],"up":[{"embeddable":true,"href":"http:\/\/www.lyceecharlescoulomb.fr\/site\/index.php?rest_route=\/wp\/v2\/pages\/1323"}],"wp:attachment":[{"href":"http:\/\/www.lyceecharlescoulomb.fr\/site\/index.php?rest_route=%2Fwp%2Fv2%2Fmedia&parent=1328"}],"curies":[{"name":"wp","href":"https:\/\/api.w.org\/{rel}","templated":true}]}}