{"id":1336,"date":"2019-11-26T18:57:06","date_gmt":"2019-11-26T17:57:06","guid":{"rendered":"http:\/\/www.lyceecharlescoulomb.fr\/site\/?page_id=1336"},"modified":"2025-04-15T11:33:17","modified_gmt":"2025-04-15T09:33:17","slug":"taxe-dapprentissage","status":"publish","type":"page","link":"http:\/\/www.lyceecharlescoulomb.fr\/site\/?page_id=1336","title":{"rendered":"Verser le solde de la taxe d&rsquo;apprentissage 2025"},"content":{"rendered":"<div class=\"header_secondary-right\">\n<div class=\"clearfix text-formatted field field--name-field-chapo field--type-text-long field--label-hidden field__item\">\n<p>La taxe d&rsquo;apprentissage est un imp\u00f4t d\u00e9di\u00e9 au financement de l&rsquo;apprentissage et des formations technologiques et professionnelles initiales.<\/p>\n<p>Cet imp\u00f4t concerne toute entreprise dont le si\u00e8ge social se situe sur le territoire fran\u00e7ais, soumise \u00e0 l\u2019imp\u00f4t sur les soci\u00e9t\u00e9s ou sur le revenu, et employant au moins 1 salari\u00e9.<\/p>\n<\/div>\n<\/div>\n<div class=\"field__item\">\n<div id=\"ddbefc70c85064bb26cfbc46a9711770\" class=\"paragraph-narrow paragraph paragraph--type--texte paragraph--view-mode--default\">\n<div class=\"clearfix text-formatted field field--name-field-texte field--type-text-long field--label-hidden field__item\">\n<h2 id=\"984481216b8e5a8ac1d2be1c0483b077-1\" class=\"rouge\">Depuis 2023, la collecte et l&rsquo;attribution du solde de la taxe d\u2019apprentissage ont chang\u00e9,<\/h2>\n<p>Le versement des entreprises s&rsquo;effectue obligatoirement depuis la plateforme SOLT\u00e9A d\u00e9velopp\u00e9e par la caisse des d\u00e9p\u00f4ts et des consignations sur laquelle les entreprises peuvent d\u00e9signer les lyc\u00e9es Charles Augustin COULOMB (soit le lyc\u00e9e g\u00e9n\u00e9ral et technologique, soit le lyc\u00e9e professionnel).<\/p>\n<h2>Pourquoi verser le solde de votre taxe d\u2019apprentissage \u00e0 nos \u00e9tablissements ?<\/h2>\n<p>Chaque entreprise peut choisir d&rsquo;affecter, sur la plateforme SOLT\u00e9A, son solde de taxe d&rsquo;apprentissage aux \u00e9tablissements Charles Augustin COULOMB.<\/p>\n<p>Ce solde de taxe d&rsquo;apprentissage permet de financer les \u00e9quipements de formation de nos deux \u00e9tablissements (LP et LGT). Il permet l&rsquo;achat et le renouvellement du mat\u00e9riel p\u00e9dagogique et professionnel.<\/p>\n<p>En versant votre taxe d\u2019apprentissage \u00e0 nos \u00e9tablissements, vous construisez la r\u00e9ussite professionnelle de nos \u00e9l\u00e8ves et permettez \u00e0 nos \u00e9tablissements d&rsquo;am\u00e9liorer leurs infrastructures mat\u00e9rielles.<\/p>\n<p><strong>La collecte du solde de la taxe d\u2019apprentissage constitue une ressource d\u00e9terminante pour mener \u00e0 bien ces missions et nous pouvons investir et am\u00e9liorer l\u2019environnement p\u00e9dagogique de nos apprenant.e.s.<\/strong><\/p>\n<h2>Comment verser votre solde de la taxe d&rsquo;apprentissage \u00e0 nos lyc\u00e9es ?<\/h2>\n<p>La plateforme SOLT\u00e9A est un service en lign\u00e9 d\u00e9di\u00e9 aux employeurs redevables du solde de la taxe d&rsquo;apprentissage et aux \u00e9tablissements scolaires habilit\u00e9s, comme nos \u00e9tablissements, \u00e0 la percevoir.<\/p>\n<p>Vous acc\u00e9dez \u00e0 nos \u00e9tablissements, suite \u00e0 votre connexion sur la plateforme SOLT\u00e9A (www.soltea.education.gouv.fr \u00e0 l&rsquo;aide de vos identifiants Net Entreprises), soit \u00e0 partir de nos noms ou de nos num\u00e9ros SIRET dans la barre de recherche.<\/p>\n<p><iframe title=\"Solde taxe d\u2019apprentissage : le nouveau service SOLT\u00e9A pour les employeurs\" src=\"https:\/\/www.youtube.com\/embed\/dM_q0J6r39U\" width=\"560\" height=\"455\" frameborder=\"0\" allowfullscreen=\"allowfullscreen\"><\/iframe><\/p>\n<\/div>\n<\/div>\n<\/div>\n<div class=\"field__item\">\n<div id=\"b0c41777cbbffc3b0fc42a1120e27ba8\" class=\"paragraph-narrow paragraph paragraph--type--texte paragraph--view-mode--default\">\n<div class=\"field__item\">\n<div id=\"0183a15056d1a8d736ca29e9a597351d\" class=\"paragraph-narrow paragraph paragraph--type--texte paragraph--view-mode--default\">\n<div class=\"clearfix text-formatted field field--name-field-texte field--type-text-long field--label-hidden field__item\">\n<h2 id=\"a115265d58d47948f53e5b3d4cde0bf1-0\" class=\"rouge\">Calendrier 2025 de la plateforme SOLT\u00e9A<\/h2>\n<p><img fetchpriority=\"high\" decoding=\"async\" class=\"aligncenter\" src=\"https:\/\/www.soltea.education.gouv.fr\/espace-public\/sites\/ta\/files\/2024-10\/Frise-SOLTeA-2024-1823x990.png\" alt=\"Frise-SOLTeA\" width=\"782\" height=\"425\" \/><br \/>\n<img decoding=\"async\" class=\"aligncenter\" src=\"https:\/\/www.soltea.education.gouv.fr\/espace-public\/sites\/ta\/files\/2024-10\/Frise-SOLTeA-2024-1823x9902.png\" alt=\"Frise-SOLTea\" width=\"808\" height=\"439\" \/><img decoding=\"async\" class=\"aligncenter\" src=\"https:\/\/www.soltea.education.gouv.fr\/espace-public\/sites\/ta\/files\/2024-10\/Frise-SOLTeA-2024-1823x9903.png\" alt=\"Frise-SOLTeA\" width=\"1823\" height=\"990\" \/><\/p>\n<h2><img loading=\"lazy\" decoding=\"async\" class=\"aligncenter\" src=\"https:\/\/www.soltea.education.gouv.fr\/espace-public\/sites\/ta\/files\/2024-10\/Frise-SOLTeA-2024-1823x9904.png\" alt=\"Frise-SOLTeA\" width=\"751\" height=\"408\" \/><\/h2>\n<\/div>\n<\/div>\n<\/div>\n<\/div>\n<\/div>\n<div class=\"field__item\">\n<div id=\"b0c41777cbbffc3b0fc42a1120e27ba8\" class=\"paragraph-narrow paragraph paragraph--type--texte paragraph--view-mode--default\">\n<div class=\"field__item\">\n<div id=\"0183a15056d1a8d736ca29e9a597351d\" class=\"paragraph-narrow paragraph paragraph--type--texte paragraph--view-mode--default\">\n<div class=\"clearfix text-formatted field field--name-field-texte field--type-text-long field--label-hidden field__item\">\n<h2 id=\"a115265d58d47948f53e5b3d4cde0bf1-0\" class=\"rouge\">Vous voulez plus d&rsquo;informations ?<\/h2>\n<p>Vous souhaitez avoir des informations sur la plateforme SOLT\u00e9A ou toutes autres questions sur l&rsquo;affectation de votre solde de la taxe d&rsquo;apprentissage ?<\/p>\n<p>Vous pouvez contacter Monsieur Micka\u00ebl MORAIN, DDFPT, mickael.morain@ac-poitiers.fr, 05 45 61 83 17.<\/p>\n<\/div>\n<\/div>\n<\/div>\n<\/div>\n<\/div>\n<p>Les codes d\u2019habilitation UAI de nos \u00e9tablissements sont :<\/p>\n<ul>\n<li>pour le Lyc\u00e9e Professionnel Charles Augustin Coulomb<br \/>\nCode UAI\u00a0: 0160047P<br \/>\nSIRET : 19160047700019<\/li>\n<li>Pour le Lyc\u00e9e g\u00e9n\u00e9ral et technologique Charles Augustin Coulomb<br \/>\nCode UAI\u00a0: 0160004T<br \/>\nSIRET : 19160004800018<\/li>\n<\/ul>\n","protected":false},"excerpt":{"rendered":"<p>La taxe d&rsquo;apprentissage est un imp\u00f4t d\u00e9di\u00e9 au financement de l&rsquo;apprentissage et des formations technologiques et professionnelles initiales. Cet imp\u00f4t concerne toute entreprise dont le si\u00e8ge social se situe sur [&hellip;]<\/p>\n","protected":false},"author":3,"featured_media":0,"parent":1323,"menu_order":5,"comment_status":"closed","ping_status":"closed","template":"","meta":{"ocean_post_layout":"","ocean_both_sidebars_style":"","ocean_both_sidebars_content_width":0,"ocean_both_sidebars_sidebars_width":0,"ocean_sidebar":"0","ocean_second_sidebar":"0","ocean_disable_margins":"enable","ocean_add_body_class":"","ocean_shortcode_before_top_bar":"","ocean_shortcode_after_top_bar":"","ocean_shortcode_before_header":"","ocean_shortcode_after_header":"","ocean_has_shortcode":"","ocean_shortcode_after_title":"","ocean_shortcode_before_footer_widgets":"","ocean_shortcode_after_footer_widgets":"","ocean_shortcode_before_footer_bottom":"","ocean_shortcode_after_footer_bottom":"","ocean_display_top_bar":"default","ocean_display_header":"default","ocean_header_style":"","ocean_center_header_left_menu":"0","ocean_custom_header_template":"0","ocean_custom_logo":0,"ocean_custom_retina_logo":0,"ocean_custom_logo_max_width":0,"ocean_custom_logo_tablet_max_width":0,"ocean_custom_logo_mobile_max_width":0,"ocean_custom_logo_max_height":0,"ocean_custom_logo_tablet_max_height":0,"ocean_custom_logo_mobile_max_height":0,"ocean_header_custom_menu":"0","ocean_menu_typo_font_family":"0","ocean_menu_typo_font_subset":"","ocean_menu_typo_font_size":0,"ocean_menu_typo_font_size_tablet":0,"ocean_menu_typo_font_size_mobile":0,"ocean_menu_typo_font_size_unit":"px","ocean_menu_typo_font_weight":"","ocean_menu_typo_font_weight_tablet":"","ocean_menu_typo_font_weight_mobile":"","ocean_menu_typo_transform":"","ocean_menu_typo_transform_tablet":"","ocean_menu_typo_transform_mobile":"","ocean_menu_typo_line_height":0,"ocean_menu_typo_line_height_tablet":0,"ocean_menu_typo_line_height_mobile":0,"ocean_menu_typo_line_height_unit":"","ocean_menu_typo_spacing":0,"ocean_menu_typo_spacing_tablet":0,"ocean_menu_typo_spacing_mobile":0,"ocean_menu_typo_spacing_unit":"","ocean_menu_link_color":"","ocean_menu_link_color_hover":"","ocean_menu_link_color_active":"","ocean_menu_link_background":"","ocean_menu_link_hover_background":"","ocean_menu_link_active_background":"","ocean_menu_social_links_bg":"","ocean_menu_social_hover_links_bg":"","ocean_menu_social_links_color":"","ocean_menu_social_hover_links_color":"","ocean_disable_title":"default","ocean_disable_heading":"default","ocean_post_title":"","ocean_post_subheading":"","ocean_post_title_style":"","ocean_post_title_background_color":"","ocean_post_title_background":0,"ocean_post_title_bg_image_position":"","ocean_post_title_bg_image_attachment":"","ocean_post_title_bg_image_repeat":"","ocean_post_title_bg_image_size":"","ocean_post_title_height":0,"ocean_post_title_bg_overlay":0.5,"ocean_post_title_bg_overlay_color":"","ocean_disable_breadcrumbs":"default","ocean_breadcrumbs_color":"","ocean_breadcrumbs_separator_color":"","ocean_breadcrumbs_links_color":"","ocean_breadcrumbs_links_hover_color":"","ocean_display_footer_widgets":"default","ocean_display_footer_bottom":"default","ocean_custom_footer_template":"0","footnotes":""},"class_list":["post-1336","page","type-page","status-publish","hentry","entry"],"_links":{"self":[{"href":"http:\/\/www.lyceecharlescoulomb.fr\/site\/index.php?rest_route=\/wp\/v2\/pages\/1336","targetHints":{"allow":["GET"]}}],"collection":[{"href":"http:\/\/www.lyceecharlescoulomb.fr\/site\/index.php?rest_route=\/wp\/v2\/pages"}],"about":[{"href":"http:\/\/www.lyceecharlescoulomb.fr\/site\/index.php?rest_route=\/wp\/v2\/types\/page"}],"author":[{"embeddable":true,"href":"http:\/\/www.lyceecharlescoulomb.fr\/site\/index.php?rest_route=\/wp\/v2\/users\/3"}],"replies":[{"embeddable":true,"href":"http:\/\/www.lyceecharlescoulomb.fr\/site\/index.php?rest_route=%2Fwp%2Fv2%2Fcomments&post=1336"}],"version-history":[{"count":38,"href":"http:\/\/www.lyceecharlescoulomb.fr\/site\/index.php?rest_route=\/wp\/v2\/pages\/1336\/revisions"}],"predecessor-version":[{"id":6285,"href":"http:\/\/www.lyceecharlescoulomb.fr\/site\/index.php?rest_route=\/wp\/v2\/pages\/1336\/revisions\/6285"}],"up":[{"embeddable":true,"href":"http:\/\/www.lyceecharlescoulomb.fr\/site\/index.php?rest_route=\/wp\/v2\/pages\/1323"}],"wp:attachment":[{"href":"http:\/\/www.lyceecharlescoulomb.fr\/site\/index.php?rest_route=%2Fwp%2Fv2%2Fmedia&parent=1336"}],"curies":[{"name":"wp","href":"https:\/\/api.w.org\/{rel}","templated":true}]}}