{"id":1482,"date":"2020-01-14T18:34:45","date_gmt":"2020-01-14T17:34:45","guid":{"rendered":"http:\/\/www.lyceecharlescoulomb.fr\/site\/?p=1482"},"modified":"2022-01-30T15:37:48","modified_gmt":"2022-01-30T14:37:48","slug":"partenariat-sciences-po-bordeaux-lycee-charles-coulomb","status":"publish","type":"page","link":"http:\/\/www.lyceecharlescoulomb.fr\/site\/?page_id=1482","title":{"rendered":"Partenariat Sciences Po Bordeaux \u2013 Lyc\u00e9e Charles Coulomb"},"content":{"rendered":"<h2><strong>Partenariat Sciences Po Bordeaux \u2013 Lyc\u00e9e Charles Coulomb<\/strong><\/h2>\n<h2><b>Dispositif JPPJV \u2013 Je le Peux Parce que Je le Veux<\/b><\/h2>\n<p lang=\"zxx\" align=\"center\"><img fetchpriority=\"high\" decoding=\"async\" class=\"aligncenter wp-image-1483 size-full\" src=\"http:\/\/www.lyceecharlescoulomb.fr\/site\/wp-content\/uploads\/2020\/01\/science_po.png\" alt=\"\" width=\"737\" height=\"192\" srcset=\"http:\/\/www.lyceecharlescoulomb.fr\/site\/wp-content\/uploads\/2020\/01\/science_po.png 737w, http:\/\/www.lyceecharlescoulomb.fr\/site\/wp-content\/uploads\/2020\/01\/science_po-300x78.png 300w\" sizes=\"(max-width: 737px) 100vw, 737px\" \/><\/p>\n<p lang=\"zxx\" align=\"center\"><span style=\"color: #000000; font-size: 12pt;\"><span style=\"font-family: Comic Sans MS;\"><b>Sciences Po Bordeaux \u2013 C&rsquo;est quoi au fait\u00a0?<\/b><\/span><\/span><\/p>\n<p lang=\"zxx\" align=\"center\"><span style=\"color: #000000; font-size: 12pt;\"><span style=\"font-family: Arial;\">Sciences Po Bordeaux est une grande \u00e9cole. Elle est publique et existe depuis 1948. Elle forme des futurs cadres du public et du priv\u00e9 capables de monter des projets et de prendre des d\u00e9cisions.<\/span><\/span><\/p>\n<p lang=\"zxx\" align=\"center\"><span style=\"color: #000000; font-size: 12pt;\"><span style=\"font-family: Arial;\">Elle est tourn\u00e9e vers l&rsquo;international car il y a une ann\u00e9e de mobilit\u00e9 \u00e0 l&rsquo;\u00e9tranger obligatoire. Il existe aussi des fili\u00e8res internationales avec deux ans \u00e0 l&rsquo;\u00e9tranger (Italie, Espagne, Portugal, Allemagne, Hong-Kong) !!<\/span><\/span><\/p>\n<p lang=\"zxx\" align=\"center\"><span style=\"color: #000000; font-size: 12pt;\"><span style=\"font-family: Arial;\">C&rsquo;est un vaste r\u00e9seau d&rsquo;anciens \u00e9tudiants. Il y a une tr\u00e8s forte solidarit\u00e9 entre les \u00e9tudiants. L&rsquo;investissement associatif permet de d\u00e9velopper autrement ses comp\u00e9tences. Il y a 65 associations internes \u00e0 l&rsquo;\u00e9cole.<\/span><\/span><\/p>\n<p lang=\"zxx\" align=\"center\"><span style=\"color: #000000; font-size: 12pt;\"><span style=\"font-family: Arial;\">Il y a un tr\u00e8s fort accompagnement vers le monde professionnel tout au long de la scolarit\u00e9. Des anciens de l&rsquo;\u00e9cole reviennent, m\u00eame 10 ans apr\u00e8s, pour \u00eatre accompagn\u00e9s dans leurs \u00e9volutions de carri\u00e8re par le p\u00f4le carri\u00e8re.<\/span><\/span><\/p>\n<p lang=\"zxx\" align=\"center\"><span style=\"color: #000000; font-size: 12pt;\"><span style=\"font-family: Comic Sans MS;\"><b>Sciences Po c&rsquo;est pour faire de la politique ? Bien s\u00fbr que non !!!<\/b><\/span><\/span><\/p>\n<p lang=\"zxx\" align=\"center\"><span style=\"color: #000000; font-size: 12pt;\"><span style=\"font-family: Arial;\">Sciences Po offre des formations Bac+5 tr\u00e8s diverses. Moins de 10 \u00e9tudiants par promotion s&rsquo;orientent vers la politique. On trouve des anciens \u00e9tudiants comme directeur d&rsquo;h\u00f4pital, consultant financier pour entreprise, commissaire divisionnaire, responsable mission dans des ONG, dans la culture, le journalisme, la fonction publique territoriale, la diplomatie&#8230; Il y a m\u00eame plus d&rsquo;\u00e9tudiants dans le master sp\u00e9cifique pour monter son entreprise que dans le master politique !!!<\/span><\/span><\/p>\n<p lang=\"zxx\" align=\"center\"><span style=\"color: #000000; font-size: 12pt;\"><span style=\"font-family: Comic Sans MS;\"><b>Comment entrer ?<\/b><\/span><\/span><\/p>\n<p lang=\"zxx\" align=\"center\"><span style=\"color: #000000; font-size: 12pt;\"><span style=\"font-family: Arial;\">On entre \u00e0 Sciences Po Bordeaux via Parcoursup. Il y a une admission pour le cursus g\u00e9n\u00e9ral et une admission \u00ab\u00a0Fili\u00e8re internationale\u00a0\u00bb. Vous pouvez postuler aux deux admissions. Seuls les lyc\u00e9ens de terminale candidatent.<\/span><\/span><\/p>\n<p lang=\"zxx\" align=\"center\"><span style=\"color: #000000; font-size: 12pt;\"><span style=\"font-family: Arial;\">Cette ann\u00e9e il y a 275 places.<\/span><\/span><\/p>\n<p lang=\"zxx\" align=\"center\"><span style=\"color: #000000; font-size: 12pt;\"><span style=\"font-family: Arial;\">La premi\u00e8re \u00e9tape est de faire parti des 800 admissibles suite \u00e0 l\u2019examen des r\u00e9sultats scolaires. Ce premier \u00e9l\u00e9ment compte pour 40 % de la note de classement. Il y a \u00e9galement un examen approfondi et qualitatif du dossier Parcoursup (appr\u00e9ciations, CV, projet motiv\u00e9, meilleure copie, engagement dans l\u2019\u00e9tablissement et en dehors). Cet \u00e9l\u00e9ment compte pour 20% de la note de classement. Enfin, il y a un entretien oral pour tester la culture g\u00e9n\u00e9rale et juger des qualit\u00e9s argumentatives, oratoires et personnelles du candidat. Ce dernier \u00e9l\u00e9ment compte pour 40 % de la note de classement.<\/span><\/span><\/p>\n<p lang=\"zxx\" align=\"center\"><span style=\"color: #000000; font-size: 12pt;\"><span style=\"font-family: Comic Sans MS;\"><b>Le dispositif c&rsquo;est quoi ?<\/b><\/span><\/span><\/p>\n<p lang=\"zxx\" align=\"center\"><span style=\"color: #000000; font-size: 12pt;\"><span style=\"font-family: Arial;\">C&rsquo;est un accompagnement sur deux ans pour avoir plus de chances de r\u00e9ussir \u00e0 entrer dans cette grande \u00e9cole.<\/span><\/span><\/p>\n<p lang=\"zxx\" align=\"center\"><span style=\"font-size: 12pt;\"><span style=\"color: #000000;\"><span style=\"font-family: Arial;\">C&rsquo;est une formation <\/span><\/span><span style=\"color: #000000;\"><span style=\"font-family: Arial;\"><u><b>gratuite<\/b><\/u><\/span><\/span> <span style=\"color: #000000;\"><span style=\"font-family: Arial;\">de 50 heures de pr\u00e9paration r\u00e9parties entre la classe de premi\u00e8re et celle de terminale. Elle consiste en des conf\u00e9rences de m\u00e9thode en argumentation, culture g\u00e9n\u00e9rale, suivi de l&rsquo;actualit\u00e9 et des oraux d&rsquo;entra\u00eenement. L&rsquo;accent est mis sur le travail en groupe et le travail en autonomie. Stimuler la curiosit\u00e9, augmenter la capacit\u00e9 et la qualit\u00e9 du travail de l&rsquo;\u00e9l\u00e8ve sont les fils conducteurs du dispositif.<\/span><\/span><\/span><\/p>\n<p lang=\"zxx\" align=\"center\"><span style=\"color: #000000; font-size: 12pt;\"><span style=\"font-family: Arial;\">L&rsquo;\u00e9quipe p\u00e9dagogique est constitu\u00e9e de professeurs du lyc\u00e9e.<\/span><\/span><\/p>\n<p lang=\"zxx\" align=\"center\"><span style=\"color: #000000; font-size: 12pt;\"><span style=\"font-family: Arial;\">Il y a deux visites de l&rsquo;IEP pour \u00e9changer avec les \u00e9tudiants, les professeurs, les responsables carri\u00e8res\/insertion, pour d\u00e9couvrir l&rsquo;\u00e9cole, ses d\u00e9bouch\u00e9s et mieux r\u00e9ussir son entr\u00e9e.<\/span><\/span><\/p>\n<p lang=\"zxx\" align=\"center\"><span style=\"color: #000000; font-size: 12pt;\"><span style=\"font-family: Arial;\">Sciences Po Bordeaux donne \u00e9galement acc\u00e8s \u00e0 un centre de ressources sur un espace num\u00e9rique de travail r\u00e9serv\u00e9 aux \u00e9l\u00e8ves du dispositif<\/span><\/span><\/p>\n<figure id=\"attachment_1484\" aria-describedby=\"caption-attachment-1484\" style=\"width: 300px\" class=\"wp-caption aligncenter\"><img decoding=\"async\" class=\"wp-image-1484 size-medium\" src=\"http:\/\/www.lyceecharlescoulomb.fr\/site\/wp-content\/uploads\/2020\/01\/hall_science_po-300x200.jpg\" alt=\"\" width=\"300\" height=\"200\" srcset=\"http:\/\/www.lyceecharlescoulomb.fr\/site\/wp-content\/uploads\/2020\/01\/hall_science_po-300x200.jpg 300w, http:\/\/www.lyceecharlescoulomb.fr\/site\/wp-content\/uploads\/2020\/01\/hall_science_po-1024x683.jpg 1024w, http:\/\/www.lyceecharlescoulomb.fr\/site\/wp-content\/uploads\/2020\/01\/hall_science_po-768x512.jpg 768w, http:\/\/www.lyceecharlescoulomb.fr\/site\/wp-content\/uploads\/2020\/01\/hall_science_po-1536x1024.jpg 1536w, http:\/\/www.lyceecharlescoulomb.fr\/site\/wp-content\/uploads\/2020\/01\/hall_science_po-2048x1365.jpg 2048w\" sizes=\"(max-width: 300px) 100vw, 300px\" \/><figcaption id=\"caption-attachment-1484\" class=\"wp-caption-text\">Bordeaux-France<\/figcaption><\/figure>\n<p><a href=\"http:\/\/www.lyceecharlescoulomb.fr\/site\/wp-content\/uploads\/2022\/01\/Plaquette-Sciences-Po.pdf\" target=\"_blank\" rel=\"noopener\"><img decoding=\"async\" class=\"aligncenter size-medium wp-image-3745\" src=\"http:\/\/www.lyceecharlescoulomb.fr\/site\/wp-content\/uploads\/2022\/01\/Plaquette-Sciences-Po-212x300.png\" alt=\"\" width=\"300\" height=\"300\" \/><\/a><\/p>\n","protected":false},"excerpt":{"rendered":"<p>Partenariat Sciences Po Bordeaux \u2013 Lyc\u00e9e Charles Coulomb Dispositif JPPJV \u2013 Je le Peux Parce que Je le Veux Sciences Po Bordeaux \u2013 C&rsquo;est quoi au fait\u00a0? Sciences Po Bordeaux [&hellip;]<\/p>\n","protected":false},"author":1,"featured_media":0,"parent":1055,"menu_order":4,"comment_status":"closed","ping_status":"open","template":"","meta":{"ocean_post_layout":"","ocean_both_sidebars_style":"","ocean_both_sidebars_content_width":0,"ocean_both_sidebars_sidebars_width":0,"ocean_sidebar":"0","ocean_second_sidebar":"0","ocean_disable_margins":"enable","ocean_add_body_class":"","ocean_shortcode_before_top_bar":"","ocean_shortcode_after_top_bar":"","ocean_shortcode_before_header":"","ocean_shortcode_after_header":"","ocean_has_shortcode":"","ocean_shortcode_after_title":"","ocean_shortcode_before_footer_widgets":"","ocean_shortcode_after_footer_widgets":"","ocean_shortcode_before_footer_bottom":"","ocean_shortcode_after_footer_bottom":"","ocean_display_top_bar":"default","ocean_display_header":"default","ocean_header_style":"","ocean_center_header_left_menu":"0","ocean_custom_header_template":"0","ocean_custom_logo":0,"ocean_custom_retina_logo":0,"ocean_custom_logo_max_width":0,"ocean_custom_logo_tablet_max_width":0,"ocean_custom_logo_mobile_max_width":0,"ocean_custom_logo_max_height":0,"ocean_custom_logo_tablet_max_height":0,"ocean_custom_logo_mobile_max_height":0,"ocean_header_custom_menu":"0","ocean_menu_typo_font_family":"0","ocean_menu_typo_font_subset":"","ocean_menu_typo_font_size":0,"ocean_menu_typo_font_size_tablet":0,"ocean_menu_typo_font_size_mobile":0,"ocean_menu_typo_font_size_unit":"px","ocean_menu_typo_font_weight":"","ocean_menu_typo_font_weight_tablet":"","ocean_menu_typo_font_weight_mobile":"","ocean_menu_typo_transform":"","ocean_menu_typo_transform_tablet":"","ocean_menu_typo_transform_mobile":"","ocean_menu_typo_line_height":0,"ocean_menu_typo_line_height_tablet":0,"ocean_menu_typo_line_height_mobile":0,"ocean_menu_typo_line_height_unit":"","ocean_menu_typo_spacing":0,"ocean_menu_typo_spacing_tablet":0,"ocean_menu_typo_spacing_mobile":0,"ocean_menu_typo_spacing_unit":"","ocean_menu_link_color":"","ocean_menu_link_color_hover":"","ocean_menu_link_color_active":"","ocean_menu_link_background":"","ocean_menu_link_hover_background":"","ocean_menu_link_active_background":"","ocean_menu_social_links_bg":"","ocean_menu_social_hover_links_bg":"","ocean_menu_social_links_color":"","ocean_menu_social_hover_links_color":"","ocean_disable_title":"default","ocean_disable_heading":"default","ocean_post_title":"","ocean_post_subheading":"","ocean_post_title_style":"","ocean_post_title_background_color":"","ocean_post_title_background":0,"ocean_post_title_bg_image_position":"","ocean_post_title_bg_image_attachment":"","ocean_post_title_bg_image_repeat":"","ocean_post_title_bg_image_size":"","ocean_post_title_height":0,"ocean_post_title_bg_overlay":0.5,"ocean_post_title_bg_overlay_color":"","ocean_disable_breadcrumbs":"default","ocean_breadcrumbs_color":"","ocean_breadcrumbs_separator_color":"","ocean_breadcrumbs_links_color":"","ocean_breadcrumbs_links_hover_color":"","ocean_display_footer_widgets":"default","ocean_display_footer_bottom":"default","ocean_custom_footer_template":"0","footnotes":""},"class_list":["post-1482","page","type-page","status-publish","hentry","entry"],"_links":{"self":[{"href":"http:\/\/www.lyceecharlescoulomb.fr\/site\/index.php?rest_route=\/wp\/v2\/pages\/1482","targetHints":{"allow":["GET"]}}],"collection":[{"href":"http:\/\/www.lyceecharlescoulomb.fr\/site\/index.php?rest_route=\/wp\/v2\/pages"}],"about":[{"href":"http:\/\/www.lyceecharlescoulomb.fr\/site\/index.php?rest_route=\/wp\/v2\/types\/page"}],"author":[{"embeddable":true,"href":"http:\/\/www.lyceecharlescoulomb.fr\/site\/index.php?rest_route=\/wp\/v2\/users\/1"}],"replies":[{"embeddable":true,"href":"http:\/\/www.lyceecharlescoulomb.fr\/site\/index.php?rest_route=%2Fwp%2Fv2%2Fcomments&post=1482"}],"version-history":[{"count":7,"href":"http:\/\/www.lyceecharlescoulomb.fr\/site\/index.php?rest_route=\/wp\/v2\/pages\/1482\/revisions"}],"predecessor-version":[{"id":3833,"href":"http:\/\/www.lyceecharlescoulomb.fr\/site\/index.php?rest_route=\/wp\/v2\/pages\/1482\/revisions\/3833"}],"up":[{"embeddable":true,"href":"http:\/\/www.lyceecharlescoulomb.fr\/site\/index.php?rest_route=\/wp\/v2\/pages\/1055"}],"wp:attachment":[{"href":"http:\/\/www.lyceecharlescoulomb.fr\/site\/index.php?rest_route=%2Fwp%2Fv2%2Fmedia&parent=1482"}],"curies":[{"name":"wp","href":"https:\/\/api.w.org\/{rel}","templated":true}]}}