{"id":171,"date":"2019-07-12T22:17:39","date_gmt":"2019-07-12T20:17:39","guid":{"rendered":"http:\/\/www.lyceecharlescoulomb.fr\/site\/?p=171"},"modified":"2019-11-30T21:19:17","modified_gmt":"2019-11-30T20:19:17","slug":"presentation-premiere-technologique","status":"publish","type":"page","link":"http:\/\/www.lyceecharlescoulomb.fr\/site\/?page_id=171","title":{"rendered":"Pr\u00e9sentation"},"content":{"rendered":"\t\t<div data-elementor-type=\"wp-post\" data-elementor-id=\"171\" class=\"elementor elementor-171\">\n\t\t\t\t\t\t<section class=\"elementor-section elementor-top-section elementor-element elementor-element-6a2859b elementor-section-boxed elementor-section-height-default elementor-section-height-default\" data-id=\"6a2859b\" data-element_type=\"section\" data-e-type=\"section\">\n\t\t\t\t\t\t<div class=\"elementor-container elementor-column-gap-default\">\n\t\t\t\t\t<div class=\"elementor-column elementor-col-100 elementor-top-column elementor-element elementor-element-f7bc55a\" data-id=\"f7bc55a\" data-element_type=\"column\" data-e-type=\"column\">\n\t\t\t<div class=\"elementor-widget-wrap elementor-element-populated\">\n\t\t\t\t\t\t<div class=\"elementor-element elementor-element-8141e83 elementor-widget elementor-widget-heading\" data-id=\"8141e83\" data-element_type=\"widget\" data-e-type=\"widget\" data-widget_type=\"heading.default\">\n\t\t\t\t<div class=\"elementor-widget-container\">\n\t\t\t\t\t<h2 class=\"elementor-heading-title elementor-size-default\">Le tronc commun<\/h2>\t\t\t\t<\/div>\n\t\t\t\t<\/div>\n\t\t\t\t<div class=\"elementor-element elementor-element-477caec elementor-widget elementor-widget-text-editor\" data-id=\"477caec\" data-element_type=\"widget\" data-e-type=\"widget\" data-widget_type=\"text-editor.default\">\n\t\t\t\t<div class=\"elementor-widget-container\">\n\t\t\t\t\t\t\t\t\t<h4 id=\"SousTitre\">Contenu<\/h4><p>En premi\u00e8re et en terminale, tous les \u00e9l\u00e8ves de la voie technologique suivent des enseignements communs :<\/p><ul><li>Fran\u00e7ais (en premi\u00e8re seulement) : 3 h,<\/li><li>Philosophie (en terminale seulement) : 2 h,<\/li><li>Histoire g\u00e9ographie : 1 h 30,<\/li><li>Langue vivante A et langue vivante B : 4 h (dont 1 h d\u2019enseignement technologique en langue vivante),<\/li><li>\u00c9ducation physique et sportive : 2 h,<\/li><li>Math\u00e9matiques : 3 h,<\/li><li>Enseignement moral et civique : 18 heures annuelles.<p><img decoding=\"async\" src=\"http:\/\/www.lyceecharlescoulomb.fr\/site\/wp-content\/uploads\/2019\/11\/presentation.png\" alt=\"\" \/><\/p><\/li><\/ul><div id=\"SousTitre\"><p><strong>Le lyc\u00e9e Charles COULOMB propose les s\u00e9ries suivantes :<br \/><\/strong><\/p><\/div><div>\u00a0<\/div><div><table style=\"border-collapse: collapse; width: 100%;\" border=\"1\"><tbody><tr style=\"background-color: #68e8af;\"><td style=\"width: 33.3333%; text-align: center;\"><strong>S\u00e9ries<\/strong><\/td><td style=\"width: 33.3333%; text-align: center;\">\u00a0<strong>3 sp\u00e9cialit\u00e9s en premi\u00e8re<\/strong><\/td><td style=\"width: 33.3333%; text-align: center;\"><strong>2 sp\u00e9cialit\u00e9s en terminale<\/strong><\/td><\/tr><tr><td style=\"width: 33.3333%;\"><a href=\"http:\/\/www.lyceecharlescoulomb.fr\/site\/?page_id=756\" target=\"_blank\" rel=\"noopener\"><strong>STI2D (Sciences et Technologies de l&rsquo;Industrie et du D\u00e9veloppement Durable)<\/strong><\/a><\/td><td style=\"width: 33.3333%;\"><ul><li>Innovation technologique (3h)<\/li><li>Ing\u00e9nierie de d\u00e9veloppement durable (9h)<\/li><li>Physique-chimie et math\u00e9matiques (6h)<\/li><\/ul><\/td><td style=\"width: 33.3333%;\"><ul><li>Ing\u00e9nierie, innovation et d\u00e9veloppement durable (12h) avec l&rsquo;enseignement sp\u00e9cifique choisi parmi :<ul><li>Architecte et Construction<\/li><li>Energies et environnement<\/li><li>Innovation Technologique et Eco-Conception<\/li><li>Syst\u00e8mes d&rsquo;Information et Num\u00e9riques<\/li><\/ul><\/li><li>Physique-chimie et math\u00e9matiques (6h)<\/li><\/ul><\/td><\/tr><tr style=\"background-color: #bae6d1;\"><td style=\"width: 33.3333%;\"><a href=\"http:\/\/www.lyceecharlescoulomb.fr\/site\/?page_id=745\" target=\"_blank\" rel=\"noopener\"><strong>STD2A (Sciences et Technologies du Design et des Arts Appliqu\u00e9s)<\/strong><\/a><\/td><td style=\"width: 33.3333%;\"><ul><li>Physique-chimie (2h)<\/li><li>Outils et langages num\u00e9riques (2h)<\/li><li>Design et m\u00e9tiers d&rsquo;arts (14h)<\/li><\/ul><\/td><td style=\"width: 33.3333%;\"><ul><li>Analyse et m\u00e9thode en design (9h)<\/li><li>Conception et cr\u00e9ation en design et m\u00e9tiers d&rsquo;arts (9h)<\/li><\/ul><\/td><\/tr><tr><td style=\"width: 33.3333%;\"><a href=\"http:\/\/www.lyceecharlescoulomb.fr\/site\/?page_id=751\" target=\"_blank\" rel=\"noopener\"><strong>STL (Sciences et Technologies de Laboratoire)<\/strong><\/a><\/td><td style=\"width: 33.3333%;\"><ul><li>Physique-chimie et math\u00e9matiques (5h)<\/li><li>Biochimie biologie (4h)<\/li><li>Biotechnologie (9h)<\/li><\/ul><\/td><td style=\"width: 33.3333%;\"><ul><li>Physique-chimie et math\u00e9matiques (5h)<\/li><li>Biochimie biologie biotechnologie (13h)<\/li><\/ul><\/td><\/tr><\/tbody><\/table><\/div>\t\t\t\t\t\t\t\t<\/div>\n\t\t\t\t<\/div>\n\t\t\t\t\t<\/div>\n\t\t<\/div>\n\t\t\t\t\t<\/div>\n\t\t<\/section>\n\t\t\t\t<\/div>\n\t\t","protected":false},"excerpt":{"rendered":"<p>Le tronc commun Contenu En premi\u00e8re et en terminale, tous les \u00e9l\u00e8ves de la voie technologique suivent des enseignements communs : Fran\u00e7ais (en premi\u00e8re seulement) : 3 h, Philosophie (en [&hellip;]<\/p>\n","protected":false},"author":1,"featured_media":0,"parent":1085,"menu_order":1,"comment_status":"closed","ping_status":"open","template":"","meta":{"ocean_post_layout":"full-screen","ocean_both_sidebars_style":"","ocean_both_sidebars_content_width":0,"ocean_both_sidebars_sidebars_width":0,"ocean_sidebar":"0","ocean_second_sidebar":"0","ocean_disable_margins":"enable","ocean_add_body_class":"","ocean_shortcode_before_top_bar":"","ocean_shortcode_after_top_bar":"","ocean_shortcode_before_header":"","ocean_shortcode_after_header":"","ocean_has_shortcode":"","ocean_shortcode_after_title":"","ocean_shortcode_before_footer_widgets":"","ocean_shortcode_after_footer_widgets":"","ocean_shortcode_before_footer_bottom":"","ocean_shortcode_after_footer_bottom":"","ocean_display_top_bar":"default","ocean_display_header":"default","ocean_header_style":"","ocean_center_header_left_menu":"0","ocean_custom_header_template":"0","ocean_custom_logo":0,"ocean_custom_retina_logo":0,"ocean_custom_logo_max_width":0,"ocean_custom_logo_tablet_max_width":0,"ocean_custom_logo_mobile_max_width":0,"ocean_custom_logo_max_height":0,"ocean_custom_logo_tablet_max_height":0,"ocean_custom_logo_mobile_max_height":0,"ocean_header_custom_menu":"0","ocean_menu_typo_font_family":"0","ocean_menu_typo_font_subset":"","ocean_menu_typo_font_size":0,"ocean_menu_typo_font_size_tablet":0,"ocean_menu_typo_font_size_mobile":0,"ocean_menu_typo_font_size_unit":"px","ocean_menu_typo_font_weight":"","ocean_menu_typo_font_weight_tablet":"","ocean_menu_typo_font_weight_mobile":"","ocean_menu_typo_transform":"","ocean_menu_typo_transform_tablet":"","ocean_menu_typo_transform_mobile":"","ocean_menu_typo_line_height":0,"ocean_menu_typo_line_height_tablet":0,"ocean_menu_typo_line_height_mobile":0,"ocean_menu_typo_line_height_unit":"","ocean_menu_typo_spacing":0,"ocean_menu_typo_spacing_tablet":0,"ocean_menu_typo_spacing_mobile":0,"ocean_menu_typo_spacing_unit":"","ocean_menu_link_color":"","ocean_menu_link_color_hover":"","ocean_menu_link_color_active":"","ocean_menu_link_background":"","ocean_menu_link_hover_background":"","ocean_menu_link_active_background":"","ocean_menu_social_links_bg":"","ocean_menu_social_hover_links_bg":"","ocean_menu_social_links_color":"","ocean_menu_social_hover_links_color":"","ocean_disable_title":"default","ocean_disable_heading":"default","ocean_post_title":"","ocean_post_subheading":"","ocean_post_title_style":"","ocean_post_title_background_color":"","ocean_post_title_background":0,"ocean_post_title_bg_image_position":"","ocean_post_title_bg_image_attachment":"","ocean_post_title_bg_image_repeat":"","ocean_post_title_bg_image_size":"","ocean_post_title_height":0,"ocean_post_title_bg_overlay":0.5,"ocean_post_title_bg_overlay_color":"","ocean_disable_breadcrumbs":"default","ocean_breadcrumbs_color":"","ocean_breadcrumbs_separator_color":"","ocean_breadcrumbs_links_color":"","ocean_breadcrumbs_links_hover_color":"","ocean_display_footer_widgets":"default","ocean_display_footer_bottom":"default","ocean_custom_footer_template":"0","footnotes":""},"class_list":["post-171","page","type-page","status-publish","hentry","entry"],"_links":{"self":[{"href":"http:\/\/www.lyceecharlescoulomb.fr\/site\/index.php?rest_route=\/wp\/v2\/pages\/171","targetHints":{"allow":["GET"]}}],"collection":[{"href":"http:\/\/www.lyceecharlescoulomb.fr\/site\/index.php?rest_route=\/wp\/v2\/pages"}],"about":[{"href":"http:\/\/www.lyceecharlescoulomb.fr\/site\/index.php?rest_route=\/wp\/v2\/types\/page"}],"author":[{"embeddable":true,"href":"http:\/\/www.lyceecharlescoulomb.fr\/site\/index.php?rest_route=\/wp\/v2\/users\/1"}],"replies":[{"embeddable":true,"href":"http:\/\/www.lyceecharlescoulomb.fr\/site\/index.php?rest_route=%2Fwp%2Fv2%2Fcomments&post=171"}],"version-history":[{"count":13,"href":"http:\/\/www.lyceecharlescoulomb.fr\/site\/index.php?rest_route=\/wp\/v2\/pages\/171\/revisions"}],"predecessor-version":[{"id":1365,"href":"http:\/\/www.lyceecharlescoulomb.fr\/site\/index.php?rest_route=\/wp\/v2\/pages\/171\/revisions\/1365"}],"up":[{"embeddable":true,"href":"http:\/\/www.lyceecharlescoulomb.fr\/site\/index.php?rest_route=\/wp\/v2\/pages\/1085"}],"wp:attachment":[{"href":"http:\/\/www.lyceecharlescoulomb.fr\/site\/index.php?rest_route=%2Fwp%2Fv2%2Fmedia&parent=171"}],"curies":[{"name":"wp","href":"https:\/\/api.w.org\/{rel}","templated":true}]}}