{"id":253,"date":"2022-07-05T12:00:16","date_gmt":"2022-07-05T10:00:16","guid":{"rendered":"http:\/\/www.lyceecharlescoulomb.fr\/site\/?p=253"},"modified":"2024-04-13T19:16:27","modified_gmt":"2024-04-13T17:16:27","slug":"linternat-un-lieu-de-vie-un-lieu-de-travail","status":"publish","type":"page","link":"http:\/\/www.lyceecharlescoulomb.fr\/site\/?page_id=253","title":{"rendered":"L&rsquo;internat : un lieu de vie, un lieu de travail"},"content":{"rendered":"\r\n<div class=\"wp-block-image\">\r\n<figure class=\"aligncenter\"><img decoding=\"async\" src=\"https:\/\/www.lyceecharlescoulomb.fr\/pages\/h\/lycee\/images\/vue_ext.JPG\" alt=\"\" \/><\/figure>\r\n<\/div>\r\n\r\n\r\n\r\n<p>Le lyc\u00e9e dispose d&rsquo;un internat r\u00e9parti en chambres de 4 ou 5 \u00e9l\u00e8ves. Chaque chambre est \u00e9quip\u00e9 d&rsquo;un acc\u00e8s \u00e0 internet. La capacit\u00e9 d&rsquo;accueil est de 220 gar\u00e7ons et 150 filles. <strong>L&rsquo;internat n&rsquo;est pas accessible aux \u00e9tudiant.e.s et aux apprenti.e.s.<\/strong><\/p>\r\n<p><span class=\"ILfuVd\" lang=\"fr\"><span class=\"hgKElc\"><b>L&rsquo;inscription d&rsquo;un \u00e9l\u00e8ve \u00e0 l&rsquo;internat est subordonn\u00e9e \u00e0 la d\u00e9signation par la famille, d&rsquo;un correspondant cr\u00e9dible habitant Angoul\u00eame ou la proche agglom\u00e9ration<\/b>.<\/span><\/span><\/p>\r\n<table style=\"border-collapse: collapse; width: 100%;\" border=\"1\">\r\n<tbody>\r\n<tr>\r\n<td style=\"width: 50%;\">\r\n<p>Internat vu par une \u00e9l\u00e8ve<\/p>\r\n<div style=\"width: 640px;\" class=\"wp-video\"><video class=\"wp-video-shortcode\" id=\"video-253-1\" width=\"640\" height=\"360\" preload=\"metadata\" controls=\"controls\"><source type=\"video\/mp4\" src=\"http:\/\/www.lyceecharlescoulomb.fr\/site\/videos\/2022\/internat_eleve.mp4?_=1\" \/><a href=\"http:\/\/www.lyceecharlescoulomb.fr\/site\/videos\/2022\/internat_eleve.mp4\">http:\/\/www.lyceecharlescoulomb.fr\/site\/videos\/2022\/internat_eleve.mp4<\/a><\/video><\/div>\r\n<\/td>\r\n<td style=\"width: 50%;\">\r\n<p>Internat vu par une surveillante<\/p>\r\n<div style=\"width: 640px;\" class=\"wp-video\"><video class=\"wp-video-shortcode\" id=\"video-253-2\" width=\"640\" height=\"360\" preload=\"metadata\" controls=\"controls\"><source type=\"video\/mp4\" src=\"http:\/\/www.lyceecharlescoulomb.fr\/site\/videos\/2022\/internat_surveillante.mp4?_=2\" \/><a href=\"http:\/\/www.lyceecharlescoulomb.fr\/site\/videos\/2022\/internat_surveillante.mp4\">http:\/\/www.lyceecharlescoulomb.fr\/site\/videos\/2022\/internat_surveillante.mp4<\/a><\/video><\/div>\r\n<\/td>\r\n<\/tr>\r\n<\/tbody>\r\n<\/table>\r\n\r\n\r\n\r\n<p>L&rsquo;internat est ouvert \u00e0 partir du dimanche soir 20h jusqu&rsquo;au vendredi 18h.<\/p>\r\n\r\n\r\n\r\n<p>Les internes peuvent participer aux <a href=\"https:\/\/www.lyceecharlescoulomb.fr\/pages\/p\/lycee\/associations_unss.php\" target=\"_blank\" rel=\"noreferrer noopener\"><strong>activit\u00e9s sportives de l&rsquo;UNSS<\/strong><\/a> le soir ou le mercredi apr\u00e8s-midi (sports collectifs, badminton, escalade, musculation).<\/p>\r\n\r\n\r\n\r\n<p>L&rsquo;internat est ouvert tous les soirs \u00e0 partir de 18h, le restaurant scolaire est ouvert de 18h30 \u00e0 19h30. A partir de 19h30 et jusqu&rsquo;\u00e0 21h le travail en chambre est obligatoire, les \u00e9l\u00e8ves de seconde sont en salle pour cette \u00e9tude surveill\u00e9e.<\/p>\r\n\r\n\r\n\r\n<p>La soir\u00e9e du jeudi se d\u00e9roule diff\u00e9remment : possibilit\u00e9 de se rendre au <a href=\"https:\/\/www.lyceecharlescoulomb.fr\/pages\/p\/lycee\/associations_foyer.php\" target=\"_blank\" rel=\"noreferrer noopener\"><strong>foyer<\/strong><\/a>, de participer aux activit\u00e9s des clubs, c&rsquo;est aussi la soir\u00e9e cin\u00e9ma.<\/p>\r\n\r\n\r\n\r\n<div class=\"wp-block-columns has-2-columns is-layout-flex wp-container-core-columns-is-layout-9d6595d7 wp-block-columns-is-layout-flex\">\r\n<div class=\"wp-block-column is-layout-flow wp-block-column-is-layout-flow\">\r\n<figure class=\"wp-block-image\"><img decoding=\"async\" src=\"https:\/\/www.lyceecharlescoulomb.fr\/pages\/h\/lycee\/images\/chambre_1.jpg\" alt=\"\" \/><\/figure>\r\n\r\n\r\n\r\n<figure class=\"wp-block-image\"><img decoding=\"async\" src=\"https:\/\/www.lyceecharlescoulomb.fr\/pages\/h\/lycee\/images\/chambre_3.JPG\" alt=\"\" \/><\/figure>\r\n\r\n\r\n\r\n<figure class=\"wp-block-image\"><img decoding=\"async\" src=\"https:\/\/www.lyceecharlescoulomb.fr\/pages\/h\/lycee\/images\/chambre_5.JPG\" alt=\"\" \/><\/figure>\r\n<\/div>\r\n\r\n\r\n\r\n<div class=\"wp-block-column is-layout-flow wp-block-column-is-layout-flow\">\r\n<figure class=\"wp-block-image\"><img decoding=\"async\" src=\"https:\/\/www.lyceecharlescoulomb.fr\/pages\/h\/lycee\/images\/chambre_2.JPG\" alt=\"\" \/>\r\n\r\n<\/figure>\r\n\r\n\r\n\r\n<figure class=\"wp-block-image\"><img decoding=\"async\" src=\"https:\/\/www.lyceecharlescoulomb.fr\/pages\/h\/lycee\/images\/chambre_4.JPG\" alt=\"\" \/><\/figure>\r\n\r\n\r\n\r\n<figure class=\"wp-block-image\"><img decoding=\"async\" src=\"https:\/\/www.lyceecharlescoulomb.fr\/pages\/h\/lycee\/images\/sanitaires_1.JPG\" alt=\"\" \/><\/figure>\r\n<\/div>\r\n<\/div>\r\n\r\n\r\n\r\n<p>&nbsp;<\/p>\r\n","protected":false},"excerpt":{"rendered":"<p>Le lyc\u00e9e dispose d&rsquo;un internat r\u00e9parti en chambres de 4 ou 5 \u00e9l\u00e8ves. Chaque chambre est \u00e9quip\u00e9 d&rsquo;un acc\u00e8s \u00e0 internet. La capacit\u00e9 d&rsquo;accueil est de 220 gar\u00e7ons et 150 [&hellip;]<\/p>\n","protected":false},"author":1,"featured_media":0,"parent":249,"menu_order":4,"comment_status":"closed","ping_status":"open","template":"","meta":{"ocean_post_layout":"","ocean_both_sidebars_style":"","ocean_both_sidebars_content_width":0,"ocean_both_sidebars_sidebars_width":0,"ocean_sidebar":"0","ocean_second_sidebar":"0","ocean_disable_margins":"enable","ocean_add_body_class":"","ocean_shortcode_before_top_bar":"","ocean_shortcode_after_top_bar":"","ocean_shortcode_before_header":"","ocean_shortcode_after_header":"","ocean_has_shortcode":"","ocean_shortcode_after_title":"","ocean_shortcode_before_footer_widgets":"","ocean_shortcode_after_footer_widgets":"","ocean_shortcode_before_footer_bottom":"","ocean_shortcode_after_footer_bottom":"","ocean_display_top_bar":"default","ocean_display_header":"default","ocean_header_style":"","ocean_center_header_left_menu":"0","ocean_custom_header_template":"0","ocean_custom_logo":0,"ocean_custom_retina_logo":0,"ocean_custom_logo_max_width":0,"ocean_custom_logo_tablet_max_width":0,"ocean_custom_logo_mobile_max_width":0,"ocean_custom_logo_max_height":0,"ocean_custom_logo_tablet_max_height":0,"ocean_custom_logo_mobile_max_height":0,"ocean_header_custom_menu":"0","ocean_menu_typo_font_family":"0","ocean_menu_typo_font_subset":"","ocean_menu_typo_font_size":0,"ocean_menu_typo_font_size_tablet":0,"ocean_menu_typo_font_size_mobile":0,"ocean_menu_typo_font_size_unit":"px","ocean_menu_typo_font_weight":"","ocean_menu_typo_font_weight_tablet":"","ocean_menu_typo_font_weight_mobile":"","ocean_menu_typo_transform":"","ocean_menu_typo_transform_tablet":"","ocean_menu_typo_transform_mobile":"","ocean_menu_typo_line_height":0,"ocean_menu_typo_line_height_tablet":0,"ocean_menu_typo_line_height_mobile":0,"ocean_menu_typo_line_height_unit":"","ocean_menu_typo_spacing":0,"ocean_menu_typo_spacing_tablet":0,"ocean_menu_typo_spacing_mobile":0,"ocean_menu_typo_spacing_unit":"","ocean_menu_link_color":"","ocean_menu_link_color_hover":"","ocean_menu_link_color_active":"","ocean_menu_link_background":"","ocean_menu_link_hover_background":"","ocean_menu_link_active_background":"","ocean_menu_social_links_bg":"","ocean_menu_social_hover_links_bg":"","ocean_menu_social_links_color":"","ocean_menu_social_hover_links_color":"","ocean_disable_title":"default","ocean_disable_heading":"default","ocean_post_title":"","ocean_post_subheading":"","ocean_post_title_style":"","ocean_post_title_background_color":"","ocean_post_title_background":0,"ocean_post_title_bg_image_position":"","ocean_post_title_bg_image_attachment":"","ocean_post_title_bg_image_repeat":"","ocean_post_title_bg_image_size":"","ocean_post_title_height":0,"ocean_post_title_bg_overlay":0.5,"ocean_post_title_bg_overlay_color":"","ocean_disable_breadcrumbs":"default","ocean_breadcrumbs_color":"","ocean_breadcrumbs_separator_color":"","ocean_breadcrumbs_links_color":"","ocean_breadcrumbs_links_hover_color":"","ocean_display_footer_widgets":"default","ocean_display_footer_bottom":"default","ocean_custom_footer_template":"0","footnotes":""},"class_list":["post-253","page","type-page","status-publish","hentry","entry"],"_links":{"self":[{"href":"http:\/\/www.lyceecharlescoulomb.fr\/site\/index.php?rest_route=\/wp\/v2\/pages\/253","targetHints":{"allow":["GET"]}}],"collection":[{"href":"http:\/\/www.lyceecharlescoulomb.fr\/site\/index.php?rest_route=\/wp\/v2\/pages"}],"about":[{"href":"http:\/\/www.lyceecharlescoulomb.fr\/site\/index.php?rest_route=\/wp\/v2\/types\/page"}],"author":[{"embeddable":true,"href":"http:\/\/www.lyceecharlescoulomb.fr\/site\/index.php?rest_route=\/wp\/v2\/users\/1"}],"replies":[{"embeddable":true,"href":"http:\/\/www.lyceecharlescoulomb.fr\/site\/index.php?rest_route=%2Fwp%2Fv2%2Fcomments&post=253"}],"version-history":[{"count":7,"href":"http:\/\/www.lyceecharlescoulomb.fr\/site\/index.php?rest_route=\/wp\/v2\/pages\/253\/revisions"}],"predecessor-version":[{"id":5482,"href":"http:\/\/www.lyceecharlescoulomb.fr\/site\/index.php?rest_route=\/wp\/v2\/pages\/253\/revisions\/5482"}],"up":[{"embeddable":true,"href":"http:\/\/www.lyceecharlescoulomb.fr\/site\/index.php?rest_route=\/wp\/v2\/pages\/249"}],"wp:attachment":[{"href":"http:\/\/www.lyceecharlescoulomb.fr\/site\/index.php?rest_route=%2Fwp%2Fv2%2Fmedia&parent=253"}],"curies":[{"name":"wp","href":"https:\/\/api.w.org\/{rel}","templated":true}]}}