{"id":38,"date":"2019-06-11T08:12:27","date_gmt":"2019-06-11T06:12:27","guid":{"rendered":"http:\/\/www.lyceecharlescoulomb.fr\/site\/?page_id=38"},"modified":"2024-02-09T16:13:10","modified_gmt":"2024-02-09T15:13:10","slug":"informations-generales","status":"publish","type":"page","link":"http:\/\/www.lyceecharlescoulomb.fr\/site\/?page_id=38","title":{"rendered":"Informations G\u00e9n\u00e9rales"},"content":{"rendered":"\r\n<h2><span style=\"color: #962b25;\">Internat et demi-pension.<\/span><\/h2>\r\n<p>L\u2019\u00e9l\u00e8ve inscrit \u00e0 la <strong>demi-pension<\/strong> ou \u00e0 <strong>l\u2019internat<\/strong> est tenu de fr\u00e9quenter assidument le service de restauration aux cr\u00e9neaux auxquels il est pr\u00e9vu\u00a0\u00a0\u00a0\u00a0\u00a0\u00a0\u00a0\u00a0\u00a0 ( 4 services)<\/p>\r\n<p>Chaque <strong>nouvel \u00e9l\u00e8ve<\/strong> inscrit \u00e0 la restauration se voit d\u00e9livrer <strong>gratuitement<\/strong> une carte \u00e0 puce portant les informations relatives \u00e0 ses <strong>droits d\u2019acc\u00e8s<\/strong>.<\/p>\r\n<p>Elle sera <strong>remise \u00e0 l\u2019\u00e9l\u00e8ve le jour de la rentr\u00e9e<\/strong> et restera <strong>valable<\/strong> durant <strong>toute sa scolarit\u00e9<\/strong> dans l\u2019Etablissement.<\/p>\r\n<p>Cette carte est <strong>nominative<\/strong> et <strong>strictement personnelle<\/strong>\u00a0; elle servira de support au <strong>contr\u00f4le de<\/strong> <strong>pr\u00e9sence<\/strong>\u00a0; un <strong>suivi r\u00e9gulier des absences<\/strong> \u00e0 la restauration sera effectu\u00e9 par la Vie Scolaire et renseign\u00e9 sur PRONOTE.<\/p>\r\n<p><strong>L\u2019acc\u00e8s au self<\/strong> s\u2019effectue sous condition de r\u00e9servation pr\u00e9alable (la veille \u00e0 partir de 14H00 ou le matin m\u00eame jusqu\u2019\u00e0 10H45) \u00e0 l\u2019une des bornes install\u00e9es \u00e0 cet effet. En cas de perte, de vol ou de d\u00e9t\u00e9rioration, l\u2019\u00e9l\u00e8ve devra <strong>obligatoirement<\/strong> acheter une nouvelle carte.<\/p>\r\n<p><strong>Les frais de scolarit\u00e9 des \u00e9l\u00e8ves internes et demi-pensionnaires<\/strong> sont payables \u00e0 r\u00e9ception d\u2019une facture trimestrielle par ch\u00e8que, carte bancaire, en esp\u00e8ces, par virement bancaire, par t\u00e9l\u00e9paiement ou par pr\u00e9l\u00e8vement automatique mensuel.<\/p>\r\n<p>Aucune <strong>remise d\u2019ordre<\/strong> ne sera accord\u00e9e pour une dur\u00e9e d\u2019absence inf\u00e9rieure ou \u00e9gale \u00e0 5 jours de fonctionnement cons\u00e9cutifs. Elle pourra \u00eatre \u00e9tablie <strong>sur demande \u00e9crite<\/strong> accompagn\u00e9e de pi\u00e8ces justificatives et sera <strong>calcul\u00e9e \u00e0 partir du 6<sup>\u00e8me<\/sup> jour<\/strong> et apr\u00e8s accord du Chef d\u2019Etablissement.<\/p>\r\n<p>Une <strong>remise d\u2019ordre sera accord\u00e9e de plein droit<\/strong> \u00e0 la famille ou \u00e0 l\u2019\u00e9l\u00e8ve sans qu\u2019il soit n\u00e9cessaire d\u2019en faire la demande en cas de <strong>fermeture<\/strong> du service d\u2019h\u00e9bergement et de restauration, de <strong>stage en entreprise<\/strong> dans le cadre de sa scolarit\u00e9, de <strong>voyage scolaire<\/strong>\/sortie p\u00e9dagogique ou d\u2019<strong>hospitalisation.<\/strong><\/p>\r\n<p><strong>Tarif des pensions ann\u00e9e scolaire 2023-2024<\/strong><\/p>\r\n<table style=\"width: 100%; border-collapse: collapse; border-style: solid; border-color: #000000;\" border=\"1\">\r\n<tbody>\r\n<tr>\r\n<td style=\"width: 20%; border-style: solid; border-color: #000000;\">\u00a0<\/td>\r\n<td style=\"width: 20%; border-style: solid; border-color: #000000;\">Ann\u00e9e 2023\/2024<\/td>\r\n<td style=\"width: 20%; border-style: solid; border-color: #000000;\">Trimestre Janvier\/Mars <br \/>60 Jrs<\/td>\r\n<td style=\"width: 20.0222%; border-style: solid; border-color: #000000;\">Trimestre Avril\/18 Juin <br \/>45 Jrs<\/td>\r\n<td style=\"width: 19.911%; border-style: solid; border-color: #000000;\">Trimestre Septembre\/D\u00e9cembre<br \/>2024\/2025<br \/>75 Jrs<\/td>\r\n<\/tr>\r\n<tr>\r\n<td style=\"width: 20%; border-style: solid; border-color: #000000;\">Demi-pension 4 jours (3.09 \u20ac)<\/td>\r\n<td style=\"width: 20%; border-style: solid; border-color: #000000;\">444.96 \u20ac (144 Jrs)<\/td>\r\n<td style=\"width: 20%; border-style: solid; border-color: #000000;\">148.32 \u20ac (48 Jrs)<\/td>\r\n<td style=\"width: 20.0222%; border-style: solid; border-color: #000000;\">111.24 \u20ac (36 Jrs)<\/td>\r\n<td style=\"width: 19.911%; border-style: solid; border-color: #000000;\">185.40 \u20ac (60 Jrs)<\/td>\r\n<\/tr>\r\n<tr>\r\n<td style=\"width: 20%; border-style: solid; border-color: #000000;\">Demi-pension 5 jours (3.06 \u20ac)<\/td>\r\n<td style=\"width: 20%; border-style: solid; border-color: #000000;\">550.80 \u20ac (180 Jrs)<\/td>\r\n<td style=\"width: 20%; border-style: solid; border-color: #000000;\">183.60 \u20ac<\/td>\r\n<td style=\"width: 20.0222%; border-style: solid; border-color: #000000;\">137.70 \u20ac<\/td>\r\n<td style=\"width: 19.911%; border-style: solid; border-color: #000000;\">229.50 \u20ac<\/td>\r\n<\/tr>\r\n<tr>\r\n<td style=\"width: 20%; border-style: solid; border-color: #000000;\">Internes 5 Jours (7.68 \u20ac)<\/td>\r\n<td style=\"width: 20%; border-style: solid; border-color: #000000;\">1 382.40 \u20ac (180 Jrs)<\/td>\r\n<td style=\"width: 20%; border-style: solid; border-color: #000000;\">460.80\u20ac<\/td>\r\n<td style=\"width: 20.0222%; border-style: solid; border-color: #000000;\">345.60 \u20ac<\/td>\r\n<td style=\"width: 19.911%; border-style: solid; border-color: #000000;\">576 \u20ac<\/td>\r\n<\/tr>\r\n<tr>\r\n<td style=\"width: 20%; border-style: solid; border-color: #000000;\">Internes +Dimanche soir<br \/>6 Jours (8.23 \u20ac)<\/td>\r\n<td style=\"width: 20%; border-style: solid; border-color: #000000;\">1 481.40 \u20ac (180 Jrs)<\/td>\r\n<td style=\"width: 20%; border-style: solid; border-color: #000000;\">493.8\u20ac<\/td>\r\n<td style=\"width: 20.0222%; border-style: solid; border-color: #000000;\">370.35 \u20ac<\/td>\r\n<td style=\"width: 19.911%; border-style: solid; border-color: #000000;\">617.25 \u20ac<\/td>\r\n<\/tr>\r\n<tr>\r\n<td style=\"width: 20%; border-style: solid; border-color: #000000;\">Int-Ext (6.79 \u20ac)<\/td>\r\n<td style=\"width: 20%; border-style: solid; border-color: #000000;\">1 222.20 \u20ac (180 Jrs)<\/td>\r\n<td style=\"width: 20%; border-style: solid; border-color: #000000;\">407.40\u20ac<\/td>\r\n<td style=\"width: 20.0222%; border-style: solid; border-color: #000000;\">305.55 \u20ac<\/td>\r\n<td style=\"width: 19.911%; border-style: solid; border-color: #000000;\">509.25 \u20ac<\/td>\r\n<\/tr>\r\n<\/tbody>\r\n<\/table>\r\n<p><br \/><h2><span style=\"color: #962b25;\">AUTRES TARIFS :<\/span><\/h2><\/p>\r\n<p><span style=\"color: #000000;\">&#8211; TICKET REPAS BTS SCOLAIRE &#8211; ELEVE EXTERNE OU STAGIAIRE EXTERIEUR &#8211; GRETA DEMANDEUR D&rsquo;EMPLOI = 4.50 \u20ac<\/span><\/p>\r\n<p><span style=\"color: #000000;\">&#8211; TICKET REPAS BTS APPRENTI\/ALTERNANT = 3.15 \u20ac<\/span><\/p>\r\n<p><span style=\"color: #000000;\">&#8211; TICKET REPAS H\u00d4TE DE PASSAGE = 7.63 \u20ac<\/span><\/p>\r\n<h2><span style=\"color: #962b25;\">Bourses nationales de lyc\u00e9e<\/span><\/h2>\r\n<p>Les bourses nationales d\u2019\u00e9tudes du second degr\u00e9 s\u2019adressent aux \u00e9l\u00e8ves qui suivent les enseignements g\u00e9n\u00e9raux, technologiques ou professionnels et dont les ressources familiales ont \u00e9t\u00e9 reconnues insuffisantes.<\/p>\r\n<p>Les dossiers sont \u00e0 constituer aupr\u00e8s de votre \u00e9tablissement d\u2019origine\u00a0 (secr\u00e9tariat du coll\u00e8ge pour les \u00e9l\u00e8ves de 3<sup>\u00e8me<\/sup> souhaitant s\u2019inscrire en classe de seconde \u00e0 la rentr\u00e9e 2020).<\/p>\r\n<p>Pour information :<\/p>\r\n<p><img decoding=\"async\" src=\"http:\/\/www.lyceecharlescoulomb.fr\/site\/wp-content\/uploads\/2024\/02\/Selection_074.png\" alt=\"\" \/><\/p>\r\n<p>&nbsp;<\/p>\r\n\r\n\r\n\r\n\r\n\r\n<h2><span style=\"color: #962b25;\">Le fonds social<\/span><\/h2>\r\n\r\n\r\n\r\n<p>Le Fonds Social R\u00e9gional ou Lyc\u00e9en (subventionn\u00e9 par la R\u00e9gion ou l\u2019Etat) est destin\u00e9 \u00e0 aider les familles qui rencontrent des difficult\u00e9s financi\u00e8res pour assurer les charges li\u00e9es \u00e0 la scolarit\u00e9 de leurs enfants. Il s\u2019agit d\u2019une aide individualis\u00e9e pouvant porter sur les frais scolaires (pension ou demi-pension), de sant\u00e9, de transport et de fournitures ou \u00e9quipements p\u00e9dagogiques.<\/p>\r\n<p>Une commission de Fonds Social se r\u00e9unit chaque trimestre pour \u00e9tudier anonymement chaque situation.<\/p>\r\n<p>Un dossier peut \u00eatre retir\u00e9 au Service Intendance de notre \u00e9tablissement. Il servira de support pour l\u2019ann\u00e9e scolaire.<\/p>\r\n<p>Cependant la reconduction de l\u2019aide n\u2019est pas syst\u00e9matique \u00e0 chaque trimestre. Un courrier de demande de renouvellement doit \u00eatre adress\u00e9 au Service Intendance avant chaque r\u00e9union de la commission.<\/p>\r\n<p>Une participation reste n\u00e9anmoins \u00e0 la charge de la famille.<\/p>\r\n<p>&nbsp;<\/p>\r\n\r\n\r\n\r\n<h2><span style=\"color: #962b25;\">Formation en entreprise<\/span><\/h2>\r\n\r\n\r\n\r\n<p>Le lyc\u00e9e prend en charge les <strong>surco\u00fbts<\/strong> occasionn\u00e9s par les <strong>stages<\/strong> (transport et restauration)\u00a0; une <strong>remise d\u2019ordre<\/strong> sur les <strong>frais de pension\/demi-pension<\/strong> est \u00e9galement appliqu\u00e9e sur la p\u00e9riode d\u2019absence.<\/p>\r\n\r\n\r\n\r\n<p><a href=\"http:\/\/www.lyceecharlescoulomb.fr\/site\/wp-content\/uploads\/2020\/02\/Plaquette-PO-2020-recto-verso.pdf\" target=\"_blank\" rel=\"noopener noreferrer\">Plaquette de pr\u00e9sentation.<\/a><\/p>\r\n\r\n\r\n","protected":false},"excerpt":{"rendered":"<p>Internat et demi-pension. L\u2019\u00e9l\u00e8ve inscrit \u00e0 la demi-pension ou \u00e0 l\u2019internat est tenu de fr\u00e9quenter assidument le service de restauration aux cr\u00e9neaux auxquels il est pr\u00e9vu\u00a0\u00a0\u00a0\u00a0\u00a0\u00a0\u00a0\u00a0\u00a0 ( 4 services) Chaque [&hellip;]<\/p>\n","protected":false},"author":1,"featured_media":0,"parent":36,"menu_order":0,"comment_status":"closed","ping_status":"closed","template":"","meta":{"ocean_post_layout":"","ocean_both_sidebars_style":"","ocean_both_sidebars_content_width":0,"ocean_both_sidebars_sidebars_width":0,"ocean_sidebar":"0","ocean_second_sidebar":"0","ocean_disable_margins":"enable","ocean_add_body_class":"","ocean_shortcode_before_top_bar":"","ocean_shortcode_after_top_bar":"","ocean_shortcode_before_header":"","ocean_shortcode_after_header":"","ocean_has_shortcode":"","ocean_shortcode_after_title":"","ocean_shortcode_before_footer_widgets":"","ocean_shortcode_after_footer_widgets":"","ocean_shortcode_before_footer_bottom":"","ocean_shortcode_after_footer_bottom":"","ocean_display_top_bar":"default","ocean_display_header":"default","ocean_header_style":"","ocean_center_header_left_menu":"0","ocean_custom_header_template":"0","ocean_custom_logo":0,"ocean_custom_retina_logo":0,"ocean_custom_logo_max_width":0,"ocean_custom_logo_tablet_max_width":0,"ocean_custom_logo_mobile_max_width":0,"ocean_custom_logo_max_height":0,"ocean_custom_logo_tablet_max_height":0,"ocean_custom_logo_mobile_max_height":0,"ocean_header_custom_menu":"0","ocean_menu_typo_font_family":"0","ocean_menu_typo_font_subset":"","ocean_menu_typo_font_size":0,"ocean_menu_typo_font_size_tablet":0,"ocean_menu_typo_font_size_mobile":0,"ocean_menu_typo_font_size_unit":"px","ocean_menu_typo_font_weight":"","ocean_menu_typo_font_weight_tablet":"","ocean_menu_typo_font_weight_mobile":"","ocean_menu_typo_transform":"","ocean_menu_typo_transform_tablet":"","ocean_menu_typo_transform_mobile":"","ocean_menu_typo_line_height":0,"ocean_menu_typo_line_height_tablet":0,"ocean_menu_typo_line_height_mobile":0,"ocean_menu_typo_line_height_unit":"","ocean_menu_typo_spacing":0,"ocean_menu_typo_spacing_tablet":0,"ocean_menu_typo_spacing_mobile":0,"ocean_menu_typo_spacing_unit":"","ocean_menu_link_color":"","ocean_menu_link_color_hover":"","ocean_menu_link_color_active":"","ocean_menu_link_background":"","ocean_menu_link_hover_background":"","ocean_menu_link_active_background":"","ocean_menu_social_links_bg":"","ocean_menu_social_hover_links_bg":"","ocean_menu_social_links_color":"","ocean_menu_social_hover_links_color":"","ocean_disable_title":"default","ocean_disable_heading":"default","ocean_post_title":"","ocean_post_subheading":"","ocean_post_title_style":"","ocean_post_title_background_color":"","ocean_post_title_background":0,"ocean_post_title_bg_image_position":"","ocean_post_title_bg_image_attachment":"","ocean_post_title_bg_image_repeat":"","ocean_post_title_bg_image_size":"","ocean_post_title_height":0,"ocean_post_title_bg_overlay":0.5,"ocean_post_title_bg_overlay_color":"","ocean_disable_breadcrumbs":"default","ocean_breadcrumbs_color":"","ocean_breadcrumbs_separator_color":"","ocean_breadcrumbs_links_color":"","ocean_breadcrumbs_links_hover_color":"","ocean_display_footer_widgets":"default","ocean_display_footer_bottom":"default","ocean_custom_footer_template":"0","footnotes":""},"class_list":["post-38","page","type-page","status-publish","hentry","entry"],"_links":{"self":[{"href":"http:\/\/www.lyceecharlescoulomb.fr\/site\/index.php?rest_route=\/wp\/v2\/pages\/38","targetHints":{"allow":["GET"]}}],"collection":[{"href":"http:\/\/www.lyceecharlescoulomb.fr\/site\/index.php?rest_route=\/wp\/v2\/pages"}],"about":[{"href":"http:\/\/www.lyceecharlescoulomb.fr\/site\/index.php?rest_route=\/wp\/v2\/types\/page"}],"author":[{"embeddable":true,"href":"http:\/\/www.lyceecharlescoulomb.fr\/site\/index.php?rest_route=\/wp\/v2\/users\/1"}],"replies":[{"embeddable":true,"href":"http:\/\/www.lyceecharlescoulomb.fr\/site\/index.php?rest_route=%2Fwp%2Fv2%2Fcomments&post=38"}],"version-history":[{"count":14,"href":"http:\/\/www.lyceecharlescoulomb.fr\/site\/index.php?rest_route=\/wp\/v2\/pages\/38\/revisions"}],"predecessor-version":[{"id":5439,"href":"http:\/\/www.lyceecharlescoulomb.fr\/site\/index.php?rest_route=\/wp\/v2\/pages\/38\/revisions\/5439"}],"up":[{"embeddable":true,"href":"http:\/\/www.lyceecharlescoulomb.fr\/site\/index.php?rest_route=\/wp\/v2\/pages\/36"}],"wp:attachment":[{"href":"http:\/\/www.lyceecharlescoulomb.fr\/site\/index.php?rest_route=%2Fwp%2Fv2%2Fmedia&parent=38"}],"curies":[{"name":"wp","href":"https:\/\/api.w.org\/{rel}","templated":true}]}}