{"id":43,"date":"2019-06-11T08:20:23","date_gmt":"2019-06-11T06:20:23","guid":{"rendered":"http:\/\/www.lyceecharlescoulomb.fr\/site\/?page_id=43"},"modified":"2019-11-26T18:29:04","modified_gmt":"2019-11-26T17:29:04","slug":"reservation-et-paiement-en-ligne","status":"publish","type":"page","link":"http:\/\/www.lyceecharlescoulomb.fr\/site\/?page_id=43","title":{"rendered":"R\u00e9servation et paiement en ligne"},"content":{"rendered":"\r\n<h1 class=\"wp-block-heading\">\u00a0<\/h1>\r\n\r\n\r\n\r\n<p>Cliquer sur l&rsquo;image pour r\u00e9server :<br \/><a href=\"https:\/\/espacenumerique.turbo-self.com\/Connexion.aspx?id=3639\" target=\"_blank\" rel=\"noopener noreferrer\"><img decoding=\"async\" class=\"size-full wp-image-925 aligncenter\" src=\"http:\/\/www.lyceecharlescoulomb.fr\/site\/wp-content\/uploads\/2019\/10\/turboself.jpg\" alt=\"\" width=\"168\" height=\"113\" \/><\/a><\/p>\r\n\r\n\r\n\r\n<p>Il est d\u00e9sormais possible d\u2019effectuer deux types d\u2019op\u00e9rations via un site s\u00e9curis\u00e9 sur internet\u00a0:<\/p>\r\n\r\n\r\n\r\n<ul class=\"wp-block-list\">\r\n<li>accessible \u00e0 tous\u00a0:\r\n<ul>\r\n<li><strong>r\u00e9servation des repas<\/strong> jusqu\u2019\u00e0 deux semaines \u00e0 l\u2019avance<\/li>\r\n<\/ul>\r\n<\/li>\r\n<li>accessible <strong>EXCLUSIVEMENT<\/strong> aux <strong>\u00e9l\u00e8ves<\/strong> des classes de <strong>PAQI<\/strong>, <strong>BTS<\/strong> et <strong>SMANA<\/strong> ainsi qu\u2019<strong>aux personnels de l\u2019\u00e9tablissement<\/strong>\u00a0:\r\n<ul>\r\n<li><strong>cr\u00e9dit du badge<\/strong> de passage au self (minimum 30.00 \u20ac)<\/li>\r\n<\/ul>\r\n<\/li>\r\n<\/ul>\r\n\r\n\r\n\r\n<p>La proc\u00e9dure \u00e0 suivre est la suivante\u00a0:<\/p>\r\n\r\n\r\n\r\n<ul class=\"wp-block-list\">\r\n<li><strong>Rendez-vous sur le site<\/strong>\u00a0: cliquer sur l\u2019image ci-dessus<\/li>\r\n<li>Onglet \u00ab\u00a0<strong>demande de cr\u00e9ation de compte<\/strong>\u00a0\u00bb<\/li>\r\n<li>Saisissez vos <strong>NOM<\/strong> et <strong>PRENOM<\/strong> o\u00f9 les<strong> 5 derniers chiffres<\/strong> indiqu\u00e9s sur le dessus de votre badge d\u2019acc\u00e8s au self\u00a0: Carte N\u00b0 3639 \u2013 XXXXX.<\/li>\r\n<li>Saisissez une adresse mail valide sur laquelle vos identifiant et mot de passe seront adress\u00e9s sous 48 H<\/li>\r\n<li>A r\u00e9ception, reconnectez-vous \u00e0 partir du lien ci-dessus<\/li>\r\n<li><strong>Saisissez votre identifiant de connexion et votre mot de passe<\/strong> communiqu\u00e9s par mail<\/li>\r\n<li><strong>Suivez les instructions<\/strong> propos\u00e9es \u00e0 l\u2019\u00e9cran<\/li>\r\n<\/ul>\r\n\r\n<p><strong><span style=\"color: #ff0000;\">Le paiement en ligne ne s\u2019adresse pas aux \u00e9l\u00e8ves demi-pensionnaires et internes au forfait. Le r\u00e8glement de la facture trimestrielle pourra s\u2019effectuer par ch\u00e8que, carte bancaire, virement bancaire, pr\u00e9l\u00e8vement automatique mensuel, en esp\u00e8ces ou directement en ligne via ENT (Environnement Num\u00e9rique de Travail) \u2013 ic\u00f4ne SCOLARITE SERVICES \u2013 onglet PAIEMENT EN LIGNE DES FACTURES.<\/span><\/strong><\/p>\r\n<!-- \/wp:post-content -->\r\n\r\n<!-- wp:paragraph -->\r\n<p>A noter\u00a0:<\/p>\r\n<!-- \/wp:paragraph -->\r\n\r\n<!-- wp:list -->\r\n<ul>\r\n<li>Les comptes ne sont cr\u00e9dit\u00e9s qu\u2019en diff\u00e9r\u00e9 le lendemain matin apr\u00e8s 8 heures, suite \u00e0 la synchronisation quotidienne des modules.<\/li>\r\n<li>Vos identifiants et mot de passe vous garantissent la bonne affectation des sommes vers\u00e9es.<\/li>\r\n<li>Un re\u00e7u vous est adress\u00e9 par mail \u00e0 la fin de chaque paiement.<\/li>\r\n<\/ul>\r\n<!-- \/wp:list -->\r\n\r\n<!-- wp:paragraph -->\r\n<p><strong>PERSONNE A CONTACTER\u00a0:<\/strong><\/p>\r\n<!-- \/wp:paragraph -->\r\n\r\n<!-- wp:paragraph -->\r\n<p>Mme SCHOONJANS Julie\u00a0: 05 45 61 83 08<\/p>\r\n<!-- \/wp:paragraph -->","protected":false},"excerpt":{"rendered":"<p>\u00a0 Cliquer sur l&rsquo;image pour r\u00e9server : Il est d\u00e9sormais possible d\u2019effectuer deux types d\u2019op\u00e9rations via un site s\u00e9curis\u00e9 sur internet\u00a0: accessible \u00e0 tous\u00a0: r\u00e9servation des repas jusqu\u2019\u00e0 deux semaines [&hellip;]<\/p>\n","protected":false},"author":1,"featured_media":0,"parent":36,"menu_order":0,"comment_status":"closed","ping_status":"closed","template":"","meta":{"ocean_post_layout":"","ocean_both_sidebars_style":"","ocean_both_sidebars_content_width":0,"ocean_both_sidebars_sidebars_width":0,"ocean_sidebar":"0","ocean_second_sidebar":"0","ocean_disable_margins":"enable","ocean_add_body_class":"","ocean_shortcode_before_top_bar":"","ocean_shortcode_after_top_bar":"","ocean_shortcode_before_header":"","ocean_shortcode_after_header":"","ocean_has_shortcode":"","ocean_shortcode_after_title":"","ocean_shortcode_before_footer_widgets":"","ocean_shortcode_after_footer_widgets":"","ocean_shortcode_before_footer_bottom":"","ocean_shortcode_after_footer_bottom":"","ocean_display_top_bar":"default","ocean_display_header":"default","ocean_header_style":"","ocean_center_header_left_menu":"0","ocean_custom_header_template":"0","ocean_custom_logo":0,"ocean_custom_retina_logo":0,"ocean_custom_logo_max_width":0,"ocean_custom_logo_tablet_max_width":0,"ocean_custom_logo_mobile_max_width":0,"ocean_custom_logo_max_height":0,"ocean_custom_logo_tablet_max_height":0,"ocean_custom_logo_mobile_max_height":0,"ocean_header_custom_menu":"0","ocean_menu_typo_font_family":"0","ocean_menu_typo_font_subset":"","ocean_menu_typo_font_size":0,"ocean_menu_typo_font_size_tablet":0,"ocean_menu_typo_font_size_mobile":0,"ocean_menu_typo_font_size_unit":"px","ocean_menu_typo_font_weight":"","ocean_menu_typo_font_weight_tablet":"","ocean_menu_typo_font_weight_mobile":"","ocean_menu_typo_transform":"","ocean_menu_typo_transform_tablet":"","ocean_menu_typo_transform_mobile":"","ocean_menu_typo_line_height":0,"ocean_menu_typo_line_height_tablet":0,"ocean_menu_typo_line_height_mobile":0,"ocean_menu_typo_line_height_unit":"","ocean_menu_typo_spacing":0,"ocean_menu_typo_spacing_tablet":0,"ocean_menu_typo_spacing_mobile":0,"ocean_menu_typo_spacing_unit":"","ocean_menu_link_color":"","ocean_menu_link_color_hover":"","ocean_menu_link_color_active":"","ocean_menu_link_background":"","ocean_menu_link_hover_background":"","ocean_menu_link_active_background":"","ocean_menu_social_links_bg":"","ocean_menu_social_hover_links_bg":"","ocean_menu_social_links_color":"","ocean_menu_social_hover_links_color":"","ocean_disable_title":"default","ocean_disable_heading":"default","ocean_post_title":"","ocean_post_subheading":"","ocean_post_title_style":"","ocean_post_title_background_color":"","ocean_post_title_background":0,"ocean_post_title_bg_image_position":"","ocean_post_title_bg_image_attachment":"","ocean_post_title_bg_image_repeat":"","ocean_post_title_bg_image_size":"","ocean_post_title_height":0,"ocean_post_title_bg_overlay":0.5,"ocean_post_title_bg_overlay_color":"","ocean_disable_breadcrumbs":"default","ocean_breadcrumbs_color":"","ocean_breadcrumbs_separator_color":"","ocean_breadcrumbs_links_color":"","ocean_breadcrumbs_links_hover_color":"","ocean_display_footer_widgets":"default","ocean_display_footer_bottom":"default","ocean_custom_footer_template":"0","footnotes":""},"class_list":["post-43","page","type-page","status-publish","hentry","entry"],"_links":{"self":[{"href":"http:\/\/www.lyceecharlescoulomb.fr\/site\/index.php?rest_route=\/wp\/v2\/pages\/43","targetHints":{"allow":["GET"]}}],"collection":[{"href":"http:\/\/www.lyceecharlescoulomb.fr\/site\/index.php?rest_route=\/wp\/v2\/pages"}],"about":[{"href":"http:\/\/www.lyceecharlescoulomb.fr\/site\/index.php?rest_route=\/wp\/v2\/types\/page"}],"author":[{"embeddable":true,"href":"http:\/\/www.lyceecharlescoulomb.fr\/site\/index.php?rest_route=\/wp\/v2\/users\/1"}],"replies":[{"embeddable":true,"href":"http:\/\/www.lyceecharlescoulomb.fr\/site\/index.php?rest_route=%2Fwp%2Fv2%2Fcomments&post=43"}],"version-history":[{"count":4,"href":"http:\/\/www.lyceecharlescoulomb.fr\/site\/index.php?rest_route=\/wp\/v2\/pages\/43\/revisions"}],"predecessor-version":[{"id":1319,"href":"http:\/\/www.lyceecharlescoulomb.fr\/site\/index.php?rest_route=\/wp\/v2\/pages\/43\/revisions\/1319"}],"up":[{"embeddable":true,"href":"http:\/\/www.lyceecharlescoulomb.fr\/site\/index.php?rest_route=\/wp\/v2\/pages\/36"}],"wp:attachment":[{"href":"http:\/\/www.lyceecharlescoulomb.fr\/site\/index.php?rest_route=%2Fwp%2Fv2%2Fmedia&parent=43"}],"curies":[{"name":"wp","href":"https:\/\/api.w.org\/{rel}","templated":true}]}}