{"id":4482,"date":"2022-09-21T13:28:50","date_gmt":"2022-09-21T11:28:50","guid":{"rendered":"http:\/\/www.lyceecharlescoulomb.fr\/site\/?page_id=4482"},"modified":"2022-09-21T13:32:17","modified_gmt":"2022-09-21T11:32:17","slug":"aides-etudiantes-et-apprenties","status":"publish","type":"page","link":"http:\/\/www.lyceecharlescoulomb.fr\/site\/?page_id=4482","title":{"rendered":"Aides \u00e9tudiant(e)s et apprenti(e)s"},"content":{"rendered":"<h2><strong>Aides pour le logement :<\/strong><\/h2>\n<p><strong>1 &#8211; La plateforme \u00ab\u00a0undeuxtoit\u00a0\u00bb<\/strong> du logement des jeunes de la r\u00e9gion Nouvelle-Aquitaine !<\/p>\n<p><a href=\"https:\/\/www.operationundeuxtoit.fr\/\">https:\/\/www.operationundeuxtoit.fr\/<\/a><\/p>\n<p><strong>2 &#8211; le point relais CAF<\/strong> jeunes et \u00e9tudiants\u00a0\u00bb au CIJ<br \/>\nLe point relais CAF anim\u00e9 par l&rsquo;\u00e9quipe du CIJ, apporte aux jeunes et aux \u00e9tudiants des informations sur les prestations de la CAF auxquelles ils ont droit et les accompagne dans leurs d\u00e9marches : utilisation du site <a href=\"http:\/\/caf.fr\">caf.fr<\/a>, orientation vers les services de la CAF ou d&rsquo;un partenaire.<\/p>\n<p><strong>3 &#8211; Locappart 16<\/strong> de l&rsquo;association charente habitat jeunes <a href=\"http:\/\/www.charentehabitatjeunes.fr\">www.charentehabitatjeunes.fr<\/a><br \/>\nCe service accompagne et oriente les jeunes \u00e2g\u00e9s de 16 \u00e0 30 ans dans leurs recherches de logement.<br \/>\nIl leur pr\u00e9sente les aides possibles, les accompagne dans la recherche de logement, les soutient dans la gestion d&rsquo;un budget, les aide \u00e0 constituer des dossiers d&rsquo;APL, loca pass, mobil jeunes&#8230;<br \/>\nPermanences au CIJ, les premiers mardis apr\u00e8s-midi de chaque mois, sans rendez-vous.<\/p>\n<p><strong>4 -Logement :<\/strong> Quelles sont les aides ?<\/p>\n<p><a href=\"https:\/\/jeunes.nouvelle-aquitaine.fr\/vie-quotidienne\/passeport-logement\/quelles-aides-au-logement\">https:\/\/jeunes.nouvelle-aquitaine.fr\/vie-quotidienne\/passeport-logement\/quelles-aides-au-logement<\/a><\/p>\n<h2><strong>Autres aides, en direction des lyc\u00e9en(ne)s \u00a0apprenti(e)s.<\/strong><\/h2>\n<p><strong>5 &#8211; Stages \u00e0 l\u2019\u00e9tranger<\/strong><\/p>\n<p>https:\/\/jeunes.nouvelle-aquitaine.fr\/formation\/partir-letranger-avec-bagagesnjour.<\/p>\n<p><strong>6- Transport<\/strong> :<\/p>\n<p><a href=\"https:\/\/jeunes.nouvelle-aquitaine.fr\/vie-quotidienne\/se-deplacer\/ter-se-deplacer-prix-reduits\">https:\/\/jeunes.nouvelle-aquitaine.fr\/vie-quotidienne\/se-deplacer\/ter-se-deplacer-prix-reduits<\/a><\/p>\n<p><a href=\"https:\/\/jeunes.nouvelle-aquitaine.fr\/actualite\/ouverture-des-inscriptions-aux-transports-scolaires-2022-2023\">https:\/\/jeunes.nouvelle-aquitaine.fr\/actualite\/ouverture-des-inscriptions-aux-transports-scolaires-2022-2023<\/a><\/p>\n<p><strong>7- Voyage<\/strong> :<\/p>\n<p><a href=\"https:\/\/jeunes.nouvelle-aquitaine.fr\/vie-quotidienne\/destinaction-partez-laventure\">https:\/\/jeunes.nouvelle-aquitaine.fr\/vie-quotidienne\/destinaction-partez-laventure<\/a><\/p>\n<p><strong>8- BAFA\/BAFD\/BNSSA<\/strong>\u00a0:<\/p>\n<p><a href=\"https:\/\/jeunes.nouvelle-aquitaine.fr\/emploi\/bafa-bafd-bnssa-pourquoi-pas-vous\">https:\/\/jeunes.nouvelle-aquitaine.fr\/emploi\/bafa-bafd-bnssa-pourquoi-pas-vous<\/a><\/p>\n<p><strong>9- Les r\u00e9f\u00e9rents jeunesse<\/strong> de la r\u00e9gion sont l\u00e0 pour vous aider :<\/p>\n<a href=\"http:\/\/www.lyceecharlescoulomb.fr\/site\/wp-content\/uploads\/2022\/09\/Presentation-RJ.pdf\" class=\"pdfemb-viewer\" style=\"\" data-width=\"max\" data-height=\"max\" data-toolbar=\"both\" data-toolbar-fixed=\"off\">Presentation-RJ<\/a>\n<p>Pour plus d\u2019informations\u00a0: <a href=\"http:\/\/jeunes.nouvelle-aquitaine.fr\"> jeunes.nouvelle-aquitaine.fr<\/a><\/p>\n","protected":false},"excerpt":{"rendered":"<p>Aides pour le logement : 1 &#8211; La plateforme \u00ab\u00a0undeuxtoit\u00a0\u00bb du logement des jeunes de la r\u00e9gion Nouvelle-Aquitaine ! https:\/\/www.operationundeuxtoit.fr\/ 2 &#8211; le point relais CAF jeunes et \u00e9tudiants\u00a0\u00bb au [&hellip;]<\/p>\n","protected":false},"author":1,"featured_media":0,"parent":0,"menu_order":0,"comment_status":"closed","ping_status":"closed","template":"","meta":{"ocean_post_layout":"","ocean_both_sidebars_style":"","ocean_both_sidebars_content_width":0,"ocean_both_sidebars_sidebars_width":0,"ocean_sidebar":"0","ocean_second_sidebar":"0","ocean_disable_margins":"enable","ocean_add_body_class":"","ocean_shortcode_before_top_bar":"","ocean_shortcode_after_top_bar":"","ocean_shortcode_before_header":"","ocean_shortcode_after_header":"","ocean_has_shortcode":"","ocean_shortcode_after_title":"","ocean_shortcode_before_footer_widgets":"","ocean_shortcode_after_footer_widgets":"","ocean_shortcode_before_footer_bottom":"","ocean_shortcode_after_footer_bottom":"","ocean_display_top_bar":"default","ocean_display_header":"default","ocean_header_style":"","ocean_center_header_left_menu":"0","ocean_custom_header_template":"0","ocean_custom_logo":0,"ocean_custom_retina_logo":0,"ocean_custom_logo_max_width":0,"ocean_custom_logo_tablet_max_width":0,"ocean_custom_logo_mobile_max_width":0,"ocean_custom_logo_max_height":0,"ocean_custom_logo_tablet_max_height":0,"ocean_custom_logo_mobile_max_height":0,"ocean_header_custom_menu":"0","ocean_menu_typo_font_family":"0","ocean_menu_typo_font_subset":"","ocean_menu_typo_font_size":0,"ocean_menu_typo_font_size_tablet":0,"ocean_menu_typo_font_size_mobile":0,"ocean_menu_typo_font_size_unit":"px","ocean_menu_typo_font_weight":"","ocean_menu_typo_font_weight_tablet":"","ocean_menu_typo_font_weight_mobile":"","ocean_menu_typo_transform":"","ocean_menu_typo_transform_tablet":"","ocean_menu_typo_transform_mobile":"","ocean_menu_typo_line_height":0,"ocean_menu_typo_line_height_tablet":0,"ocean_menu_typo_line_height_mobile":0,"ocean_menu_typo_line_height_unit":"","ocean_menu_typo_spacing":0,"ocean_menu_typo_spacing_tablet":0,"ocean_menu_typo_spacing_mobile":0,"ocean_menu_typo_spacing_unit":"","ocean_menu_link_color":"","ocean_menu_link_color_hover":"","ocean_menu_link_color_active":"","ocean_menu_link_background":"","ocean_menu_link_hover_background":"","ocean_menu_link_active_background":"","ocean_menu_social_links_bg":"","ocean_menu_social_hover_links_bg":"","ocean_menu_social_links_color":"","ocean_menu_social_hover_links_color":"","ocean_disable_title":"default","ocean_disable_heading":"default","ocean_post_title":"","ocean_post_subheading":"","ocean_post_title_style":"","ocean_post_title_background_color":"","ocean_post_title_background":0,"ocean_post_title_bg_image_position":"","ocean_post_title_bg_image_attachment":"","ocean_post_title_bg_image_repeat":"","ocean_post_title_bg_image_size":"","ocean_post_title_height":0,"ocean_post_title_bg_overlay":0.5,"ocean_post_title_bg_overlay_color":"","ocean_disable_breadcrumbs":"default","ocean_breadcrumbs_color":"","ocean_breadcrumbs_separator_color":"","ocean_breadcrumbs_links_color":"","ocean_breadcrumbs_links_hover_color":"","ocean_display_footer_widgets":"default","ocean_display_footer_bottom":"default","ocean_custom_footer_template":"0","footnotes":""},"class_list":["post-4482","page","type-page","status-publish","hentry","entry"],"_links":{"self":[{"href":"http:\/\/www.lyceecharlescoulomb.fr\/site\/index.php?rest_route=\/wp\/v2\/pages\/4482","targetHints":{"allow":["GET"]}}],"collection":[{"href":"http:\/\/www.lyceecharlescoulomb.fr\/site\/index.php?rest_route=\/wp\/v2\/pages"}],"about":[{"href":"http:\/\/www.lyceecharlescoulomb.fr\/site\/index.php?rest_route=\/wp\/v2\/types\/page"}],"author":[{"embeddable":true,"href":"http:\/\/www.lyceecharlescoulomb.fr\/site\/index.php?rest_route=\/wp\/v2\/users\/1"}],"replies":[{"embeddable":true,"href":"http:\/\/www.lyceecharlescoulomb.fr\/site\/index.php?rest_route=%2Fwp%2Fv2%2Fcomments&post=4482"}],"version-history":[{"count":9,"href":"http:\/\/www.lyceecharlescoulomb.fr\/site\/index.php?rest_route=\/wp\/v2\/pages\/4482\/revisions"}],"predecessor-version":[{"id":4493,"href":"http:\/\/www.lyceecharlescoulomb.fr\/site\/index.php?rest_route=\/wp\/v2\/pages\/4482\/revisions\/4493"}],"wp:attachment":[{"href":"http:\/\/www.lyceecharlescoulomb.fr\/site\/index.php?rest_route=%2Fwp%2Fv2%2Fmedia&parent=4482"}],"curies":[{"name":"wp","href":"https:\/\/api.w.org\/{rel}","templated":true}]}}