{"id":497,"date":"2019-09-19T20:59:08","date_gmt":"2019-09-19T18:59:08","guid":{"rendered":"http:\/\/www.lyceecharlescoulomb.fr\/site\/?page_id=497"},"modified":"2024-04-22T11:08:29","modified_gmt":"2024-04-22T09:08:29","slug":"cpi","status":"publish","type":"page","link":"http:\/\/www.lyceecharlescoulomb.fr\/site\/?page_id=497","title":{"rendered":"Conception des Produits Industriels"},"content":{"rendered":"\t\t<div data-elementor-type=\"wp-post\" data-elementor-id=\"497\" class=\"elementor elementor-497\">\n\t\t\t\t\t\t<section class=\"elementor-section elementor-top-section elementor-element elementor-element-32e00df4 elementor-section-boxed elementor-section-height-default elementor-section-height-default\" data-id=\"32e00df4\" data-element_type=\"section\" data-e-type=\"section\">\n\t\t\t\t\t\t<div class=\"elementor-container elementor-column-gap-default\">\n\t\t\t\t\t<div class=\"elementor-column elementor-col-100 elementor-top-column elementor-element elementor-element-76aa33b9\" data-id=\"76aa33b9\" data-element_type=\"column\" data-e-type=\"column\">\n\t\t\t<div class=\"elementor-widget-wrap elementor-element-populated\">\n\t\t\t\t\t\t<div class=\"elementor-element elementor-element-2c0d5b9b elementor-widget elementor-widget-image\" data-id=\"2c0d5b9b\" data-element_type=\"widget\" data-e-type=\"widget\" data-widget_type=\"image.default\">\n\t\t\t\t<div class=\"elementor-widget-container\">\n\t\t\t\t\t\t\t\t\t\t\t\t\t\t\t<img decoding=\"async\" src=\"https:\/\/www.lyceecharlescoulomb.fr\/site\/wp-content\/uploads\/2019\/09\/BTS_CPI.jpg\" title=\"BTS_CPI\" alt=\"BTS_CPI\" loading=\"lazy\" \/>\t\t\t\t\t\t\t\t\t\t\t\t\t\t\t<\/div>\n\t\t\t\t<\/div>\n\t\t\t\t\t<\/div>\n\t\t<\/div>\n\t\t\t\t\t<\/div>\n\t\t<\/section>\n\t\t\t\t<section class=\"elementor-section elementor-top-section elementor-element elementor-element-66895876 elementor-section-boxed elementor-section-height-default elementor-section-height-default\" data-id=\"66895876\" data-element_type=\"section\" data-e-type=\"section\">\n\t\t\t\t\t\t<div class=\"elementor-container elementor-column-gap-default\">\n\t\t\t\t\t<div class=\"elementor-column elementor-col-100 elementor-top-column elementor-element elementor-element-170f1592\" data-id=\"170f1592\" data-element_type=\"column\" data-e-type=\"column\">\n\t\t\t<div class=\"elementor-widget-wrap elementor-element-populated\">\n\t\t\t\t\t\t<div class=\"elementor-element elementor-element-7f45172 elementor-widget elementor-widget-heading\" data-id=\"7f45172\" data-element_type=\"widget\" data-e-type=\"widget\" data-widget_type=\"heading.default\">\n\t\t\t\t<div class=\"elementor-widget-container\">\n\t\t\t\t\t<h2 class=\"elementor-heading-title elementor-size-default\">BTS Conception des Produits Industriels<\/h2>\t\t\t\t<\/div>\n\t\t\t\t<\/div>\n\t\t\t\t<div class=\"elementor-element elementor-element-124d59e1 elementor-tabs-view-horizontal elementor-widget elementor-widget-tabs\" data-id=\"124d59e1\" data-element_type=\"widget\" data-e-type=\"widget\" data-widget_type=\"tabs.default\">\n\t\t\t\t<div class=\"elementor-widget-container\">\n\t\t\t\t\t\t\t<div class=\"elementor-tabs\">\n\t\t\t<div class=\"elementor-tabs-wrapper\" role=\"tablist\" >\n\t\t\t\t\t\t\t\t\t<div id=\"elementor-tab-title-3071\" class=\"elementor-tab-title elementor-tab-desktop-title\" aria-selected=\"true\" data-tab=\"1\" role=\"tab\" tabindex=\"0\" aria-controls=\"elementor-tab-content-3071\" aria-expanded=\"false\">Objectifs<\/div>\n\t\t\t\t\t\t\t\t\t<div id=\"elementor-tab-title-3072\" class=\"elementor-tab-title elementor-tab-desktop-title\" aria-selected=\"false\" data-tab=\"2\" role=\"tab\" tabindex=\"-1\" aria-controls=\"elementor-tab-content-3072\" aria-expanded=\"false\">Admission<\/div>\n\t\t\t\t\t\t\t\t\t<div id=\"elementor-tab-title-3073\" class=\"elementor-tab-title elementor-tab-desktop-title\" aria-selected=\"false\" data-tab=\"3\" role=\"tab\" tabindex=\"-1\" aria-controls=\"elementor-tab-content-3073\" aria-expanded=\"false\">Contenu<\/div>\n\t\t\t\t\t\t\t\t\t<div id=\"elementor-tab-title-3074\" class=\"elementor-tab-title elementor-tab-desktop-title\" aria-selected=\"false\" data-tab=\"4\" role=\"tab\" tabindex=\"-1\" aria-controls=\"elementor-tab-content-3074\" aria-expanded=\"false\">Apr\u00e8s le BTS<\/div>\n\t\t\t\t\t\t\t<\/div>\n\t\t\t<div class=\"elementor-tabs-content-wrapper\" role=\"tablist\" aria-orientation=\"vertical\">\n\t\t\t\t\t\t\t\t\t<div class=\"elementor-tab-title elementor-tab-mobile-title\" aria-selected=\"true\" data-tab=\"1\" role=\"tab\" tabindex=\"0\" aria-controls=\"elementor-tab-content-3071\" aria-expanded=\"false\">Objectifs<\/div>\n\t\t\t\t\t<div id=\"elementor-tab-content-3071\" class=\"elementor-tab-content elementor-clearfix\" data-tab=\"1\" role=\"tabpanel\" aria-labelledby=\"elementor-tab-title-3071\" tabindex=\"0\" hidden=\"false\"><div id=\"CalqueOnglet1\"><p>En association avec des techniciens d&rsquo;autres domaines, le Technicien Sup\u00e9rieur en Conception des Produits Industriels (CPI) devra concevoir les parties m\u00e9caniques des produits qui nous entourent dans des domaines aussi vari\u00e9s que :<br \/>\u00a0\u00a0\u00a0\u00a0\u00a0\u00a0\u00a0\u00a0\u00a0\u00a0\u00a0&#8211; les transports (automobile, ferroviaire, a\u00e9rien naval, &#8230;),<br \/>\u00a0\u00a0\u00a0\u00a0\u00a0\u00a0\u00a0\u00a0\u00a0\u00a0\u00a0&#8211; le mat\u00e9riel m\u00e9dical (appareil de radiologie, si\u00e8ge de dentiste, &#8230;),<br \/>\u00a0\u00a0\u00a0\u00a0\u00a0\u00a0\u00a0\u00a0\u00a0\u00a0\u00a0&#8211; les biens de consommation (\u00e9lectrom\u00e9nager, v\u00e9lo, &#8230;),<br \/>\u00a0\u00a0\u00a0\u00a0\u00a0\u00a0\u00a0\u00a0\u00a0\u00a0\u00a0&#8211; les biens d&rsquo;\u00e9quipements (machine sp\u00e9ciale, ligne de production, &#8230;),<br \/>\u00a0\u00a0\u00a0\u00a0\u00a0\u00a0\u00a0\u00a0\u00a0\u00a0\u00a0 &#8230;<br \/>Il peut aussi travailler \u00e0 la modification, la revalorisation et l&rsquo;am\u00e9lioration de syst\u00e8mes existants.<\/p><p><strong>En situation professionnelle, le technicien CPI peut occuper les fonctions suivantes\u00a0: <\/strong><strong><br \/><\/strong>\u00a0\u00a0\u00a0\u00a0\u00a0\u00a0\u00a0\u00a0\u00a0\u00a0\u00a0&#8211; Technicien en Recherche et D\u00e9veloppement,<br \/>\u00a0\u00a0\u00a0\u00a0\u00a0\u00a0\u00a0\u00a0\u00a0\u00a0\u00a0&#8211; Chef de projet au sein des PME-PMI,<br \/>\u00a0\u00a0\u00a0\u00a0\u00a0\u00a0\u00a0\u00a0\u00a0\u00a0\u00a0&#8211; Charg\u00e9 d&rsquo;affaires sous l&rsquo;autorit\u00e9 d&rsquo;un ing\u00e9nieur dans les grandes entreprises.<\/p><p><strong>La formation en BTS CPI permet aux \u00e9tudiants de d\u00e9velopper les comp\u00e9tences suivantes\u00a0:<\/strong><strong><br \/><\/strong>\u00a0\u00a0\u00a0\u00a0\u00a0\u00a0\u00a0\u00a0\u00a0\u00a0\u00a0&#8211; la cr\u00e9ativit\u00e9, <br \/>\u00a0\u00a0\u00a0\u00a0\u00a0\u00a0\u00a0\u00a0\u00a0\u00a0 &#8211; l\u2019autonomie, <br \/>\u00a0\u00a0\u00a0\u00a0\u00a0\u00a0\u00a0\u00a0\u00a0\u00a0 &#8211; la rigueur,<br \/>\u00a0\u00a0\u00a0\u00a0\u00a0\u00a0\u00a0\u00a0\u00a0\u00a0\u00a0&#8211; l\u2019aptitude \u00e0 la communication,<br \/>\u00a0\u00a0\u00a0\u00a0\u00a0\u00a0\u00a0\u00a0\u00a0\u00a0\u00a0&#8211; le travail en \u00e9quipe,<br \/>tout en \u00e9tant attentif aux \u00e9volutions technologiques.<\/p><\/div><\/div>\n\t\t\t\t\t\t\t\t\t<div class=\"elementor-tab-title elementor-tab-mobile-title\" aria-selected=\"false\" data-tab=\"2\" role=\"tab\" tabindex=\"-1\" aria-controls=\"elementor-tab-content-3072\" aria-expanded=\"false\">Admission<\/div>\n\t\t\t\t\t<div id=\"elementor-tab-content-3072\" class=\"elementor-tab-content elementor-clearfix\" data-tab=\"2\" role=\"tabpanel\" aria-labelledby=\"elementor-tab-title-3072\" tabindex=\"0\" hidden=\"hidden\"><div id=\"CalqueOnglet2\"><p><span style=\"font-family: georgia, palatino, serif; font-size: 12pt;\"><u>Conditions inscription<\/u>\u00a0:<\/span><br \/><span style=\"font-family: georgia, palatino, serif; font-size: 12pt;\">Tous les candidats sont autoris\u00e9s \u00e0 s\u2019inscrire sur cette formation.<\/span><\/p><p><span style=\"font-family: georgia, palatino, serif; font-size: 12pt;\">Compte tenu des sp\u00e9cificit\u00e9s de ce BTS,\u00a0 <b>il est souhaitable que les candidats soient titulaires d&rsquo;un des dipl\u00f4mes suivants :<br \/><\/b><\/span><\/p><ul type=\"disc\"><li><span style=\"font-family: georgia, palatino, serif; font-size: 12pt;\">Bac STI2D,<\/span><\/li><li><span style=\"font-family: georgia, palatino, serif; font-size: 12pt;\">Bac S de pr\u00e9f\u00e9rence option Sciences de l&rsquo;Ing\u00e9nieur,<\/span><\/li><li><span style=\"font-family: georgia, palatino, serif; font-size: 12pt;\">Bac Pro Etudes et D\u00e9finition de Produits Industriels, Techniciens d\u2019Usinage, Maintenance des Equipements Industriels, &#8230;<\/span><\/li><\/ul><p><span style=\"font-family: georgia, palatino, serif; font-size: 12pt;\"><strong><u>Inscription\u00a0<\/u><\/strong><strong>:<\/strong><\/span><br \/><span style=\"font-family: georgia, palatino, serif; font-size: 12pt;\"><strong>L\u2019inscription se fait sur le portail Parcoursup\u00a0: <\/strong><\/span><a href=\"https:\/\/www.parcoursup.fr\"><span style=\"font-family: georgia, palatino, serif; font-size: 12pt;\">https:\/\/www.parcoursup.fr<\/span><\/a><\/p><\/div><\/div>\n\t\t\t\t\t\t\t\t\t<div class=\"elementor-tab-title elementor-tab-mobile-title\" aria-selected=\"false\" data-tab=\"3\" role=\"tab\" tabindex=\"-1\" aria-controls=\"elementor-tab-content-3073\" aria-expanded=\"false\">Contenu<\/div>\n\t\t\t\t\t<div id=\"elementor-tab-content-3073\" class=\"elementor-tab-content elementor-clearfix\" data-tab=\"3\" role=\"tabpanel\" aria-labelledby=\"elementor-tab-title-3073\" tabindex=\"0\" hidden=\"hidden\"><table style=\"height: 312px; width: 100%;\" border=\"1\" cellspacing=\"0\" cellpadding=\"0\"><tbody><tr style=\"height: 24px;\"><td style=\"height: 24px; border-style: solid; border-color: #000000; width: 626.583px;\" valign=\"top\"><strong>Horaires Hebdomadaires<\/strong><\/td><td style=\"height: 24px; border-style: solid; border-color: #000000; width: 210.75px;\"><div align=\"center\">1<sup>re<\/sup> ann\u00e9e<\/div><\/td><td style=\"height: 24px; border-style: solid; border-color: #000000; width: 210.733px;\"><div align=\"center\">2<sup>e<\/sup> ann\u00e9e<\/div><\/td><\/tr><tr style=\"height: 24px;\"><td style=\"height: 24px; border-style: solid; border-color: #000000; width: 626.583px;\" valign=\"top\">Culture g\u00e9n\u00e9rale et expression<\/td><td style=\"height: 24px; border-style: solid; border-color: #000000; width: 210.75px;\"><div align=\"center\">3<\/div><\/td><td style=\"height: 24px; border-style: solid; border-color: #000000; width: 210.733px;\"><div align=\"center\">3<\/div><\/td><\/tr><tr style=\"height: 24px;\"><td style=\"height: 24px; border-style: solid; border-color: #000000; width: 626.583px;\" valign=\"top\">Langue vivante \u00e9trang\u00e8re: anglais<\/td><td style=\"height: 24px; border-style: solid; border-color: #000000; width: 210.75px;\"><div align=\"center\">2<\/div><\/td><td style=\"height: 24px; border-style: solid; border-color: #000000; width: 210.733px;\"><div align=\"center\">2<\/div><\/td><\/tr><tr style=\"height: 24px;\"><td style=\"height: 24px; border-style: solid; border-color: #000000; width: 626.583px;\" valign=\"top\">Math\u00e9matiques<\/td><td style=\"height: 24px; border-style: solid; border-color: #000000; width: 210.75px;\"><div align=\"center\">2,5<\/div><\/td><td style=\"height: 24px; border-style: solid; border-color: #000000; width: 210.733px;\"><div align=\"center\">2,5<\/div><\/td><\/tr><tr style=\"height: 24px;\"><td style=\"height: 24px; border-style: solid; border-color: #000000; width: 626.583px;\" valign=\"top\">Physique chimie<\/td><td style=\"height: 24px; border-style: solid; border-color: #000000; width: 210.75px;\"><div align=\"center\">2<\/div><\/td><td style=\"height: 24px; border-style: solid; border-color: #000000; width: 210.733px;\"><div align=\"center\">2<\/div><\/td><\/tr><tr style=\"height: 24px;\"><td style=\"height: 24px; border-style: solid; border-color: #000000; width: 626.583px;\" valign=\"top\">Design industriel<\/td><td style=\"height: 24px; border-style: solid; border-color: #000000; width: 210.75px;\"><div align=\"center\">1<\/div><\/td><td style=\"height: 24px; border-style: solid; border-color: #000000; width: 210.733px;\"><div align=\"center\">1<\/div><\/td><\/tr><tr style=\"height: 48px;\"><td style=\"height: 48px; border-style: solid; border-color: #000000; width: 626.583px;\" valign=\"top\">Enseignement professionnel (EP) et g\u00e9n\u00e9raux associ\u00e9s dont :<\/td><td style=\"height: 48px; border-style: solid; border-color: #000000; width: 210.75px;\"><div align=\"center\">20<\/div><\/td><td style=\"height: 48px; border-style: solid; border-color: #000000; width: 210.733px;\"><div align=\"center\">20<\/div><\/td><\/tr><tr style=\"height: 24px;\"><td style=\"height: 24px; border-color: #000000; text-align: right; border-style: none; width: 628.817px;\" valign=\"top\">Enseignement professionnel<\/td><td style=\"height: 24px; border-color: #000000; border-style: none; width: 212.983px;\"><div align=\"center\">18,5<\/div><\/td><td style=\"height: 24px; border-color: #000000; border-style: none; width: 212.967px;\"><div align=\"center\">18,5<\/div><\/td><\/tr><tr style=\"height: 24px;\"><td style=\"height: 24px; border-color: #000000; border-style: none; text-align: right; width: 628.817px;\" valign=\"top\">EP en langue vivante \u00e9trang\u00e8re<\/td><td style=\"height: 24px; border-color: #000000; border-style: none; width: 212.983px;\"><div align=\"center\">1<\/div><\/td><td style=\"height: 24px; border-color: #000000; border-style: none; width: 212.967px;\"><div align=\"center\">1<\/div><\/td><\/tr><tr style=\"height: 24px;\"><td style=\"height: 24px; border-color: #000000; text-align: right; border-style: solid; width: 626.583px;\" valign=\"top\">Math\u00e9matiques et EP<\/td><td style=\"height: 24px; border-color: #000000; border-style: solid; width: 210.75px;\"><div align=\"center\">0,5<\/div><\/td><td style=\"height: 24px; border-color: #000000; border-style: solid; width: 210.733px;\"><div align=\"center\">0,5<\/div><\/td><\/tr><tr style=\"height: 24px;\"><td style=\"height: 24px; border-color: #000000; border-style: solid; width: 626.583px;\">Accompagnement personnalis\u00e9<\/td><td style=\"height: 24px; border-color: #000000; border-style: solid; width: 210.75px;\"><div align=\"center\">1,5<\/div><\/td><td style=\"height: 24px; border-color: #000000; border-style: solid; width: 210.733px;\"><div align=\"center\">1,5<\/div><\/td><\/tr><tr style=\"height: 24px;\"><td style=\"height: 24px; border-style: solid; border-color: #000000; width: 626.583px;\">Total<\/td><td style=\"height: 24px; border-style: solid; border-color: #000000; width: 210.75px;\"><div align=\"center\">32h<\/div><\/td><td style=\"height: 24px; border-style: solid; border-color: #000000; width: 210.733px;\"><div align=\"center\">32h<\/div><\/td><\/tr><\/tbody><\/table><p><span style=\"font-family: georgia, palatino, serif;\">Au cours de la premi\u00e8re ann\u00e9e un <b>projet de prototypage<\/b> permet de d\u00e9velopper des comp\u00e9tences li\u00e9es \u00e0 la r\u00e9alisation et aux essais d&rsquo;un prototype physique pour optimiser ou valider la conception de tout ou partie d&rsquo;un m\u00e9canisme. <\/span><\/p><p><span style=\"font-family: georgia, palatino, serif;\">D\u2019une dur\u00e9e de six \u00e0 dix semaines en fin de premi\u00e8re ann\u00e9e, un <b>stage<\/b> se d\u00e9roule dans un bureau d\u2019\u00e9tudes m\u00e9caniques. Il est possible de le faire \u00e0 l\u2019\u00e9tranger.<\/span><\/p><p><span style=\"font-family: georgia, palatino, serif;\">Tout au long de la deuxi\u00e8me ann\u00e9e, un <b>projet d\u2019\u00e9tude industriel<\/b> sera propos\u00e9 aux \u00e9tudiants, en partenariat avec des entreprises. Ils seront alors confront\u00e9s \u00e0 un probl\u00e8me de conception r\u00e9el, t\u00e2che qui les pr\u00e9pare \u00e0 leur future activit\u00e9 en entreprise. <br \/>La soutenance de ce projet a une place pr\u00e9pond\u00e9rante pour l\u2019obtention du dipl\u00f4me.<\/span><\/p><p><span style=\"font-family: georgia, palatino, serif;\">En parall\u00e8le du projet industriel, les \u00e9tudiants participeront \u00e0 un <b>projet collaboratif<\/b> en partenariat avec une section de techniciens sup\u00e9rieurs du domaine de la production m\u00e9canique (CPRP, Europlastics et composites). Ils collaboreront ainsi, au sein d&rsquo;un groupe projet, \u00e0 l&rsquo;\u00e9tude de pr\u00e9 industrialisation des produits et argumenteront la validation de cette \u00e9tude.<\/span><\/p><p><span style=\"font-family: georgia, palatino, serif;\">Au lyc\u00e9e, l&rsquo;\u00e9tudiant recevra une <b>formation en design des produits industriels<\/b> accompagn\u00e9 par un sp\u00e9cialiste de design.<\/span><\/p><\/div>\n\t\t\t\t\t\t\t\t\t<div class=\"elementor-tab-title elementor-tab-mobile-title\" aria-selected=\"false\" data-tab=\"4\" role=\"tab\" tabindex=\"-1\" aria-controls=\"elementor-tab-content-3074\" aria-expanded=\"false\">Apr\u00e8s le BTS<\/div>\n\t\t\t\t\t<div id=\"elementor-tab-content-3074\" class=\"elementor-tab-content elementor-clearfix\" data-tab=\"4\" role=\"tabpanel\" aria-labelledby=\"elementor-tab-title-3074\" tabindex=\"0\" hidden=\"hidden\"><p>Comme les autres dipl\u00f4mes de ce niveau, le BTS CPI offre la possibilit\u00e9 d\u2019une entr\u00e9e dans la vie active ou d\u2019une poursuite d\u2019\u00e9tudes en licence professionnelle, en \u00e9coles d\u2019ing\u00e9nieur ou en classe pr\u00e9paratoire aux grandes \u00e9coles sp\u00e9ciales BTS (ATS)<\/p><\/div>\n\t\t\t\t\t\t\t<\/div>\n\t\t<\/div>\n\t\t\t\t\t\t<\/div>\n\t\t\t\t<\/div>\n\t\t\t\t\t<\/div>\n\t\t<\/div>\n\t\t\t\t\t<\/div>\n\t\t<\/section>\n\t\t\t\t<\/div>\n\t\t","protected":false},"excerpt":{"rendered":"<p>BTS Conception des Produits Industriels Objectifs Admission Contenu Apr\u00e8s le BTS Objectifs En association avec des techniciens d\u2019autres domaines, le Technicien Sup\u00e9rieur en Conception des Produits Industriels (CPI) devra concevoir [&hellip;]<\/p>\n","protected":false},"author":1,"featured_media":0,"parent":888,"menu_order":1,"comment_status":"closed","ping_status":"closed","template":"","meta":{"ocean_post_layout":"","ocean_both_sidebars_style":"","ocean_both_sidebars_content_width":0,"ocean_both_sidebars_sidebars_width":0,"ocean_sidebar":"0","ocean_second_sidebar":"0","ocean_disable_margins":"enable","ocean_add_body_class":"","ocean_shortcode_before_top_bar":"","ocean_shortcode_after_top_bar":"","ocean_shortcode_before_header":"","ocean_shortcode_after_header":"","ocean_has_shortcode":"","ocean_shortcode_after_title":"","ocean_shortcode_before_footer_widgets":"","ocean_shortcode_after_footer_widgets":"","ocean_shortcode_before_footer_bottom":"","ocean_shortcode_after_footer_bottom":"","ocean_display_top_bar":"default","ocean_display_header":"default","ocean_header_style":"","ocean_center_header_left_menu":"0","ocean_custom_header_template":"0","ocean_custom_logo":0,"ocean_custom_retina_logo":0,"ocean_custom_logo_max_width":0,"ocean_custom_logo_tablet_max_width":0,"ocean_custom_logo_mobile_max_width":0,"ocean_custom_logo_max_height":0,"ocean_custom_logo_tablet_max_height":0,"ocean_custom_logo_mobile_max_height":0,"ocean_header_custom_menu":"0","ocean_menu_typo_font_family":"0","ocean_menu_typo_font_subset":"","ocean_menu_typo_font_size":0,"ocean_menu_typo_font_size_tablet":0,"ocean_menu_typo_font_size_mobile":0,"ocean_menu_typo_font_size_unit":"px","ocean_menu_typo_font_weight":"","ocean_menu_typo_font_weight_tablet":"","ocean_menu_typo_font_weight_mobile":"","ocean_menu_typo_transform":"","ocean_menu_typo_transform_tablet":"","ocean_menu_typo_transform_mobile":"","ocean_menu_typo_line_height":0,"ocean_menu_typo_line_height_tablet":0,"ocean_menu_typo_line_height_mobile":0,"ocean_menu_typo_line_height_unit":"","ocean_menu_typo_spacing":0,"ocean_menu_typo_spacing_tablet":0,"ocean_menu_typo_spacing_mobile":0,"ocean_menu_typo_spacing_unit":"","ocean_menu_link_color":"","ocean_menu_link_color_hover":"","ocean_menu_link_color_active":"","ocean_menu_link_background":"","ocean_menu_link_hover_background":"","ocean_menu_link_active_background":"","ocean_menu_social_links_bg":"","ocean_menu_social_hover_links_bg":"","ocean_menu_social_links_color":"","ocean_menu_social_hover_links_color":"","ocean_disable_title":"default","ocean_disable_heading":"default","ocean_post_title":"","ocean_post_subheading":"","ocean_post_title_style":"","ocean_post_title_background_color":"","ocean_post_title_background":0,"ocean_post_title_bg_image_position":"","ocean_post_title_bg_image_attachment":"","ocean_post_title_bg_image_repeat":"","ocean_post_title_bg_image_size":"","ocean_post_title_height":0,"ocean_post_title_bg_overlay":0.5,"ocean_post_title_bg_overlay_color":"","ocean_disable_breadcrumbs":"default","ocean_breadcrumbs_color":"","ocean_breadcrumbs_separator_color":"","ocean_breadcrumbs_links_color":"","ocean_breadcrumbs_links_hover_color":"","ocean_display_footer_widgets":"default","ocean_display_footer_bottom":"default","ocean_custom_footer_template":"0","footnotes":""},"class_list":["post-497","page","type-page","status-publish","hentry","entry"],"_links":{"self":[{"href":"http:\/\/www.lyceecharlescoulomb.fr\/site\/index.php?rest_route=\/wp\/v2\/pages\/497","targetHints":{"allow":["GET"]}}],"collection":[{"href":"http:\/\/www.lyceecharlescoulomb.fr\/site\/index.php?rest_route=\/wp\/v2\/pages"}],"about":[{"href":"http:\/\/www.lyceecharlescoulomb.fr\/site\/index.php?rest_route=\/wp\/v2\/types\/page"}],"author":[{"embeddable":true,"href":"http:\/\/www.lyceecharlescoulomb.fr\/site\/index.php?rest_route=\/wp\/v2\/users\/1"}],"replies":[{"embeddable":true,"href":"http:\/\/www.lyceecharlescoulomb.fr\/site\/index.php?rest_route=%2Fwp%2Fv2%2Fcomments&post=497"}],"version-history":[{"count":24,"href":"http:\/\/www.lyceecharlescoulomb.fr\/site\/index.php?rest_route=\/wp\/v2\/pages\/497\/revisions"}],"predecessor-version":[{"id":5496,"href":"http:\/\/www.lyceecharlescoulomb.fr\/site\/index.php?rest_route=\/wp\/v2\/pages\/497\/revisions\/5496"}],"up":[{"embeddable":true,"href":"http:\/\/www.lyceecharlescoulomb.fr\/site\/index.php?rest_route=\/wp\/v2\/pages\/888"}],"wp:attachment":[{"href":"http:\/\/www.lyceecharlescoulomb.fr\/site\/index.php?rest_route=%2Fwp%2Fv2%2Fmedia&parent=497"}],"curies":[{"name":"wp","href":"https:\/\/api.w.org\/{rel}","templated":true}]}}