{"id":5,"date":"2019-06-09T17:19:02","date_gmt":"2019-06-09T15:19:02","guid":{"rendered":"http:\/\/www.lyceecharlescoulomb.fr\/site\/?page_id=5"},"modified":"2026-03-23T11:40:28","modified_gmt":"2026-03-23T10:40:28","slug":"accueil","status":"publish","type":"page","link":"http:\/\/www.lyceecharlescoulomb.fr\/site\/","title":{"rendered":""},"content":{"rendered":"\t\t<div data-elementor-type=\"wp-post\" data-elementor-id=\"5\" class=\"elementor elementor-5\">\n\t\t\t\t\t\t<section class=\"elementor-section elementor-top-section elementor-element elementor-element-b2d7446 elementor-section-boxed elementor-section-height-default elementor-section-height-default\" data-id=\"b2d7446\" data-element_type=\"section\" data-e-type=\"section\">\n\t\t\t\t\t\t<div class=\"elementor-container elementor-column-gap-default\">\n\t\t\t\t\t<div class=\"elementor-column elementor-col-100 elementor-top-column elementor-element elementor-element-b8dddbb\" data-id=\"b8dddbb\" data-element_type=\"column\" data-e-type=\"column\">\n\t\t\t<div class=\"elementor-widget-wrap elementor-element-populated\">\n\t\t\t\t\t\t<div class=\"elementor-element elementor-element-32b1357 elementor-widget elementor-widget-heading\" data-id=\"32b1357\" data-element_type=\"widget\" data-e-type=\"widget\" data-widget_type=\"heading.default\">\n\t\t\t\t<div class=\"elementor-widget-container\">\n\t\t\t\t\t<h1 class=\"elementor-heading-title elementor-size-default\">Ann\u00e9e scolaire 2025\/2026\n<\/h1>\t\t\t\t<\/div>\n\t\t\t\t<\/div>\n\t\t\t\t<div class=\"elementor-element elementor-element-deb4c24 elementor-widget elementor-widget-heading\" data-id=\"deb4c24\" data-element_type=\"widget\" data-e-type=\"widget\" data-widget_type=\"heading.default\">\n\t\t\t\t<div class=\"elementor-widget-container\">\n\t\t\t\t\t<h2 class=\"elementor-heading-title elementor-size-large\">Vid\u00e9o de pr\u00e9sentation du lyc\u00e9e.<\/h2>\t\t\t\t<\/div>\n\t\t\t\t<\/div>\n\t\t\t\t<div class=\"elementor-element elementor-element-bfae64e elementor-widget elementor-widget-video\" data-id=\"bfae64e\" data-element_type=\"widget\" data-e-type=\"widget\" data-settings=\"{&quot;video_type&quot;:&quot;hosted&quot;,&quot;controls&quot;:&quot;yes&quot;}\" data-widget_type=\"video.default\">\n\t\t\t\t<div class=\"elementor-widget-container\">\n\t\t\t\t\t\t\t<div class=\"e-hosted-video elementor-wrapper elementor-open-inline\">\n\t\t\t\t\t<video class=\"elementor-video\" src=\"http:\/\/www.lyceecharlescoulomb.fr\/site\/videos\/2026\/NATV_Place_aux_lycees_Angouleme.mp4\" controls=\"\" preload=\"metadata\" controlsList=\"nodownload\"><\/video>\n\t\t\t\t<\/div>\n\t\t\t\t\t\t<\/div>\n\t\t\t\t<\/div>\n\t\t\t\t<div class=\"elementor-element elementor-element-d412073 elementor-widget-divider--separator-type-pattern elementor-widget-divider--view-line elementor-widget elementor-widget-divider\" data-id=\"d412073\" data-element_type=\"widget\" data-e-type=\"widget\" data-widget_type=\"divider.default\">\n\t\t\t\t<div class=\"elementor-widget-container\">\n\t\t\t\t\t\t\t<div class=\"elementor-divider\" style=\"--divider-pattern-url: url(&quot;data:image\/svg+xml,%3Csvg xmlns=&#039;http:\/\/www.w3.org\/2000\/svg&#039; preserveAspectRatio=&#039;none&#039; overflow=&#039;visible&#039; height=&#039;100%&#039; viewBox=&#039;0 0 24 24&#039; fill=&#039;black&#039; stroke=&#039;none&#039;%3E%3Cpolygon points=&#039;9.4,2 24,2 14.6,21.6 0,21.6&#039;\/%3E%3C\/svg%3E&quot;);\">\n\t\t\t<span class=\"elementor-divider-separator\">\n\t\t\t\t\t\t<\/span>\n\t\t<\/div>\n\t\t\t\t\t\t<\/div>\n\t\t\t\t<\/div>\n\t\t\t\t<div class=\"elementor-element elementor-element-b5926ac elementor-widget__width-inherit e-transform elementor-widget elementor-widget-wp-widget-ocean_recent_posts\" data-id=\"b5926ac\" data-element_type=\"widget\" data-e-type=\"widget\" data-settings=\"{&quot;_transform_scale_effect_hover&quot;:{&quot;unit&quot;:&quot;px&quot;,&quot;size&quot;:1,&quot;sizes&quot;:[]},&quot;_transform_scale_effect_hover_tablet&quot;:{&quot;unit&quot;:&quot;px&quot;,&quot;size&quot;:&quot;&quot;,&quot;sizes&quot;:[]},&quot;_transform_scale_effect_hover_mobile&quot;:{&quot;unit&quot;:&quot;px&quot;,&quot;size&quot;:&quot;&quot;,&quot;sizes&quot;:[]}}\" data-widget_type=\"wp-widget-ocean_recent_posts.default\">\n\t\t\t\t<div class=\"elementor-widget-container\">\n\t\t\t\t\t<h5>Actualit\u00e9s r\u00e9centes<\/h5>\r\n\t\t\t\t<ul class=\"oceanwp-recent-posts clr\">\r\n\r\n\t\t\t\t\t\r\n\t\t\t\t\t\t\t<li class=\"clr\">\r\n\r\n\t\t\t\t\t\t\t\t\t\t\t\t\t\t\t\t\t<a href=\"http:\/\/www.lyceecharlescoulomb.fr\/site\/?p=6549\" title=\"ERASMUS +\u00a0: LES \u00c9L\u00c8VES DE TERMINALE DU LP PR\u00c9SENTENT LEUR STAGE EN ENTREPRISE A MALTE\" class=\"recent-posts-thumbnail\">\r\n\t\t\t\t\t\t\t\t\t\t<img decoding=\"async\" width=\"200\" height=\"200\" src=\"http:\/\/www.lyceecharlescoulomb.fr\/site\/wp-content\/uploads\/2026\/05\/erasmus_24_04_26-200x200.png\" class=\"attachment-thumbnail size-thumbnail wp-post-image\" alt=\"ERASMUS +\u00a0: LES \u00c9L\u00c8VES DE TERMINALE DU LP PR\u00c9SENTENT LEUR STAGE EN ENTREPRISE A MALTE\" itemprop=\"image\" srcset=\"http:\/\/www.lyceecharlescoulomb.fr\/site\/wp-content\/uploads\/2026\/05\/erasmus_24_04_26-200x200.png 200w, http:\/\/www.lyceecharlescoulomb.fr\/site\/wp-content\/uploads\/2026\/05\/erasmus_24_04_26-600x600.png 600w\" sizes=\"(max-width: 200px) 100vw, 200px\" \/>\r\n\t\t\t\t\t\t\t\t\t\t<span class=\"overlay\"><\/span>\r\n\t\t\t\t\t\t\t\t\t<\/a>\r\n\t\t\t\t\t\t\t\t\r\n\t\t\t\t\t\t\t\t<div class=\"recent-posts-details clr\">\r\n\r\n\t\t\t\t\t\t\t\t\t<div class=\"recent-posts-details-inner clr\">\r\n\r\n\t\t\t\t\t\t\t\t\t\t<a href=\"http:\/\/www.lyceecharlescoulomb.fr\/site\/?p=6549\" class=\"recent-posts-title\">ERASMUS +\u00a0: LES \u00c9L\u00c8VES DE TERMINALE DU LP PR\u00c9SENTENT LEUR STAGE EN ENTREPRISE A MALTE<\/a>\r\n\r\n\t\t\t\t\t\t\t\t\t\t<div class=\"recent-posts-info clr\">\r\n\t\t\t\t\t\t\t\t\t\t\t<div class=\"recent-posts-date\">4 mai 2026<span class=\"sep\">\/<\/span><\/div>\r\n\t\t\t\t\t\t\t\t\t\t\t<div class=\"recent-posts-comments\"><a href=\"http:\/\/www.lyceecharlescoulomb.fr\/site\/?p=6549#respond\">0 commentaire<\/a><\/div>\r\n\t\t\t\t\t\t\t\t\t\t<\/div>\r\n\r\n\t\t\t\t\t\t\t\t\t<\/div>\r\n\r\n\t\t\t\t\t\t\t\t<\/div>\r\n\r\n\t\t\t\t\t\t\t<\/li>\r\n\r\n\t\t\t\t\t\t\r\n\t\t\t\t\t\t\t<li class=\"clr\">\r\n\r\n\t\t\t\t\t\t\t\t\t\t\t\t\t\t\t\t\t<a href=\"http:\/\/www.lyceecharlescoulomb.fr\/site\/?p=6510\" title=\"L\u2019Espagne des trois cultures, carnet de voyage\" class=\"recent-posts-thumbnail\">\r\n\t\t\t\t\t\t\t\t\t\t<img decoding=\"async\" width=\"200\" height=\"200\" src=\"http:\/\/www.lyceecharlescoulomb.fr\/site\/wp-content\/uploads\/2026\/02\/voyage_espagne_2025_2026-200x200.png\" class=\"attachment-thumbnail size-thumbnail wp-post-image\" alt=\"L\u2019Espagne des trois cultures, carnet de voyage\" itemprop=\"image\" srcset=\"http:\/\/www.lyceecharlescoulomb.fr\/site\/wp-content\/uploads\/2026\/02\/voyage_espagne_2025_2026-200x200.png 200w, http:\/\/www.lyceecharlescoulomb.fr\/site\/wp-content\/uploads\/2026\/02\/voyage_espagne_2025_2026-600x600.png 600w\" sizes=\"(max-width: 200px) 100vw, 200px\" \/>\r\n\t\t\t\t\t\t\t\t\t\t<span class=\"overlay\"><\/span>\r\n\t\t\t\t\t\t\t\t\t<\/a>\r\n\t\t\t\t\t\t\t\t\r\n\t\t\t\t\t\t\t\t<div class=\"recent-posts-details clr\">\r\n\r\n\t\t\t\t\t\t\t\t\t<div class=\"recent-posts-details-inner clr\">\r\n\r\n\t\t\t\t\t\t\t\t\t\t<a href=\"http:\/\/www.lyceecharlescoulomb.fr\/site\/?p=6510\" class=\"recent-posts-title\">L\u2019Espagne des trois cultures, carnet de voyage<\/a>\r\n\r\n\t\t\t\t\t\t\t\t\t\t<div class=\"recent-posts-info clr\">\r\n\t\t\t\t\t\t\t\t\t\t\t<div class=\"recent-posts-date\">26 f\u00e9vrier 2026<span class=\"sep\">\/<\/span><\/div>\r\n\t\t\t\t\t\t\t\t\t\t\t<div class=\"recent-posts-comments\"><a href=\"http:\/\/www.lyceecharlescoulomb.fr\/site\/?p=6510#respond\">0 commentaire<\/a><\/div>\r\n\t\t\t\t\t\t\t\t\t\t<\/div>\r\n\r\n\t\t\t\t\t\t\t\t\t<\/div>\r\n\r\n\t\t\t\t\t\t\t\t<\/div>\r\n\r\n\t\t\t\t\t\t\t<\/li>\r\n\r\n\t\t\t\t\t\t\r\n\t\t\t\t\t\t\t<li class=\"clr\">\r\n\r\n\t\t\t\t\t\t\t\t\t\t\t\t\t\t\t\t\t<a href=\"http:\/\/www.lyceecharlescoulomb.fr\/site\/?p=6492\" title=\"ERASMUS+\u00a0: 9 \u00e9l\u00e8ves de terminale du lyc\u00e9e professionnel en stage \u00e0 Malte\" class=\"recent-posts-thumbnail\">\r\n\t\t\t\t\t\t\t\t\t\t<img decoding=\"async\" width=\"200\" height=\"200\" src=\"http:\/\/www.lyceecharlescoulomb.fr\/site\/wp-content\/uploads\/2026\/01\/image1-200x200.jpg\" class=\"attachment-thumbnail size-thumbnail wp-post-image\" alt=\"ERASMUS+\u00a0: 9 \u00e9l\u00e8ves de terminale du lyc\u00e9e professionnel en stage \u00e0 Malte\" itemprop=\"image\" \/>\r\n\t\t\t\t\t\t\t\t\t\t<span class=\"overlay\"><\/span>\r\n\t\t\t\t\t\t\t\t\t<\/a>\r\n\t\t\t\t\t\t\t\t\r\n\t\t\t\t\t\t\t\t<div class=\"recent-posts-details clr\">\r\n\r\n\t\t\t\t\t\t\t\t\t<div class=\"recent-posts-details-inner clr\">\r\n\r\n\t\t\t\t\t\t\t\t\t\t<a href=\"http:\/\/www.lyceecharlescoulomb.fr\/site\/?p=6492\" class=\"recent-posts-title\">ERASMUS+\u00a0: 9 \u00e9l\u00e8ves de terminale du lyc\u00e9e professionnel en stage \u00e0 Malte<\/a>\r\n\r\n\t\t\t\t\t\t\t\t\t\t<div class=\"recent-posts-info clr\">\r\n\t\t\t\t\t\t\t\t\t\t\t<div class=\"recent-posts-date\">28 janvier 2026<span class=\"sep\">\/<\/span><\/div>\r\n\t\t\t\t\t\t\t\t\t\t\t<div class=\"recent-posts-comments\"><a href=\"http:\/\/www.lyceecharlescoulomb.fr\/site\/?p=6492#respond\">0 commentaire<\/a><\/div>\r\n\t\t\t\t\t\t\t\t\t\t<\/div>\r\n\r\n\t\t\t\t\t\t\t\t\t<\/div>\r\n\r\n\t\t\t\t\t\t\t\t<\/div>\r\n\r\n\t\t\t\t\t\t\t<\/li>\r\n\r\n\t\t\t\t\t\t\r\n\t\t\t\t\t\r\n\t\t\t\t<\/ul>\r\n\r\n\t\t\t\t\r\n\t\t\t\t\t\t\t<\/div>\n\t\t\t\t<\/div>\n\t\t\t\t\t<\/div>\n\t\t<\/div>\n\t\t\t\t\t<\/div>\n\t\t<\/section>\n\t\t\t\t<section class=\"elementor-section elementor-top-section elementor-element elementor-element-6cf80c3 elementor-section-boxed elementor-section-height-default elementor-section-height-default\" data-id=\"6cf80c3\" data-element_type=\"section\" data-e-type=\"section\">\n\t\t\t\t\t\t<div class=\"elementor-container elementor-column-gap-default\">\n\t\t\t\t\t<div class=\"elementor-column elementor-col-100 elementor-top-column elementor-element elementor-element-4da1c18\" data-id=\"4da1c18\" data-element_type=\"column\" data-e-type=\"column\">\n\t\t\t<div class=\"elementor-widget-wrap elementor-element-populated\">\n\t\t\t\t\t\t<div class=\"elementor-element elementor-element-47e3ef3 elementor-widget elementor-widget-heading\" data-id=\"47e3ef3\" data-element_type=\"widget\" data-e-type=\"widget\" data-widget_type=\"heading.default\">\n\t\t\t\t<div class=\"elementor-widget-container\">\n\t\t\t\t\t<h1 class=\"elementor-heading-title elementor-size-default\">Ann\u00e9e scolaire 2024\/2025\n<\/h1>\t\t\t\t<\/div>\n\t\t\t\t<\/div>\n\t\t\t\t\t<\/div>\n\t\t<\/div>\n\t\t\t\t\t<\/div>\n\t\t<\/section>\n\t\t\t\t<section class=\"elementor-section elementor-top-section elementor-element elementor-element-223ce6e elementor-section-boxed elementor-section-height-default elementor-section-height-default\" data-id=\"223ce6e\" data-element_type=\"section\" data-e-type=\"section\">\n\t\t\t\t\t\t<div class=\"elementor-container elementor-column-gap-default\">\n\t\t\t\t\t<div class=\"elementor-column elementor-col-100 elementor-top-column elementor-element elementor-element-0aad520\" data-id=\"0aad520\" data-element_type=\"column\" data-e-type=\"column\">\n\t\t\t<div class=\"elementor-widget-wrap elementor-element-populated\">\n\t\t\t\t\t\t<div class=\"elementor-element elementor-element-27701aa elementor-widget elementor-widget-heading\" data-id=\"27701aa\" data-element_type=\"widget\" data-e-type=\"widget\" data-widget_type=\"heading.default\">\n\t\t\t\t<div class=\"elementor-widget-container\">\n\t\t\t\t\t<h2 class=\"elementor-heading-title elementor-size-default\">Tarification solidaire\n<\/h2>\t\t\t\t<\/div>\n\t\t\t\t<\/div>\n\t\t\t\t<section class=\"elementor-section elementor-inner-section elementor-element elementor-element-d682aba elementor-section-boxed elementor-section-height-default elementor-section-height-default\" data-id=\"d682aba\" data-element_type=\"section\" data-e-type=\"section\">\n\t\t\t\t\t\t<div class=\"elementor-container elementor-column-gap-default\">\n\t\t\t\t\t<div class=\"elementor-column elementor-col-50 elementor-inner-column elementor-element elementor-element-bb6706b\" data-id=\"bb6706b\" data-element_type=\"column\" data-e-type=\"column\">\n\t\t\t<div class=\"elementor-widget-wrap elementor-element-populated\">\n\t\t\t\t\t\t<div class=\"elementor-element elementor-element-9e654ee elementor-align-center elementor-widget elementor-widget-button\" data-id=\"9e654ee\" data-element_type=\"widget\" data-e-type=\"widget\" data-widget_type=\"button.default\">\n\t\t\t\t<div class=\"elementor-widget-container\">\n\t\t\t\t\t\t\t\t\t<div class=\"elementor-button-wrapper\">\n\t\t\t\t\t<a class=\"elementor-button elementor-button-link elementor-size-sm\" href=\"http:\/\/www.lyceecharlescoulomb.fr\/site\/wp-content\/uploads\/2024\/07\/extracted_tarification-solidaire.pdf\" target=\"_blank\">\n\t\t\t\t\t\t<span class=\"elementor-button-content-wrapper\">\n\t\t\t\t\t\t\t\t\t<span class=\"elementor-button-text\">Document 1<\/span>\n\t\t\t\t\t<\/span>\n\t\t\t\t\t<\/a>\n\t\t\t\t<\/div>\n\t\t\t\t\t\t\t\t<\/div>\n\t\t\t\t<\/div>\n\t\t\t\t\t<\/div>\n\t\t<\/div>\n\t\t\t\t<div class=\"elementor-column elementor-col-50 elementor-inner-column elementor-element elementor-element-6168848\" data-id=\"6168848\" data-element_type=\"column\" data-e-type=\"column\">\n\t\t\t<div class=\"elementor-widget-wrap elementor-element-populated\">\n\t\t\t\t\t\t<div class=\"elementor-element elementor-element-14b73bb elementor-align-center elementor-widget elementor-widget-button\" data-id=\"14b73bb\" data-element_type=\"widget\" data-e-type=\"widget\" data-widget_type=\"button.default\">\n\t\t\t\t<div class=\"elementor-widget-container\">\n\t\t\t\t\t\t\t\t\t<div class=\"elementor-button-wrapper\">\n\t\t\t\t\t<a class=\"elementor-button elementor-button-link elementor-size-sm\" href=\"http:\/\/www.lyceecharlescoulomb.fr\/site\/wp-content\/uploads\/2024\/06\/flyer-tarifs-2024-2025.pdf\" target=\"_blank\">\n\t\t\t\t\t\t<span class=\"elementor-button-content-wrapper\">\n\t\t\t\t\t\t\t\t\t<span class=\"elementor-button-text\">Document 2<\/span>\n\t\t\t\t\t<\/span>\n\t\t\t\t\t<\/a>\n\t\t\t\t<\/div>\n\t\t\t\t\t\t\t\t<\/div>\n\t\t\t\t<\/div>\n\t\t\t\t\t<\/div>\n\t\t<\/div>\n\t\t\t\t\t<\/div>\n\t\t<\/section>\n\t\t\t\t<div class=\"elementor-element elementor-element-14dd88d elementor-widget-divider--view-line elementor-widget elementor-widget-divider\" data-id=\"14dd88d\" data-element_type=\"widget\" data-e-type=\"widget\" data-widget_type=\"divider.default\">\n\t\t\t\t<div class=\"elementor-widget-container\">\n\t\t\t\t\t\t\t<div class=\"elementor-divider\">\n\t\t\t<span class=\"elementor-divider-separator\">\n\t\t\t\t\t\t<\/span>\n\t\t<\/div>\n\t\t\t\t\t\t<\/div>\n\t\t\t\t<\/div>\n\t\t\t\t<section class=\"elementor-section elementor-inner-section elementor-element elementor-element-568f03b elementor-section-boxed elementor-section-height-default elementor-section-height-default\" data-id=\"568f03b\" data-element_type=\"section\" data-e-type=\"section\">\n\t\t\t\t\t\t<div class=\"elementor-container elementor-column-gap-default\">\n\t\t\t\t\t<div class=\"elementor-column elementor-col-50 elementor-inner-column elementor-element elementor-element-dcca15d\" data-id=\"dcca15d\" data-element_type=\"column\" data-e-type=\"column\">\n\t\t\t<div class=\"elementor-widget-wrap elementor-element-populated\">\n\t\t\t\t\t\t<div class=\"elementor-element elementor-element-05b1c6e elementor-widget elementor-widget-heading\" data-id=\"05b1c6e\" data-element_type=\"widget\" data-e-type=\"widget\" data-widget_type=\"heading.default\">\n\t\t\t\t<div class=\"elementor-widget-container\">\n\t\t\t\t\t<h2 class=\"elementor-heading-title elementor-size-default\">Allocations de Rentr\u00e9e Scolaire (ARS)<\/h2>\t\t\t\t<\/div>\n\t\t\t\t<\/div>\n\t\t\t\t<div class=\"elementor-element elementor-element-c0eb0a6 elementor-widget elementor-widget-text-editor\" data-id=\"c0eb0a6\" data-element_type=\"widget\" data-e-type=\"widget\" data-widget_type=\"text-editor.default\">\n\t\t\t\t<div class=\"elementor-widget-container\">\n\t\t\t\t\t\t\t\t\t<p>Chers parents et \u00e9l\u00e8ves,<br \/>Nous souhaitons vous informer de l&rsquo;existence des allocations sociales d\u00e9di\u00e9es aux familles pour faciliter la rentr\u00e9e scolaire. Ces allocations peuvent atteindre jusqu&rsquo;\u00e0 434,61 \u20ac par enfant et sont destin\u00e9es \u00e0 aider \u00e0 couvrir une partie des frais li\u00e9s aux fournitures scolaires, manuels, transports et autres d\u00e9penses n\u00e9cessaires. Pour en savoir davantage sur les crit\u00e8res d&rsquo;\u00e9ligibilit\u00e9 et les d\u00e9marches \u00e0 suivre, nous vous invitons \u00e0 consulter le site du gouvernement fran\u00e7ais :\u00a0<a href=\"https:\/\/www.education.gouv.fr\/l-allocation-de-rentree-scolaire-305463\" target=\"_blank\" rel=\"noopener\">https:\/\/www.education.gouv.fr\/l-allocation-de-rentree-scolaire-305463<\/a>\u00a0.<\/p>\t\t\t\t\t\t\t\t<\/div>\n\t\t\t\t<\/div>\n\t\t\t\t\t<\/div>\n\t\t<\/div>\n\t\t\t\t<div class=\"elementor-column elementor-col-50 elementor-inner-column elementor-element elementor-element-a6f7c57\" data-id=\"a6f7c57\" data-element_type=\"column\" data-e-type=\"column\">\n\t\t\t<div class=\"elementor-widget-wrap elementor-element-populated\">\n\t\t\t\t\t\t<div class=\"elementor-element elementor-element-9e70933 elementor-widget elementor-widget-heading\" data-id=\"9e70933\" data-element_type=\"widget\" data-e-type=\"widget\" data-widget_type=\"heading.default\">\n\t\t\t\t<div class=\"elementor-widget-container\">\n\t\t\t\t\t<h2 class=\"elementor-heading-title elementor-size-default\">Soutien \u00e9ducatif aux jeunes charentais<\/h2>\t\t\t\t<\/div>\n\t\t\t\t<\/div>\n\t\t\t\t<div class=\"elementor-element elementor-element-310a000 elementor-widget elementor-widget-text-editor\" data-id=\"310a000\" data-element_type=\"widget\" data-e-type=\"widget\" data-widget_type=\"text-editor.default\">\n\t\t\t\t<div class=\"elementor-widget-container\">\n\t\t\t\t\t\t\t\t\t<p>Le D\u00e9partement soucieux de renforcer son soutien et accompagnement aupr\u00e8s des familles des coll\u00e9giens et lyc\u00e9ens propose\u00a0un dispositif d\u2019\u00aballocation d\u2019\u00e9loignement\u00bb dont vous trouverez ci-dessous les d\u00e9tails. Aussi, nous vous serions reconnaissants de bien vouloir diffuser ces informations aupr\u00e8s des\u00a0\u00e9l\u00e8ves concern\u00e9s.<\/p><p>L\u2019allocation d\u2019\u00e9loignement s\u2019adresse \u00e0 tous les \u00e9l\u00e8ves charentais internes (dont le responsable l\u00e9gal r\u00e9side en Charente) dans un \u00e9tablissement du second degr\u00e9 (6e \u00e0 terminale \u2013 Charente et hors Charente) public ou priv\u00e9 sous contrat et agr\u00e9\u00e9 par les minist\u00e8res de l\u2019Education Nationale et de l\u2019Agriculture.<\/p><p><u>Si l\u2019\u00e9l\u00e8ve fr\u00e9quente un autre \u00e9tablissement que celui dont il d\u00e9pend pour convenance personnelle, l\u2019allocation sera calcul\u00e9e sur la base du domicile\/\u00e9tablissement de rattachement ou le plus proche.<\/u><\/p><p>Vous trouverez ci-dessous \u00e0 t\u00e9l\u00e9charger par le lien, la proc\u00e9dure, le formulaire de demande d\u2019Allocation d\u2019Eloignement et le formulaire de garde altern\u00e9e.<\/p><p><a href=\"http:\/\/www.lacharente.fr\/\">www.lacharente.fr<\/a>\u00a0&gt; Vos d\u00e9marches &gt; Jeunesse &gt; Demander une allocation d&rsquo;\u00e9loignement.<\/p><p><a href=\"https:\/\/portail.citoyen.lacharente.fr\/airform\/formulaires\/ALLOCATION_ELOIGNEMENT?\">https:\/\/portail.citoyen.lacharente.fr\/airform\/formulaires\/ALLOCATION_ELOIGNEMENT?<\/a>\u00a0(formulaire direct)<\/p>\t\t\t\t\t\t\t\t<\/div>\n\t\t\t\t<\/div>\n\t\t\t\t\t<\/div>\n\t\t<\/div>\n\t\t\t\t\t<\/div>\n\t\t<\/section>\n\t\t\t\t\t<\/div>\n\t\t<\/div>\n\t\t\t\t\t<\/div>\n\t\t<\/section>\n\t\t\t\t<\/div>\n\t\t","protected":false},"excerpt":{"rendered":"<p>Ann\u00e9e scolaire 2025\/2026 Vid\u00e9o de pr\u00e9sentation du lyc\u00e9e. http:\/\/www.lyceecharlescoulomb.fr\/site\/videos\/2026\/NATV_Place_aux_lycees_Angouleme.mp4 Ann\u00e9e scolaire 2024\/2025 Tarification solidaire Document 1 Document 2 Allocations de Rentr\u00e9e Scolaire (ARS) Chers parents et \u00e9l\u00e8ves,Nous souhaitons vous informer [&hellip;]<\/p>\n","protected":false},"author":1,"featured_media":0,"parent":0,"menu_order":0,"comment_status":"closed","ping_status":"closed","template":"","meta":{"ocean_post_layout":"","ocean_both_sidebars_style":"","ocean_both_sidebars_content_width":0,"ocean_both_sidebars_sidebars_width":0,"ocean_sidebar":"0","ocean_second_sidebar":"0","ocean_disable_margins":"enable","ocean_add_body_class":"","ocean_shortcode_before_top_bar":"","ocean_shortcode_after_top_bar":"","ocean_shortcode_before_header":"","ocean_shortcode_after_header":"","ocean_has_shortcode":"","ocean_shortcode_after_title":"","ocean_shortcode_before_footer_widgets":"","ocean_shortcode_after_footer_widgets":"","ocean_shortcode_before_footer_bottom":"","ocean_shortcode_after_footer_bottom":"","ocean_display_top_bar":"default","ocean_display_header":"default","ocean_header_style":"","ocean_center_header_left_menu":"0","ocean_custom_header_template":"0","ocean_custom_logo":0,"ocean_custom_retina_logo":0,"ocean_custom_logo_max_width":0,"ocean_custom_logo_tablet_max_width":0,"ocean_custom_logo_mobile_max_width":0,"ocean_custom_logo_max_height":0,"ocean_custom_logo_tablet_max_height":0,"ocean_custom_logo_mobile_max_height":0,"ocean_header_custom_menu":"0","ocean_menu_typo_font_family":"0","ocean_menu_typo_font_subset":"","ocean_menu_typo_font_size":0,"ocean_menu_typo_font_size_tablet":0,"ocean_menu_typo_font_size_mobile":0,"ocean_menu_typo_font_size_unit":"px","ocean_menu_typo_font_weight":"","ocean_menu_typo_font_weight_tablet":"","ocean_menu_typo_font_weight_mobile":"","ocean_menu_typo_transform":"","ocean_menu_typo_transform_tablet":"","ocean_menu_typo_transform_mobile":"","ocean_menu_typo_line_height":0,"ocean_menu_typo_line_height_tablet":0,"ocean_menu_typo_line_height_mobile":0,"ocean_menu_typo_line_height_unit":"","ocean_menu_typo_spacing":0,"ocean_menu_typo_spacing_tablet":0,"ocean_menu_typo_spacing_mobile":0,"ocean_menu_typo_spacing_unit":"","ocean_menu_link_color":"","ocean_menu_link_color_hover":"","ocean_menu_link_color_active":"","ocean_menu_link_background":"","ocean_menu_link_hover_background":"","ocean_menu_link_active_background":"","ocean_menu_social_links_bg":"","ocean_menu_social_hover_links_bg":"","ocean_menu_social_links_color":"","ocean_menu_social_hover_links_color":"","ocean_disable_title":"default","ocean_disable_heading":"default","ocean_post_title":"","ocean_post_subheading":"","ocean_post_title_style":"","ocean_post_title_background_color":"","ocean_post_title_background":0,"ocean_post_title_bg_image_position":"","ocean_post_title_bg_image_attachment":"","ocean_post_title_bg_image_repeat":"","ocean_post_title_bg_image_size":"","ocean_post_title_height":0,"ocean_post_title_bg_overlay":0.5,"ocean_post_title_bg_overlay_color":"","ocean_disable_breadcrumbs":"default","ocean_breadcrumbs_color":"","ocean_breadcrumbs_separator_color":"","ocean_breadcrumbs_links_color":"","ocean_breadcrumbs_links_hover_color":"","ocean_display_footer_widgets":"default","ocean_display_footer_bottom":"default","ocean_custom_footer_template":"0","footnotes":""},"class_list":["post-5","page","type-page","status-publish","hentry","entry","has-media"],"_links":{"self":[{"href":"http:\/\/www.lyceecharlescoulomb.fr\/site\/index.php?rest_route=\/wp\/v2\/pages\/5","targetHints":{"allow":["GET"]}}],"collection":[{"href":"http:\/\/www.lyceecharlescoulomb.fr\/site\/index.php?rest_route=\/wp\/v2\/pages"}],"about":[{"href":"http:\/\/www.lyceecharlescoulomb.fr\/site\/index.php?rest_route=\/wp\/v2\/types\/page"}],"author":[{"embeddable":true,"href":"http:\/\/www.lyceecharlescoulomb.fr\/site\/index.php?rest_route=\/wp\/v2\/users\/1"}],"replies":[{"embeddable":true,"href":"http:\/\/www.lyceecharlescoulomb.fr\/site\/index.php?rest_route=%2Fwp%2Fv2%2Fcomments&post=5"}],"version-history":[{"count":1564,"href":"http:\/\/www.lyceecharlescoulomb.fr\/site\/index.php?rest_route=\/wp\/v2\/pages\/5\/revisions"}],"predecessor-version":[{"id":6547,"href":"http:\/\/www.lyceecharlescoulomb.fr\/site\/index.php?rest_route=\/wp\/v2\/pages\/5\/revisions\/6547"}],"wp:attachment":[{"href":"http:\/\/www.lyceecharlescoulomb.fr\/site\/index.php?rest_route=%2Fwp%2Fv2%2Fmedia&parent=5"}],"curies":[{"name":"wp","href":"https:\/\/api.w.org\/{rel}","templated":true}]}}