{"id":503,"date":"2019-09-19T21:01:22","date_gmt":"2019-09-19T19:01:22","guid":{"rendered":"http:\/\/www.lyceecharlescoulomb.fr\/site\/?page_id=503"},"modified":"2024-04-22T11:08:54","modified_gmt":"2024-04-22T09:08:54","slug":"el-apprentissage","status":"publish","type":"page","link":"http:\/\/www.lyceecharlescoulomb.fr\/site\/?page_id=503","title":{"rendered":"Electrotechnique par apprentissage"},"content":{"rendered":"\t\t<div data-elementor-type=\"wp-post\" data-elementor-id=\"503\" class=\"elementor elementor-503\">\n\t\t\t\t\t\t<section class=\"elementor-section elementor-top-section elementor-element elementor-element-1044536f elementor-section-boxed elementor-section-height-default elementor-section-height-default\" data-id=\"1044536f\" data-element_type=\"section\" data-e-type=\"section\">\n\t\t\t\t\t\t<div class=\"elementor-container elementor-column-gap-default\">\n\t\t\t\t\t<div class=\"elementor-column elementor-col-100 elementor-top-column elementor-element elementor-element-eb4f967\" data-id=\"eb4f967\" data-element_type=\"column\" data-e-type=\"column\">\n\t\t\t<div class=\"elementor-widget-wrap elementor-element-populated\">\n\t\t\t\t\t\t<div class=\"elementor-element elementor-element-49a89478 elementor-widget elementor-widget-image\" data-id=\"49a89478\" data-element_type=\"widget\" data-e-type=\"widget\" data-widget_type=\"image.default\">\n\t\t\t\t<div class=\"elementor-widget-container\">\n\t\t\t\t\t\t\t\t\t\t\t\t\t\t\t<img decoding=\"async\" src=\"http:\/\/www.lyceecharlescoulomb.fr\/site\/wp-content\/uploads\/elementor\/thumbs\/BTS_ELTK-r0tz5yvuzpjj6uewa4ifkjbz3cte7idqaffownnuqw.jpg\" title=\"BTS_ELTK\" alt=\"BTS_ELTK\" loading=\"lazy\" \/>\t\t\t\t\t\t\t\t\t\t\t\t\t\t\t<\/div>\n\t\t\t\t<\/div>\n\t\t\t\t\t<\/div>\n\t\t<\/div>\n\t\t\t\t\t<\/div>\n\t\t<\/section>\n\t\t\t\t<section class=\"elementor-section elementor-top-section elementor-element elementor-element-60bb3bc elementor-section-boxed elementor-section-height-default elementor-section-height-default\" data-id=\"60bb3bc\" data-element_type=\"section\" data-e-type=\"section\">\n\t\t\t\t\t\t<div class=\"elementor-container elementor-column-gap-default\">\n\t\t\t\t\t<div class=\"elementor-column elementor-col-100 elementor-top-column elementor-element elementor-element-284297c0\" data-id=\"284297c0\" data-element_type=\"column\" data-e-type=\"column\">\n\t\t\t<div class=\"elementor-widget-wrap elementor-element-populated\">\n\t\t\t\t\t\t<div class=\"elementor-element elementor-element-ed0147a elementor-widget elementor-widget-heading\" data-id=\"ed0147a\" data-element_type=\"widget\" data-e-type=\"widget\" data-widget_type=\"heading.default\">\n\t\t\t\t<div class=\"elementor-widget-container\">\n\t\t\t\t\t<h2 class=\"elementor-heading-title elementor-size-default\">BTS Electrotechnique par apprentissage<\/h2>\t\t\t\t<\/div>\n\t\t\t\t<\/div>\n\t\t\t\t<div class=\"elementor-element elementor-element-b56af37 elementor-widget elementor-widget-text-editor\" data-id=\"b56af37\" data-element_type=\"widget\" data-e-type=\"widget\" data-widget_type=\"text-editor.default\">\n\t\t\t\t<div class=\"elementor-widget-container\">\n\t\t\t\t\t\t\t\t\t<h2><span style=\"color: #962b25;\">Les conditions pour \u00eatre apprenti(e)<\/span><\/h2><ul><li>\u00catre \u00e2ge(e) de 16 ans au moins dans l&rsquo;ann\u00e9e et ne pas avoir atteint l&rsquo;\u00e2ge de 30 ans* \u00e0 la date d&rsquo;entr\u00e9e en apprentissage.<\/li><li>\u00catre recrut\u00e9(e) par une entreprise qui a d\u00e9sign\u00e9 un ma\u00eetre <br \/>d&rsquo;apprentissage,<\/li><\/ul><p>Une visite m\u00e9dicale est organis\u00e9e par l&#8217;employeur dans les deux mois qui suivent l&#8217;embauche. <br \/>Dans certains cas, l&rsquo;acc\u00e8s au contrat d&rsquo;apprentissage peut \u00eatre ouvert aux personnes plus \u00e2g\u00e9es.<\/p><p>* Ce rel\u00e8vement d&rsquo;\u00e2ge limite, exp\u00e9riment\u00e9 jusqu&rsquo;en d\u00e9cembre 2019, concerne 7 r\u00e9gions dont la Nouvelle-Aquitaine. La mesure 7 du projet de transformation de l&rsquo;apprentissage pr\u00e9voit cependant une g\u00e9n\u00e9ralisation de ce dispositif au niveau national. <br \/>D\u00e9cret du 30 d\u00e9cembre 2016- JO du 31 d\u00e9cembre <br \/>(https:\/\/www.legifrance,gouv.fr\/eli\/d\u00e9cret\/2016\/12\/30\/ETSD1637418D\/jo\/texte)<\/p><h2><span style=\"color: #962b25;\">Les engagements pour l&rsquo;apprenti(e)<\/span><\/h2><ul><li>Effectuer le travail qui lui est confi\u00e9 (ce travail doit correspondre \u00e0 la formation inscrite sur le contrat);<\/li><li>respecter ie r\u00e8glement int\u00e9rieur de l&rsquo;entreprise et du centre de formation;<\/li><li>suivre la formation assur\u00e9e par le <a href=\"http:\/\/www.cfa-acad-poitiers.fr\/\" target=\"_blank\" rel=\"noopener\">CFA<\/a> ou l&rsquo;\u00e9tablissement partenaire (<a href=\"http:\/\/ufacoulomb.neowordpress.fr\/\" target=\"_blank\" rel=\"noopener\">UFA<\/a>) ; au CFA, l&rsquo;apprenti(e) garde son statut de salari\u00e9(e). La p\u00e9riode au CFA est donc r\u00e9mun\u00e9r\u00e9e comme temps de travail;<\/li><li>se pr\u00e9senter \u00e0 l&rsquo;examen pr\u00e9vu en fin de contrat pour obtenir le dipl\u00f4me.<\/li><\/ul><h2><span style=\"color: #962b25;\">Une formation gratuite et des aides possibles<\/span><\/h2><p>La formation par apprentissage est gratuite pour les apprenti(e)s. Certains co\u00fbts induits (logement, transport etc.) peuvent cependant faire l&rsquo;objet d&rsquo;aides sp\u00e9cifiques.<\/p><h2><span style=\"color: #962b25;\">Un suivi plus \u00e9troit de l&rsquo;apprenti(e)<\/span><\/h2><p>Dans les deux mois apr\u00e8s l&rsquo;entr\u00e9e en apprentissage, un entretien est organis\u00e9 avec l&rsquo;apprenti(e), le formateur du CFA, le ma\u00eetre d&rsquo;apprentissage (et si n\u00e9cessaire les parents de l&rsquo;apprenti(e)). <br \/>Cet entretien a pour objectif de rep\u00e9rer les difficult\u00e9s \u00e9ventuelles que rencontre l&rsquo;apprenti(e) et de les r\u00e9soudre afin d&rsquo;\u00e9viter les risques de rupture de contrat.<\/p>\t\t\t\t\t\t\t\t<\/div>\n\t\t\t\t<\/div>\n\t\t\t\t<div class=\"elementor-element elementor-element-705802af elementor-tabs-view-horizontal elementor-widget elementor-widget-tabs\" data-id=\"705802af\" data-element_type=\"widget\" data-e-type=\"widget\" data-widget_type=\"tabs.default\">\n\t\t\t\t<div class=\"elementor-widget-container\">\n\t\t\t\t\t\t\t<div class=\"elementor-tabs\">\n\t\t\t<div class=\"elementor-tabs-wrapper\" role=\"tablist\" >\n\t\t\t\t\t\t\t\t\t<div id=\"elementor-tab-title-1881\" class=\"elementor-tab-title elementor-tab-desktop-title\" aria-selected=\"true\" data-tab=\"1\" role=\"tab\" tabindex=\"0\" aria-controls=\"elementor-tab-content-1881\" aria-expanded=\"false\">Objectifs<\/div>\n\t\t\t\t\t\t\t\t\t<div id=\"elementor-tab-title-1882\" class=\"elementor-tab-title elementor-tab-desktop-title\" aria-selected=\"false\" data-tab=\"2\" role=\"tab\" tabindex=\"-1\" aria-controls=\"elementor-tab-content-1882\" aria-expanded=\"false\">Admission<\/div>\n\t\t\t\t\t\t\t\t\t<div id=\"elementor-tab-title-1883\" class=\"elementor-tab-title elementor-tab-desktop-title\" aria-selected=\"false\" data-tab=\"3\" role=\"tab\" tabindex=\"-1\" aria-controls=\"elementor-tab-content-1883\" aria-expanded=\"false\">Contenu<\/div>\n\t\t\t\t\t\t\t\t\t<div id=\"elementor-tab-title-1884\" class=\"elementor-tab-title elementor-tab-desktop-title\" aria-selected=\"false\" data-tab=\"4\" role=\"tab\" tabindex=\"-1\" aria-controls=\"elementor-tab-content-1884\" aria-expanded=\"false\">Apr\u00e8s le BTS<\/div>\n\t\t\t\t\t\t\t<\/div>\n\t\t\t<div class=\"elementor-tabs-content-wrapper\" role=\"tablist\" aria-orientation=\"vertical\">\n\t\t\t\t\t\t\t\t\t<div class=\"elementor-tab-title elementor-tab-mobile-title\" aria-selected=\"true\" data-tab=\"1\" role=\"tab\" tabindex=\"0\" aria-controls=\"elementor-tab-content-1881\" aria-expanded=\"false\">Objectifs<\/div>\n\t\t\t\t\t<div id=\"elementor-tab-content-1881\" class=\"elementor-tab-content elementor-clearfix\" data-tab=\"1\" role=\"tabpanel\" aria-labelledby=\"elementor-tab-title-1881\" tabindex=\"0\" hidden=\"false\"><div id=\"CalqueOnglet1\"><p>L\u2019activit\u00e9 du Technicien Sup\u00e9rieur en \u00c9lectrotechnique est centr\u00e9e sur les secteurs du tertiaire, de l\u2019habitat, du transport, de la conversion et de la distribution de l\u2019\u00e9nergie \u00e9lectrique.<br \/>Les activit\u00e9s professionnelles du Technicien Sup\u00e9rieur l\u2019am\u00e8nent aux fonctions\u00a0suivantes :<\/p><ul type=\"disc\"><li>Etude technique et \u00e9conomique,<\/li><li>R\u00e9alisation, ex\u00e9cution, industrialisation,<\/li><li>Planification, suivi technique et ma\u00eetrise des co\u00fbts<\/li><li>Animation et coordination d\u2019\u00e9quipes,<\/li><li>Essais, mise en service, contr\u00f4les,<\/li><li>Maintenance, service apr\u00e8s-vente,<\/li><li>Relations clients fournisseurs.<\/li><\/ul><p>Son domaine de comp\u00e9tence recouvre\u00a0: la conception, \u00a0la r\u00e9alisation et la maintenance d\u2019un projet industriel m\u00ealant courants forts des convertisseurs d\u2019\u00e9nergie (dispositifs d\u2019\u00e9lectronique de puissance), des r\u00e9cepteurs (pompes, ventilateur,\u2026) et courants faibles n\u00e9cessaire \u00e0 l\u2019emploi de r\u00e9seaux qui v\u00e9hiculent la voix, les donn\u00e9es et les images (V.D.I.), tout en prenant en compte la s\u00e9curit\u00e9 des personnes et des biens. <br \/>L\u2019ensemble de ces comp\u00e9tences lui permet de travailler en autonomie et de conduire une \u00e9quipe d\u2019intervenants en toute responsabilit\u00e9.<\/p><\/div><\/div>\n\t\t\t\t\t\t\t\t\t<div class=\"elementor-tab-title elementor-tab-mobile-title\" aria-selected=\"false\" data-tab=\"2\" role=\"tab\" tabindex=\"-1\" aria-controls=\"elementor-tab-content-1882\" aria-expanded=\"false\">Admission<\/div>\n\t\t\t\t\t<div id=\"elementor-tab-content-1882\" class=\"elementor-tab-content elementor-clearfix\" data-tab=\"2\" role=\"tabpanel\" aria-labelledby=\"elementor-tab-title-1882\" tabindex=\"0\" hidden=\"hidden\"><p>L&rsquo;apprenti doit satisfaire aux exigences suivantes :<\/p><ul type=\"disc\"><li>poss\u00e9der un niveau \u00e9quivalent au baccalaur\u00e9at,<\/li><li>\u00eatre \u00e2g\u00e9 de moins de 30 ans,<\/li><li>avoir un contrat d\u2019apprentissage.<\/li><\/ul><p><u>Conditions inscription<\/u>\u00a0<br \/>Tous les candidats sont autoris\u00e9s \u00e0 s\u2019inscrire sur cette formation.<br \/>Compte tenu des sp\u00e9cificit\u00e9s de ce BTS,\u00a0 il est conseill\u00e9 aux candidats d\u2019\u00eatre titulaires d\u2019un des dipl\u00f4mes suivants\u00a0:<\/p><ul type=\"disc\"><li>Bac STI2D,<\/li><li>Bac S de pr\u00e9f\u00e9rence option Sciences de l&rsquo;Ing\u00e9nieur,<\/li><li>Bac Professionnel\u00a0 EEEC.<\/li><\/ul><p><strong><u>Inscription\u00a0<\/u><\/strong><strong>:<\/strong><br \/><strong>L\u2019inscription se fait sur le portail Parcoursup\u00a0: <\/strong><a href=\"https:\/\/www.parcoursup.fr\">https:\/\/www.parcoursup.fr<\/a><\/p><\/div>\n\t\t\t\t\t\t\t\t\t<div class=\"elementor-tab-title elementor-tab-mobile-title\" aria-selected=\"false\" data-tab=\"3\" role=\"tab\" tabindex=\"-1\" aria-controls=\"elementor-tab-content-1883\" aria-expanded=\"false\">Contenu<\/div>\n\t\t\t\t\t<div id=\"elementor-tab-content-1883\" class=\"elementor-tab-content elementor-clearfix\" data-tab=\"3\" role=\"tabpanel\" aria-labelledby=\"elementor-tab-title-1883\" tabindex=\"0\" hidden=\"hidden\"><p>La formation se d\u00e9roule sur deux ann\u00e9es en alternance entre une entreprise et le centre de formation UFA Charles Coulomb pour 18 \u00e9tudiants.<br \/>L\u2019<strong>alternance<\/strong> est g\u00e9n\u00e9ralement de 2 semaines en entreprise, puis 2 semaines en UFA (Unit\u00e9 de Formation d\u2019Apprentis) au lyc\u00e9e, pour un total de 20 semaines en UFA chaque ann\u00e9e.<br \/><br \/>Un volume horaire global de 1365 heures est dispens\u00e9 en centre de formation (culture g\u00e9n\u00e9rale, anglais, math\u00e9matiques, physique appliqu\u00e9e \u00e0 l\u2019\u00e9lectrotechnique, construction des structures mat\u00e9rielles appliqu\u00e9e \u00e0 l\u2019\u00e9lectrotechnique, \u00e9conomie et gestion d\u2019entreprise, g\u00e9nie \u00e9lectrique, essais de syst\u00e8mes).<\/p><\/div>\n\t\t\t\t\t\t\t\t\t<div class=\"elementor-tab-title elementor-tab-mobile-title\" aria-selected=\"false\" data-tab=\"4\" role=\"tab\" tabindex=\"-1\" aria-controls=\"elementor-tab-content-1884\" aria-expanded=\"false\">Apr\u00e8s le BTS<\/div>\n\t\t\t\t\t<div id=\"elementor-tab-content-1884\" class=\"elementor-tab-content elementor-clearfix\" data-tab=\"4\" role=\"tabpanel\" aria-labelledby=\"elementor-tab-title-1884\" tabindex=\"0\" hidden=\"hidden\"><div id=\"CalqueOnglet4\"><p>Il est possible de poursuivre ses \u00e9tudes en\u00a0:<\/p><ul type=\"disc\"><li>licence pro sp\u00e9cialis\u00e9e ou une L3 mention EEA (\u00e9lectronique, \u00e9lectrotechnique, automatique) ou \u00e9lectricit\u00e9 et \u00e9lectronique,<\/li><li>classe pr\u00e9paratoire technologie industrielle post-bac+2 (ATS),<\/li><li>\u00e9coles d\u2019ing\u00e9nieurs formation initiale, \u00e9coles d\u2019ing\u00e9nieurs en alternance,<\/li><li>formations compl\u00e9mentaires en 1 an (\u00e9lectronique de puissance, \u00e9nerg\u00e9tique qualit\u00e9 totale, \u00e9clairage, automatismes, technico-commercial, etc.).<\/li><\/ul><p>Un technicien issu de ce BTS peut occuper un poste dans des secteurs aussi divers que\u00a0:<\/p><ul type=\"disc\"><li>La production d\u2019\u00e9nergie (\u00e9lectricit\u00e9, \u00e9nergies renouvelables),<\/li><li>Le transport et la distribution (r\u00e9seau \u00e9lectrique),<\/li><li>La force motrice (activit\u00e9 ferroviaire et navale),<\/li><li>L\u2019efficacit\u00e9 \u00e9nerg\u00e9tique (b\u00e2timents et industrie),<\/li><li>L\u2019automatisme industriel et tertiaire (programmation, communication entre les \u00e9quipements, domotique).<\/li><\/ul><\/div><\/div>\n\t\t\t\t\t\t\t<\/div>\n\t\t<\/div>\n\t\t\t\t\t\t<\/div>\n\t\t\t\t<\/div>\n\t\t\t\t\t<\/div>\n\t\t<\/div>\n\t\t\t\t\t<\/div>\n\t\t<\/section>\n\t\t\t\t<section class=\"elementor-section elementor-top-section elementor-element elementor-element-dacf583 elementor-section-boxed elementor-section-height-default elementor-section-height-default\" data-id=\"dacf583\" data-element_type=\"section\" data-e-type=\"section\">\n\t\t\t\t\t\t<div class=\"elementor-container elementor-column-gap-default\">\n\t\t\t\t\t<div class=\"elementor-column elementor-col-100 elementor-top-column elementor-element elementor-element-0ad13be\" data-id=\"0ad13be\" data-element_type=\"column\" data-e-type=\"column\">\n\t\t\t<div class=\"elementor-widget-wrap elementor-element-populated\">\n\t\t\t\t\t\t<div class=\"elementor-element elementor-element-27d0d98 elementor-widget elementor-widget-heading\" data-id=\"27d0d98\" data-element_type=\"widget\" data-e-type=\"widget\" data-widget_type=\"heading.default\">\n\t\t\t\t<div class=\"elementor-widget-container\">\n\t\t\t\t\t<h2 class=\"elementor-heading-title elementor-size-default\">Flyer de pr\u00e9sentation<\/h2>\t\t\t\t<\/div>\n\t\t\t\t<\/div>\n\t\t\t\t<div class=\"elementor-element elementor-element-ef52624 elementor-widget elementor-widget-image\" data-id=\"ef52624\" data-element_type=\"widget\" data-e-type=\"widget\" data-widget_type=\"image.default\">\n\t\t\t\t<div class=\"elementor-widget-container\">\n\t\t\t\t\t\t\t\t\t\t\t\t\t\t\t\t<a href=\"http:\/\/www.lyceecharlescoulomb.fr\/site\/wp-content\/uploads\/2021\/02\/fiche_bts_electrotechnique_coulomb.pdf\" target=\"_blank\">\n\t\t\t\t\t\t\t<img fetchpriority=\"high\" decoding=\"async\" width=\"595\" height=\"842\" src=\"http:\/\/www.lyceecharlescoulomb.fr\/site\/wp-content\/uploads\/2021\/02\/fiche_bts_electrotechnique_coulomb.png\" class=\"attachment-full size-full wp-image-2126\" alt=\"\" srcset=\"http:\/\/www.lyceecharlescoulomb.fr\/site\/wp-content\/uploads\/2021\/02\/fiche_bts_electrotechnique_coulomb.png 595w, http:\/\/www.lyceecharlescoulomb.fr\/site\/wp-content\/uploads\/2021\/02\/fiche_bts_electrotechnique_coulomb-212x300.png 212w\" sizes=\"(max-width: 595px) 100vw, 595px\" \/>\t\t\t\t\t\t\t\t<\/a>\n\t\t\t\t\t\t\t\t\t\t\t\t\t\t\t<\/div>\n\t\t\t\t<\/div>\n\t\t\t\t\t<\/div>\n\t\t<\/div>\n\t\t\t\t\t<\/div>\n\t\t<\/section>\n\t\t\t\t<section class=\"elementor-section elementor-top-section elementor-element elementor-element-19c0bc5 elementor-section-boxed elementor-section-height-default elementor-section-height-default\" data-id=\"19c0bc5\" data-element_type=\"section\" data-e-type=\"section\">\n\t\t\t\t\t\t<div class=\"elementor-container elementor-column-gap-default\">\n\t\t\t\t\t<div class=\"elementor-column elementor-col-100 elementor-top-column elementor-element elementor-element-0b7bfd0\" data-id=\"0b7bfd0\" data-element_type=\"column\" data-e-type=\"column\">\n\t\t\t<div class=\"elementor-widget-wrap elementor-element-populated\">\n\t\t\t\t\t\t<div class=\"elementor-element elementor-element-2540eee elementor-widget elementor-widget-heading\" data-id=\"2540eee\" data-element_type=\"widget\" data-e-type=\"widget\" data-widget_type=\"heading.default\">\n\t\t\t\t<div class=\"elementor-widget-container\">\n\t\t\t\t\t<h2 class=\"elementor-heading-title elementor-size-default\">Formulaire de contact<\/h2>\t\t\t\t<\/div>\n\t\t\t\t<\/div>\n\t\t\t\t<div class=\"elementor-element elementor-element-d0c54b7 elementor-widget elementor-widget-text-editor\" data-id=\"d0c54b7\" data-element_type=\"widget\" data-e-type=\"widget\" data-widget_type=\"text-editor.default\">\n\t\t\t\t<div class=\"elementor-widget-container\">\n\t\t\t\t\t\t\t\t\t<p>\n<div class=\"wpcf7 no-js\" id=\"wpcf7-f2142-o1\" lang=\"fr-FR\" dir=\"ltr\" data-wpcf7-id=\"2142\">\n<div class=\"screen-reader-response\"><p role=\"status\" aria-live=\"polite\" aria-atomic=\"true\"><\/p> <ul><\/ul><\/div>\n<form action=\"\/site\/index.php?rest_route=%2Fwp%2Fv2%2Fpages%2F503#wpcf7-f2142-o1\" method=\"post\" class=\"wpcf7-form init\" aria-label=\"Formulaire de contact\" novalidate=\"novalidate\" data-status=\"init\">\n<fieldset class=\"hidden-fields-container\"><input type=\"hidden\" name=\"_wpcf7\" value=\"2142\" \/><input type=\"hidden\" name=\"_wpcf7_version\" value=\"6.1.5\" \/><input type=\"hidden\" name=\"_wpcf7_locale\" value=\"fr_FR\" \/><input type=\"hidden\" name=\"_wpcf7_unit_tag\" value=\"wpcf7-f2142-o1\" \/><input type=\"hidden\" name=\"_wpcf7_container_post\" value=\"0\" \/><input type=\"hidden\" name=\"_wpcf7_posted_data_hash\" value=\"\" \/>\n<\/fieldset>\n<p>Formulaire pour demander un rendez-vous et\/ou faire une demande de fiche de candidature :\n<\/p>\n<p><label> Votre nom<br \/>\n<span class=\"wpcf7-form-control-wrap\" data-name=\"your-name\"><input size=\"40\" maxlength=\"400\" class=\"wpcf7-form-control wpcf7-text wpcf7-validates-as-required\" aria-required=\"true\" aria-invalid=\"false\" value=\"\" type=\"text\" name=\"your-name\" \/><\/span> <\/label>\n<\/p>\n<p><label> Votre pr\u00e9nom<br \/>\n<span class=\"wpcf7-form-control-wrap\" data-name=\"your-firstname\"><input size=\"40\" maxlength=\"400\" class=\"wpcf7-form-control wpcf7-text wpcf7-validates-as-required\" aria-required=\"true\" aria-invalid=\"false\" value=\"\" type=\"text\" name=\"your-firstname\" \/><\/span> <\/label>\n<\/p>\n<p><label> Votre t\u00e9l\u00e9phone<br \/>\n<span class=\"wpcf7-form-control-wrap\" data-name=\"telephone\"><input size=\"40\" maxlength=\"400\" class=\"wpcf7-form-control wpcf7-tel wpcf7-validates-as-required wpcf7-text wpcf7-validates-as-tel\" aria-required=\"true\" aria-invalid=\"false\" value=\"\" type=\"tel\" name=\"telephone\" \/><\/span> <\/label>\n<\/p>\n<p><label> Votre e-mail<br \/>\n<span class=\"wpcf7-form-control-wrap\" data-name=\"your-email\"><input size=\"40\" maxlength=\"400\" class=\"wpcf7-form-control wpcf7-email wpcf7-validates-as-required wpcf7-text wpcf7-validates-as-email\" aria-required=\"true\" aria-invalid=\"false\" value=\"\" type=\"email\" name=\"your-email\" \/><\/span> <\/label>\n<\/p>\n<p><label> Objet<br \/>\n<span class=\"wpcf7-form-control-wrap\" data-name=\"your-subject\"><input size=\"40\" maxlength=\"400\" class=\"wpcf7-form-control wpcf7-text wpcf7-validates-as-required\" aria-required=\"true\" aria-invalid=\"false\" value=\"\" type=\"text\" name=\"your-subject\" \/><\/span> <\/label>\n<\/p>\n<p><label> Votre message (facultatif)<br \/>\n<span class=\"wpcf7-form-control-wrap\" data-name=\"your-message\"><textarea cols=\"40\" rows=\"10\" maxlength=\"2000\" class=\"wpcf7-form-control wpcf7-textarea\" aria-invalid=\"false\" name=\"your-message\"><\/textarea><\/span> <\/label>\n<\/p>\n<p>Question de s\u00e9curit\u00e9 :<br \/>\n<span class=\"wpcf7-form-control-wrap\" data-name=\"quiz-anti-spam1\"><label><span class=\"wpcf7-quiz-label\">Nom du lyc\u00e9e (que le nom)?<\/span> <input size=\"40\" class=\"wpcf7-form-control wpcf7-quiz\" autocomplete=\"off\" aria-required=\"true\" aria-invalid=\"false\" type=\"text\" name=\"quiz-anti-spam1\" \/><\/label><input type=\"hidden\" name=\"_wpcf7_quiz_answer_quiz-anti-spam1\" value=\"f3b9e648b8fbfd4793c868ff7bb17644\" \/><\/span>\n<\/p>\n<p>[wpgdprc \u00ab\u00a0En utilisant ce formulaire vous acceptez l&#039;enregistrement des donn\u00e9es saisies.\u00a0\u00bb]\n<\/p>\n<p><input class=\"wpcf7-form-control wpcf7-submit has-spinner\" type=\"submit\" value=\"Envoyer\" \/>\n<\/p><p style=\"display: none !important;\" class=\"akismet-fields-container\" data-prefix=\"_wpcf7_ak_\"><label>&#916;<textarea name=\"_wpcf7_ak_hp_textarea\" cols=\"45\" rows=\"8\" maxlength=\"100\"><\/textarea><\/label><input type=\"hidden\" id=\"ak_js_1\" name=\"_wpcf7_ak_js\" value=\"217\"\/><script>\ndocument.getElementById( \"ak_js_1\" ).setAttribute( \"value\", ( new Date() ).getTime() );\n<\/script>\n<\/p><div class=\"wpcf7-response-output\" aria-hidden=\"true\"><\/div>\n<\/form>\n<\/div>\n<\/p>\t\t\t\t\t\t\t\t<\/div>\n\t\t\t\t<\/div>\n\t\t\t\t\t<\/div>\n\t\t<\/div>\n\t\t\t\t\t<\/div>\n\t\t<\/section>\n\t\t\t\t<\/div>\n\t\t","protected":false},"excerpt":{"rendered":"<p>BTS Electrotechnique par apprentissage Les conditions pour \u00eatre apprenti(e) \u00catre \u00e2ge(e) de 16 ans au moins dans l&rsquo;ann\u00e9e et ne pas avoir atteint l&rsquo;\u00e2ge de 30 ans* \u00e0 la date [&hellip;]<\/p>\n","protected":false},"author":1,"featured_media":0,"parent":888,"menu_order":4,"comment_status":"closed","ping_status":"closed","template":"","meta":{"ocean_post_layout":"","ocean_both_sidebars_style":"","ocean_both_sidebars_content_width":0,"ocean_both_sidebars_sidebars_width":0,"ocean_sidebar":"0","ocean_second_sidebar":"0","ocean_disable_margins":"enable","ocean_add_body_class":"","ocean_shortcode_before_top_bar":"","ocean_shortcode_after_top_bar":"","ocean_shortcode_before_header":"","ocean_shortcode_after_header":"","ocean_has_shortcode":"","ocean_shortcode_after_title":"","ocean_shortcode_before_footer_widgets":"","ocean_shortcode_after_footer_widgets":"","ocean_shortcode_before_footer_bottom":"","ocean_shortcode_after_footer_bottom":"","ocean_display_top_bar":"default","ocean_display_header":"default","ocean_header_style":"","ocean_center_header_left_menu":"0","ocean_custom_header_template":"0","ocean_custom_logo":0,"ocean_custom_retina_logo":0,"ocean_custom_logo_max_width":0,"ocean_custom_logo_tablet_max_width":0,"ocean_custom_logo_mobile_max_width":0,"ocean_custom_logo_max_height":0,"ocean_custom_logo_tablet_max_height":0,"ocean_custom_logo_mobile_max_height":0,"ocean_header_custom_menu":"0","ocean_menu_typo_font_family":"0","ocean_menu_typo_font_subset":"","ocean_menu_typo_font_size":0,"ocean_menu_typo_font_size_tablet":0,"ocean_menu_typo_font_size_mobile":0,"ocean_menu_typo_font_size_unit":"px","ocean_menu_typo_font_weight":"","ocean_menu_typo_font_weight_tablet":"","ocean_menu_typo_font_weight_mobile":"","ocean_menu_typo_transform":"","ocean_menu_typo_transform_tablet":"","ocean_menu_typo_transform_mobile":"","ocean_menu_typo_line_height":0,"ocean_menu_typo_line_height_tablet":0,"ocean_menu_typo_line_height_mobile":0,"ocean_menu_typo_line_height_unit":"","ocean_menu_typo_spacing":0,"ocean_menu_typo_spacing_tablet":0,"ocean_menu_typo_spacing_mobile":0,"ocean_menu_typo_spacing_unit":"","ocean_menu_link_color":"","ocean_menu_link_color_hover":"","ocean_menu_link_color_active":"","ocean_menu_link_background":"","ocean_menu_link_hover_background":"","ocean_menu_link_active_background":"","ocean_menu_social_links_bg":"","ocean_menu_social_hover_links_bg":"","ocean_menu_social_links_color":"","ocean_menu_social_hover_links_color":"","ocean_disable_title":"default","ocean_disable_heading":"default","ocean_post_title":"","ocean_post_subheading":"","ocean_post_title_style":"","ocean_post_title_background_color":"","ocean_post_title_background":0,"ocean_post_title_bg_image_position":"","ocean_post_title_bg_image_attachment":"","ocean_post_title_bg_image_repeat":"","ocean_post_title_bg_image_size":"","ocean_post_title_height":0,"ocean_post_title_bg_overlay":0.5,"ocean_post_title_bg_overlay_color":"","ocean_disable_breadcrumbs":"default","ocean_breadcrumbs_color":"","ocean_breadcrumbs_separator_color":"","ocean_breadcrumbs_links_color":"","ocean_breadcrumbs_links_hover_color":"","ocean_display_footer_widgets":"default","ocean_display_footer_bottom":"default","ocean_custom_footer_template":"0","footnotes":""},"class_list":["post-503","page","type-page","status-publish","hentry","entry"],"_links":{"self":[{"href":"http:\/\/www.lyceecharlescoulomb.fr\/site\/index.php?rest_route=\/wp\/v2\/pages\/503","targetHints":{"allow":["GET"]}}],"collection":[{"href":"http:\/\/www.lyceecharlescoulomb.fr\/site\/index.php?rest_route=\/wp\/v2\/pages"}],"about":[{"href":"http:\/\/www.lyceecharlescoulomb.fr\/site\/index.php?rest_route=\/wp\/v2\/types\/page"}],"author":[{"embeddable":true,"href":"http:\/\/www.lyceecharlescoulomb.fr\/site\/index.php?rest_route=\/wp\/v2\/users\/1"}],"replies":[{"embeddable":true,"href":"http:\/\/www.lyceecharlescoulomb.fr\/site\/index.php?rest_route=%2Fwp%2Fv2%2Fcomments&post=503"}],"version-history":[{"count":25,"href":"http:\/\/www.lyceecharlescoulomb.fr\/site\/index.php?rest_route=\/wp\/v2\/pages\/503\/revisions"}],"predecessor-version":[{"id":5497,"href":"http:\/\/www.lyceecharlescoulomb.fr\/site\/index.php?rest_route=\/wp\/v2\/pages\/503\/revisions\/5497"}],"up":[{"embeddable":true,"href":"http:\/\/www.lyceecharlescoulomb.fr\/site\/index.php?rest_route=\/wp\/v2\/pages\/888"}],"wp:attachment":[{"href":"http:\/\/www.lyceecharlescoulomb.fr\/site\/index.php?rest_route=%2Fwp%2Fv2%2Fmedia&parent=503"}],"curies":[{"name":"wp","href":"https:\/\/api.w.org\/{rel}","templated":true}]}}