{"id":565,"date":"2019-09-21T22:36:19","date_gmt":"2019-09-21T20:36:19","guid":{"rendered":"http:\/\/www.lyceecharlescoulomb.fr\/site\/?page_id=565"},"modified":"2025-06-14T19:32:42","modified_gmt":"2025-06-14T17:32:42","slug":"bac-pro-melec","status":"publish","type":"page","link":"http:\/\/www.lyceecharlescoulomb.fr\/site\/?page_id=565","title":{"rendered":"BAC Pro MELEC M\u00e9tiers de l\u2019ELectricit\u00e9 et de ses Environnements Connect\u00e9s"},"content":{"rendered":"\t\t<div data-elementor-type=\"wp-post\" data-elementor-id=\"565\" class=\"elementor elementor-565\">\n\t\t\t\t\t\t<section class=\"elementor-section elementor-top-section elementor-element elementor-element-3c35cd5a elementor-section-boxed elementor-section-height-default elementor-section-height-default\" data-id=\"3c35cd5a\" data-element_type=\"section\" data-e-type=\"section\">\n\t\t\t\t\t\t<div class=\"elementor-container elementor-column-gap-default\">\n\t\t\t\t\t<div class=\"elementor-column elementor-col-100 elementor-top-column elementor-element elementor-element-759ea6a1\" data-id=\"759ea6a1\" data-element_type=\"column\" data-e-type=\"column\">\n\t\t\t<div class=\"elementor-widget-wrap\">\n\t\t\t\t\t\t\t<\/div>\n\t\t<\/div>\n\t\t\t\t\t<\/div>\n\t\t<\/section>\n\t\t\t\t<section class=\"elementor-section elementor-top-section elementor-element elementor-element-29a318bf elementor-section-boxed elementor-section-height-default elementor-section-height-default\" data-id=\"29a318bf\" data-element_type=\"section\" data-e-type=\"section\">\n\t\t\t\t\t\t<div class=\"elementor-container elementor-column-gap-default\">\n\t\t\t\t\t<div class=\"elementor-column elementor-col-100 elementor-top-column elementor-element elementor-element-44e4f1ad\" data-id=\"44e4f1ad\" data-element_type=\"column\" data-e-type=\"column\">\n\t\t\t<div class=\"elementor-widget-wrap elementor-element-populated\">\n\t\t\t\t\t\t<div class=\"elementor-element elementor-element-3bcc5318 elementor-widget elementor-widget-heading\" data-id=\"3bcc5318\" data-element_type=\"widget\" data-e-type=\"widget\" data-widget_type=\"heading.default\">\n\t\t\t\t<div class=\"elementor-widget-container\">\n\t\t\t\t\t<h2 class=\"elementor-heading-title elementor-size-default\">Bac Pro M\u00e9tiers de l'ELectricit\u00e9 et de ses Environnements Connect\u00e9s<\/h2>\t\t\t\t<\/div>\n\t\t\t\t<\/div>\n\t\t\t\t<div class=\"elementor-element elementor-element-3f278e2 elementor-widget elementor-widget-video\" data-id=\"3f278e2\" data-element_type=\"widget\" data-e-type=\"widget\" data-settings=\"{&quot;video_type&quot;:&quot;hosted&quot;,&quot;controls&quot;:&quot;yes&quot;}\" data-widget_type=\"video.default\">\n\t\t\t\t<div class=\"elementor-widget-container\">\n\t\t\t\t\t\t\t<div class=\"e-hosted-video elementor-wrapper elementor-open-inline\">\n\t\t\t\t\t<video class=\"elementor-video\" src=\"http:\/\/www.lyceecharlescoulomb.fr\/site\/videos\/2025\/Bac pro m\u00e9tiers de l&#039;\u00e9lectricit\u00e9 et de ses environnements co.mp4\" controls=\"\" preload=\"metadata\" controlsList=\"nodownload\"><\/video>\n\t\t\t\t<\/div>\n\t\t\t\t\t\t<\/div>\n\t\t\t\t<\/div>\n\t\t\t\t<div class=\"elementor-element elementor-element-46fe9428 elementor-tabs-view-horizontal elementor-widget elementor-widget-tabs\" data-id=\"46fe9428\" data-element_type=\"widget\" data-e-type=\"widget\" data-widget_type=\"tabs.default\">\n\t\t\t\t<div class=\"elementor-widget-container\">\n\t\t\t\t\t\t\t<div class=\"elementor-tabs\">\n\t\t\t<div class=\"elementor-tabs-wrapper\" role=\"tablist\" >\n\t\t\t\t\t\t\t\t\t<div id=\"elementor-tab-title-1191\" class=\"elementor-tab-title elementor-tab-desktop-title\" aria-selected=\"true\" data-tab=\"1\" role=\"tab\" tabindex=\"0\" aria-controls=\"elementor-tab-content-1191\" aria-expanded=\"false\">Objectifs<\/div>\n\t\t\t\t\t\t\t\t\t<div id=\"elementor-tab-title-1192\" class=\"elementor-tab-title elementor-tab-desktop-title\" aria-selected=\"false\" data-tab=\"2\" role=\"tab\" tabindex=\"-1\" aria-controls=\"elementor-tab-content-1192\" aria-expanded=\"false\">Admission<\/div>\n\t\t\t\t\t\t\t\t\t<div id=\"elementor-tab-title-1193\" class=\"elementor-tab-title elementor-tab-desktop-title\" aria-selected=\"false\" data-tab=\"3\" role=\"tab\" tabindex=\"-1\" aria-controls=\"elementor-tab-content-1193\" aria-expanded=\"false\">Organisation<br> de la formation<\/div>\n\t\t\t\t\t\t\t\t\t<div id=\"elementor-tab-title-1194\" class=\"elementor-tab-title elementor-tab-desktop-title\" aria-selected=\"false\" data-tab=\"4\" role=\"tab\" tabindex=\"-1\" aria-controls=\"elementor-tab-content-1194\" aria-expanded=\"false\">Contenu<br> de la formation<\/div>\n\t\t\t\t\t\t\t\t\t<div id=\"elementor-tab-title-1195\" class=\"elementor-tab-title elementor-tab-desktop-title\" aria-selected=\"false\" data-tab=\"5\" role=\"tab\" tabindex=\"-1\" aria-controls=\"elementor-tab-content-1195\" aria-expanded=\"false\">Poursuites d'\u00e9tudes<\/div>\n\t\t\t\t\t\t\t\t\t<div id=\"elementor-tab-title-1196\" class=\"elementor-tab-title elementor-tab-desktop-title\" aria-selected=\"false\" data-tab=\"6\" role=\"tab\" tabindex=\"-1\" aria-controls=\"elementor-tab-content-1196\" aria-expanded=\"false\">Onisep<\/div>\n\t\t\t\t\t\t\t<\/div>\n\t\t\t<div class=\"elementor-tabs-content-wrapper\" role=\"tablist\" aria-orientation=\"vertical\">\n\t\t\t\t\t\t\t\t\t<div class=\"elementor-tab-title elementor-tab-mobile-title\" aria-selected=\"true\" data-tab=\"1\" role=\"tab\" tabindex=\"0\" aria-controls=\"elementor-tab-content-1191\" aria-expanded=\"false\">Objectifs<\/div>\n\t\t\t\t\t<div id=\"elementor-tab-content-1191\" class=\"elementor-tab-content elementor-clearfix\" data-tab=\"1\" role=\"tabpanel\" aria-labelledby=\"elementor-tab-title-1191\" tabindex=\"0\" hidden=\"false\"><p align=\"justify\"><b>Le titulaire de ce <\/b><u><b>Bac Pro<\/b><\/u><b> peut intervenir sur tous les syst\u00e8mes utilisant l\u2019\u00e9nergie \u00e9lectrique, machines \u00e9lectriques, installations \u00e9lectriques industrielles ou domestiques. Il est comp\u00e9tent pour agir aussi bien au niveau de la production, du transport, de la distribution ou de la transformation de l\u2019\u00e9nergie \u00e9lectrique<\/b><i><b>.<\/b><\/i><\/p><p align=\"justify\">Le Bac Pro MELEC forme l\u2019\u00e9l\u00e8ve \u00e0 la pr\u00e9paration et \u00e0 l\u2019ex\u00e9cution des op\u00e9rations de r\u00e9alisation de livraison et de d\u00e9pannage en prenant en compte les derni\u00e8res technologies li\u00e9es aux performances \u00e9nerg\u00e9tiques des b\u00e2timents et des installations.<\/p><\/div>\n\t\t\t\t\t\t\t\t\t<div class=\"elementor-tab-title elementor-tab-mobile-title\" aria-selected=\"false\" data-tab=\"2\" role=\"tab\" tabindex=\"-1\" aria-controls=\"elementor-tab-content-1192\" aria-expanded=\"false\">Admission<\/div>\n\t\t\t\t\t<div id=\"elementor-tab-content-1192\" class=\"elementor-tab-content elementor-clearfix\" data-tab=\"2\" role=\"tabpanel\" aria-labelledby=\"elementor-tab-title-1192\" tabindex=\"0\" hidden=\"hidden\"><div id=\"CalqueOnglet2\"><p>\u00a0<\/p><p>L&rsquo;admission se fait \u00e0 l&rsquo;issue de la classe de 3\u00e8me apr\u00e8s :<\/p><ul><li>la <strong>d\u00e9cision d&rsquo;orientation<\/strong> favorable \u00e0 la seconde professionnelle, prononc\u00e9e par le conseil de classe du troisi\u00e8me trimestre,<\/li><li>et, apr\u00e8s la <strong>d\u00e9cision d&rsquo;affectation<\/strong> qui consiste \u00e0 \u00eatre admis dans un lyc\u00e9e professionnel.<\/li><\/ul><p>L&rsquo;affectation est le r\u00e9sultat d&rsquo;un processus de s\u00e9lection informatis\u00e9e bas\u00e9 sur trois crit\u00e8res :<\/p><ul><li>les r\u00e9sultats scolaires de l&rsquo;ann\u00e9e de troisi\u00e8me,<\/li><li>l&rsquo;avis du chef d&rsquo;\u00e9tablissement (coll\u00e8ge)<\/li><li>et les capacit\u00e9s prioritairement attendues pour la formation demand\u00e9e.<\/li><\/ul><p>L&rsquo;admission en lyc\u00e9e professionnel doit \u00eatre obligatoirement suivie d&rsquo;une inscription de l&rsquo;\u00e9l\u00e8ve (dans un d\u00e9lai de 8 jours maximum).<\/p><\/div><\/div>\n\t\t\t\t\t\t\t\t\t<div class=\"elementor-tab-title elementor-tab-mobile-title\" aria-selected=\"false\" data-tab=\"3\" role=\"tab\" tabindex=\"-1\" aria-controls=\"elementor-tab-content-1193\" aria-expanded=\"false\">Organisation<br> de la formation<\/div>\n\t\t\t\t\t<div id=\"elementor-tab-content-1193\" class=\"elementor-tab-content elementor-clearfix\" data-tab=\"3\" role=\"tabpanel\" aria-labelledby=\"elementor-tab-title-1193\" tabindex=\"0\" hidden=\"hidden\"><p><b>La formation est organis\u00e9e sur trois ann\u00e9es consid\u00e9r\u00e9es comme un ensemble continu et homog\u00e8ne.<\/b><\/p><p>L\u2019\u00e9l\u00e8ve se voit proposer des activit\u00e9s li\u00e9es \u00e0 des taches professionnelles :<\/p><table width=\"682\" cellspacing=\"0\" cellpadding=\"0\"><tbody><tr valign=\"top\"><td width=\"320\"><p><b>Pr\u00e9paration d\u2019une installation <\/b>: il \u00e9tudie les plans et sch\u00e9mas d\u2019une installation \u00e9lectrique ou d\u2019un \u00e9quipement \u00e0 r\u00e9aliser, il s\u2019informe des consignes de s\u00e9curit\u00e9 et des t\u00e2ches \u00e0 accomplir sans oublier les devis. Il pr\u00e9pare les outillages et effectue l\u2019inventaire du mat\u00e9riel.<\/p><\/td><td width=\"29\"><p>\u00a0<\/p><\/td><td width=\"333\"><p><b>R\u00e9alisation<\/b>\u00a0: sur un chantier, il installe les canalisations \u00e9lectriques et les supports, assure la mise en place des appareillages (prises, interrupteurs etc.) et effectue leur raccordement. En atelier, il r\u00e9alise des armoires \u00e9lectriques o\u00f9 il apprend \u00e0 fixer et \u00e0 raccorder les divers constituants (relais, disjoncteurs, contacteurs, automates programmables, etc.).<\/p><\/td><\/tr><tr valign=\"top\"><td width=\"320\"><p><b>Livraison d\u2019une installation <\/b>\u00a0: il v\u00e9rifie que le travail r\u00e9alis\u00e9 est bien conforme aux plans et sch\u00e9mas fournis et respect des normes; il assure le r\u00e9glage des diff\u00e9rents appareils, contr\u00f4le les caract\u00e9ristiques \u00e9lectriques de l\u2019installation ou de l\u2019\u00e9quipement hors tension \u00bb puis \u00ab sous tension \u00bb. V\u00e9rifie la conformit\u00e9 du fonctionnement, participe \u00e0 la r\u00e9ception des travaux en pr\u00e9sence du client.<\/p><\/td><td width=\"29\"><p>\u00a0<\/p><\/td><td width=\"333\"><p><b>D\u00e9pannage d\u2019une installation<\/b>\u00a0: dans le respect des consignes de s\u00e9curit\u00e9, il entretien o\u00f9 il r\u00e9pare les \u00e9quipements \u00e9lectriques (diagnostic, changement des \u00e9l\u00e9ments d\u00e9fectueux, remise en service).<\/p><\/td><\/tr><\/tbody><\/table><p><b>Cette formation professionnelle, effectu\u00e9e en groupe de 12 \u00e9l\u00e8ves, se compl\u00e8te de p\u00e9riodes de formation en milieu professionnel r\u00e9parties sur les 3 ann\u00e9es. Ces p\u00e9riodes sont d\u00e9terminantes dans la formation, les \u00e9valuations conjointes (enseignant\/tuteur) \u00e9tant prises en compte pour l\u2019obtention du dipl\u00f4me.<\/b><\/p><\/div>\n\t\t\t\t\t\t\t\t\t<div class=\"elementor-tab-title elementor-tab-mobile-title\" aria-selected=\"false\" data-tab=\"4\" role=\"tab\" tabindex=\"-1\" aria-controls=\"elementor-tab-content-1194\" aria-expanded=\"false\">Contenu<br> de la formation<\/div>\n\t\t\t\t\t<div id=\"elementor-tab-content-1194\" class=\"elementor-tab-content elementor-clearfix\" data-tab=\"4\" role=\"tabpanel\" aria-labelledby=\"elementor-tab-title-1194\" tabindex=\"0\" hidden=\"hidden\"><div id=\"CalqueOnglet3\"><p><b>Au lyc\u00e9e : <\/b><\/p><p><b>Enseignement professionnel : 15H\/Semaine <\/b>Technologie, r\u00e9alisation, livraison d\u2019une installation, d\u00e9pannage, Communication technique plus Pr\u00e9vention-sant\u00e9-environnement et Economie-gestion <br \/><b>Projet<\/b>\u00a0:<b>1H\/Semaine <\/b><br \/><b>Enseignement g\u00e9n\u00e9ral : 13H\/Semaine <\/b>Fran\u00e7ais, Histoire-G\u00e9ographique, Anglais, Math\u00e9matiques, Sciences Physiques, , Arts appliqu\u00e9s, EPS <br \/><b>Soutien au Parcours : 1H\/Semaine <\/b><\/p><p><b>En entreprise :<\/b><\/p><p>20 semaines de formation sur les 3 ans<\/p><\/div><\/div>\n\t\t\t\t\t\t\t\t\t<div class=\"elementor-tab-title elementor-tab-mobile-title\" aria-selected=\"false\" data-tab=\"5\" role=\"tab\" tabindex=\"-1\" aria-controls=\"elementor-tab-content-1195\" aria-expanded=\"false\">Poursuites d'\u00e9tudes<\/div>\n\t\t\t\t\t<div id=\"elementor-tab-content-1195\" class=\"elementor-tab-content elementor-clearfix\" data-tab=\"5\" role=\"tabpanel\" aria-labelledby=\"elementor-tab-title-1195\" tabindex=\"0\" hidden=\"hidden\"><p>BTS Electrotechnique,<br \/>BTS CRSA (Conception et R\u00e9alisation de Syst\u00e8mes Automatis\u00e9s),<br \/>BTS Fluides, \u00e9nergies, domotique,<br \/>BTS Maintenance des Syst\u00e8mes option A (Syst\u00e8mes de production) ou option C (Syst\u00e8mes \u00e9oliens),<br \/>Contrat de Sp\u00e9cialisation en 1 an<\/p><div id=\"CalqueOnglet4\"><p>\u00a0<\/p><p>Vid\u00e9o issue du site de l&rsquo;Onisep : <a href=\"https:\/\/oniseptv.onisep.fr\/resource\/les-metiers-animes-electricien-installateur-electricienne-installatrice\/hd\/sf_publication_channel\/EMBED.mp4\" target=\"_blank\" rel=\"noopener\">https:\/\/oniseptv.onisep.fr\/resource\/les-metiers-animes-electricien-installateur-electricienne-installatrice\/hd\/sf_publication_channel\/EMBED.mp4<\/a><\/p><p><video controls=\"controls\" width=\"600\" height=\"300\"><br \/><\/video><\/p><p>Comme tout bac professionnel, le bac pro MELEC offre deux possibilit\u00e9s\u00a0:<\/p><ul><li>L\u2019entr\u00e9e dans la vie active en postulant \u00e0 des emplois de\u00a0:<br \/><ul type=\"circle\"><li>Monteur c\u00e2bleur en construction \u00e9lectrique.<\/li><li>Technicien de maintenance en \u00e9lectrotechnique.<\/li><li>Technicien de maintenance en automatisme.<\/li><li>Technicien d&rsquo;installation de mat\u00e9riel \u00e9lectrique.<\/li><li>Technicien d&rsquo;installation de mat\u00e9riel \u00e9lectronique de surveillance.<\/li><li>\u00c9lectricien du b\u00e2timent et des travaux publics.<\/li><li>Agent technique de contr\u00f4le \u00e9lectrique.<\/li><li>Op\u00e9rateur sur machines production automatis\u00e9es.<\/li><li>&#8230;<\/li><\/ul><\/li><li>La poursuite d\u2019\u00e9tudes vers\u00a0:<br \/><ul type=\"circle\"><li>Un BTS Electrotechnique<\/li><li>Un BTS Maintenance Industrielle<\/li><li>Un DUT G\u00e9nie \u00e9lectrique et informatique industrielle<\/li><li>Diverses mentions compl\u00e9mentaires industrielles\u2026<\/li><\/ul><\/li><\/ul><\/div><\/div>\n\t\t\t\t\t\t\t\t\t<div class=\"elementor-tab-title elementor-tab-mobile-title\" aria-selected=\"false\" data-tab=\"6\" role=\"tab\" tabindex=\"-1\" aria-controls=\"elementor-tab-content-1196\" aria-expanded=\"false\">Onisep<\/div>\n\t\t\t\t\t<div id=\"elementor-tab-content-1196\" class=\"elementor-tab-content elementor-clearfix\" data-tab=\"6\" role=\"tabpanel\" aria-labelledby=\"elementor-tab-title-1196\" tabindex=\"0\" hidden=\"hidden\"><p><a href=\"https:\/\/www.onisep.fr\/ressources\/univers-formation\/formations\/lycees\/bac-pro-metiers-de-l-electricite-et-de-ses-environnements-connectes#exemples-metiers\" target=\"_blank\" rel=\"noopener\">https:\/\/www.onisep.fr\/ressources\/univers-formation\/formations\/lycees\/bac-pro-metiers-de-l-electricite-et-de-ses-environnements-connectes#exemples-metiers<\/a><\/p><\/div>\n\t\t\t\t\t\t\t<\/div>\n\t\t<\/div>\n\t\t\t\t\t\t<\/div>\n\t\t\t\t<\/div>\n\t\t\t\t<div class=\"elementor-element elementor-element-44d0b3a elementor-widget elementor-widget-image\" data-id=\"44d0b3a\" data-element_type=\"widget\" data-e-type=\"widget\" data-widget_type=\"image.default\">\n\t\t\t\t<div class=\"elementor-widget-container\">\n\t\t\t\t\t\t\t\t\t\t\t\t<figure class=\"wp-caption\">\n\t\t\t\t\t\t\t\t\t\t\t<a href=\"http:\/\/www.lyceecharlescoulomb.fr\/site\/wp-content\/uploads\/2022\/01\/Plaquette-BP-MELEC-modifiee-2021-2022.pdf\" target=\"_blank\">\n\t\t\t\t\t\t\t<img fetchpriority=\"high\" decoding=\"async\" width=\"595\" height=\"842\" src=\"https:\/\/www.lyceecharlescoulomb.fr\/site\/wp-content\/uploads\/2022\/01\/Plaquette-BP-MELEC-modifiee-2021-2022.png\" class=\"attachment-1536x1536 size-1536x1536 wp-image-3545\" alt=\"\" srcset=\"https:\/\/www.lyceecharlescoulomb.fr\/site\/wp-content\/uploads\/2022\/01\/Plaquette-BP-MELEC-modifiee-2021-2022.png 595w, https:\/\/www.lyceecharlescoulomb.fr\/site\/wp-content\/uploads\/2022\/01\/Plaquette-BP-MELEC-modifiee-2021-2022-212x300.png 212w\" sizes=\"(max-width: 595px) 100vw, 595px\" \/>\t\t\t\t\t\t\t\t<\/a>\n\t\t\t\t\t\t\t\t\t\t\t<figcaption class=\"widget-image-caption wp-caption-text\"><strong>Plaquette t\u00e9l\u00e9chargeable en cliquant sur l'image<\/strong><\/figcaption>\n\t\t\t\t\t\t\t\t\t\t<\/figure>\n\t\t\t\t\t\t\t\t\t<\/div>\n\t\t\t\t<\/div>\n\t\t\t\t\t<\/div>\n\t\t<\/div>\n\t\t\t\t\t<\/div>\n\t\t<\/section>\n\t\t\t\t<\/div>\n\t\t","protected":false},"excerpt":{"rendered":"<p>Bac Pro M\u00e9tiers de l&rsquo;ELectricit\u00e9 et de ses Environnements Connect\u00e9s http:\/\/www.lyceecharlescoulomb.fr\/site\/videos\/2025\/Bac%20pro%20m\u00e9tiers%20de%20l&#039;\u00e9lectricit\u00e9%20et%20de%20ses%20environnements%20co.mp4 Objectifs Admission Organisation de la formation Contenu de la formation Poursuites d&rsquo;\u00e9tudes Onisep Objectifs Le titulaire de ce Bac [&hellip;]<\/p>\n","protected":false},"author":9,"featured_media":0,"parent":1179,"menu_order":0,"comment_status":"closed","ping_status":"closed","template":"","meta":{"ocean_post_layout":"","ocean_both_sidebars_style":"","ocean_both_sidebars_content_width":0,"ocean_both_sidebars_sidebars_width":0,"ocean_sidebar":"0","ocean_second_sidebar":"0","ocean_disable_margins":"enable","ocean_add_body_class":"","ocean_shortcode_before_top_bar":"","ocean_shortcode_after_top_bar":"","ocean_shortcode_before_header":"","ocean_shortcode_after_header":"","ocean_has_shortcode":"","ocean_shortcode_after_title":"","ocean_shortcode_before_footer_widgets":"","ocean_shortcode_after_footer_widgets":"","ocean_shortcode_before_footer_bottom":"","ocean_shortcode_after_footer_bottom":"","ocean_display_top_bar":"default","ocean_display_header":"default","ocean_header_style":"","ocean_center_header_left_menu":"0","ocean_custom_header_template":"0","ocean_custom_logo":0,"ocean_custom_retina_logo":0,"ocean_custom_logo_max_width":0,"ocean_custom_logo_tablet_max_width":0,"ocean_custom_logo_mobile_max_width":0,"ocean_custom_logo_max_height":0,"ocean_custom_logo_tablet_max_height":0,"ocean_custom_logo_mobile_max_height":0,"ocean_header_custom_menu":"0","ocean_menu_typo_font_family":"0","ocean_menu_typo_font_subset":"","ocean_menu_typo_font_size":0,"ocean_menu_typo_font_size_tablet":0,"ocean_menu_typo_font_size_mobile":0,"ocean_menu_typo_font_size_unit":"px","ocean_menu_typo_font_weight":"","ocean_menu_typo_font_weight_tablet":"","ocean_menu_typo_font_weight_mobile":"","ocean_menu_typo_transform":"","ocean_menu_typo_transform_tablet":"","ocean_menu_typo_transform_mobile":"","ocean_menu_typo_line_height":0,"ocean_menu_typo_line_height_tablet":0,"ocean_menu_typo_line_height_mobile":0,"ocean_menu_typo_line_height_unit":"","ocean_menu_typo_spacing":0,"ocean_menu_typo_spacing_tablet":0,"ocean_menu_typo_spacing_mobile":0,"ocean_menu_typo_spacing_unit":"","ocean_menu_link_color":"","ocean_menu_link_color_hover":"","ocean_menu_link_color_active":"","ocean_menu_link_background":"","ocean_menu_link_hover_background":"","ocean_menu_link_active_background":"","ocean_menu_social_links_bg":"","ocean_menu_social_hover_links_bg":"","ocean_menu_social_links_color":"","ocean_menu_social_hover_links_color":"","ocean_disable_title":"default","ocean_disable_heading":"default","ocean_post_title":"","ocean_post_subheading":"","ocean_post_title_style":"","ocean_post_title_background_color":"","ocean_post_title_background":0,"ocean_post_title_bg_image_position":"","ocean_post_title_bg_image_attachment":"","ocean_post_title_bg_image_repeat":"","ocean_post_title_bg_image_size":"","ocean_post_title_height":0,"ocean_post_title_bg_overlay":0.5,"ocean_post_title_bg_overlay_color":"","ocean_disable_breadcrumbs":"default","ocean_breadcrumbs_color":"","ocean_breadcrumbs_separator_color":"","ocean_breadcrumbs_links_color":"","ocean_breadcrumbs_links_hover_color":"","ocean_display_footer_widgets":"default","ocean_display_footer_bottom":"default","ocean_custom_footer_template":"0","footnotes":""},"class_list":["post-565","page","type-page","status-publish","hentry","entry"],"_links":{"self":[{"href":"http:\/\/www.lyceecharlescoulomb.fr\/site\/index.php?rest_route=\/wp\/v2\/pages\/565","targetHints":{"allow":["GET"]}}],"collection":[{"href":"http:\/\/www.lyceecharlescoulomb.fr\/site\/index.php?rest_route=\/wp\/v2\/pages"}],"about":[{"href":"http:\/\/www.lyceecharlescoulomb.fr\/site\/index.php?rest_route=\/wp\/v2\/types\/page"}],"author":[{"embeddable":true,"href":"http:\/\/www.lyceecharlescoulomb.fr\/site\/index.php?rest_route=\/wp\/v2\/users\/9"}],"replies":[{"embeddable":true,"href":"http:\/\/www.lyceecharlescoulomb.fr\/site\/index.php?rest_route=%2Fwp%2Fv2%2Fcomments&post=565"}],"version-history":[{"count":82,"href":"http:\/\/www.lyceecharlescoulomb.fr\/site\/index.php?rest_route=\/wp\/v2\/pages\/565\/revisions"}],"predecessor-version":[{"id":6299,"href":"http:\/\/www.lyceecharlescoulomb.fr\/site\/index.php?rest_route=\/wp\/v2\/pages\/565\/revisions\/6299"}],"up":[{"embeddable":true,"href":"http:\/\/www.lyceecharlescoulomb.fr\/site\/index.php?rest_route=\/wp\/v2\/pages\/1179"}],"wp:attachment":[{"href":"http:\/\/www.lyceecharlescoulomb.fr\/site\/index.php?rest_route=%2Fwp%2Fv2%2Fmedia&parent=565"}],"curies":[{"name":"wp","href":"https:\/\/api.w.org\/{rel}","templated":true}]}}