{"id":571,"date":"2019-09-21T22:37:56","date_gmt":"2019-09-21T20:37:56","guid":{"rendered":"http:\/\/www.lyceecharlescoulomb.fr\/site\/?page_id=571"},"modified":"2025-01-31T22:22:53","modified_gmt":"2025-01-31T21:22:53","slug":"bac-pro-tu","status":"publish","type":"page","link":"http:\/\/www.lyceecharlescoulomb.fr\/site\/?page_id=571","title":{"rendered":"BAC Pro TRPM Technicien en R\u00e9alisation de Produits M\u00e9caniques"},"content":{"rendered":"\t\t<div data-elementor-type=\"wp-post\" data-elementor-id=\"571\" class=\"elementor elementor-571\">\n\t\t\t\t\t\t<section class=\"elementor-section elementor-top-section elementor-element elementor-element-f139e2c elementor-section-boxed elementor-section-height-default elementor-section-height-default\" data-id=\"f139e2c\" data-element_type=\"section\" data-e-type=\"section\">\n\t\t\t\t\t\t<div class=\"elementor-container elementor-column-gap-default\">\n\t\t\t\t\t<div class=\"elementor-column elementor-col-100 elementor-top-column elementor-element elementor-element-dce4cfb\" data-id=\"dce4cfb\" data-element_type=\"column\" data-e-type=\"column\">\n\t\t\t<div class=\"elementor-widget-wrap elementor-element-populated\">\n\t\t\t\t\t\t<div class=\"elementor-element elementor-element-43a9a0e elementor-widget elementor-widget-text-editor\" data-id=\"43a9a0e\" data-element_type=\"widget\" data-e-type=\"widget\" data-widget_type=\"text-editor.default\">\n\t\t\t\t<div class=\"elementor-widget-container\">\n\t\t\t\t\t\t\t\t\t<p>Vid\u00e9o issue du site de l&rsquo;onisep.<\/p><p><video controls=\"controls\" width=\"600\" height=\"300\">\n<source src=\"http:\/\/www.lyceecharlescoulomb.fr\/site\/wp-content\/uploads\/2021\/02\/Bac-pro-technicien-dusinage.mp4\" type=\"video\/mp4\" \/><\/video><\/p><p>\u00a0<\/p>\t\t\t\t\t\t\t\t<\/div>\n\t\t\t\t<\/div>\n\t\t\t\t\t<\/div>\n\t\t<\/div>\n\t\t\t\t\t<\/div>\n\t\t<\/section>\n\t\t\t\t<section class=\"elementor-section elementor-top-section elementor-element elementor-element-448385c9 elementor-section-boxed elementor-section-height-default elementor-section-height-default\" data-id=\"448385c9\" data-element_type=\"section\" data-e-type=\"section\">\n\t\t\t\t\t\t<div class=\"elementor-container elementor-column-gap-default\">\n\t\t\t\t\t<div class=\"elementor-column elementor-col-100 elementor-top-column elementor-element elementor-element-72420b7c\" data-id=\"72420b7c\" data-element_type=\"column\" data-e-type=\"column\">\n\t\t\t<div class=\"elementor-widget-wrap elementor-element-populated\">\n\t\t\t\t\t\t<div class=\"elementor-element elementor-element-54eb109b elementor-widget elementor-widget-heading\" data-id=\"54eb109b\" data-element_type=\"widget\" data-e-type=\"widget\" data-widget_type=\"heading.default\">\n\t\t\t\t<div class=\"elementor-widget-container\">\n\t\t\t\t\t<h2 class=\"elementor-heading-title elementor-size-default\">\nBAC PRO Technicien en R\u00e9alisation de Produits M\u00e9caniques<\/h2>\t\t\t\t<\/div>\n\t\t\t\t<\/div>\n\t\t\t\t<div class=\"elementor-element elementor-element-1675e63 elementor-tabs-view-horizontal elementor-widget elementor-widget-tabs\" data-id=\"1675e63\" data-element_type=\"widget\" data-e-type=\"widget\" data-widget_type=\"tabs.default\">\n\t\t\t\t<div class=\"elementor-widget-container\">\n\t\t\t\t\t\t\t<div class=\"elementor-tabs\">\n\t\t\t<div class=\"elementor-tabs-wrapper\" role=\"tablist\" >\n\t\t\t\t\t\t\t\t\t<div id=\"elementor-tab-title-2351\" class=\"elementor-tab-title elementor-tab-desktop-title\" aria-selected=\"true\" data-tab=\"1\" role=\"tab\" tabindex=\"0\" aria-controls=\"elementor-tab-content-2351\" aria-expanded=\"false\">Objectifs<\/div>\n\t\t\t\t\t\t\t\t\t<div id=\"elementor-tab-title-2352\" class=\"elementor-tab-title elementor-tab-desktop-title\" aria-selected=\"false\" data-tab=\"2\" role=\"tab\" tabindex=\"-1\" aria-controls=\"elementor-tab-content-2352\" aria-expanded=\"false\">Admission<\/div>\n\t\t\t\t\t\t\t\t\t<div id=\"elementor-tab-title-2353\" class=\"elementor-tab-title elementor-tab-desktop-title\" aria-selected=\"false\" data-tab=\"3\" role=\"tab\" tabindex=\"-1\" aria-controls=\"elementor-tab-content-2353\" aria-expanded=\"false\">Contenu<\/div>\n\t\t\t\t\t\t\t\t\t<div id=\"elementor-tab-title-2354\" class=\"elementor-tab-title elementor-tab-desktop-title\" aria-selected=\"false\" data-tab=\"4\" role=\"tab\" tabindex=\"-1\" aria-controls=\"elementor-tab-content-2354\" aria-expanded=\"false\">Apr\u00e8s le BAC<\/div>\n\t\t\t\t\t\t\t\t\t<div id=\"elementor-tab-title-2355\" class=\"elementor-tab-title elementor-tab-desktop-title\" aria-selected=\"false\" data-tab=\"5\" role=\"tab\" tabindex=\"-1\" aria-controls=\"elementor-tab-content-2355\" aria-expanded=\"false\">Onisep<\/div>\n\t\t\t\t\t\t\t<\/div>\n\t\t\t<div class=\"elementor-tabs-content-wrapper\" role=\"tablist\" aria-orientation=\"vertical\">\n\t\t\t\t\t\t\t\t\t<div class=\"elementor-tab-title elementor-tab-mobile-title\" aria-selected=\"true\" data-tab=\"1\" role=\"tab\" tabindex=\"0\" aria-controls=\"elementor-tab-content-2351\" aria-expanded=\"false\">Objectifs<\/div>\n\t\t\t\t\t<div id=\"elementor-tab-content-2351\" class=\"elementor-tab-content elementor-clearfix\" data-tab=\"1\" role=\"tabpanel\" aria-labelledby=\"elementor-tab-title-2351\" tabindex=\"0\" hidden=\"false\"><div id=\"CalqueOnglet1\"><p>Le titulaire du bac pro Technicien d\u2019Usinage doit ma\u00eetriser la mise en \u0153uvre de l&rsquo;usinage par enl\u00e8vement de mati\u00e8re, c\u2019est-\u00e0-dire la transformation d\u2019un bloc de mati\u00e8re en pi\u00e8ce m\u00e9canique.<\/p><p>Il doit savoir analyser l&rsquo;ensemble des donn\u00e9es techniques et utiliser la cha\u00eene des donn\u00e9es num\u00e9riques (conception assist\u00e9e par ordinateur, fabrication assist\u00e9e par ordinateur&#8230;) permettant la r\u00e9alisation d\u2019une pi\u00e8ce m\u00e9canique. Lors du lancement et du suivi de la production, il pr\u00e9pare les outils et les outillages et il con\u00e7oit un programme \u00e0 partir d&rsquo;une d\u00e9finition num\u00e9rique et \u00e0 l&rsquo;aide de logiciels de fabrication assist\u00e9e par ordinateur (Logiciel ESPRIT de DP Technology-<a href=\"http:\/\/www.espritcam.fr\" target=\"_blank\" rel=\"noopener\">www.espritcam.fr <\/a>) puis il effectue la simulation du programme et implante et transf\u00e8re les donn\u00e9es num\u00e9riques dans la machine.<img fetchpriority=\"high\" decoding=\"async\" class=\"size-full wp-image-1764 aligncenter\" src=\"http:\/\/www.lyceecharlescoulomb.fr\/site\/wp-content\/uploads\/2020\/02\/FAO-Esprit.jpg\" alt=\"\" width=\"385\" height=\"131\" srcset=\"http:\/\/www.lyceecharlescoulomb.fr\/site\/wp-content\/uploads\/2020\/02\/FAO-Esprit.jpg 385w, http:\/\/www.lyceecharlescoulomb.fr\/site\/wp-content\/uploads\/2020\/02\/FAO-Esprit-300x102.jpg 300w\" sizes=\"(max-width: 385px) 100vw, 385px\" \/><\/p><p>Il doit savoir r\u00e9gler et mettre en \u0153uvre le syst\u00e8me. Il choisit les mat\u00e9riels de mesure et de contr\u00f4le. Il installe et r\u00e8gle les outils et les outillages. Il r\u00e9alise les pi\u00e8ces dans le respect de la qualit\u00e9, des d\u00e9lais et des co\u00fbts. Il assure la maintenance de premier niveau de l&rsquo;ensemble du syst\u00e8me de production.<\/p><p>Le technicien travaille en \u00e9quipe et collabore avec les diff\u00e9rents services de l&rsquo;entreprise. Il doit poss\u00e9der des connaissances en gestion de production appliqu\u00e9es au contexte de l&rsquo;atelier.<\/p><\/div><\/div>\n\t\t\t\t\t\t\t\t\t<div class=\"elementor-tab-title elementor-tab-mobile-title\" aria-selected=\"false\" data-tab=\"2\" role=\"tab\" tabindex=\"-1\" aria-controls=\"elementor-tab-content-2352\" aria-expanded=\"false\">Admission<\/div>\n\t\t\t\t\t<div id=\"elementor-tab-content-2352\" class=\"elementor-tab-content elementor-clearfix\" data-tab=\"2\" role=\"tabpanel\" aria-labelledby=\"elementor-tab-title-2352\" tabindex=\"0\" hidden=\"hidden\"><p>L&rsquo;admission se fait \u00e0 l&rsquo;issue de la classe de 3\u00e8me apr\u00e8s :<\/p><ul><li>la <strong>d\u00e9cision d&rsquo;orientation<\/strong> favorable \u00e0 la seconde professionnelle, prononc\u00e9e par le conseil de classe du troisi\u00e8me trimestre,<\/li><li>et, apr\u00e8s la <strong>d\u00e9cision d&rsquo;affectation<\/strong> qui consiste \u00e0 \u00eatre admis dans un lyc\u00e9e professionnel.<\/li><\/ul><p>L&rsquo;affectation est le r\u00e9sultat d&rsquo;un processus de s\u00e9lection informatis\u00e9e bas\u00e9 sur trois crit\u00e8res :<\/p><ul><li>les r\u00e9sultats scolaires de l&rsquo;ann\u00e9e de troisi\u00e8me,<\/li><li>l&rsquo;avis du chef d&rsquo;\u00e9tablissement (coll\u00e8ge)<\/li><li>et les capacit\u00e9s prioritairement attendues pour la formation demand\u00e9e.<\/li><\/ul><p>L&rsquo;admission en lyc\u00e9e professionnel doit \u00eatre obligatoirement suivie d&rsquo;une inscription de l&rsquo;\u00e9l\u00e8ve (dans un d\u00e9lai de 8 jours maximum).<\/p><\/div>\n\t\t\t\t\t\t\t\t\t<div class=\"elementor-tab-title elementor-tab-mobile-title\" aria-selected=\"false\" data-tab=\"3\" role=\"tab\" tabindex=\"-1\" aria-controls=\"elementor-tab-content-2353\" aria-expanded=\"false\">Contenu<\/div>\n\t\t\t\t\t<div id=\"elementor-tab-content-2353\" class=\"elementor-tab-content elementor-clearfix\" data-tab=\"3\" role=\"tabpanel\" aria-labelledby=\"elementor-tab-title-2353\" tabindex=\"0\" hidden=\"hidden\"><div id=\"CalqueOnglet3\"><p>Durant les trois ann\u00e9es de formation, les \u00e9l\u00e8ves recevront, des enseignements g\u00e9n\u00e9raux (lettres, langue vivante, math\u00e9matiques, etc.) et un enseignement professionnel de 12 heures 30 par semaine. Les activit\u00e9s professionnelles sont d\u00e9velopp\u00e9es autour de produits industriels issus de diff\u00e9rents secteurs de l\u2019industrie (a\u00e9ronautique, automobile, m\u00e9dicale, \u2026).<br \/>Progressivement l\u2019\u00e9l\u00e8ve abordera les diff\u00e9rentes \u00e9tapes de la mise en \u0153uvre d\u2019une production sur Machines-Outils\u00a0:<\/p><ul><li><strong>Pr\u00e9parer<\/strong> la production\u00a0: dans la salle de pr\u00e9paration, \u00e0 l\u2019aide de logiciels d\u2019aide aux choix technologiques et d\u2019un logiciel de CFAO l\u2019\u00e9l\u00e8ve \u00e9laborera le dossier de fabrication du produit.<\/li><li><strong>Lancer<\/strong> la production\u00a0: dans l\u2019atelier de production, l\u2019\u00e9l\u00e8ve devra pr\u00e9parer les outils, les outillages, la machine-outil, conduire l\u2019usinage de la pr\u00e9s\u00e9rie, puis r\u00e9aliser le contr\u00f4le de la pi\u00e8ce.<\/li><li><strong>Contr\u00f4ler<\/strong> la production\u00a0: dans la salle de m\u00e9trologie, l\u2019\u00e9l\u00e8ve devra v\u00e9rifier la production r\u00e9alis\u00e9e \u00e0 l\u2019aide de diff\u00e9rents mat\u00e9riels (Marbre, Machine \u00e0 mesurer tridimensionnelle, colonne de mesure, etc. \u2026)<\/li><\/ul><p>Durant les trois ann\u00e9es de formation, l\u2019\u00e9l\u00e8ve devra \u00e9galement effectuer une p\u00e9riode de formation en milieu professionnel (PFMP) d\u2019une dur\u00e9e totale de 22 semaines et dont l\u2019\u00e9valuation (par le tuteur et l\u2019enseignant) est prise en compte pour la validation du dipl\u00f4me.<\/p><p>En cours de cursus, les \u00e9l\u00e8ves pourront \u00e9galement pr\u00e9senter un dipl\u00f4me de niveau V (BEP Production M\u00e9canique), ce dipl\u00f4me comme le Bac Pro, \u00e9tant \u00e9valu\u00e9 pour partie en CCF (Contr\u00f4le en Cours de Formation) et pour partie en \u00e9preuves ponctuelles en fin d\u2019ann\u00e9e.<\/p><\/div><\/div>\n\t\t\t\t\t\t\t\t\t<div class=\"elementor-tab-title elementor-tab-mobile-title\" aria-selected=\"false\" data-tab=\"4\" role=\"tab\" tabindex=\"-1\" aria-controls=\"elementor-tab-content-2354\" aria-expanded=\"false\">Apr\u00e8s le BAC<\/div>\n\t\t\t\t\t<div id=\"elementor-tab-content-2354\" class=\"elementor-tab-content elementor-clearfix\" data-tab=\"4\" role=\"tabpanel\" aria-labelledby=\"elementor-tab-title-2354\" tabindex=\"0\" hidden=\"hidden\"><div id=\"CalqueOnglet4\"><p>Op\u00e9rateur : Vid\u00e9o issue du site de l&rsquo;Onisep.<\/p><p><video controls=\"controls\" width=\"600\" height=\"300\">\n<source src=\"http:\/\/www.lyceecharlescoulomb.fr\/site\/videos\/2021\/op\u00e9rateur op\u00e9ratrice sur machine \u00e0 commande num\u00e9rique - Onis.mp4\" type=\"video\/mp4\" \/><\/video><\/p><p>R\u00e9gleur : Vid\u00e9o issue du site de l&rsquo;Onisep.<\/p><p><video controls=\"controls\" width=\"600\" height=\"300\">\n<source src=\"http:\/\/www.lyceecharlescoulomb.fr\/site\/videos\/2021\/r\u00e9gleur r\u00e9gleuse - Onisep.mp4\" type=\"video\/mp4\" \/><\/video><\/p><p>\u00a0<\/p><p>Apr\u00e8s le Bac Pro Technicien d\u2019Usinage, les \u00e9l\u00e8ves peuvent choisir l\u2019entr\u00e9e dans la vie active en tant que\u00a0:<\/p><ul><li>Op\u00e9rateur r\u00e9gleur d\u2019usinage sur Machines \u00e0 Commandes Num\u00e9riques<\/li><li>Op\u00e9rateur en M\u00e9trologie<\/li><li>Technicien Projeteur<\/li><\/ul><p>Ils pourront \u00e9galement opter pour une poursuite d\u2019\u00e9tude dans les formations suivantes\u00a0:<\/p><ul><li>BTS Industrialisation des Produits M\u00e9caniques<\/li><li>BTS Conception de Produits Industriels<\/li><li>BTS Etude et R\u00e9alisation d\u2019Outillage de mise en forme des mat\u00e9riaux<\/li><li>BTS Assistant Technique d\u2019Ing\u00e9nieur<\/li><li>DUT G\u00e9nie M\u00e9canique et Productique<\/li><li>DUT Qualit\u00e9, Logistique Industrielle et Organisation<\/li><li>Diverses mentions compl\u00e9mentaires industrielles<\/li><\/ul><\/div><\/div>\n\t\t\t\t\t\t\t\t\t<div class=\"elementor-tab-title elementor-tab-mobile-title\" aria-selected=\"false\" data-tab=\"5\" role=\"tab\" tabindex=\"-1\" aria-controls=\"elementor-tab-content-2355\" aria-expanded=\"false\">Onisep<\/div>\n\t\t\t\t\t<div id=\"elementor-tab-content-2355\" class=\"elementor-tab-content elementor-clearfix\" data-tab=\"5\" role=\"tabpanel\" aria-labelledby=\"elementor-tab-title-2355\" tabindex=\"0\" hidden=\"hidden\"><p><a href=\"https:\/\/www.onisep.fr\/ressources\/structures-enseignement\/centre-val-de-loire\/loiret\/pole-formation-uimm-cfai-centre-val-de-loire-orleans\/bac-pro-technicien-en-realisation-de-produits-mecaniques-option-realisation-et-maintenance-des-outillages\" target=\"_blank\" rel=\"noopener\">https:\/\/www.onisep.fr\/ressources\/structures-enseignement\/centre-val-de-loire\/loiret\/pole-formation-uimm-cfai-centre-val-de-loire-orleans\/bac-pro-technicien-en-realisation-de-produits-mecaniques-option-realisation-et-maintenance-des-outillages<\/a><\/p><\/div>\n\t\t\t\t\t\t\t<\/div>\n\t\t<\/div>\n\t\t\t\t\t\t<\/div>\n\t\t\t\t<\/div>\n\t\t\t\t<div class=\"elementor-element elementor-element-ee15349 elementor-widget elementor-widget-image\" data-id=\"ee15349\" data-element_type=\"widget\" data-e-type=\"widget\" data-widget_type=\"image.default\">\n\t\t\t\t<div class=\"elementor-widget-container\">\n\t\t\t\t\t\t\t\t\t\t\t\t<figure class=\"wp-caption\">\n\t\t\t\t\t\t\t\t\t\t\t<a href=\"http:\/\/www.lyceecharlescoulomb.fr\/site\/wp-content\/uploads\/2022\/01\/Plaquette-BP-TU-modifiee-2021-2022.pdf\" target=\"_blank\">\n\t\t\t\t\t\t\t<img decoding=\"async\" width=\"595\" height=\"842\" src=\"https:\/\/www.lyceecharlescoulomb.fr\/site\/wp-content\/uploads\/2022\/01\/Plaquette-BP-TU-modifiee-2021-2022.png\" class=\"attachment-medium_large size-medium_large wp-image-3551\" alt=\"\" srcset=\"https:\/\/www.lyceecharlescoulomb.fr\/site\/wp-content\/uploads\/2022\/01\/Plaquette-BP-TU-modifiee-2021-2022.png 595w, https:\/\/www.lyceecharlescoulomb.fr\/site\/wp-content\/uploads\/2022\/01\/Plaquette-BP-TU-modifiee-2021-2022-212x300.png 212w\" sizes=\"(max-width: 595px) 100vw, 595px\" \/>\t\t\t\t\t\t\t\t<\/a>\n\t\t\t\t\t\t\t\t\t\t\t<figcaption class=\"widget-image-caption wp-caption-text\"><strong>Plaquette t\u00e9l\u00e9chargeable en cliquant sur l'image<\/strong><\/figcaption>\n\t\t\t\t\t\t\t\t\t\t<\/figure>\n\t\t\t\t\t\t\t\t\t<\/div>\n\t\t\t\t<\/div>\n\t\t\t\t\t<\/div>\n\t\t<\/div>\n\t\t\t\t\t<\/div>\n\t\t<\/section>\n\t\t\t\t<\/div>\n\t\t","protected":false},"excerpt":{"rendered":"<p>Vid\u00e9o issue du site de l&rsquo;onisep. \u00a0 BAC PRO Technicien en R\u00e9alisation de Produits M\u00e9caniques Objectifs Admission Contenu Apr\u00e8s le BAC Onisep Objectifs Le titulaire du bac pro Technicien d\u2019Usinage [&hellip;]<\/p>\n","protected":false},"author":9,"featured_media":0,"parent":1179,"menu_order":3,"comment_status":"closed","ping_status":"closed","template":"","meta":{"ocean_post_layout":"","ocean_both_sidebars_style":"","ocean_both_sidebars_content_width":0,"ocean_both_sidebars_sidebars_width":0,"ocean_sidebar":"0","ocean_second_sidebar":"0","ocean_disable_margins":"enable","ocean_add_body_class":"","ocean_shortcode_before_top_bar":"","ocean_shortcode_after_top_bar":"","ocean_shortcode_before_header":"","ocean_shortcode_after_header":"","ocean_has_shortcode":"","ocean_shortcode_after_title":"","ocean_shortcode_before_footer_widgets":"","ocean_shortcode_after_footer_widgets":"","ocean_shortcode_before_footer_bottom":"","ocean_shortcode_after_footer_bottom":"","ocean_display_top_bar":"default","ocean_display_header":"default","ocean_header_style":"","ocean_center_header_left_menu":"0","ocean_custom_header_template":"0","ocean_custom_logo":0,"ocean_custom_retina_logo":0,"ocean_custom_logo_max_width":0,"ocean_custom_logo_tablet_max_width":0,"ocean_custom_logo_mobile_max_width":0,"ocean_custom_logo_max_height":0,"ocean_custom_logo_tablet_max_height":0,"ocean_custom_logo_mobile_max_height":0,"ocean_header_custom_menu":"0","ocean_menu_typo_font_family":"0","ocean_menu_typo_font_subset":"","ocean_menu_typo_font_size":0,"ocean_menu_typo_font_size_tablet":0,"ocean_menu_typo_font_size_mobile":0,"ocean_menu_typo_font_size_unit":"px","ocean_menu_typo_font_weight":"","ocean_menu_typo_font_weight_tablet":"","ocean_menu_typo_font_weight_mobile":"","ocean_menu_typo_transform":"","ocean_menu_typo_transform_tablet":"","ocean_menu_typo_transform_mobile":"","ocean_menu_typo_line_height":0,"ocean_menu_typo_line_height_tablet":0,"ocean_menu_typo_line_height_mobile":0,"ocean_menu_typo_line_height_unit":"","ocean_menu_typo_spacing":0,"ocean_menu_typo_spacing_tablet":0,"ocean_menu_typo_spacing_mobile":0,"ocean_menu_typo_spacing_unit":"","ocean_menu_link_color":"","ocean_menu_link_color_hover":"","ocean_menu_link_color_active":"","ocean_menu_link_background":"","ocean_menu_link_hover_background":"","ocean_menu_link_active_background":"","ocean_menu_social_links_bg":"","ocean_menu_social_hover_links_bg":"","ocean_menu_social_links_color":"","ocean_menu_social_hover_links_color":"","ocean_disable_title":"default","ocean_disable_heading":"default","ocean_post_title":"","ocean_post_subheading":"","ocean_post_title_style":"","ocean_post_title_background_color":"","ocean_post_title_background":0,"ocean_post_title_bg_image_position":"","ocean_post_title_bg_image_attachment":"","ocean_post_title_bg_image_repeat":"","ocean_post_title_bg_image_size":"","ocean_post_title_height":0,"ocean_post_title_bg_overlay":0.5,"ocean_post_title_bg_overlay_color":"","ocean_disable_breadcrumbs":"default","ocean_breadcrumbs_color":"","ocean_breadcrumbs_separator_color":"","ocean_breadcrumbs_links_color":"","ocean_breadcrumbs_links_hover_color":"","ocean_display_footer_widgets":"default","ocean_display_footer_bottom":"default","ocean_custom_footer_template":"0","footnotes":""},"class_list":["post-571","page","type-page","status-publish","hentry","entry"],"_links":{"self":[{"href":"http:\/\/www.lyceecharlescoulomb.fr\/site\/index.php?rest_route=\/wp\/v2\/pages\/571","targetHints":{"allow":["GET"]}}],"collection":[{"href":"http:\/\/www.lyceecharlescoulomb.fr\/site\/index.php?rest_route=\/wp\/v2\/pages"}],"about":[{"href":"http:\/\/www.lyceecharlescoulomb.fr\/site\/index.php?rest_route=\/wp\/v2\/types\/page"}],"author":[{"embeddable":true,"href":"http:\/\/www.lyceecharlescoulomb.fr\/site\/index.php?rest_route=\/wp\/v2\/users\/9"}],"replies":[{"embeddable":true,"href":"http:\/\/www.lyceecharlescoulomb.fr\/site\/index.php?rest_route=%2Fwp%2Fv2%2Fcomments&post=571"}],"version-history":[{"count":62,"href":"http:\/\/www.lyceecharlescoulomb.fr\/site\/index.php?rest_route=\/wp\/v2\/pages\/571\/revisions"}],"predecessor-version":[{"id":6165,"href":"http:\/\/www.lyceecharlescoulomb.fr\/site\/index.php?rest_route=\/wp\/v2\/pages\/571\/revisions\/6165"}],"up":[{"embeddable":true,"href":"http:\/\/www.lyceecharlescoulomb.fr\/site\/index.php?rest_route=\/wp\/v2\/pages\/1179"}],"wp:attachment":[{"href":"http:\/\/www.lyceecharlescoulomb.fr\/site\/index.php?rest_route=%2Fwp%2Fv2%2Fmedia&parent=571"}],"curies":[{"name":"wp","href":"https:\/\/api.w.org\/{rel}","templated":true}]}}