{"id":756,"date":"2019-10-20T14:38:49","date_gmt":"2019-10-20T12:38:49","guid":{"rendered":"http:\/\/www.lyceecharlescoulomb.fr\/site\/?page_id=756"},"modified":"2022-01-30T15:43:37","modified_gmt":"2022-01-30T14:43:37","slug":"sti2d","status":"publish","type":"page","link":"http:\/\/www.lyceecharlescoulomb.fr\/site\/?page_id=756","title":{"rendered":"Sciences et technologies de l&rsquo;industrie et du d\u00e9veloppement durable (STI2D)"},"content":{"rendered":"\t\t<div data-elementor-type=\"wp-page\" data-elementor-id=\"756\" class=\"elementor elementor-756\">\n\t\t\t\t\t\t<section class=\"elementor-section elementor-top-section elementor-element elementor-element-687531b elementor-section-boxed elementor-section-height-default elementor-section-height-default\" data-id=\"687531b\" data-element_type=\"section\" data-e-type=\"section\">\n\t\t\t\t\t\t<div class=\"elementor-container elementor-column-gap-default\">\n\t\t\t\t\t<div class=\"elementor-column elementor-col-100 elementor-top-column elementor-element elementor-element-3120933\" data-id=\"3120933\" data-element_type=\"column\" data-e-type=\"column\">\n\t\t\t<div class=\"elementor-widget-wrap elementor-element-populated\">\n\t\t\t\t\t\t<div class=\"elementor-element elementor-element-4da81f0 elementor-widget elementor-widget-text-editor\" data-id=\"4da81f0\" data-element_type=\"widget\" data-e-type=\"widget\" data-widget_type=\"text-editor.default\">\n\t\t\t\t<div class=\"elementor-widget-container\">\n\t\t\t\t\t\t\t\t\tVid\u00e9o de pr\u00e9sentation :\t\t\t\t\t\t\t\t<\/div>\n\t\t\t\t<\/div>\n\t\t\t\t<div class=\"elementor-element elementor-element-a92b4b0 elementor-widget elementor-widget-video\" data-id=\"a92b4b0\" data-element_type=\"widget\" data-e-type=\"widget\" data-settings=\"{&quot;youtube_url&quot;:&quot;https:\\\/\\\/www.youtube.com\\\/watch?v=eV5IEPgOeBI&amp;list=PLl9So9TbGHdvVkrSOxnslx8g9uDSLhVZv&quot;,&quot;video_type&quot;:&quot;youtube&quot;,&quot;controls&quot;:&quot;yes&quot;}\" data-widget_type=\"video.default\">\n\t\t\t\t<div class=\"elementor-widget-container\">\n\t\t\t\t\t\t\t<div class=\"elementor-wrapper elementor-open-inline\">\n\t\t\t<div class=\"elementor-video\"><\/div>\t\t<\/div>\n\t\t\t\t\t\t<\/div>\n\t\t\t\t<\/div>\n\t\t\t\t\t<\/div>\n\t\t<\/div>\n\t\t\t\t\t<\/div>\n\t\t<\/section>\n\t\t\t\t<section class=\"elementor-section elementor-top-section elementor-element elementor-element-69c20ca elementor-section-boxed elementor-section-height-default elementor-section-height-default\" data-id=\"69c20ca\" data-element_type=\"section\" data-e-type=\"section\">\n\t\t\t\t\t\t<div class=\"elementor-container elementor-column-gap-default\">\n\t\t\t\t\t<div class=\"elementor-column elementor-col-100 elementor-top-column elementor-element elementor-element-ab9c44d\" data-id=\"ab9c44d\" data-element_type=\"column\" data-e-type=\"column\">\n\t\t\t<div class=\"elementor-widget-wrap elementor-element-populated\">\n\t\t\t\t\t\t<div class=\"elementor-element elementor-element-e544dee elementor-tabs-view-horizontal elementor-widget elementor-widget-tabs\" data-id=\"e544dee\" data-element_type=\"widget\" data-e-type=\"widget\" data-widget_type=\"tabs.default\">\n\t\t\t\t<div class=\"elementor-widget-container\">\n\t\t\t\t\t\t\t<div class=\"elementor-tabs\">\n\t\t\t<div class=\"elementor-tabs-wrapper\" role=\"tablist\" >\n\t\t\t\t\t\t\t\t\t<div id=\"elementor-tab-title-2401\" class=\"elementor-tab-title elementor-tab-desktop-title\" aria-selected=\"true\" data-tab=\"1\" role=\"tab\" tabindex=\"0\" aria-controls=\"elementor-tab-content-2401\" aria-expanded=\"false\">Enseignements<\/div>\n\t\t\t\t\t\t\t\t\t<div id=\"elementor-tab-title-2402\" class=\"elementor-tab-title elementor-tab-desktop-title\" aria-selected=\"false\" data-tab=\"2\" role=\"tab\" tabindex=\"-1\" aria-controls=\"elementor-tab-content-2402\" aria-expanded=\"false\">Innovation et industrie<\/div>\n\t\t\t\t\t\t\t\t\t<div id=\"elementor-tab-title-2403\" class=\"elementor-tab-title elementor-tab-desktop-title\" aria-selected=\"false\" data-tab=\"3\" role=\"tab\" tabindex=\"-1\" aria-controls=\"elementor-tab-content-2403\" aria-expanded=\"false\">P\u00e9dagogie<\/div>\n\t\t\t\t\t\t\t\t\t<div id=\"elementor-tab-title-2404\" class=\"elementor-tab-title elementor-tab-desktop-title\" aria-selected=\"false\" data-tab=\"4\" role=\"tab\" tabindex=\"-1\" aria-controls=\"elementor-tab-content-2404\" aria-expanded=\"false\">Projets<\/div>\n\t\t\t\t\t\t\t\t\t<div id=\"elementor-tab-title-2405\" class=\"elementor-tab-title elementor-tab-desktop-title\" aria-selected=\"false\" data-tab=\"5\" role=\"tab\" tabindex=\"-1\" aria-controls=\"elementor-tab-content-2405\" aria-expanded=\"false\">Une s\u00e9rie f\u00e9minine<\/div>\n\t\t\t\t\t\t\t<\/div>\n\t\t\t<div class=\"elementor-tabs-content-wrapper\" role=\"tablist\" aria-orientation=\"vertical\">\n\t\t\t\t\t\t\t\t\t<div class=\"elementor-tab-title elementor-tab-mobile-title\" aria-selected=\"true\" data-tab=\"1\" role=\"tab\" tabindex=\"0\" aria-controls=\"elementor-tab-content-2401\" aria-expanded=\"false\">Enseignements<\/div>\n\t\t\t\t\t<div id=\"elementor-tab-content-2401\" class=\"elementor-tab-content elementor-clearfix\" data-tab=\"1\" role=\"tabpanel\" aria-labelledby=\"elementor-tab-title-2401\" tabindex=\"0\" hidden=\"false\"><video controls=\"controls\" width=\"600\" height=\"300\">\n<source src=\"http:\/\/www.lyceecharlescoulomb.fr\/site\/videos\/2021\/Sti2d\/Enseignements.mp4\" type=\"video\/mp4\" \/><\/video><\/div>\n\t\t\t\t\t\t\t\t\t<div class=\"elementor-tab-title elementor-tab-mobile-title\" aria-selected=\"false\" data-tab=\"2\" role=\"tab\" tabindex=\"-1\" aria-controls=\"elementor-tab-content-2402\" aria-expanded=\"false\">Innovation et industrie<\/div>\n\t\t\t\t\t<div id=\"elementor-tab-content-2402\" class=\"elementor-tab-content elementor-clearfix\" data-tab=\"2\" role=\"tabpanel\" aria-labelledby=\"elementor-tab-title-2402\" tabindex=\"0\" hidden=\"hidden\"><video controls=\"controls\" width=\"600\" height=\"300\">\n<source src=\"http:\/\/www.lyceecharlescoulomb.fr\/site\/videos\/2021\/Sti2d\/Innovation et industrie.mp4\" type=\"video\/mp4\" \/><\/video><\/div>\n\t\t\t\t\t\t\t\t\t<div class=\"elementor-tab-title elementor-tab-mobile-title\" aria-selected=\"false\" data-tab=\"3\" role=\"tab\" tabindex=\"-1\" aria-controls=\"elementor-tab-content-2403\" aria-expanded=\"false\">P\u00e9dagogie<\/div>\n\t\t\t\t\t<div id=\"elementor-tab-content-2403\" class=\"elementor-tab-content elementor-clearfix\" data-tab=\"3\" role=\"tabpanel\" aria-labelledby=\"elementor-tab-title-2403\" tabindex=\"0\" hidden=\"hidden\"><video controls=\"controls\" width=\"600\" height=\"300\">\n<source src=\"http:\/\/www.lyceecharlescoulomb.fr\/site\/videos\/2021\/Sti2d\/P\u00e9dagogie.mp4\" type=\"video\/mp4\" \/><\/video><\/div>\n\t\t\t\t\t\t\t\t\t<div class=\"elementor-tab-title elementor-tab-mobile-title\" aria-selected=\"false\" data-tab=\"4\" role=\"tab\" tabindex=\"-1\" aria-controls=\"elementor-tab-content-2404\" aria-expanded=\"false\">Projets<\/div>\n\t\t\t\t\t<div id=\"elementor-tab-content-2404\" class=\"elementor-tab-content elementor-clearfix\" data-tab=\"4\" role=\"tabpanel\" aria-labelledby=\"elementor-tab-title-2404\" tabindex=\"0\" hidden=\"hidden\"><video controls=\"controls\" width=\"600\" height=\"300\">\n<source src=\"http:\/\/www.lyceecharlescoulomb.fr\/site\/videos\/2021\/Sti2d\/Projets.mp4\" type=\"video\/mp4\" \/><\/video><\/div>\n\t\t\t\t\t\t\t\t\t<div class=\"elementor-tab-title elementor-tab-mobile-title\" aria-selected=\"false\" data-tab=\"5\" role=\"tab\" tabindex=\"-1\" aria-controls=\"elementor-tab-content-2405\" aria-expanded=\"false\">Une s\u00e9rie f\u00e9minine<\/div>\n\t\t\t\t\t<div id=\"elementor-tab-content-2405\" class=\"elementor-tab-content elementor-clearfix\" data-tab=\"5\" role=\"tabpanel\" aria-labelledby=\"elementor-tab-title-2405\" tabindex=\"0\" hidden=\"hidden\"><video controls=\"controls\" width=\"600\" height=\"300\">\n<source src=\"http:\/\/www.lyceecharlescoulomb.fr\/site\/videos\/2021\/Sti2d\/Une s\u00e9rie f\u00e9minine.mp4\" type=\"video\/mp4\" \/><\/video><\/div>\n\t\t\t\t\t\t\t<\/div>\n\t\t<\/div>\n\t\t\t\t\t\t<\/div>\n\t\t\t\t<\/div>\n\t\t\t\t\t<\/div>\n\t\t<\/div>\n\t\t\t\t\t<\/div>\n\t\t<\/section>\n\t\t\t\t<section class=\"elementor-section elementor-top-section elementor-element elementor-element-24a0c03 elementor-section-boxed elementor-section-height-default elementor-section-height-default\" data-id=\"24a0c03\" data-element_type=\"section\" data-e-type=\"section\">\n\t\t\t\t\t\t<div class=\"elementor-container elementor-column-gap-default\">\n\t\t\t\t\t<div class=\"elementor-column elementor-col-100 elementor-top-column elementor-element elementor-element-5b7be10\" data-id=\"5b7be10\" data-element_type=\"column\" data-e-type=\"column\">\n\t\t\t<div class=\"elementor-widget-wrap elementor-element-populated\">\n\t\t\t\t\t\t<div class=\"elementor-element elementor-element-33b2c1f elementor-widget elementor-widget-text-editor\" data-id=\"33b2c1f\" data-element_type=\"widget\" data-e-type=\"widget\" data-widget_type=\"text-editor.default\">\n\t\t\t\t<div class=\"elementor-widget-container\">\n\t\t\t\t\t\t\t\t\t<h2><span style=\"color: #962b25;\">Objectifs<\/span><\/h2><p>Le baccalaur\u00e9at STI2D pr\u00e9pare les \u00e9l\u00e8ves \u00e0 la poursuite d&rsquo;\u00e9tudes sup\u00e9rieures dans les domaines scientifiques et technologiques.<br \/>L&rsquo;enseignement g\u00e9n\u00e9ral apporte un solide socle de connaissances dans les domaines scientifique, litt\u00e9raire et linguistique.<br \/>L&rsquo;enseignement technologique, quant \u00e0 lui, privil\u00e9gie l&rsquo;analyse, l&rsquo;exp\u00e9rimentation et la manipulation de syst\u00e8mes techniques r\u00e9els et actuels tout en int\u00e9grant les notions li\u00e9es au d\u00e9veloppement durable.<\/p><h2><span style=\"color: #962b25;\">Contenu<\/span><\/h2><p>La s\u00e9rie Sciences et Technologies de l&rsquo;Industrie et du D\u00e9veloppement Durable se compose de deux sp\u00e9cialit\u00e9s en premi\u00e8re, qui fusionnent en terminale pour conduire \u00e0 la sp\u00e9cialit\u00e9 \u00ab ing\u00e9nierie, innovation et d\u00e9veloppement durable \u00bb.<br \/>Trois dimensions constituent le socle des enseignements technologiques :<\/p><p><img decoding=\"async\" class=\"aligncenter\" src=\"http:\/\/www.lyceecharlescoulomb.fr\/site\/wp-content\/uploads\/2019\/11\/sti2d.png\" alt=\"\" \/><\/p><p>Cette formation permet de faire vivre aux \u00e9l\u00e8ves les principales \u00e9tapes d&rsquo;un projet technologique pluridisciplinaire permettant de :<br \/>~ favoriser le travail en \u00e9quipe,<br \/>~ s&rsquo;inspirer et mettre en place des d\u00e9marches de projets men\u00e9es dans l&rsquo;industrie,<br \/>~ effectuer des recherches et des exp\u00e9rimentations en autonomie,<br \/>~ concevoir\/am\u00e9liorer un produit,<br \/>~ apprendre, s&rsquo;approprier des savoirs dans un but concret,<br \/>~ cr\u00e9er, r\u00e9aliser un prototype,<br \/>~ communiquer.<\/p><h2><span style=\"color: #962b25;\">L&rsquo;enseignement de sp\u00e9cialit\u00e9 \u00ab innovation technologique \u00bb<\/span> propos\u00e9 en<br \/>classe de premi\u00e8re.<\/h2><p><img fetchpriority=\"high\" decoding=\"async\" class=\"aligncenter\" src=\"http:\/\/www.lyceecharlescoulomb.fr\/site\/wp-content\/uploads\/2019\/11\/main.png\" alt=\"\" width=\"426\" height=\"337\" \/><\/p><p>Dans cet enseignement fond\u00e9 sur la cr\u00e9ativit\u00e9, l&rsquo;approche design et innovation permet d&rsquo;identifier et d&rsquo;approfondir des possibilit\u00e9s de r\u00e9ponse \u00e0 un besoin, sans pr\u00e9juger d&rsquo;une solution unique.<br \/>Il s&rsquo;agit de d\u00e9velopper l&rsquo;esprit critique et de travailler en groupe, de mani\u00e8re collaborative, \u00e0 l&rsquo;\u00e9mergence et la s\u00e9lection d&rsquo;id\u00e9es.<\/p><h2><span style=\"color: #962b25;\">L&rsquo;enseignement de sp\u00e9cialit\u00e9 \u00ab lngenierie et d\u00e9veloppement durable \u00bb<\/span> propos\u00e9 en classe de premi\u00e8re.<\/h2><p>L&rsquo;\u00e9mergence d&rsquo;attentes complexes de la soci\u00e9t\u00e9 concernant le d\u00e9veloppement durable, le besoin de performances et la responsabilit\u00e9 soci\u00e9tale des entreprises dans le d\u00e9ploiement de nouvelles technologies doit se traduire dans la nature des comp\u00e9tences \u00e0 faire acqu\u00e9rir aux \u00e9l\u00e8ves.<br \/>Toute r\u00e9alisation de produit doit int\u00e9grer les contraintes techniques, \u00e9conomiques et environnementales.<br \/>Cela implique la prise en compte du triptyque<br \/>\u00ab Mati\u00e8re &#8211; \u00c9nergie &#8211; Information \u00bb<br \/>dans une d\u00e9marche d&rsquo;\u00e9co-conception incluant une r\u00e9flexion sur les grandes questions de soci\u00e9t\u00e9 :<\/p><p>&#8211; l&rsquo;utilisation de mat\u00e9riaux pour cr\u00e9er ou modifier la structure physique d&rsquo;un produit,<\/p><p>&#8211; l&rsquo;utilisation de l&rsquo;\u00e9nergie disponible au sein des produits et, plus globalement, dans notre espace de vie,<\/p><p>&#8211; la ma\u00eetrise du flux d&rsquo;informations en vue de son traitement et de son exploitation.<\/p><h2><span style=\"color: #962b25;\"> L&rsquo; enseignement de sp\u00e9cialit\u00e9 \u00ab ing\u00e9nierie, innovation et d\u00e9veloppement durable \u00bb <span style=\"color: #000000;\">propos\u00e9 en classe terminale.<\/span><\/span><\/h2><p>Cette sp\u00e9cialit\u00e9 r\u00e9sulte de la fusion des sp\u00e9cialit\u00e9s de premi\u00e8re et introduit des enseignements sp\u00e9cifiques d&rsquo;application. Le programme comprend ainsi des connaissances communes et des connaissances propres \u00e0 chacun des champs sp\u00e9cifiques : Architecture et Construction (AC), Energie et Environnement (EE), Innovation Technologique et Eco-Conception (ITEC), Syst\u00e8mes d&rsquo;Information et Num\u00e9rique (SIN).<\/p><p>Le programme vise l&rsquo;acquisition de comp\u00e9tences de conception, d&rsquo;exp\u00e9rimentation, de dimensionnement et de r\u00e9alisation de prototypes dans leur champ technique propre selon des degr\u00e9s de complexit\u00e9 adapt\u00e9s \u00e0 la classe terminale.<br \/>La mise en oeuvre associe \u00e9troitement :<\/p><p>&#8211; l&rsquo;observation du fonctionnement et des solutions constructives d&rsquo;un produit.<\/p><p>&#8211; l&rsquo;exp\u00e9rimentation et la simulation de tout ou partie du produit.<\/p><p>&#8211; le raisonnement th\u00e9orique n\u00e9cessaire pour interpr\u00e9ter des r\u00e9sultats.<\/p><h2><span style=\"color: #962b25;\">Section Europ\u00e9enne<br \/><\/span>Pr\u00e9sentation de la section euro : <a href=\"http:\/\/www.lyceecharlescoulomb.fr\/site\/?page_id=791\" target=\"_blank\" rel=\"noopener\">http:\/\/www.lyceecharlescoulomb.fr\/site\/?page_id=791<\/a><\/h2><p><a href=\"http:\/\/www.lyceecharlescoulomb.fr\/site\/wp-content\/uploads\/2022\/01\/Plaquette-Bac-STI2D.pdf\" target=\"_blank\" rel=\"noopener\"><img decoding=\"async\" class=\"aligncenter size-medium wp-image-3658\" src=\"http:\/\/www.lyceecharlescoulomb.fr\/site\/wp-content\/uploads\/2022\/01\/Plaquette-Bac-STI2D-212x300.png\" alt=\"\" width=\"212\" height=\"300\" srcset=\"http:\/\/www.lyceecharlescoulomb.fr\/site\/wp-content\/uploads\/2022\/01\/Plaquette-Bac-STI2D-212x300.png 212w, http:\/\/www.lyceecharlescoulomb.fr\/site\/wp-content\/uploads\/2022\/01\/Plaquette-Bac-STI2D-724x1024.png 724w, http:\/\/www.lyceecharlescoulomb.fr\/site\/wp-content\/uploads\/2022\/01\/Plaquette-Bac-STI2D-768x1087.png 768w, http:\/\/www.lyceecharlescoulomb.fr\/site\/wp-content\/uploads\/2022\/01\/Plaquette-Bac-STI2D.png 826w\" sizes=\"(max-width: 212px) 100vw, 212px\" \/><\/a><\/p>\t\t\t\t\t\t\t\t<\/div>\n\t\t\t\t<\/div>\n\t\t\t\t\t<\/div>\n\t\t<\/div>\n\t\t\t\t\t<\/div>\n\t\t<\/section>\n\t\t\t\t<\/div>\n\t\t","protected":false},"excerpt":{"rendered":"<p>Vid\u00e9o de pr\u00e9sentation :https:\/\/www.youtube.com\/watch?v=eV5IEPgOeBI&#038;list=PLl9So9TbGHdvVkrSOxnslx8g9uDSLhVZv Enseignements Innovation et industrie P\u00e9dagogie Projets Une s\u00e9rie f\u00e9minine Enseignements Innovation et industrie P\u00e9dagogie Projets Une s\u00e9rie f\u00e9minine Objectifs Le baccalaur\u00e9at STI2D pr\u00e9pare les \u00e9l\u00e8ves \u00e0 [&hellip;]<\/p>\n","protected":false},"author":1,"featured_media":0,"parent":741,"menu_order":3,"comment_status":"closed","ping_status":"closed","template":"","meta":{"ocean_post_layout":"","ocean_both_sidebars_style":"","ocean_both_sidebars_content_width":0,"ocean_both_sidebars_sidebars_width":0,"ocean_sidebar":"0","ocean_second_sidebar":"0","ocean_disable_margins":"enable","ocean_add_body_class":"","ocean_shortcode_before_top_bar":"","ocean_shortcode_after_top_bar":"","ocean_shortcode_before_header":"","ocean_shortcode_after_header":"","ocean_has_shortcode":"","ocean_shortcode_after_title":"","ocean_shortcode_before_footer_widgets":"","ocean_shortcode_after_footer_widgets":"","ocean_shortcode_before_footer_bottom":"","ocean_shortcode_after_footer_bottom":"","ocean_display_top_bar":"default","ocean_display_header":"default","ocean_header_style":"","ocean_center_header_left_menu":"0","ocean_custom_header_template":"0","ocean_custom_logo":0,"ocean_custom_retina_logo":0,"ocean_custom_logo_max_width":0,"ocean_custom_logo_tablet_max_width":0,"ocean_custom_logo_mobile_max_width":0,"ocean_custom_logo_max_height":0,"ocean_custom_logo_tablet_max_height":0,"ocean_custom_logo_mobile_max_height":0,"ocean_header_custom_menu":"0","ocean_menu_typo_font_family":"0","ocean_menu_typo_font_subset":"","ocean_menu_typo_font_size":0,"ocean_menu_typo_font_size_tablet":0,"ocean_menu_typo_font_size_mobile":0,"ocean_menu_typo_font_size_unit":"px","ocean_menu_typo_font_weight":"","ocean_menu_typo_font_weight_tablet":"","ocean_menu_typo_font_weight_mobile":"","ocean_menu_typo_transform":"","ocean_menu_typo_transform_tablet":"","ocean_menu_typo_transform_mobile":"","ocean_menu_typo_line_height":0,"ocean_menu_typo_line_height_tablet":0,"ocean_menu_typo_line_height_mobile":0,"ocean_menu_typo_line_height_unit":"","ocean_menu_typo_spacing":0,"ocean_menu_typo_spacing_tablet":0,"ocean_menu_typo_spacing_mobile":0,"ocean_menu_typo_spacing_unit":"","ocean_menu_link_color":"","ocean_menu_link_color_hover":"","ocean_menu_link_color_active":"","ocean_menu_link_background":"","ocean_menu_link_hover_background":"","ocean_menu_link_active_background":"","ocean_menu_social_links_bg":"","ocean_menu_social_hover_links_bg":"","ocean_menu_social_links_color":"","ocean_menu_social_hover_links_color":"","ocean_disable_title":"default","ocean_disable_heading":"default","ocean_post_title":"","ocean_post_subheading":"","ocean_post_title_style":"","ocean_post_title_background_color":"","ocean_post_title_background":0,"ocean_post_title_bg_image_position":"","ocean_post_title_bg_image_attachment":"","ocean_post_title_bg_image_repeat":"","ocean_post_title_bg_image_size":"","ocean_post_title_height":0,"ocean_post_title_bg_overlay":0.5,"ocean_post_title_bg_overlay_color":"","ocean_disable_breadcrumbs":"default","ocean_breadcrumbs_color":"","ocean_breadcrumbs_separator_color":"","ocean_breadcrumbs_links_color":"","ocean_breadcrumbs_links_hover_color":"","ocean_display_footer_widgets":"default","ocean_display_footer_bottom":"default","ocean_custom_footer_template":"0","footnotes":""},"class_list":["post-756","page","type-page","status-publish","hentry","entry"],"_links":{"self":[{"href":"http:\/\/www.lyceecharlescoulomb.fr\/site\/index.php?rest_route=\/wp\/v2\/pages\/756","targetHints":{"allow":["GET"]}}],"collection":[{"href":"http:\/\/www.lyceecharlescoulomb.fr\/site\/index.php?rest_route=\/wp\/v2\/pages"}],"about":[{"href":"http:\/\/www.lyceecharlescoulomb.fr\/site\/index.php?rest_route=\/wp\/v2\/types\/page"}],"author":[{"embeddable":true,"href":"http:\/\/www.lyceecharlescoulomb.fr\/site\/index.php?rest_route=\/wp\/v2\/users\/1"}],"replies":[{"embeddable":true,"href":"http:\/\/www.lyceecharlescoulomb.fr\/site\/index.php?rest_route=%2Fwp%2Fv2%2Fcomments&post=756"}],"version-history":[{"count":42,"href":"http:\/\/www.lyceecharlescoulomb.fr\/site\/index.php?rest_route=\/wp\/v2\/pages\/756\/revisions"}],"predecessor-version":[{"id":3843,"href":"http:\/\/www.lyceecharlescoulomb.fr\/site\/index.php?rest_route=\/wp\/v2\/pages\/756\/revisions\/3843"}],"up":[{"embeddable":true,"href":"http:\/\/www.lyceecharlescoulomb.fr\/site\/index.php?rest_route=\/wp\/v2\/pages\/741"}],"wp:attachment":[{"href":"http:\/\/www.lyceecharlescoulomb.fr\/site\/index.php?rest_route=%2Fwp%2Fv2%2Fmedia&parent=756"}],"curies":[{"name":"wp","href":"https:\/\/api.w.org\/{rel}","templated":true}]}}