{"id":791,"date":"2019-10-20T19:08:57","date_gmt":"2019-10-20T17:08:57","guid":{"rendered":"http:\/\/www.lyceecharlescoulomb.fr\/site\/?page_id=791"},"modified":"2021-03-25T20:43:19","modified_gmt":"2021-03-25T19:43:19","slug":"section-europeenne","status":"publish","type":"page","link":"http:\/\/www.lyceecharlescoulomb.fr\/site\/?page_id=791","title":{"rendered":"Section Europ\u00e9enne"},"content":{"rendered":"<p class=\"western\" align=\"center\"><span style=\"font-family: Arial Narrow, sans-serif;\"><span style=\"font-size: xx-large;\"><b>La section europ\u00e9enne<\/b><\/span><\/span><\/p>\n<p class=\"western\" align=\"center\"><span style=\"font-family: Arial Narrow, sans-serif;\"><span style=\"font-size: xx-large;\"><b>\u00ab\u00a0STI2D &#8211; Anglais\u00a0\u00bb <\/b><\/span><\/span><\/p>\n<p class=\"western\" align=\"center\"><span style=\"font-family: Arial Narrow, sans-serif;\"><span style=\"font-size: xx-large;\"><b>du lyc\u00e9e Coulomb<\/b><\/span><\/span><\/p>\n<p class=\"western\" align=\"justify\"><span style=\"font-family: Arial Narrow, sans-serif;\"><span style=\"font-size: large;\">A l\u2019heure de l\u2019\u00e9mergence de l\u2019Europe dans notre vie quotidienne et de la mondialisation des \u00e9changes techniques et industriels, <\/span><\/span><span style=\"font-family: Arial Narrow, sans-serif;\"><span style=\"font-size: x-large;\"><b>devenir \u00e9l\u00e8ve de section europ\u00e9enne est un<\/b><\/span><\/span> <span style=\"font-family: Arial Narrow, sans-serif;\"><span style=\"font-size: x-large;\"><b>projet motivant et sortant de l\u2019ordinaire<\/b><\/span><\/span><span style=\"font-family: Arial Narrow, sans-serif;\"><span style=\"font-size: large;\"><b>.<\/b><\/span><\/span><\/p>\n<p class=\"western\" align=\"justify\"><span style=\"color: #0070c0;\"><span style=\"font-family: Arial Narrow, sans-serif;\"><span style=\"font-size: x-large;\"><b>Cadre g\u00e9n\u00e9ral<\/b><\/span><\/span><\/span><\/p>\n<p align=\"justify\"><span style=\"font-family: Times New Roman, serif;\"><span style=\"font-size: medium;\"><span style=\"font-family: Arial Narrow, sans-serif;\"><span style=\"font-size: large;\">Cette section est propos\u00e9e au lyc\u00e9e Coulomb d\u00e8s la Seconde G\u00e9n\u00e9rale et Technologique et se poursuit en baccalaur\u00e9at technologique STI2D (<\/span><\/span><em><span style=\"font-family: Arial Narrow, sans-serif;\"><span style=\"font-size: large;\">Sciences et Technologies de l\u2019Industrie et du D\u00e9veloppement Durable<\/span><\/span><\/em><span style=\"font-family: Arial Narrow, sans-serif;\"><span style=\"font-size: large;\">).<\/span><\/span><\/span><\/span><\/p>\n<p align=\"justify\"><span style=\"font-family: Times New Roman, serif;\"><span style=\"font-size: medium;\"><span style=\"font-family: Arial Narrow, sans-serif;\"><span style=\"font-size: large;\">Les activit\u00e9s p\u00e9dagogiques dispens\u00e9es dans ce type de section se veulent, dans l&rsquo;id\u00e9al, originales et doivent permettre, entre autre chose, de d\u00e9sinhiber les \u00e9l\u00e8ves par rapport \u00e0 leur peur de s&rsquo;exprimer dans une langue \u00e9trang\u00e8re. <\/span><\/span><span style=\"font-family: Arial Narrow, sans-serif;\"><span style=\"font-size: large;\"><b>L&rsquo;Anglais devient l&rsquo;outil oral (<\/b><\/span><\/span><em><span style=\"font-family: Arial Narrow, sans-serif;\"><span style=\"font-size: large;\"><b>ou \u00e9crit<\/b><\/span><\/span><\/em><span style=\"font-family: Arial Narrow, sans-serif;\"><span style=\"font-size: large;\"><b>) d&rsquo;une communication technologique<\/b><\/span><\/span><span style=\"font-family: Arial Narrow, sans-serif;\"><span style=\"font-size: large;\">.<\/span><\/span><\/span><\/span><\/p>\n<p align=\"justify\"><span style=\"font-family: Arial Narrow, sans-serif;\"><span style=\"font-size: large;\">Parall\u00e8lement aux activit\u00e9s p\u00e9dagogiques, les textes minist\u00e9riels pr\u00e9cisent qu&rsquo;il est souhaitable d&rsquo;\u00e9tablir un partenariat avec un voire plusieurs autres acteurs europ\u00e9ens.<\/span><\/span><\/p>\n<p class=\"western\" align=\"justify\"><span style=\"color: #0070c0;\"><span style=\"font-family: Arial Narrow, sans-serif;\"><span style=\"font-size: x-large;\"><b>Quels sont ses objectifs\u00a0?<\/b><\/span><\/span><\/span><\/p>\n<ul>\n<li>\n<p class=\"western\" align=\"justify\"><span style=\"font-family: Arial Narrow, sans-serif;\"><span style=\"font-size: large;\">Pr\u00e9parer ses \u00e9l\u00e8ves \u00e0 la <\/span><\/span><span style=\"font-family: Arial Narrow, sans-serif;\"><span style=\"font-size: large;\"><b>citoyennet\u00e9 europ\u00e9enne<\/b><\/span><\/span><\/p>\n<\/li>\n<\/ul>\n<ul>\n<li>\n<p class=\"western\" align=\"justify\"><span style=\"font-family: Arial Narrow, sans-serif;\"><span style=\"font-size: large;\">Int\u00e9grer la <\/span><\/span><span style=\"font-family: Arial Narrow, sans-serif;\"><span style=\"font-size: large;\"><b>pluridisciplinarit\u00e9<\/b><\/span><\/span><span style=\"font-family: Arial Narrow, sans-serif;\"><span style=\"font-size: large;\"> et la <\/span><\/span><span style=\"font-family: Arial Narrow, sans-serif;\"><span style=\"font-size: large;\"><b>communication<\/b><\/span><\/span><span style=\"font-family: Arial Narrow, sans-serif;\"><span style=\"font-size: large;\"> dans le travail quotidien d\u2019un futur cadre europ\u00e9en<\/span><\/span><\/p>\n<\/li>\n<\/ul>\n<p class=\"western\" align=\"justify\"><span style=\"color: #0070c0;\"><span style=\"font-family: Arial Narrow, sans-serif;\"><span style=\"font-size: x-large;\"><b>Quel public est concern\u00e9\u00a0?<\/b><\/span><\/span><\/span><\/p>\n<p class=\"western\" align=\"justify\"><span style=\"font-family: Arial Narrow, sans-serif;\"><span style=\"font-size: large;\"><b>En classe de Seconde G\u00e9n\u00e9rale et Technologique<\/b><\/span><\/span><span style=\"font-family: Arial Narrow, sans-serif;\"><span style=\"font-size: large;\">, peuvent postuler \u00e0 la section europ\u00e9enne les \u00e9l\u00e8ves ayant choisi par ailleurs <\/span><\/span><span style=\"font-family: Arial Narrow, sans-serif;\"><span style=\"font-size: large;\">les enseignements d\u2019exploration \u00ab\u00a0Sciences de l\u2019Ing\u00e9nieur\u00a0\u00bb ou \u00ab\u00a0Cr\u00e9ation et Innovation Technologique\u00a0\u00bb.<\/span><\/span><\/p>\n<p class=\"western\" align=\"justify\"><span style=\"font-family: Arial Narrow, sans-serif;\"><span style=\"font-size: large;\">Il n\u2019est pas forc\u00e9ment obligatoire de provenir d\u2019une section europ\u00e9enne ou bilingue de coll\u00e8ge.<\/span><\/span><\/p>\n<p class=\"western\" align=\"justify\"><span style=\"font-family: Arial Narrow, sans-serif;\"><span style=\"font-size: large;\"><b>En classe de Premi\u00e8re<\/b><\/span><\/span><span style=\"font-family: Arial Narrow, sans-serif;\"><span style=\"font-size: large;\">, tout \u00e9l\u00e8ve de la fili\u00e8re STI2D (<\/span><\/span><span style=\"font-family: Arial Narrow, sans-serif;\"><span style=\"font-size: large;\"><i>Sciences et Technologies de l\u2019Industrie et du D\u00e9veloppement Durable<\/i><\/span><\/span><span style=\"font-family: Arial Narrow, sans-serif;\"><span style=\"font-size: large;\">) peut \u00e9galement d\u00e9cider de l\u2019int\u00e9grer.<\/span><\/span><\/p>\n<p class=\"western\" align=\"justify\"><span style=\"font-family: Arial Narrow, sans-serif;\"><span style=\"font-size: large;\">Le d\u00e9sir de communiquer oralement en anglais et celui de travailler en \u00e9quipe sont deux crit\u00e8res essentiels de recrutement.<\/span><\/span><\/p>\n<p class=\"western\" align=\"justify\"><span style=\"color: #0070c0;\"><span style=\"font-family: Arial Narrow, sans-serif;\"><span style=\"font-size: x-large;\"><b>Quelles sont les particularit\u00e9s de cet enseignement\u00a0sp\u00e9cifique ?<\/b><\/span><\/span><\/span><\/p>\n<ul>\n<li>\n<p class=\"western\" align=\"justify\"><span style=\"font-family: Arial Narrow, sans-serif;\"><span style=\"font-size: large;\"><b>En classe de<\/b><\/span><\/span> <span style=\"font-family: Arial Narrow, sans-serif;\"><span style=\"font-size: large;\"><b>Seconde\u00a0G\u00e9n\u00e9rale et Technologique<\/b><\/span><\/span><span style=\"font-family: Arial Narrow, sans-serif;\"><span style=\"font-size: large;\"> :<\/span><\/span><\/p>\n<\/li>\n<\/ul>\n<ul>\n<li style=\"list-style-type: none;\">\n<ul>\n<li>\n<p class=\"western\" align=\"justify\"><span style=\"font-family: Arial Narrow, sans-serif;\"><span style=\"font-size: large;\"><b>Renforcement technologique en Anglais (<\/b><\/span><\/span><span style=\"font-family: Arial Narrow, sans-serif;\"><span style=\"font-size: large;\"><i><b>1 heure suppl\u00e9mentaire par semaine<\/b><\/i><\/span><\/span><span style=\"font-family: Arial Narrow, sans-serif;\"><span style=\"font-size: large;\"><b>)<\/b><\/span><\/span><\/p>\n<\/li>\n<\/ul>\n<\/li>\n<\/ul>\n<p class=\"western\" align=\"justify\"><span style=\"font-family: Arial Narrow, sans-serif;\"><span style=\"font-size: large;\">Cet enseignement est men\u00e9 de fa\u00e7on originale et privil\u00e9gie la communication orale. C\u2019est une v\u00e9ritable <\/span><\/span><span style=\"font-family: Arial Narrow, sans-serif;\"><span style=\"font-size: large;\"><b>exploration de la communication technologique en Anglais<\/b><\/span><\/span><span style=\"font-family: Arial Narrow, sans-serif;\"><span style=\"font-size: large;\"> (<\/span><\/span><span style=\"font-family: Arial Narrow, sans-serif;\"><span style=\"font-size: large;\"><i>activit\u00e9s orales, \u00e9crites et visuelles relatives au monde technologique et se rapprochant des th\u00e8mes abord\u00e9s dans les enseignements d\u2019exploration \u00ab\u00a0Sciences de l\u2019Ing\u00e9nieur\u00a0\u00bb ou \u00ab\u00a0Cr\u00e9ation et Innovation Technologique\u00a0\u00bb<\/i><\/span><\/span><span style=\"font-family: Arial Narrow, sans-serif;\"><span style=\"font-size: large;\">).<\/span><\/span><\/p>\n<ul>\n<li style=\"list-style-type: none;\">\n<ul>\n<li>\n<p class=\"western\" align=\"justify\"><span style=\"font-family: Arial Narrow, sans-serif;\"><span style=\"font-size: large;\"><b>Renforcement linguistique <\/b><\/span><\/span><span style=\"font-family: Arial Narrow, sans-serif;\"><span style=\"font-size: large;\"><b>en Anglais (<\/b><\/span><\/span><span style=\"font-family: Arial Narrow, sans-serif;\"><span style=\"font-size: large;\"><i><b>1 heure suppl\u00e9mentaire par semaine<\/b><\/i><\/span><\/span><span style=\"font-family: Arial Narrow, sans-serif;\"><span style=\"font-size: large;\"><b>)<\/b><\/span><\/span><\/p>\n<\/li>\n<\/ul>\n<\/li>\n<\/ul>\n<p class=\"western\" align=\"justify\"><span style=\"font-family: Arial Narrow, sans-serif;\"><span style=\"font-size: large;\">Cet enseignement propose, \u00e0 travers des activit\u00e9s tr\u00e8s vari\u00e9es sur le fond et dans la forme, une r\u00e9flexion sur les droits et les devoirs de tout citoyen europ\u00e9en et il approfondit les secteurs mis en avant par la Communaut\u00e9 Europ\u00e9enne dans notre vie quotidienne.<\/span><\/span><\/p>\n<ul>\n<li style=\"list-style-type: none;\">\n<ul style=\"list-style-type: circle;\">\n<li><a href=\"http:\/\/www.lyceecharlescoulomb.fr\/site\/wp-content\/uploads\/2021\/03\/Exemples-dactivites-en-2GT.pdf\" target=\"_blank\" rel=\"noopener\"><strong><span style=\"font-family: Arial Narrow, sans-serif; font-size: large;\">Exemples d&rsquo;activit\u00e9s en 2GT<\/span><\/strong><\/a><\/li>\n<\/ul>\n<\/li>\n<\/ul>\n<ul>\n<li>\n<p class=\"western\" align=\"justify\"><span style=\"font-family: Arial Narrow, sans-serif;\"><span style=\"font-size: large;\"><b>En classe de<\/b><\/span><\/span> <span style=\"font-family: Arial Narrow, sans-serif;\"><span style=\"font-size: large;\"><b>Premi\u00e8re et de Terminale STI2D (<\/b><\/span><\/span><span style=\"font-family: Arial Narrow, sans-serif;\"><span style=\"font-size: large;\"><i><b>Sciences et Technologies de l\u2019Industrie et du D\u00e9veloppement Durable<\/b><\/i><\/span><\/span><span style=\"font-family: Arial Narrow, sans-serif;\"><span style=\"font-size: large;\"><b>)<\/b><\/span><\/span><span style=\"font-family: Arial Narrow, sans-serif;\"><span style=\"font-size: large;\">\u00a0:<\/span><\/span><\/p>\n<\/li>\n<\/ul>\n<ul>\n<li style=\"list-style-type: none;\">\n<ul>\n<li>\n<p class=\"western\" align=\"justify\"><strong><span style=\"font-family: Arial Narrow, sans-serif;\"><span style=\"font-size: large;\">Pas d\u2019heure de formation suppl\u00e9mentaire dans le domaine technologique<\/span><\/span><\/strong><span style=\"font-family: Arial Narrow, sans-serif;\"><span style=\"font-size: large;\">, la langue anglaise se substituant \u00e0 la langue fran\u00e7aise pour une partie de la formation<\/span><\/span><span style=\"font-family: Arial Narrow, sans-serif;\"><span style=\"font-size: large;\">.<\/span><\/span><\/p>\n<\/li>\n<\/ul>\n<\/li>\n<\/ul>\n<p class=\"western\" align=\"justify\"><span style=\"font-family: Arial Narrow, sans-serif;\"><span style=\"font-size: large;\">Les activit\u00e9s sp\u00e9cifiques se rapportent \u00e0 une large partie de l&rsquo;enseignement de la mati\u00e8re <\/span><\/span><span style=\"font-family: Arial Narrow, sans-serif;\"><span style=\"font-size: large;\">\u00ab <\/span><\/span><span style=\"font-family: Arial Narrow, sans-serif;\"><span style=\"font-size: large;\">Ing\u00e9nierie et D\u00e9veloppement Durable <\/span><\/span><span style=\"font-family: Arial Narrow, sans-serif;\"><span style=\"font-size: large;\">\u00bb<\/span><\/span><span style=\"font-family: Arial Narrow, sans-serif;\"><span style=\"font-size: large;\"> (<\/span><\/span><span style=\"font-family: Arial Narrow, sans-serif;\"><span style=\"font-size: large;\"><i>I2D<\/i><\/span><\/span><span style=\"font-family: Arial Narrow, sans-serif;\"><span style=\"font-size: large;\">). Sont mises en place des situations de recherche, d\u2019\u00e9tude de dossiers, de travaux pratiques ou encore de discussion ouverte.<\/span><\/span><\/p>\n<ul>\n<li style=\"list-style-type: none;\">\n<ul>\n<li>\n<p class=\"western\" align=\"justify\"><span style=\"font-family: Arial Narrow, sans-serif;\"><span style=\"font-size: large;\"><b>Renforcement linguistique <\/b><\/span><\/span><span style=\"font-family: Arial Narrow, sans-serif;\"><span style=\"font-size: large;\"><b>en Anglais (<\/b><\/span><\/span><span style=\"font-family: Arial Narrow, sans-serif;\"><span style=\"font-size: large;\"><i><b>1 heure suppl\u00e9mentaire par semaine<\/b><\/i><\/span><\/span><span style=\"font-family: Arial Narrow, sans-serif;\"><span style=\"font-size: large;\"><b>)<\/b><\/span><\/span><\/p>\n<\/li>\n<\/ul>\n<\/li>\n<\/ul>\n<p class=\"western\" align=\"justify\"><span style=\"font-family: Arial Narrow, sans-serif;\"><span style=\"font-size: large;\">Outre les activit\u00e9s de communication autour de secteurs mis en avant par la Communaut\u00e9 Europ\u00e9enne dans notre vie quotidienne, ce renforcement linguistique propose un lien avec les activit\u00e9s technologiques effectu\u00e9es au laboratoire d&rsquo;I2D.<\/span><\/span><\/p>\n<ul>\n<li style=\"list-style-type: none;\">\n<ul>\n<li><a href=\"http:\/\/www.lyceecharlescoulomb.fr\/site\/wp-content\/uploads\/2021\/03\/Exemples-dactivites-en-STI2D.pdf\" target=\"_blank\" rel=\"noopener\"><strong><span style=\"font-family: Arial Narrow, sans-serif; font-size: large;\">Exemples d&rsquo;activit\u00e9s en 1\u00e8re et Terminale<\/span><\/strong><\/a><\/li>\n<\/ul>\n<\/li>\n<li>\n<p class=\"western\" align=\"justify\"><span style=\"font-family: Arial Narrow, sans-serif;\"><span style=\"font-size: large;\">En baccalaur\u00e9at technologique STI2D, <\/span><\/span><span style=\"font-family: Arial Narrow, sans-serif;\"><span style=\"font-size: large;\"><b>un<\/b><\/span><\/span> <span style=\"font-family: Arial Narrow, sans-serif;\"><span style=\"font-size: large;\"><b>partenariat europ\u00e9en<\/b><\/span><\/span><span style=\"font-family: Arial Narrow, sans-serif;\"><span style=\"font-size: large;\"> est initi\u00e9 puis d\u00e9velopp\u00e9 avec un ou plusieurs acteurs p\u00e9dagogiques \u00e9trangers. Ce partenariat permet des \u00e9changes vari\u00e9s et enrichissants, compl\u00e9tant la formation dispens\u00e9e en cours. Il peut \u00e9galement se finaliser par un s\u00e9jour p\u00e9dagogique dans le ou les pays partenaire(<\/span><\/span><span style=\"font-family: Arial Narrow, sans-serif;\"><span style=\"font-size: large;\"><i>s<\/i><\/span><\/span><span style=\"font-family: Arial Narrow, sans-serif;\"><span style=\"font-size: large;\">).<\/span><\/span><\/p>\n<p>&nbsp;<\/li>\n<\/ul>\n<p class=\"western\" align=\"center\"><span style=\"font-family: Arial Narrow, sans-serif;\"><span style=\"font-size: large;\">\u00a0<\/span><\/span><\/p>\n<figure id=\"attachment_1393\" aria-describedby=\"caption-attachment-1393\" style=\"width: 791px\" class=\"wp-caption aligncenter\"><img fetchpriority=\"high\" decoding=\"async\" class=\"wp-image-1393 size-full\" src=\"http:\/\/www.lyceecharlescoulomb.fr\/site\/wp-content\/uploads\/2019\/12\/section_euro.png\" alt=\"\" width=\"791\" height=\"362\" srcset=\"http:\/\/www.lyceecharlescoulomb.fr\/site\/wp-content\/uploads\/2019\/12\/section_euro.png 791w, http:\/\/www.lyceecharlescoulomb.fr\/site\/wp-content\/uploads\/2019\/12\/section_euro-300x137.png 300w, http:\/\/www.lyceecharlescoulomb.fr\/site\/wp-content\/uploads\/2019\/12\/section_euro-768x351.png 768w\" sizes=\"(max-width: 791px) 100vw, 791px\" \/><figcaption id=\"caption-attachment-1393\" class=\"wp-caption-text\"><strong>Projet de partenariat europ\u00e9en \u00ab\u00a0STARS\u00a0\u00bb<\/strong><\/figcaption><\/figure>\n<p class=\"western\" align=\"justify\"><span style=\"font-family: Arial Narrow, sans-serif;\"><span style=\"font-size: large;\"><i><br \/>\nBlog public\u00a0: <\/i><\/span><\/span><span style=\"color: #0000ff;\"><u><a class=\"western\" href=\"http:\/\/renewerg.wordpress.com\/\"><span style=\"font-family: Arial Narrow, sans-serif;\"><span style=\"font-size: large;\"><i>http:\/\/renewerg.wordpress.com\/<\/i><\/span><\/span><\/a><\/u><\/span><\/p>\n<p class=\"western\" align=\"justify\"><span style=\"font-family: Arial Narrow, sans-serif;\"><span style=\"font-size: large;\"><i>Pr\u00e9sentation : <a href=\"http:\/\/www.lyceecharlescoulomb.fr\/site\/?page_id=801\" target=\"_blank\" rel=\"noopener noreferrer\">Pr\u00e9parons une Europe verte<\/a><\/i><\/span><\/span><\/p>\n<p class=\"western\" align=\"justify\"><span style=\"color: #0070c0;\"><span style=\"font-family: Arial Narrow, sans-serif;\"><span style=\"font-size: x-large;\"><b>Qu\u2019apporte cette <\/b><\/span><\/span><\/span><span style=\"color: #0070c0;\"><span style=\"font-family: Arial Narrow, sans-serif;\"><span style=\"font-size: x-large;\"><b>formation\u00a0<\/b><\/span><\/span><\/span><span style=\"color: #0070c0;\"><span style=\"font-family: Arial Narrow, sans-serif;\"><span style=\"font-size: x-large;\"><b>?<\/b><\/span><\/span><\/span><\/p>\n<ul>\n<li>\n<p class=\"western\" align=\"justify\"><span style=\"font-family: Arial Narrow, sans-serif;\"><span style=\"font-size: large;\">Pr\u00e9paration \u00e0 des <\/span><\/span><span style=\"font-family: Arial Narrow, sans-serif;\"><span style=\"font-size: large;\"><b>\u00e9tudes sup\u00e9rieures \u00e0 l\u2019\u00e9tranger<\/b><\/span><\/span><span style=\"font-family: Arial Narrow, sans-serif;\"><span style=\"font-size: large;\"> ou \u00e0 une <\/span><\/span><span style=\"font-family: Arial Narrow, sans-serif;\"><span style=\"font-size: large;\"><b>future mobilit\u00e9 professionnelle europ\u00e9enne<\/b><\/span><\/span><\/p>\n<\/li>\n<\/ul>\n<ul>\n<li>\n<p class=\"western\" align=\"justify\"><span style=\"font-family: Arial Narrow, sans-serif;\"><span style=\"font-size: large;\"><b>Esprit d\u2019\u00e9quipe<\/b><\/span><\/span><span style=\"font-family: Arial Narrow, sans-serif;\"><span style=\"font-size: large;\"> et <\/span><\/span><span style=\"font-family: Arial Narrow, sans-serif;\"><span style=\"font-size: large;\"><b>pluridisciplinarit\u00e9<\/b><\/span><\/span><span style=\"font-family: Arial Narrow, sans-serif;\"><span style=\"font-size: large;\"> dans le travail (<\/span><\/span><span style=\"font-family: Arial Narrow, sans-serif;\"><span style=\"font-size: large;\"><i>qualit\u00e9s qui sont tr\u00e8s recherch\u00e9es dans le monde industriel actuel<\/i><\/span><\/span><span style=\"font-family: Arial Narrow, sans-serif;\"><span style=\"font-size: large;\">)<\/span><\/span><\/p>\n<\/li>\n<\/ul>\n<ul>\n<li>\n<p class=\"western\" align=\"justify\"><span style=\"font-family: Arial Narrow, sans-serif;\"><span style=\"font-size: large;\"><b>Mention \u00ab\u00a0section europ\u00e9enne\u00a0\u00bb sur le dipl\u00f4me du Baccalaur\u00e9at<\/b><\/span><\/span><span style=\"font-family: Arial Narrow, sans-serif;\"><span style=\"font-size: large;\">, aux deux conditions suivantes\u00a0:<\/span><\/span><\/p>\n<\/li>\n<\/ul>\n<ul>\n<li>\n<p class=\"western\" align=\"justify\"><span style=\"font-family: Arial Narrow, sans-serif;\"><span style=\"font-size: large;\">la note obtenue \u00e0 l\u2019\u00e9preuve d\u2019Anglais est sup\u00e9rieure \u00e0 12\/20,<\/span><\/span><\/p>\n<\/li>\n<li>\n<p class=\"western\" align=\"justify\"><span style=\"font-family: Arial Narrow, sans-serif;\"><span style=\"font-size: large;\">la note obtenue \u00e0 l\u2019\u00e9preuve sp\u00e9cifique est sup\u00e9rieure \u00e0 10\/20.<\/span><\/span><\/p>\n<\/li>\n<\/ul>\n<p class=\"western\" align=\"justify\"><span style=\"color: #0070c0;\"><span style=\"font-family: Arial Narrow, sans-serif;\"><span style=\"font-size: x-large;\"><b>N\u2019h\u00e9sitez-pas \u00e0 nous contacter<\/b><\/span><\/span><\/span><\/p>\n<p class=\"western\" align=\"justify\"><span style=\"font-family: Arial Narrow, sans-serif;\"><span style=\"font-size: large;\">A l\u2019adresse suivante\u00a0: Section europ\u00e9enne \u00ab\u00a0STI2D &#8211; Anglais\u00a0\u00bb<\/span><\/span><\/p>\n<p class=\"western\" align=\"justify\"><span style=\"font-family: Arial Narrow, sans-serif;\"><span style=\"font-size: large;\"> Lyc\u00e9e G\u00e9n\u00e9ral et Technologique Charles Augustin Coulomb<\/span><\/span><\/p>\n<p class=\"western\" align=\"justify\"><span style=\"font-family: Arial Narrow, sans-serif;\"><span style=\"font-size: large;\"> All\u00e9e Joachim du Bellay &#8211; 16\u00a0000 ANGOULEME<\/span><\/span><\/p>\n<p class=\"western\" align=\"justify\"><span style=\"font-family: Arial Narrow, sans-serif;\"><span style=\"font-size: large;\">Au t\u00e9l\u00e9phone\u00a0: 05 45 61 83 00 (<\/span><\/span><span style=\"font-family: Arial Narrow, sans-serif;\"><span style=\"font-size: large;\"><i>standard du lyc\u00e9e<\/i><\/span><\/span><span style=\"font-family: Arial Narrow, sans-serif;\"><span style=\"font-size: large;\">)<\/span><\/span><\/p>\n<p>&nbsp;<\/p>\n","protected":false},"excerpt":{"rendered":"<p>La section europ\u00e9enne \u00ab\u00a0STI2D &#8211; Anglais\u00a0\u00bb du lyc\u00e9e Coulomb A l\u2019heure de l\u2019\u00e9mergence de l\u2019Europe dans notre vie quotidienne et de la mondialisation des \u00e9changes techniques et industriels, devenir \u00e9l\u00e8ve [&hellip;]<\/p>\n","protected":false},"author":1,"featured_media":0,"parent":789,"menu_order":1,"comment_status":"closed","ping_status":"closed","template":"","meta":{"ocean_post_layout":"","ocean_both_sidebars_style":"","ocean_both_sidebars_content_width":0,"ocean_both_sidebars_sidebars_width":0,"ocean_sidebar":"0","ocean_second_sidebar":"0","ocean_disable_margins":"enable","ocean_add_body_class":"","ocean_shortcode_before_top_bar":"","ocean_shortcode_after_top_bar":"","ocean_shortcode_before_header":"","ocean_shortcode_after_header":"","ocean_has_shortcode":"","ocean_shortcode_after_title":"","ocean_shortcode_before_footer_widgets":"","ocean_shortcode_after_footer_widgets":"","ocean_shortcode_before_footer_bottom":"","ocean_shortcode_after_footer_bottom":"","ocean_display_top_bar":"default","ocean_display_header":"default","ocean_header_style":"","ocean_center_header_left_menu":"0","ocean_custom_header_template":"0","ocean_custom_logo":0,"ocean_custom_retina_logo":0,"ocean_custom_logo_max_width":0,"ocean_custom_logo_tablet_max_width":0,"ocean_custom_logo_mobile_max_width":0,"ocean_custom_logo_max_height":0,"ocean_custom_logo_tablet_max_height":0,"ocean_custom_logo_mobile_max_height":0,"ocean_header_custom_menu":"0","ocean_menu_typo_font_family":"0","ocean_menu_typo_font_subset":"","ocean_menu_typo_font_size":0,"ocean_menu_typo_font_size_tablet":0,"ocean_menu_typo_font_size_mobile":0,"ocean_menu_typo_font_size_unit":"px","ocean_menu_typo_font_weight":"","ocean_menu_typo_font_weight_tablet":"","ocean_menu_typo_font_weight_mobile":"","ocean_menu_typo_transform":"","ocean_menu_typo_transform_tablet":"","ocean_menu_typo_transform_mobile":"","ocean_menu_typo_line_height":0,"ocean_menu_typo_line_height_tablet":0,"ocean_menu_typo_line_height_mobile":0,"ocean_menu_typo_line_height_unit":"","ocean_menu_typo_spacing":0,"ocean_menu_typo_spacing_tablet":0,"ocean_menu_typo_spacing_mobile":0,"ocean_menu_typo_spacing_unit":"","ocean_menu_link_color":"","ocean_menu_link_color_hover":"","ocean_menu_link_color_active":"","ocean_menu_link_background":"","ocean_menu_link_hover_background":"","ocean_menu_link_active_background":"","ocean_menu_social_links_bg":"","ocean_menu_social_hover_links_bg":"","ocean_menu_social_links_color":"","ocean_menu_social_hover_links_color":"","ocean_disable_title":"default","ocean_disable_heading":"default","ocean_post_title":"","ocean_post_subheading":"","ocean_post_title_style":"","ocean_post_title_background_color":"","ocean_post_title_background":0,"ocean_post_title_bg_image_position":"","ocean_post_title_bg_image_attachment":"","ocean_post_title_bg_image_repeat":"","ocean_post_title_bg_image_size":"","ocean_post_title_height":0,"ocean_post_title_bg_overlay":0.5,"ocean_post_title_bg_overlay_color":"","ocean_disable_breadcrumbs":"default","ocean_breadcrumbs_color":"","ocean_breadcrumbs_separator_color":"","ocean_breadcrumbs_links_color":"","ocean_breadcrumbs_links_hover_color":"","ocean_display_footer_widgets":"default","ocean_display_footer_bottom":"default","ocean_custom_footer_template":"0","footnotes":""},"class_list":["post-791","page","type-page","status-publish","hentry","entry"],"_links":{"self":[{"href":"http:\/\/www.lyceecharlescoulomb.fr\/site\/index.php?rest_route=\/wp\/v2\/pages\/791","targetHints":{"allow":["GET"]}}],"collection":[{"href":"http:\/\/www.lyceecharlescoulomb.fr\/site\/index.php?rest_route=\/wp\/v2\/pages"}],"about":[{"href":"http:\/\/www.lyceecharlescoulomb.fr\/site\/index.php?rest_route=\/wp\/v2\/types\/page"}],"author":[{"embeddable":true,"href":"http:\/\/www.lyceecharlescoulomb.fr\/site\/index.php?rest_route=\/wp\/v2\/users\/1"}],"replies":[{"embeddable":true,"href":"http:\/\/www.lyceecharlescoulomb.fr\/site\/index.php?rest_route=%2Fwp%2Fv2%2Fcomments&post=791"}],"version-history":[{"count":11,"href":"http:\/\/www.lyceecharlescoulomb.fr\/site\/index.php?rest_route=\/wp\/v2\/pages\/791\/revisions"}],"predecessor-version":[{"id":2956,"href":"http:\/\/www.lyceecharlescoulomb.fr\/site\/index.php?rest_route=\/wp\/v2\/pages\/791\/revisions\/2956"}],"up":[{"embeddable":true,"href":"http:\/\/www.lyceecharlescoulomb.fr\/site\/index.php?rest_route=\/wp\/v2\/pages\/789"}],"wp:attachment":[{"href":"http:\/\/www.lyceecharlescoulomb.fr\/site\/index.php?rest_route=%2Fwp%2Fv2%2Fmedia&parent=791"}],"curies":[{"name":"wp","href":"https:\/\/api.w.org\/{rel}","templated":true}]}}