{"id":801,"date":"2019-10-20T19:40:10","date_gmt":"2019-10-20T17:40:10","guid":{"rendered":"http:\/\/www.lyceecharlescoulomb.fr\/site\/?page_id=801"},"modified":"2021-03-10T20:58:17","modified_gmt":"2021-03-10T19:58:17","slug":"preparons-une-europe-verte","status":"publish","type":"page","link":"http:\/\/www.lyceecharlescoulomb.fr\/site\/?page_id=801","title":{"rendered":"Pr\u00e9parons une Europe verte"},"content":{"rendered":"<p class=\"western\" align=\"left\"><span style=\"font-family: Calibri, sans-serif;\"><span style=\"font-size: small;\"><span style=\"color: #0070c0;\"><span style=\"font-size: x-large;\">Contexte initial<\/span><\/span> <\/span><\/span><\/p>\n<p lang=\"en-GB\" align=\"justify\"><span style=\"font-family: Times New Roman, serif;\"><span style=\"font-size: large;\"><span style=\"font-family: Calibri, sans-serif;\"><span style=\"font-size: medium;\"><span lang=\"fr-FR\">D\u00e8s la cr\u00e9ation de sa section europ\u00e9enne \u00e0 la rentr\u00e9e scolaire 2010, le Lyc\u00e9e G\u00e9n\u00e9ral et Technologique Charles Augustin Coulomb s\u2019est mis en qu\u00eate de partenaires europ\u00e9ens afin de mettre en place un <\/span><\/span><\/span><span style=\"font-family: Calibri, sans-serif;\"><span style=\"font-size: medium;\"><span lang=\"fr-FR\"><b>partenariat durable<\/b><\/span><\/span><\/span> <span style=\"font-family: Calibri, sans-serif;\"><span style=\"font-size: medium;\"><span lang=\"fr-FR\"><b>qui puisse offrir aux \u00e9l\u00e8ves de section europ\u00e9enne la possibilit\u00e9 de compl\u00e9ter leur formation nationale par une exp\u00e9rience pertinente dans un autre pays europ\u00e9en<\/b><\/span><\/span><\/span><span style=\"font-family: Calibri, sans-serif;\"><span style=\"font-size: medium;\"><span lang=\"fr-FR\">.<\/span><\/span><\/span><\/span><\/span><\/p>\n<p lang=\"en-GB\" align=\"justify\"><span style=\"font-family: Times New Roman, serif;\"><span style=\"font-size: large;\"><span style=\"font-family: Calibri, sans-serif;\"><span style=\"font-size: medium;\"><span lang=\"fr-FR\">Entre septembre 2012 et septembre 2014, le lyc\u00e9e est devenu coordonnateur d\u2019un projet europ\u00e9en regroupant 5 organismes de formation de notre continent.<\/span><\/span><\/span><\/span><\/span><\/p>\n<p lang=\"en-GB\" align=\"justify\"><img fetchpriority=\"high\" decoding=\"async\" class=\"aligncenter size-full wp-image-1416\" src=\"http:\/\/www.lyceecharlescoulomb.fr\/site\/wp-content\/uploads\/2020\/01\/image1_STARS.png\" alt=\"\" width=\"1524\" height=\"743\" srcset=\"http:\/\/www.lyceecharlescoulomb.fr\/site\/wp-content\/uploads\/2020\/01\/image1_STARS.png 1524w, http:\/\/www.lyceecharlescoulomb.fr\/site\/wp-content\/uploads\/2020\/01\/image1_STARS-300x146.png 300w, http:\/\/www.lyceecharlescoulomb.fr\/site\/wp-content\/uploads\/2020\/01\/image1_STARS-1024x499.png 1024w, http:\/\/www.lyceecharlescoulomb.fr\/site\/wp-content\/uploads\/2020\/01\/image1_STARS-768x374.png 768w\" sizes=\"(max-width: 1524px) 100vw, 1524px\" \/><\/p>\n<p lang=\"en-GB\" align=\"justify\"><span style=\"font-family: Times New Roman, serif;\"><span style=\"font-size: large;\"><span style=\"color: #0070c0;\"><span style=\"font-family: Calibri, sans-serif;\"><span style=\"font-size: x-large;\"><span lang=\"fr-FR\">Mise en place <\/span><\/span><\/span><\/span><span style=\"color: #0070c0;\"><span style=\"font-family: Calibri, sans-serif;\"><span style=\"font-size: x-large;\">du programme europ\u00e9en \u201cSTARS\u201d<\/span><\/span><\/span> <\/span><\/span><\/p>\n<p lang=\"en-GB\" align=\"justify\"><span style=\"font-family: Times New Roman, serif;\"><span style=\"font-size: large;\"><span style=\"font-family: Calibri, sans-serif;\"><span style=\"font-size: medium;\"><span lang=\"fr-FR\"><img decoding=\"async\" class=\"alignleft size-full wp-image-1417\" src=\"http:\/\/www.lyceecharlescoulomb.fr\/site\/wp-content\/uploads\/2020\/01\/image2_STARS.png\" alt=\"\" width=\"560\" height=\"347\" srcset=\"http:\/\/www.lyceecharlescoulomb.fr\/site\/wp-content\/uploads\/2020\/01\/image2_STARS.png 560w, http:\/\/www.lyceecharlescoulomb.fr\/site\/wp-content\/uploads\/2020\/01\/image2_STARS-300x186.png 300w\" sizes=\"(max-width: 560px) 100vw, 560px\" \/>L\u2019objectif premier de ce projet fut de b\u00e2tir 5 modules europ\u00e9ens de formation, compl\u00e9mentaires et relatifs \u00e0 l\u2019utilisation rationnelle et renouvelable d\u2019une source d\u2019\u00e9nergie (<\/span><\/span><\/span><span style=\"font-family: Calibri, sans-serif;\"><span style=\"font-size: medium;\"><span lang=\"fr-FR\"><i>ce programme fut baptis\u00e9 \u00ab\u00a0STARS\u00a0\u00bb\u00a0: Specific Training Aiming at Renewable energies and Sustainability<\/i><\/span><\/span><\/span><span style=\"font-family: Calibri, sans-serif;\"><span style=\"font-size: medium;\"><span lang=\"fr-FR\">).<\/span><\/span><\/span><\/span><\/span><\/p>\n<p lang=\"en-GB\" align=\"justify\"><span style=\"font-family: Times New Roman, serif;\"><span style=\"font-size: large;\"><span style=\"font-family: Calibri, sans-serif;\"><span style=\"font-size: medium;\"><span lang=\"fr-FR\">Ces modules de formation permettent d\u2019apporter des \u00e9l\u00e9ments de r\u00e9ponse \u00e0 une probl\u00e9matique tr\u00e8s actuelle\u00a0: \u00a0\u00bb <\/span><\/span><\/span><span style=\"font-family: Calibri, sans-serif;\"><span style=\"font-size: medium;\"><span lang=\"fr-FR\"><b>Comment tendre vers l\u2019autonomie \u00e9nerg\u00e9tique d\u2019un village europ\u00e9en\u00a0?<\/b><\/span><\/span><\/span><span style=\"font-family: Calibri, sans-serif;\"><span style=\"font-size: medium;\"><span lang=\"fr-FR\"> \u00ab\u00a0<\/span><\/span><\/span><\/span><\/span><\/p>\n<p lang=\"en-GB\" align=\"justify\"><span style=\"font-family: Times New Roman, serif;\"><span style=\"font-size: large;\"><span style=\"font-family: Calibri, sans-serif;\"><span style=\"font-size: medium;\"><span lang=\"fr-FR\">Notre collaborateur anglais s\u2019\u00e9tant d\u00e9sormais d\u00e9finitivement retir\u00e9 du programme, les th\u00e8mes actuels d\u00e9velopp\u00e9s par les pays partenaires sont les suivants\u00a0:<\/span><\/span><\/span><\/span><\/span><\/p>\n<table class=\"alignleft\" style=\"width: 100%; border-collapse: collapse; border-style: solid; border-color: #000000; height: 174px;\" border=\"2\">\n<tbody>\n<tr style=\"height: 25px;\">\n<td style=\"width: 441.933px; height: 25px; border-style: solid; border-color: #000000;\"><span style=\"font-family: Calibri, sans-serif;\"><span style=\"font-size: medium;\">Partenaire fran\u00e7ais<\/span><\/span><\/td>\n<td style=\"width: 441.917px; height: 25px; border-style: solid; border-color: #000000;\"><span style=\"font-family: Calibri, sans-serif;\"><span style=\"font-size: medium;\">Petite hydro\u00e9lectricit\u00e9<\/span><\/span><\/td>\n<\/tr>\n<tr style=\"height: 48px;\">\n<td style=\"width: 441.933px; height: 48px; border-style: solid; border-color: #000000;\" rowspan=\"2;\" valign=\"middle;\">Partenaire danois<\/td>\n<td style=\"width: 441.917px; height: 48px; border-style: solid; border-color: #000000;\">M\u00e9catronique appliqu\u00e9e<\/td>\n<\/tr>\n<tr style=\"height: 48px;\">\n<td style=\"width: 441.917px; height: 48px; border-style: solid; border-color: #000000;\">isolation thermique et r\u00e9novation des b\u00e2timents<\/td>\n<\/tr>\n<tr style=\"height: 28px;\">\n<td style=\"width: 441.933px; height: 28px; border-style: solid; border-color: #000000;\"><span style=\"font-family: Calibri, sans-serif;\"><span style=\"font-size: medium;\">Partenaire espagnol<\/span><\/span><\/td>\n<td style=\"width: 441.917px; height: 28px; border-style: solid; border-color: #000000;\"><span style=\"font-family: Times New Roman, serif;\"><span style=\"font-size: large;\"><span style=\"font-family: Calibri, sans-serif;\"><span style=\"font-size: medium;\"><span lang=\"fr-FR\">Energie solaire photovolta\u00efque<\/span><\/span><\/span><\/span><\/span><\/td>\n<\/tr>\n<tr style=\"height: 25px;\">\n<td style=\"width: 441.933px; height: 25px; border-style: solid; border-color: #000000;\"><span style=\"font-family: Calibri, sans-serif;\"><span style=\"font-size: medium;\">Partenaire roumain<\/span><\/span><\/td>\n<td style=\"width: 441.917px; height: 25px; border-style: solid; border-color: #000000;\"><span style=\"font-family: Calibri, sans-serif;\"><span style=\"font-size: medium;\">G\u00e9othermie<\/span><\/span><\/td>\n<\/tr>\n<\/tbody>\n<\/table>\n<p>&nbsp;<\/p>\n<p class=\"western\" align=\"justify\"><span style=\"font-family: Calibri, sans-serif;\"><span style=\"font-size: small;\"><span style=\"color: #000000;\"><span style=\"font-size: medium;\">Ces modules de formation ont aujourd\u2019hui tous la m\u00eame structure, la m\u00eame dur\u00e9e (<\/span><\/span><span style=\"color: #000000;\"><span style=\"font-size: medium;\"><i>2 \u00e0 3 semaines<\/i><\/span><\/span><span style=\"color: #000000;\"><span style=\"font-size: medium;\">) et ils doivent comporter de fa\u00e7on contractuelle\u00a0:<\/span><\/span><\/span><\/span><\/p>\n<ul>\n<li>\n<p class=\"western\" align=\"justify\"><span style=\"font-family: Calibri, sans-serif;\"><span style=\"font-size: small;\"><span style=\"color: #000000;\"><span style=\"font-size: medium;\">un \u00e9change linguistique (<\/span><\/span><span style=\"color: #000000;\"><span style=\"font-size: medium;\"><i>langue anglaise et initiation \u00e0 la langue du pays<\/i><\/span><\/span><span style=\"color: #000000;\"><span style=\"font-size: medium;\">),<\/span><\/span><\/span><\/span><\/p>\n<\/li>\n<li>\n<p class=\"western\" align=\"justify\"><span style=\"font-family: Calibri, sans-serif;\"><span style=\"font-size: small;\"><span style=\"color: #000000;\"><span style=\"font-size: medium;\">un \u00e9change culturel (<\/span><\/span><span style=\"color: #000000;\"><span style=\"font-size: medium;\"><i>culture nationale et\/ou locale<\/i><\/span><\/span><span style=\"color: #000000;\"><span style=\"font-size: medium;\">),<\/span><\/span><\/span><\/span><\/p>\n<\/li>\n<li>\n<p class=\"western\" align=\"justify\"><span style=\"font-family: Calibri, sans-serif;\"><span style=\"font-size: medium;\">des activit\u00e9s pratiques technologiques et\/ou la r\u00e9alisation d\u2019un mini-projet, li\u00e9es au th\u00e8me du module et en collaboration avec une entreprise locale,<\/span><\/span><\/p>\n<\/li>\n<li>\n<p class=\"western\" align=\"justify\"><span style=\"font-family: Calibri, sans-serif;\"><span style=\"font-size: medium;\">une connaissance du monde industriel local li\u00e9 au th\u00e8me du module,<\/span><\/span><\/p>\n<\/li>\n<li>\n<p class=\"western\" align=\"justify\"><span style=\"font-family: Calibri, sans-serif;\"><span style=\"font-size: medium;\">une \u00e9valuation finale.<\/span><\/span><\/p>\n<\/li>\n<\/ul>\n<p class=\"western\" align=\"justify\"><span style=\"font-family: Calibri, sans-serif;\"><span style=\"font-size: small;\"><span style=\"color: #000000;\"><span style=\"font-size: medium;\">L\u2019approche envisag\u00e9e se veut <\/span><\/span><span style=\"color: #000000;\"><span style=\"font-size: medium;\"><b>pluridisciplinaire<\/b><\/span><\/span><span style=\"color: #000000;\"><span style=\"font-size: medium;\"> et <\/span><\/span><span style=\"color: #000000;\"><span style=\"font-size: medium;\"><b>collaborative<\/b><\/span><\/span><span style=\"color: #000000;\"><span style=\"font-size: medium;\">, utilisant les <\/span><\/span><span style=\"color: #000000;\"><span style=\"font-size: medium;\"><b>nouvelles techniques de communication<\/b><\/span><\/span><span style=\"color: #000000;\"><span style=\"font-size: medium;\"> et elle doit servir de tremplin \u00e0 une <\/span><\/span><span style=\"color: #000000;\"><span style=\"font-size: medium;\"><b>volont\u00e9 de mobilit\u00e9<\/b><\/span><\/span><span style=\"color: #000000;\"><span style=\"font-size: medium;\"> de nos apprenants.<\/span><\/span><\/span><\/span><\/p>\n<p lang=\"en-GB\" align=\"justify\"><span style=\"color: #0070c0;\"><span style=\"font-family: Calibri, sans-serif;\"><span style=\"font-size: x-large;\">Mobilit\u00e9s de participants \u00e0 ce programme<\/span><\/span><\/span><\/p>\n<p lang=\"en-GB\" align=\"justify\"><span style=\"font-family: Times New Roman, serif;\"><span style=\"font-size: large;\"><span style=\"font-family: Calibri, sans-serif;\"><span style=\"font-size: medium;\"><span lang=\"fr-FR\">Depuis l\u2019ann\u00e9e 2016, le programme \u00ab\u00a0STARS\u00a0\u00bb<\/span><\/span><\/span><span style=\"font-family: Calibri, sans-serif;\"><span style=\"font-size: medium;\"><span lang=\"fr-FR\"><i>\u00a0<\/i><\/span><\/span><\/span><span style=\"font-family: Calibri, sans-serif;\"><span style=\"font-size: medium;\"><span lang=\"fr-FR\"> est ouvert \u00e0 un public europ\u00e9en d\u2019apprenants en phase de formation initiale (<\/span><\/span><\/span><span style=\"font-family: Calibri, sans-serif;\"><span style=\"font-size: medium;\"><span lang=\"fr-FR\"><i>\u00e9tudiants<\/i><\/span><\/span><\/span><span style=\"font-family: Calibri, sans-serif;\"><span style=\"font-size: medium;\"><span lang=\"fr-FR\">) ou de formation tout au long de la vie (<\/span><\/span><\/span><span style=\"font-family: Calibri, sans-serif;\"><span style=\"font-size: medium;\"><span lang=\"fr-FR\"><i>adultes<\/i><\/span><\/span><\/span><span style=\"font-family: Calibri, sans-serif;\"><span style=\"font-size: medium;\"><span lang=\"fr-FR\">). Pour le lyc\u00e9e Coulomb, sont concern\u00e9s des \u00e9l\u00e8ves de la fili\u00e8re STI2D inscrits en section europ\u00e9enne.<\/span><\/span><\/span><\/span><\/span><\/p>\n<p lang=\"en-GB\" align=\"justify\"><span style=\"font-family: Times New Roman, serif;\"><span style=\"font-size: large;\"><span style=\"font-family: Calibri, sans-serif;\"><span style=\"font-size: medium;\"><span lang=\"fr-FR\">En 2017 eut lieu la premi\u00e8re mobilit\u00e9 de participants fran\u00e7ais chez nos partenaires danois et roumains. 12 \u00e9l\u00e8ves de terminale STI2D furent concern\u00e9s.<\/span><\/span><\/span><\/span><\/span><\/p>\n<p align=\"justify\"><span style=\"font-family: Calibri, sans-serif;\"><span style=\"font-size: medium;\">Voici des liens vers les pages Facebook cr\u00e9\u00e9es par les \u00e9l\u00e8ves \u00e0 l\u2019occasion de cette exp\u00e9rience \u00e0 l\u2019\u00e9tranger\u00a0:<\/span><\/span><\/p>\n<p lang=\"en-GB\" align=\"justify\"><span style=\"font-family: Times New Roman, serif;\"><span style=\"font-size: large;\"><span style=\"color: #0000ff;\"><u><a class=\"western\" href=\"https:\/\/m.facebook.com\/Erasmus-STARS-Danemark%20-416693685340108\/\"><span style=\"font-family: Calibri, sans-serif;\"><span style=\"font-size: medium;\"><span lang=\"fr-FR\">https:\/\/m.facebook.com\/Erasmus-STARS-Danemark%20-416693685340108\/<\/span><\/span><\/span><\/a><\/u><\/span><\/span><\/span><\/p>\n<p lang=\"en-GB\" align=\"justify\"><span style=\"font-family: Times New Roman, serif;\"><span style=\"font-size: large;\"><span style=\"color: #0000ff;\"><u><a class=\"western\" href=\"https:\/\/m.facebook.com\/Erasmus-STARS-Romania-1224388420976717\/?ref=bookmarks\"><span style=\"font-family: Calibri, sans-serif;\"><span style=\"font-size: medium;\"><span lang=\"fr-FR\">https:\/\/m.facebook.com\/Erasmus-STARS-Romania-1224388420976717\/?ref=bookmarks<\/span><\/span><\/span><\/a><\/u><\/span><\/span><\/span><\/p>\n<p class=\"western\" align=\"justify\"><span style=\"font-family: Calibri, sans-serif;\"><span style=\"font-size: small;\"><span style=\"font-size: medium;\"><span lang=\"en-GB\">En F\u00e9vrier 2020 s&rsquo;est tenu la seconde campagne de mobilit\u00e9s chez notre partenaire danois. 12 \u00e9l\u00e8ves de terminale STI2D ont \u00e9t\u00e9 concern\u00e9s et ils ont \u00e9t\u00e9 accompagn\u00e9s au cours de leur s\u00e9jour par 2 enseignants du lyc\u00e9e <\/span><\/span><span style=\"color: #000000;\"><span style=\"font-size: medium;\">Coulomb<\/span><\/span><span style=\"font-size: medium;\"><span lang=\"en-GB\">.<\/span><\/span><\/span><\/span><\/p>\n<p>&nbsp;<\/p>\n<div style=\"width: 960px;\" class=\"wp-video\"><video class=\"wp-video-shortcode\" id=\"video-801-1\" width=\"960\" height=\"720\" preload=\"metadata\" controls=\"controls\"><source type=\"video\/mp4\" src=\"http:\/\/www.lyceecharlescoulomb.fr\/site\/wp-content\/uploads\/2020\/02\/ERASMUS-DK-Ecrans-vid\u00e9os-Lyc\u00e9e.mp4?_=1\" \/><a href=\"http:\/\/www.lyceecharlescoulomb.fr\/site\/wp-content\/uploads\/2020\/02\/ERASMUS-DK-Ecrans-vid\u00e9os-Lyc\u00e9e.mp4\">http:\/\/www.lyceecharlescoulomb.fr\/site\/wp-content\/uploads\/2020\/02\/ERASMUS-DK-Ecrans-vid\u00e9os-Lyc\u00e9e.mp4<\/a><\/video><\/div>\n<p class=\"western\" lang=\"en-GB\" align=\"justify\"><span style=\"font-family: Calibri, sans-serif;\"><span style=\"font-size: medium;\">D\u2019autre part, le lyc\u00e9e devrait accueillir des participants danois et roumains au cours de l\u2019ann\u00e9e scolaire 2020-2021.<\/span><\/span><\/p>\n<p class=\"western\" align=\"justify\"><span style=\"font-family: Calibri, sans-serif;\"><span style=\"font-size: small;\"><span style=\"font-size: medium;\"><span lang=\"en-GB\">L\u2019ensemble des mobilit\u00e9s envisag\u00e9es peuvent b\u00e9n\u00e9ficier d\u2019un financement europ\u00e9en gr\u00e2ce au programme <\/span><\/span><\/span><\/span><img decoding=\"async\" class=\"wp-image-2513 size-medium aligncenter\" src=\"http:\/\/www.lyceecharlescoulomb.fr\/site\/wp-content\/uploads\/2021\/03\/erasmus-300x64.png\" alt=\"\" width=\"300\" height=\"64\" srcset=\"http:\/\/www.lyceecharlescoulomb.fr\/site\/wp-content\/uploads\/2021\/03\/erasmus-300x64.png 300w, http:\/\/www.lyceecharlescoulomb.fr\/site\/wp-content\/uploads\/2021\/03\/erasmus-1024x219.png 1024w, http:\/\/www.lyceecharlescoulomb.fr\/site\/wp-content\/uploads\/2021\/03\/erasmus-768x164.png 768w, http:\/\/www.lyceecharlescoulomb.fr\/site\/wp-content\/uploads\/2021\/03\/erasmus.png 1117w\" sizes=\"(max-width: 300px) 100vw, 300px\" \/><\/p>\n<p lang=\"en-GB\" align=\"justify\"><span style=\"color: #0070c0;\"><span style=\"font-family: Calibri, sans-serif;\"><span style=\"font-size: x-large;\">Informations &#8211; Contact<\/span><\/span><\/span><\/p>\n<p class=\"western\" align=\"justify\"><span style=\"font-family: Calibri, sans-serif;\"><span style=\"font-size: medium;\">M. ALBAREDE Christophe<\/span><\/span><\/p>\n<p class=\"western\" align=\"justify\"><span style=\"font-family: Calibri, sans-serif;\"><span style=\"font-size: medium;\">Enseignant R\u00e9f\u00e9rent \u00e0 l\u2019Action Europ\u00e9enne et Internationale<\/span><\/span><\/p>\n<p class=\"western\" align=\"justify\"><span style=\"font-family: Calibri, sans-serif;\"><span style=\"font-size: small;\"><span style=\"color: #000000;\"><span style=\"font-size: medium;\">Porteur du programme <\/span><\/span><span style=\"font-size: medium;\">\u00ab\u00a0STARS\u00a0\u00bb<\/span><\/span><\/span><\/p>\n<p class=\"western\" align=\"justify\"><span style=\"font-family: Calibri, sans-serif;\"><span style=\"font-size: small;\"><span style=\"color: #000000;\"><span style=\"font-size: medium;\">Lyc\u00e9e Charles Augustin Coulomb \u2013 ANGOULEME<\/span><\/span><\/span><\/span><\/p>\n<p class=\"western\" align=\"justify\"><span style=\"font-family: Calibri, sans-serif;\"><span style=\"font-size: small;\"><span style=\"color: #000000;\"><span style=\"font-size: medium;\">t\u00e9l\u00e9phone personnel\u00a0: <\/span><\/span><em><span style=\"color: #000000;\"><span style=\"font-size: medium;\">06 18 74 47 21<\/span><\/span><\/em><\/span><\/span><\/p>\n<p class=\"western\" align=\"justify\"><span style=\"font-family: Calibri, sans-serif;\"><span style=\"font-size: small;\"><span style=\"color: #000000;\"><span style=\"font-size: medium;\">mail professionnel\u00a0: <\/span><\/span><span style=\"color: #0000ff;\"><u><a class=\"western\" href=\"mailto:Christophe.Albarede@ac-poitiers.fr\"><span style=\"font-size: medium;\">Christophe.Albarede@ac-poitiers.fr<\/span><\/a><\/u><\/span><\/span><\/span><\/p>\n<p class=\"western\" align=\"justify\"><span style=\"font-family: Calibri, sans-serif;\"><span style=\"font-size: small;\"><span style=\"color: #000000;\"><span style=\"font-size: medium;\">Blog public du programme <\/span><\/span><span style=\"font-size: medium;\"><i>\u00ab\u00a0STARS\u00a0\u00bb\u00a0<\/i><\/span><span style=\"color: #000000;\"><span style=\"font-size: medium;\">: <\/span><\/span><span style=\"color: #0000ff;\"><u><a class=\"western\" href=\"http:\/\/renewerg.wordpress.com\/\"><span style=\"font-size: medium;\">http:\/\/renewerg.wordpress.com\/<\/span><\/a><\/u><\/span><\/span><\/span><\/p>\n","protected":false},"excerpt":{"rendered":"<p>Contexte initial D\u00e8s la cr\u00e9ation de sa section europ\u00e9enne \u00e0 la rentr\u00e9e scolaire 2010, le Lyc\u00e9e G\u00e9n\u00e9ral et Technologique Charles Augustin Coulomb s\u2019est mis en qu\u00eate de partenaires europ\u00e9ens afin [&hellip;]<\/p>\n","protected":false},"author":1,"featured_media":0,"parent":789,"menu_order":3,"comment_status":"closed","ping_status":"closed","template":"","meta":{"ocean_post_layout":"","ocean_both_sidebars_style":"","ocean_both_sidebars_content_width":0,"ocean_both_sidebars_sidebars_width":0,"ocean_sidebar":"0","ocean_second_sidebar":"0","ocean_disable_margins":"enable","ocean_add_body_class":"","ocean_shortcode_before_top_bar":"","ocean_shortcode_after_top_bar":"","ocean_shortcode_before_header":"","ocean_shortcode_after_header":"","ocean_has_shortcode":"","ocean_shortcode_after_title":"","ocean_shortcode_before_footer_widgets":"","ocean_shortcode_after_footer_widgets":"","ocean_shortcode_before_footer_bottom":"","ocean_shortcode_after_footer_bottom":"","ocean_display_top_bar":"default","ocean_display_header":"default","ocean_header_style":"","ocean_center_header_left_menu":"0","ocean_custom_header_template":"0","ocean_custom_logo":0,"ocean_custom_retina_logo":0,"ocean_custom_logo_max_width":0,"ocean_custom_logo_tablet_max_width":0,"ocean_custom_logo_mobile_max_width":0,"ocean_custom_logo_max_height":0,"ocean_custom_logo_tablet_max_height":0,"ocean_custom_logo_mobile_max_height":0,"ocean_header_custom_menu":"0","ocean_menu_typo_font_family":"0","ocean_menu_typo_font_subset":"","ocean_menu_typo_font_size":0,"ocean_menu_typo_font_size_tablet":0,"ocean_menu_typo_font_size_mobile":0,"ocean_menu_typo_font_size_unit":"px","ocean_menu_typo_font_weight":"","ocean_menu_typo_font_weight_tablet":"","ocean_menu_typo_font_weight_mobile":"","ocean_menu_typo_transform":"","ocean_menu_typo_transform_tablet":"","ocean_menu_typo_transform_mobile":"","ocean_menu_typo_line_height":0,"ocean_menu_typo_line_height_tablet":0,"ocean_menu_typo_line_height_mobile":0,"ocean_menu_typo_line_height_unit":"","ocean_menu_typo_spacing":0,"ocean_menu_typo_spacing_tablet":0,"ocean_menu_typo_spacing_mobile":0,"ocean_menu_typo_spacing_unit":"","ocean_menu_link_color":"","ocean_menu_link_color_hover":"","ocean_menu_link_color_active":"","ocean_menu_link_background":"","ocean_menu_link_hover_background":"","ocean_menu_link_active_background":"","ocean_menu_social_links_bg":"","ocean_menu_social_hover_links_bg":"","ocean_menu_social_links_color":"","ocean_menu_social_hover_links_color":"","ocean_disable_title":"default","ocean_disable_heading":"default","ocean_post_title":"","ocean_post_subheading":"","ocean_post_title_style":"","ocean_post_title_background_color":"","ocean_post_title_background":0,"ocean_post_title_bg_image_position":"","ocean_post_title_bg_image_attachment":"","ocean_post_title_bg_image_repeat":"","ocean_post_title_bg_image_size":"","ocean_post_title_height":0,"ocean_post_title_bg_overlay":0.5,"ocean_post_title_bg_overlay_color":"","ocean_disable_breadcrumbs":"default","ocean_breadcrumbs_color":"","ocean_breadcrumbs_separator_color":"","ocean_breadcrumbs_links_color":"","ocean_breadcrumbs_links_hover_color":"","ocean_display_footer_widgets":"default","ocean_display_footer_bottom":"default","ocean_custom_footer_template":"0","footnotes":""},"class_list":["post-801","page","type-page","status-publish","hentry","entry"],"_links":{"self":[{"href":"http:\/\/www.lyceecharlescoulomb.fr\/site\/index.php?rest_route=\/wp\/v2\/pages\/801","targetHints":{"allow":["GET"]}}],"collection":[{"href":"http:\/\/www.lyceecharlescoulomb.fr\/site\/index.php?rest_route=\/wp\/v2\/pages"}],"about":[{"href":"http:\/\/www.lyceecharlescoulomb.fr\/site\/index.php?rest_route=\/wp\/v2\/types\/page"}],"author":[{"embeddable":true,"href":"http:\/\/www.lyceecharlescoulomb.fr\/site\/index.php?rest_route=\/wp\/v2\/users\/1"}],"replies":[{"embeddable":true,"href":"http:\/\/www.lyceecharlescoulomb.fr\/site\/index.php?rest_route=%2Fwp%2Fv2%2Fcomments&post=801"}],"version-history":[{"count":18,"href":"http:\/\/www.lyceecharlescoulomb.fr\/site\/index.php?rest_route=\/wp\/v2\/pages\/801\/revisions"}],"predecessor-version":[{"id":2515,"href":"http:\/\/www.lyceecharlescoulomb.fr\/site\/index.php?rest_route=\/wp\/v2\/pages\/801\/revisions\/2515"}],"up":[{"embeddable":true,"href":"http:\/\/www.lyceecharlescoulomb.fr\/site\/index.php?rest_route=\/wp\/v2\/pages\/789"}],"wp:attachment":[{"href":"http:\/\/www.lyceecharlescoulomb.fr\/site\/index.php?rest_route=%2Fwp%2Fv2%2Fmedia&parent=801"}],"curies":[{"name":"wp","href":"https:\/\/api.w.org\/{rel}","templated":true}]}}