{"id":953,"date":"2019-10-23T10:36:38","date_gmt":"2019-10-23T08:36:38","guid":{"rendered":"http:\/\/www.lyceecharlescoulomb.fr\/site\/?page_id=953"},"modified":"2019-10-23T10:38:22","modified_gmt":"2019-10-23T08:38:22","slug":"unss","status":"publish","type":"page","link":"http:\/\/www.lyceecharlescoulomb.fr\/site\/?page_id=953","title":{"rendered":"UNSS"},"content":{"rendered":"<p>Incontournable dans la vie sportive lyc\u00e9enne, l&rsquo;association sportive est anim\u00e9e par les enseignants d&rsquo;EPS.<br \/>\nElle offre une large gamme d&rsquo;activit\u00e9s, entre les entra\u00eenements et les comp\u00e9titions UNSS du mercredi et les entra\u00eenements du lundi soir.<\/p>\n<div class=\"n2-has-copy n2-code n2-ss-slider-shortcode-id\"><\/div>\n<div><\/div>\n<p>Pr\u00e9sentes en basket, football, handball, rugby, escalade, badminton, cross, athl\u00e9tisme, musculation, nos \u00e9quipes sont r\u00e9guli\u00e8rement qualifi\u00e9es aux comp\u00e9titions r\u00e9gionales et nationales et ont leur reconna\u00eet un fair-play remarquable.<\/p>\n<p><a href=\"http:\/\/www.lyceecharlescoulomb.fr\/site\/wp-content\/uploads\/2019\/10\/Plaquette_association_sportive.pdf\" target=\"_blank\" rel=\"noopener noreferrer\">Plaquette de l&rsquo;UNSS<\/a><\/p>\n<p>&nbsp;<\/p>\n<p>&nbsp;<\/p>\n","protected":false},"excerpt":{"rendered":"<p>Incontournable dans la vie sportive lyc\u00e9enne, l&rsquo;association sportive est anim\u00e9e par les enseignants d&rsquo;EPS. Elle offre une large gamme d&rsquo;activit\u00e9s, entre les entra\u00eenements et les comp\u00e9titions UNSS du mercredi et [&hellip;]<\/p>\n","protected":false},"author":1,"featured_media":0,"parent":948,"menu_order":2,"comment_status":"closed","ping_status":"closed","template":"","meta":{"ocean_post_layout":"","ocean_both_sidebars_style":"","ocean_both_sidebars_content_width":0,"ocean_both_sidebars_sidebars_width":0,"ocean_sidebar":"0","ocean_second_sidebar":"0","ocean_disable_margins":"enable","ocean_add_body_class":"","ocean_shortcode_before_top_bar":"","ocean_shortcode_after_top_bar":"","ocean_shortcode_before_header":"","ocean_shortcode_after_header":"","ocean_has_shortcode":"","ocean_shortcode_after_title":"","ocean_shortcode_before_footer_widgets":"","ocean_shortcode_after_footer_widgets":"","ocean_shortcode_before_footer_bottom":"","ocean_shortcode_after_footer_bottom":"","ocean_display_top_bar":"default","ocean_display_header":"default","ocean_header_style":"","ocean_center_header_left_menu":"0","ocean_custom_header_template":"0","ocean_custom_logo":0,"ocean_custom_retina_logo":0,"ocean_custom_logo_max_width":0,"ocean_custom_logo_tablet_max_width":0,"ocean_custom_logo_mobile_max_width":0,"ocean_custom_logo_max_height":0,"ocean_custom_logo_tablet_max_height":0,"ocean_custom_logo_mobile_max_height":0,"ocean_header_custom_menu":"0","ocean_menu_typo_font_family":"0","ocean_menu_typo_font_subset":"","ocean_menu_typo_font_size":0,"ocean_menu_typo_font_size_tablet":0,"ocean_menu_typo_font_size_mobile":0,"ocean_menu_typo_font_size_unit":"px","ocean_menu_typo_font_weight":"","ocean_menu_typo_font_weight_tablet":"","ocean_menu_typo_font_weight_mobile":"","ocean_menu_typo_transform":"","ocean_menu_typo_transform_tablet":"","ocean_menu_typo_transform_mobile":"","ocean_menu_typo_line_height":0,"ocean_menu_typo_line_height_tablet":0,"ocean_menu_typo_line_height_mobile":0,"ocean_menu_typo_line_height_unit":"","ocean_menu_typo_spacing":0,"ocean_menu_typo_spacing_tablet":0,"ocean_menu_typo_spacing_mobile":0,"ocean_menu_typo_spacing_unit":"","ocean_menu_link_color":"","ocean_menu_link_color_hover":"","ocean_menu_link_color_active":"","ocean_menu_link_background":"","ocean_menu_link_hover_background":"","ocean_menu_link_active_background":"","ocean_menu_social_links_bg":"","ocean_menu_social_hover_links_bg":"","ocean_menu_social_links_color":"","ocean_menu_social_hover_links_color":"","ocean_disable_title":"default","ocean_disable_heading":"default","ocean_post_title":"","ocean_post_subheading":"","ocean_post_title_style":"","ocean_post_title_background_color":"","ocean_post_title_background":0,"ocean_post_title_bg_image_position":"","ocean_post_title_bg_image_attachment":"","ocean_post_title_bg_image_repeat":"","ocean_post_title_bg_image_size":"","ocean_post_title_height":0,"ocean_post_title_bg_overlay":0.5,"ocean_post_title_bg_overlay_color":"","ocean_disable_breadcrumbs":"default","ocean_breadcrumbs_color":"","ocean_breadcrumbs_separator_color":"","ocean_breadcrumbs_links_color":"","ocean_breadcrumbs_links_hover_color":"","ocean_display_footer_widgets":"default","ocean_display_footer_bottom":"default","ocean_custom_footer_template":"0","footnotes":""},"class_list":["post-953","page","type-page","status-publish","hentry","entry"],"_links":{"self":[{"href":"http:\/\/www.lyceecharlescoulomb.fr\/site\/index.php?rest_route=\/wp\/v2\/pages\/953","targetHints":{"allow":["GET"]}}],"collection":[{"href":"http:\/\/www.lyceecharlescoulomb.fr\/site\/index.php?rest_route=\/wp\/v2\/pages"}],"about":[{"href":"http:\/\/www.lyceecharlescoulomb.fr\/site\/index.php?rest_route=\/wp\/v2\/types\/page"}],"author":[{"embeddable":true,"href":"http:\/\/www.lyceecharlescoulomb.fr\/site\/index.php?rest_route=\/wp\/v2\/users\/1"}],"replies":[{"embeddable":true,"href":"http:\/\/www.lyceecharlescoulomb.fr\/site\/index.php?rest_route=%2Fwp%2Fv2%2Fcomments&post=953"}],"version-history":[{"count":3,"href":"http:\/\/www.lyceecharlescoulomb.fr\/site\/index.php?rest_route=\/wp\/v2\/pages\/953\/revisions"}],"predecessor-version":[{"id":962,"href":"http:\/\/www.lyceecharlescoulomb.fr\/site\/index.php?rest_route=\/wp\/v2\/pages\/953\/revisions\/962"}],"up":[{"embeddable":true,"href":"http:\/\/www.lyceecharlescoulomb.fr\/site\/index.php?rest_route=\/wp\/v2\/pages\/948"}],"wp:attachment":[{"href":"http:\/\/www.lyceecharlescoulomb.fr\/site\/index.php?rest_route=%2Fwp%2Fv2%2Fmedia&parent=953"}],"curies":[{"name":"wp","href":"https:\/\/api.w.org\/{rel}","templated":true}]}}