{"id":499,"date":"2019-09-19T20:59:30","date_gmt":"2019-09-19T18:59:30","guid":{"rendered":"http:\/\/www.lyceecharlescoulomb.fr\/site\/?page_id=499"},"modified":"2024-04-22T11:07:56","modified_gmt":"2024-04-22T09:07:56","slug":"ms","status":"publish","type":"page","link":"https:\/\/www.lyceecharlescoulomb.fr\/site\/?page_id=499","title":{"rendered":"Maintenance des syst\u00e8mes"},"content":{"rendered":"\t\t<div data-elementor-type=\"wp-post\" data-elementor-id=\"499\" class=\"elementor elementor-499\">\n\t\t\t\t\t\t<section class=\"elementor-section elementor-top-section elementor-element elementor-element-1c2131eb elementor-section-boxed elementor-section-height-default elementor-section-height-default\" data-id=\"1c2131eb\" data-element_type=\"section\" data-e-type=\"section\">\n\t\t\t\t\t\t<div class=\"elementor-container elementor-column-gap-default\">\n\t\t\t\t\t<div class=\"elementor-column elementor-col-100 elementor-top-column elementor-element elementor-element-58f53e5b\" data-id=\"58f53e5b\" data-element_type=\"column\" data-e-type=\"column\">\n\t\t\t<div class=\"elementor-widget-wrap elementor-element-populated\">\n\t\t\t\t\t\t<div class=\"elementor-element elementor-element-2f8f7c2 elementor-widget elementor-widget-image\" data-id=\"2f8f7c2\" data-element_type=\"widget\" data-e-type=\"widget\" data-widget_type=\"image.default\">\n\t\t\t\t<div class=\"elementor-widget-container\">\n\t\t\t\t\t\t\t\t\t\t\t\t\t\t\t<img decoding=\"async\" src=\"https:\/\/www.lyceecharlescoulomb.fr\/site\/wp-content\/uploads\/2019\/09\/BTS_MI.jpg\" title=\"BTS_MI\" alt=\"BTS_MI\" loading=\"lazy\" \/>\t\t\t\t\t\t\t\t\t\t\t\t\t\t\t<\/div>\n\t\t\t\t<\/div>\n\t\t\t\t\t<\/div>\n\t\t<\/div>\n\t\t\t\t\t<\/div>\n\t\t<\/section>\n\t\t\t\t<section class=\"elementor-section elementor-top-section elementor-element elementor-element-141705f4 elementor-section-boxed elementor-section-height-default elementor-section-height-default\" data-id=\"141705f4\" data-element_type=\"section\" data-e-type=\"section\">\n\t\t\t\t\t\t<div class=\"elementor-container elementor-column-gap-default\">\n\t\t\t\t\t<div class=\"elementor-column elementor-col-100 elementor-top-column elementor-element elementor-element-1d829c23\" data-id=\"1d829c23\" data-element_type=\"column\" data-e-type=\"column\">\n\t\t\t<div class=\"elementor-widget-wrap elementor-element-populated\">\n\t\t\t\t\t\t<div class=\"elementor-element elementor-element-85122cf elementor-widget elementor-widget-heading\" data-id=\"85122cf\" data-element_type=\"widget\" data-e-type=\"widget\" data-widget_type=\"heading.default\">\n\t\t\t\t<div class=\"elementor-widget-container\">\n\t\t\t\t\t<h2 class=\"elementor-heading-title elementor-size-default\">\nBTS Maintenance des Syst\u00e8mes option Syst\u00e8mes de Production\u200b<\/h2>\t\t\t\t<\/div>\n\t\t\t\t<\/div>\n\t\t\t\t<div class=\"elementor-element elementor-element-4372ee33 elementor-tabs-view-horizontal elementor-widget elementor-widget-tabs\" data-id=\"4372ee33\" data-element_type=\"widget\" data-e-type=\"widget\" data-widget_type=\"tabs.default\">\n\t\t\t\t<div class=\"elementor-widget-container\">\n\t\t\t\t\t\t\t<div class=\"elementor-tabs\">\n\t\t\t<div class=\"elementor-tabs-wrapper\" role=\"tablist\" >\n\t\t\t\t\t\t\t\t\t<div id=\"elementor-tab-title-1131\" class=\"elementor-tab-title elementor-tab-desktop-title\" aria-selected=\"true\" data-tab=\"1\" role=\"tab\" tabindex=\"0\" aria-controls=\"elementor-tab-content-1131\" aria-expanded=\"false\">Objectifs<\/div>\n\t\t\t\t\t\t\t\t\t<div id=\"elementor-tab-title-1132\" class=\"elementor-tab-title elementor-tab-desktop-title\" aria-selected=\"false\" data-tab=\"2\" role=\"tab\" tabindex=\"-1\" aria-controls=\"elementor-tab-content-1132\" aria-expanded=\"false\">Admission<\/div>\n\t\t\t\t\t\t\t\t\t<div id=\"elementor-tab-title-1133\" class=\"elementor-tab-title elementor-tab-desktop-title\" aria-selected=\"false\" data-tab=\"3\" role=\"tab\" tabindex=\"-1\" aria-controls=\"elementor-tab-content-1133\" aria-expanded=\"false\">Contenu<\/div>\n\t\t\t\t\t\t\t\t\t<div id=\"elementor-tab-title-1134\" class=\"elementor-tab-title elementor-tab-desktop-title\" aria-selected=\"false\" data-tab=\"4\" role=\"tab\" tabindex=\"-1\" aria-controls=\"elementor-tab-content-1134\" aria-expanded=\"false\">Apr\u00e8s le BTS<\/div>\n\t\t\t\t\t\t\t<\/div>\n\t\t\t<div class=\"elementor-tabs-content-wrapper\" role=\"tablist\" aria-orientation=\"vertical\">\n\t\t\t\t\t\t\t\t\t<div class=\"elementor-tab-title elementor-tab-mobile-title\" aria-selected=\"true\" data-tab=\"1\" role=\"tab\" tabindex=\"0\" aria-controls=\"elementor-tab-content-1131\" aria-expanded=\"false\">Objectifs<\/div>\n\t\t\t\t\t<div id=\"elementor-tab-content-1131\" class=\"elementor-tab-content elementor-clearfix\" data-tab=\"1\" role=\"tabpanel\" aria-labelledby=\"elementor-tab-title-1131\" tabindex=\"0\" hidden=\"false\"><p>Le (la) Technicien(ne) en Maintenance des Syst\u00e8mes est avant tout un(e) Technicien(ne) en prise directe avec le terrain. Il (elle) doit \u00eatre capable d\u2019intervenir dans les diff\u00e9rents domaines de la Maintenance Industrielle. Il (elle) doit \u00eatre capable d\u2019organiser, d\u2019analyser les actions de maintenance et de d\u00e9cider celles qui sont les mieux adapt\u00e9es \u00e0 la production.<\/p><p>Le domaine d\u2019application de la Maintenance des Syst\u00e8mes est tr\u00e8s vaste. C\u2019est pourquoi la formation est articul\u00e9e autour de deux axes :<\/p><ul><li>apports de connaissances dans diff\u00e9rents domaines :<ul><li>la m\u00e9canique,<\/li><li>l&rsquo;automatisme,<\/li><li>l\u2019hydraulique,<\/li><li>la pneumatique,<\/li><li>l\u2019\u00e9lectricit\u00e9,<\/li><li>l&rsquo;organisation et la strat\u00e9gie de maintenance,<\/li><li>les activit\u00e9s pratiques de maintenance,<\/li><li>la conduite des syst\u00e8mes.<\/li><\/ul><\/li><li>acquisition des comp\u00e9tences n\u00e9cessaires pour s\u2019adapter \u00e0 toutes les situations d\u2019intervention, d\u2019organisation et de d\u00e9cision rencontr\u00e9es en entreprise.<\/li><\/ul><p>Les futur(e)s Technicien(ne)s devront \u00eatre les \u00ab m\u00e9decins g\u00e9n\u00e9ralistes \u00bb de la production, en \u00e9tant capable de r\u00e9soudre les probl\u00e8mes rencontr\u00e9s, mais aussi de faire appel au bon sp\u00e9cialiste lorsque cela est n\u00e9cessaire.<\/p><\/div>\n\t\t\t\t\t\t\t\t\t<div class=\"elementor-tab-title elementor-tab-mobile-title\" aria-selected=\"false\" data-tab=\"2\" role=\"tab\" tabindex=\"-1\" aria-controls=\"elementor-tab-content-1132\" aria-expanded=\"false\">Admission<\/div>\n\t\t\t\t\t<div id=\"elementor-tab-content-1132\" class=\"elementor-tab-content elementor-clearfix\" data-tab=\"2\" role=\"tabpanel\" aria-labelledby=\"elementor-tab-title-1132\" tabindex=\"0\" hidden=\"hidden\"><p>La formation est assur\u00e9e sous deux formes :<\/p><ul type=\"disc\"><li>soit sous statut scolaire,<\/li><li>soit sous statut d&rsquo;apprenti.<\/li><\/ul><p>Les deux publics sont r\u00e9unis au sein d&rsquo;une m\u00eame classe d&rsquo;une trentaine d&rsquo;\u00e9tudiants au maximum. Cette mixit\u00e9 des publics est enrichissante pour les retours d&rsquo;exp\u00e9rience des uns et des autres.<br \/><br \/>La possibilit\u00e9 offerte, au cours de la formation, d&rsquo;un changement de statut (passage d&rsquo;apprenti \u00e0 scolaire et inversement pour une rupture ou signature tardive du contrat d&rsquo;apprentissage par exemple) est aussi une assurance de mener sa formation \u00e0 terme.<br \/><br \/><u>Conditions inscription<\/u>\u00a0:<br \/>Tous les candidats sont autoris\u00e9s \u00e0 s\u2019inscrire sur cette formation.<br \/>Compte tenu des sp\u00e9cificit\u00e9s de ce BTS,\u00a0 il est conseill\u00e9 aux candidats d\u2019\u00eatre titulaires d\u2019un des dipl\u00f4mes suivants\u00a0:<\/p><ul type=\"disc\"><li>Bac STI2D,<\/li><li>Bac S de pr\u00e9f\u00e9rence option Sciences de l&rsquo;Ing\u00e9nieur,<\/li><li>Bac pro MEI<\/li><li>Bac pro EEEC<\/li><\/ul><p>L&rsquo;apprenti doit satisfaire aux exigences suivantes :<\/p><ul type=\"disc\"><li>poss\u00e9der un niveau \u00e9quivalent au baccalaur\u00e9at,<\/li><li>\u00eatre \u00e2g\u00e9 de moins de 30 ans,<\/li><li>avoir un contrat d\u2019apprentissage.<\/li><\/ul><p><strong><u>Inscription\u00a0<\/u><\/strong><strong>:<\/strong><br \/><strong>L\u2019inscription se fait sur le portail Parcoursup\u00a0: <\/strong><a href=\"https:\/\/www.parcoursup.fr\">https:\/\/www.parcoursup.fr<\/a><\/p><\/div>\n\t\t\t\t\t\t\t\t\t<div class=\"elementor-tab-title elementor-tab-mobile-title\" aria-selected=\"false\" data-tab=\"3\" role=\"tab\" tabindex=\"-1\" aria-controls=\"elementor-tab-content-1133\" aria-expanded=\"false\">Contenu<\/div>\n\t\t\t\t\t<div id=\"elementor-tab-content-1133\" class=\"elementor-tab-content elementor-clearfix\" data-tab=\"3\" role=\"tabpanel\" aria-labelledby=\"elementor-tab-title-1133\" tabindex=\"0\" hidden=\"hidden\"><div id=\"CalqueOnglet3\"><p>Le Technicien en Maintenance des Syst\u00e8mes doit \u00eatre capable, pour exercer son m\u00e9tier, de mettre en \u0153uvre les sept activit\u00e9s ci-dessous :<\/p><ul type=\"disc\"><li>mettre en \u0153uvre et optimiser la Maintenance corrective,<\/li><li>mettre en \u0153uvre et optimiser la Maintenance pr\u00e9ventive,<\/li><li>am\u00e9liorer la s\u00e9curit\u00e9, la disponibilit\u00e9 et optimiser les co\u00fbts li\u00e9s \u00e0 la maintenance,<\/li><li>int\u00e9grer les nouveaux moyens,<\/li><li>d\u00e9finir et organiser la fonction Maintenance,<\/li><li>animer et assurer l&rsquo;encadrement d&rsquo;une \u00e9quipe de maintenance,<\/li><li>assurer la mise en service, la surveillance, le contr\u00f4le et l&rsquo;arr\u00eat des syst\u00e8mes.<\/li><\/ul><p>Pour permettre l\u2019acquisition de toutes les comp\u00e9tences n\u00e9cessaires, l\u2019enseignement comprend :<\/p><ul type=\"disc\"><li>des mati\u00e8res professionnelles, avec cours, travaux dirig\u00e9s, travaux pratiques :<ul type=\"circle\"><li>Etude pluritechnologiques des syst\u00e8mes (10 h)<\/li><li>Organisation de la maintenance (3 h)<\/li><li>Techniques de maintenance, conduite, pr\u00e9vention (6 h)<\/li><li>(en premi\u00e8re ann\u00e9e, 1 heure est consacr\u00e9e \u00e0 la pr\u00e9vention des risques professionnels)<\/li><\/ul><\/li><li>des mati\u00e8res g\u00e9n\u00e9rales, avec cours et travaux dirig\u00e9s :<ul type=\"circle\"><li>Culture g\u00e9n\u00e9rale et expression (2 h)<\/li><li>Anglais (2 h)<\/li><li>Physique \u2013 Chimie (4 h)<\/li><li>Math\u00e9matiques (3 h)<\/li><\/ul><\/li><\/ul><p>Pour les \u00e9tudiants sous statut scolaire, diff\u00e9rentes p\u00e9riodes de formation en entreprise, au sein du service maintenance, sont obligatoires :<\/p><ul type=\"disc\"><li>Stage de quatre semaines en fin de premi\u00e8re ann\u00e9e (juin), qui peut \u00eatre r\u00e9alis\u00e9 \u00e0 l\u2019\u00e9tranger, notamment au Chili.<\/li><li>Deux p\u00e9riodes de trois semaines en deuxi\u00e8me ann\u00e9e (novembre-d\u00e9cembre puis janvier-f\u00e9vrier).<\/li><\/ul><p>Pour les \u00e9tudiants apprentis :<\/p><ul type=\"disc\"><li>21 semaines de cours en premi\u00e8re ann\u00e9e,<\/li><li>19 semaines de cours en deuxi\u00e8me ann\u00e9e.<\/li><\/ul><p>Voir plus d\u2019information sur le site de <a href=\"http:\/\/www.onisep.fr\/Ressources\/Univers-Formation\/Formations\/Post-bac\/BTS-Maintenance-des-systemes-option-A-systemes-de-production\">l&rsquo;ONISEP<\/a>. <br \/>Le r\u00e9f\u00e9rentiel de la formation (format PDF t\u00e9l\u00e9chargeable 2 Mo) <a href=\"https:\/\/www.lyceecharlescoulomb.fr\/formations\/filieres\/ReferentielBtsMs2014.pdf\"><img decoding=\"async\" src=\"https:\/\/www.lyceecharlescoulomb.fr\/formations\/filieres\/download.png\" width=\"32\" height=\"32\" border=\"0\" \/><\/a><\/p><\/div><\/div>\n\t\t\t\t\t\t\t\t\t<div class=\"elementor-tab-title elementor-tab-mobile-title\" aria-selected=\"false\" data-tab=\"4\" role=\"tab\" tabindex=\"-1\" aria-controls=\"elementor-tab-content-1134\" aria-expanded=\"false\">Apr\u00e8s le BTS<\/div>\n\t\t\t\t\t<div id=\"elementor-tab-content-1134\" class=\"elementor-tab-content elementor-clearfix\" data-tab=\"4\" role=\"tabpanel\" aria-labelledby=\"elementor-tab-title-1134\" tabindex=\"0\" hidden=\"hidden\"><div id=\"CalqueOnglet4\"><p>Les grandes entreprises accueillent les jeunes dipl\u00f4m\u00e9s au sein d&rsquo;\u00e9quipes sp\u00e9cialis\u00e9es et leur confient des activit\u00e9s de terrain. Au fil du temps et des opportunit\u00e9s, ces jeunes techniciens auront des possibilit\u00e9s d&rsquo;\u00e9volution de carri\u00e8re avec des prises de responsabilit\u00e9s dans tous les secteurs de la maintenance.<br \/><br \/>Ce m\u00e9tier s\u2019exerce \u00e9galement, avec davantage d\u2019autonomie et de polyvalence, dans des PME\/PMI et dans des entreprises sp\u00e9cialis\u00e9es de maintenance et d\u2019expertise (sous-traitance), mais aussi dans des h\u00f4pitaux, des grandes surfaces, des parcs de loisirs, des stations de sports d\u2019hiver&#8230;<br \/><br \/>Les poursuites d\u2019\u00e9tudes sont nombreuses et permettent tr\u00e8s souvent une sp\u00e9cialisation :<\/p><ul type=\"disc\"><li>Licences professionnelles :<ul type=\"circle\"><li>maintenance nucl\u00e9aire,<\/li><li>maintenance a\u00e9ronautique,<\/li><li>biom\u00e9dical,<\/li><li>automatismes,<\/li><li>commercial&#8230;<\/li><\/ul><\/li><li>Dipl\u00f4me d\u2019ing\u00e9nieur par apprentissage :<ul type=\"circle\"><li>ing\u00e9nieur maintenance,<\/li><li>ing\u00e9nieur g\u00e9n\u00e9raliste.<\/li><\/ul><\/li><li>Mentions compl\u00e9mentaires :<ul type=\"circle\"><li>\u00e9olien,<\/li><li>nucl\u00e9aire&#8230;<\/li><\/ul><\/li><\/ul><\/div><\/div>\n\t\t\t\t\t\t\t<\/div>\n\t\t<\/div>\n\t\t\t\t\t\t<\/div>\n\t\t\t\t<\/div>\n\t\t\t\t\t<\/div>\n\t\t<\/div>\n\t\t\t\t\t<\/div>\n\t\t<\/section>\n\t\t\t\t<section class=\"elementor-section elementor-top-section elementor-element elementor-element-e4481d2 elementor-section-boxed elementor-section-height-default elementor-section-height-default\" data-id=\"e4481d2\" data-element_type=\"section\" data-e-type=\"section\">\n\t\t\t\t\t\t<div class=\"elementor-container elementor-column-gap-default\">\n\t\t\t\t\t<div class=\"elementor-column elementor-col-100 elementor-top-column elementor-element elementor-element-9f98665\" data-id=\"9f98665\" data-element_type=\"column\" data-e-type=\"column\">\n\t\t\t<div class=\"elementor-widget-wrap\">\n\t\t\t\t\t\t\t<\/div>\n\t\t<\/div>\n\t\t\t\t\t<\/div>\n\t\t<\/section>\n\t\t\t\t<section class=\"elementor-section elementor-top-section elementor-element elementor-element-50e4370 elementor-section-boxed elementor-section-height-default elementor-section-height-default\" data-id=\"50e4370\" data-element_type=\"section\" data-e-type=\"section\">\n\t\t\t\t\t\t<div class=\"elementor-container elementor-column-gap-default\">\n\t\t\t\t\t<div class=\"elementor-column elementor-col-100 elementor-top-column elementor-element elementor-element-a13c099\" data-id=\"a13c099\" data-element_type=\"column\" data-e-type=\"column\">\n\t\t\t<div class=\"elementor-widget-wrap elementor-element-populated\">\n\t\t\t\t\t\t<div class=\"elementor-element elementor-element-cf917a5 elementor-widget elementor-widget-heading\" data-id=\"cf917a5\" data-element_type=\"widget\" data-e-type=\"widget\" data-widget_type=\"heading.default\">\n\t\t\t\t<div class=\"elementor-widget-container\">\n\t\t\t\t\t<h2 class=\"elementor-heading-title elementor-size-default\">Flyer de pr\u00e9sentation<\/h2>\t\t\t\t<\/div>\n\t\t\t\t<\/div>\n\t\t\t\t<div class=\"elementor-element elementor-element-e890b4c elementor-widget elementor-widget-image\" data-id=\"e890b4c\" data-element_type=\"widget\" data-e-type=\"widget\" data-widget_type=\"image.default\">\n\t\t\t\t<div class=\"elementor-widget-container\">\n\t\t\t\t\t\t\t\t\t\t\t\t\t\t\t\t<a href=\"http:\/\/www.lyceecharlescoulomb.fr\/site\/wp-content\/uploads\/2021\/02\/fiche_bts_maintenance_des_systemes_option_a_coulomb.pdf\" target=\"_blank\">\n\t\t\t\t\t\t\t<img fetchpriority=\"high\" decoding=\"async\" width=\"595\" height=\"842\" src=\"https:\/\/www.lyceecharlescoulomb.fr\/site\/wp-content\/uploads\/2021\/02\/fiche_bts_maintenance_des_systemes_option_a_coulomb.png\" class=\"attachment-full size-full wp-image-2138\" alt=\"\" srcset=\"https:\/\/www.lyceecharlescoulomb.fr\/site\/wp-content\/uploads\/2021\/02\/fiche_bts_maintenance_des_systemes_option_a_coulomb.png 595w, https:\/\/www.lyceecharlescoulomb.fr\/site\/wp-content\/uploads\/2021\/02\/fiche_bts_maintenance_des_systemes_option_a_coulomb-212x300.png 212w\" sizes=\"(max-width: 595px) 100vw, 595px\" \/>\t\t\t\t\t\t\t\t<\/a>\n\t\t\t\t\t\t\t\t\t\t\t\t\t\t\t<\/div>\n\t\t\t\t<\/div>\n\t\t\t\t\t<\/div>\n\t\t<\/div>\n\t\t\t\t\t<\/div>\n\t\t<\/section>\n\t\t\t\t<section class=\"elementor-section elementor-top-section elementor-element elementor-element-d5d813c elementor-section-boxed elementor-section-height-default elementor-section-height-default\" data-id=\"d5d813c\" data-element_type=\"section\" data-e-type=\"section\">\n\t\t\t\t\t\t<div class=\"elementor-container elementor-column-gap-default\">\n\t\t\t\t\t<div class=\"elementor-column elementor-col-100 elementor-top-column elementor-element elementor-element-8fb4f8e\" data-id=\"8fb4f8e\" data-element_type=\"column\" data-e-type=\"column\">\n\t\t\t<div class=\"elementor-widget-wrap\">\n\t\t\t\t\t\t\t<\/div>\n\t\t<\/div>\n\t\t\t\t\t<\/div>\n\t\t<\/section>\n\t\t\t\t<section class=\"elementor-section elementor-top-section elementor-element elementor-element-c4b7b1b elementor-section-boxed elementor-section-height-default elementor-section-height-default\" data-id=\"c4b7b1b\" data-element_type=\"section\" data-e-type=\"section\">\n\t\t\t\t\t\t<div class=\"elementor-container elementor-column-gap-default\">\n\t\t\t\t\t<div class=\"elementor-column elementor-col-100 elementor-top-column elementor-element elementor-element-0132eb5\" data-id=\"0132eb5\" data-element_type=\"column\" data-e-type=\"column\">\n\t\t\t<div class=\"elementor-widget-wrap elementor-element-populated\">\n\t\t\t\t\t\t<div class=\"elementor-element elementor-element-5f536f8 elementor-widget elementor-widget-heading\" data-id=\"5f536f8\" data-element_type=\"widget\" data-e-type=\"widget\" data-widget_type=\"heading.default\">\n\t\t\t\t<div class=\"elementor-widget-container\">\n\t\t\t\t\t<h2 class=\"elementor-heading-title elementor-size-default\">Formulaire de contact<\/h2>\t\t\t\t<\/div>\n\t\t\t\t<\/div>\n\t\t\t\t<div class=\"elementor-element elementor-element-f7b386b elementor-widget elementor-widget-text-editor\" data-id=\"f7b386b\" data-element_type=\"widget\" data-e-type=\"widget\" data-widget_type=\"text-editor.default\">\n\t\t\t\t<div class=\"elementor-widget-container\">\n\t\t\t\t\t\t\t\t\t<p>\n<div class=\"wpcf7 no-js\" id=\"wpcf7-f2189-o1\" lang=\"fr-FR\" dir=\"ltr\" data-wpcf7-id=\"2189\">\n<div class=\"screen-reader-response\"><p role=\"status\" aria-live=\"polite\" aria-atomic=\"true\"><\/p> <ul><\/ul><\/div>\n<form action=\"\/site\/index.php?rest_route=%2Fwp%2Fv2%2Fpages%2F499#wpcf7-f2189-o1\" method=\"post\" class=\"wpcf7-form init\" aria-label=\"Formulaire de contact\" novalidate=\"novalidate\" data-status=\"init\">\n<fieldset class=\"hidden-fields-container\"><input type=\"hidden\" name=\"_wpcf7\" value=\"2189\" \/><input type=\"hidden\" name=\"_wpcf7_version\" value=\"6.1.5\" \/><input type=\"hidden\" name=\"_wpcf7_locale\" value=\"fr_FR\" \/><input type=\"hidden\" name=\"_wpcf7_unit_tag\" value=\"wpcf7-f2189-o1\" \/><input type=\"hidden\" name=\"_wpcf7_container_post\" value=\"0\" \/><input type=\"hidden\" name=\"_wpcf7_posted_data_hash\" value=\"\" \/>\n<\/fieldset>\n<p>Formulaire pour demander un rendez-vous et\/ou faire une demande de fiche de candidature :\n<\/p>\n<p><label> Votre nom<br \/>\n<span class=\"wpcf7-form-control-wrap\" data-name=\"your-name\"><input size=\"40\" maxlength=\"400\" class=\"wpcf7-form-control wpcf7-text wpcf7-validates-as-required\" aria-required=\"true\" aria-invalid=\"false\" value=\"\" type=\"text\" name=\"your-name\" \/><\/span> <\/label>\n<\/p>\n<p><label> Votre pr\u00e9nom<br \/>\n<span class=\"wpcf7-form-control-wrap\" data-name=\"your-firstname\"><input size=\"40\" maxlength=\"400\" class=\"wpcf7-form-control wpcf7-text wpcf7-validates-as-required\" aria-required=\"true\" aria-invalid=\"false\" value=\"\" type=\"text\" name=\"your-firstname\" \/><\/span> <\/label>\n<\/p>\n<p><label> Votre t\u00e9l\u00e9phone<br \/>\n<span class=\"wpcf7-form-control-wrap\" data-name=\"telephone\"><input size=\"40\" maxlength=\"400\" class=\"wpcf7-form-control wpcf7-tel wpcf7-validates-as-required wpcf7-text wpcf7-validates-as-tel\" aria-required=\"true\" aria-invalid=\"false\" value=\"\" type=\"tel\" name=\"telephone\" \/><\/span> <\/label>\n<\/p>\n<p><label> Votre e-mail<br \/>\n<span class=\"wpcf7-form-control-wrap\" data-name=\"your-email\"><input size=\"40\" maxlength=\"400\" class=\"wpcf7-form-control wpcf7-email wpcf7-validates-as-required wpcf7-text wpcf7-validates-as-email\" aria-required=\"true\" aria-invalid=\"false\" value=\"\" type=\"email\" name=\"your-email\" \/><\/span> <\/label>\n<\/p>\n<p><label> Objet<br \/>\n<span class=\"wpcf7-form-control-wrap\" data-name=\"your-subject\"><input size=\"40\" maxlength=\"400\" class=\"wpcf7-form-control wpcf7-text wpcf7-validates-as-required\" aria-required=\"true\" aria-invalid=\"false\" value=\"\" type=\"text\" name=\"your-subject\" \/><\/span> <\/label>\n<\/p>\n<p><label> Votre message (facultatif)<br \/>\n<span class=\"wpcf7-form-control-wrap\" data-name=\"your-message\"><textarea cols=\"40\" rows=\"10\" maxlength=\"2000\" class=\"wpcf7-form-control wpcf7-textarea\" aria-invalid=\"false\" name=\"your-message\"><\/textarea><\/span> <\/label>\n<\/p>\n<p>Question de s\u00e9curit\u00e9 :<br \/>\n<span class=\"wpcf7-form-control-wrap\" data-name=\"quiz-anti-spam1\"><label><span class=\"wpcf7-quiz-label\">pi(valeur avec 2 d\u00e9cimales avec la virgule comme s\u00e9parateur) ?<\/span> <input size=\"40\" class=\"wpcf7-form-control wpcf7-quiz\" autocomplete=\"off\" aria-required=\"true\" aria-invalid=\"false\" type=\"text\" name=\"quiz-anti-spam1\" \/><\/label><input type=\"hidden\" name=\"_wpcf7_quiz_answer_quiz-anti-spam1\" value=\"0042e04c9bd5adc0af1ef03e21a61086\" \/><\/span>\n<\/p>\n<p>[wpgdprc \u00ab\u00a0En utilisant ce formulaire vous acceptez l&#039;enregistrement des donn\u00e9es saisies.\u00a0\u00bb]\n<\/p>\n<p><input class=\"wpcf7-form-control wpcf7-submit has-spinner\" type=\"submit\" value=\"Envoyer\" \/>\n<\/p><p style=\"display: none !important;\" class=\"akismet-fields-container\" data-prefix=\"_wpcf7_ak_\"><label>&#916;<textarea name=\"_wpcf7_ak_hp_textarea\" cols=\"45\" rows=\"8\" maxlength=\"100\"><\/textarea><\/label><input type=\"hidden\" id=\"ak_js_1\" name=\"_wpcf7_ak_js\" value=\"198\"\/><script>document.getElementById( \"ak_js_1\" ).setAttribute( \"value\", ( new Date() ).getTime() );<\/script><\/p><div class=\"wpcf7-response-output\" aria-hidden=\"true\"><\/div>\n<\/form>\n<\/div>\n<\/p>\t\t\t\t\t\t\t\t<\/div>\n\t\t\t\t<\/div>\n\t\t\t\t\t<\/div>\n\t\t<\/div>\n\t\t\t\t\t<\/div>\n\t\t<\/section>\n\t\t\t\t<\/div>\n\t\t","protected":false},"excerpt":{"rendered":"<p>BTS Maintenance des Syst\u00e8mes option Syst\u00e8mes de Production\u200b Objectifs Admission Contenu Apr\u00e8s le BTS Objectifs Le (la) Technicien(ne) en Maintenance des Syst\u00e8mes est avant tout un(e) Technicien(ne) en prise directe [&hellip;]<\/p>\n","protected":false},"author":1,"featured_media":0,"parent":888,"menu_order":2,"comment_status":"closed","ping_status":"closed","template":"","meta":{"ocean_post_layout":"","ocean_both_sidebars_style":"","ocean_both_sidebars_content_width":0,"ocean_both_sidebars_sidebars_width":0,"ocean_sidebar":"0","ocean_second_sidebar":"0","ocean_disable_margins":"enable","ocean_add_body_class":"","ocean_shortcode_before_top_bar":"","ocean_shortcode_after_top_bar":"","ocean_shortcode_before_header":"","ocean_shortcode_after_header":"","ocean_has_shortcode":"","ocean_shortcode_after_title":"","ocean_shortcode_before_footer_widgets":"","ocean_shortcode_after_footer_widgets":"","ocean_shortcode_before_footer_bottom":"","ocean_shortcode_after_footer_bottom":"","ocean_display_top_bar":"default","ocean_display_header":"default","ocean_header_style":"","ocean_center_header_left_menu":"0","ocean_custom_header_template":"0","ocean_custom_logo":0,"ocean_custom_retina_logo":0,"ocean_custom_logo_max_width":0,"ocean_custom_logo_tablet_max_width":0,"ocean_custom_logo_mobile_max_width":0,"ocean_custom_logo_max_height":0,"ocean_custom_logo_tablet_max_height":0,"ocean_custom_logo_mobile_max_height":0,"ocean_header_custom_menu":"0","ocean_menu_typo_font_family":"0","ocean_menu_typo_font_subset":"","ocean_menu_typo_font_size":0,"ocean_menu_typo_font_size_tablet":0,"ocean_menu_typo_font_size_mobile":0,"ocean_menu_typo_font_size_unit":"px","ocean_menu_typo_font_weight":"","ocean_menu_typo_font_weight_tablet":"","ocean_menu_typo_font_weight_mobile":"","ocean_menu_typo_transform":"","ocean_menu_typo_transform_tablet":"","ocean_menu_typo_transform_mobile":"","ocean_menu_typo_line_height":0,"ocean_menu_typo_line_height_tablet":0,"ocean_menu_typo_line_height_mobile":0,"ocean_menu_typo_line_height_unit":"","ocean_menu_typo_spacing":0,"ocean_menu_typo_spacing_tablet":0,"ocean_menu_typo_spacing_mobile":0,"ocean_menu_typo_spacing_unit":"","ocean_menu_link_color":"","ocean_menu_link_color_hover":"","ocean_menu_link_color_active":"","ocean_menu_link_background":"","ocean_menu_link_hover_background":"","ocean_menu_link_active_background":"","ocean_menu_social_links_bg":"","ocean_menu_social_hover_links_bg":"","ocean_menu_social_links_color":"","ocean_menu_social_hover_links_color":"","ocean_disable_title":"default","ocean_disable_heading":"default","ocean_post_title":"","ocean_post_subheading":"","ocean_post_title_style":"","ocean_post_title_background_color":"","ocean_post_title_background":0,"ocean_post_title_bg_image_position":"","ocean_post_title_bg_image_attachment":"","ocean_post_title_bg_image_repeat":"","ocean_post_title_bg_image_size":"","ocean_post_title_height":0,"ocean_post_title_bg_overlay":0.5,"ocean_post_title_bg_overlay_color":"","ocean_disable_breadcrumbs":"default","ocean_breadcrumbs_color":"","ocean_breadcrumbs_separator_color":"","ocean_breadcrumbs_links_color":"","ocean_breadcrumbs_links_hover_color":"","ocean_display_footer_widgets":"default","ocean_display_footer_bottom":"default","ocean_custom_footer_template":"0","footnotes":""},"class_list":["post-499","page","type-page","status-publish","hentry","entry"],"_links":{"self":[{"href":"https:\/\/www.lyceecharlescoulomb.fr\/site\/index.php?rest_route=\/wp\/v2\/pages\/499","targetHints":{"allow":["GET"]}}],"collection":[{"href":"https:\/\/www.lyceecharlescoulomb.fr\/site\/index.php?rest_route=\/wp\/v2\/pages"}],"about":[{"href":"https:\/\/www.lyceecharlescoulomb.fr\/site\/index.php?rest_route=\/wp\/v2\/types\/page"}],"author":[{"embeddable":true,"href":"https:\/\/www.lyceecharlescoulomb.fr\/site\/index.php?rest_route=\/wp\/v2\/users\/1"}],"replies":[{"embeddable":true,"href":"https:\/\/www.lyceecharlescoulomb.fr\/site\/index.php?rest_route=%2Fwp%2Fv2%2Fcomments&post=499"}],"version-history":[{"count":15,"href":"https:\/\/www.lyceecharlescoulomb.fr\/site\/index.php?rest_route=\/wp\/v2\/pages\/499\/revisions"}],"predecessor-version":[{"id":5495,"href":"https:\/\/www.lyceecharlescoulomb.fr\/site\/index.php?rest_route=\/wp\/v2\/pages\/499\/revisions\/5495"}],"up":[{"embeddable":true,"href":"https:\/\/www.lyceecharlescoulomb.fr\/site\/index.php?rest_route=\/wp\/v2\/pages\/888"}],"wp:attachment":[{"href":"https:\/\/www.lyceecharlescoulomb.fr\/site\/index.php?rest_route=%2Fwp%2Fv2%2Fmedia&parent=499"}],"curies":[{"name":"wp","href":"https:\/\/api.w.org\/{rel}","templated":true}]}}