{"id":569,"date":"2019-09-21T22:37:25","date_gmt":"2019-09-21T20:37:25","guid":{"rendered":"http:\/\/www.lyceecharlescoulomb.fr\/site\/?page_id=569"},"modified":"2025-01-31T22:24:12","modified_gmt":"2025-01-31T21:24:12","slug":"bac-pro-sn","status":"publish","type":"page","link":"https:\/\/www.lyceecharlescoulomb.fr\/site\/?page_id=569","title":{"rendered":"BAC Pro CIEL Cybers\u00e9curit\u00e9, Informatique et r\u00e9seaux, ELectronique (jusqu&rsquo;en 2023 BP SN)"},"content":{"rendered":"\t\t<div data-elementor-type=\"wp-post\" data-elementor-id=\"569\" class=\"elementor elementor-569\">\n\t\t\t\t\t\t<section class=\"elementor-section elementor-top-section elementor-element elementor-element-676378a elementor-section-boxed elementor-section-height-default elementor-section-height-default\" data-id=\"676378a\" data-element_type=\"section\" data-e-type=\"section\">\n\t\t\t\t\t\t<div class=\"elementor-container elementor-column-gap-default\">\n\t\t\t\t\t<div class=\"elementor-column elementor-col-100 elementor-top-column elementor-element elementor-element-7c7eed9b\" data-id=\"7c7eed9b\" data-element_type=\"column\" data-e-type=\"column\">\n\t\t\t<div class=\"elementor-widget-wrap elementor-element-populated\">\n\t\t\t\t\t\t<div class=\"elementor-element elementor-element-f224f8a elementor-widget elementor-widget-text-editor\" data-id=\"f224f8a\" data-element_type=\"widget\" data-e-type=\"widget\" data-widget_type=\"text-editor.default\">\n\t\t\t\t<div class=\"elementor-widget-container\">\n\t\t\t\t\t\t\t\t\t<div id=\"primary\" class=\"content-area clr\"><div id=\"content\" class=\"site-content clr\"><article class=\"single-page-article clr\"><div class=\"entry clr\"><div class=\"elementor elementor-571\" data-elementor-type=\"wp-post\" data-elementor-id=\"571\" data-elementor-settings=\"[]\"><div class=\"elementor-inner\"><div class=\"elementor-section-wrap\"><section class=\"elementor-section elementor-top-section elementor-element elementor-element-f139e2c elementor-section-boxed elementor-section-height-default elementor-section-height-default\" data-id=\"f139e2c\" data-element_type=\"section\"><div class=\"elementor-container elementor-column-gap-default\"><div class=\"elementor-row\"><div class=\"elementor-column elementor-col-100 elementor-top-column elementor-element elementor-element-dce4cfb\" data-id=\"dce4cfb\" data-element_type=\"column\"><div class=\"elementor-column-wrap elementor-element-populated\"><div class=\"elementor-widget-wrap\"><div class=\"elementor-element elementor-element-43a9a0e elementor-widget elementor-widget-text-editor\" data-id=\"43a9a0e\" data-element_type=\"widget\" data-widget_type=\"text-editor.default\"><div class=\"elementor-widget-container\"><div class=\"elementor-text-editor elementor-clearfix\"><p>Vid\u00e9o issue du site de l\u2019onisep.<\/p><\/div><\/div><\/div><\/div><\/div><\/div><\/div><\/div><\/section><\/div><\/div><\/div><\/div><\/article><\/div><\/div>\t\t\t\t\t\t\t\t<\/div>\n\t\t\t\t<\/div>\n\t\t\t\t<div class=\"elementor-element elementor-element-54f5d0d elementor-widget elementor-widget-video\" data-id=\"54f5d0d\" data-element_type=\"widget\" data-e-type=\"widget\" data-settings=\"{&quot;video_type&quot;:&quot;hosted&quot;,&quot;controls&quot;:&quot;yes&quot;}\" data-widget_type=\"video.default\">\n\t\t\t\t<div class=\"elementor-widget-container\">\n\t\t\t\t\t\t\t<div class=\"e-hosted-video elementor-wrapper elementor-open-inline\">\n\t\t\t\t\t<video class=\"elementor-video\" src=\"http:\/\/www.lyceecharlescoulomb.fr\/site\/videos\/2021\/Bac pro syst\u00e8mes num\u00e9riques.mp4\" controls=\"\" preload=\"metadata\" controlsList=\"nodownload\"><\/video>\n\t\t\t\t<\/div>\n\t\t\t\t\t\t<\/div>\n\t\t\t\t<\/div>\n\t\t\t\t\t<\/div>\n\t\t<\/div>\n\t\t\t\t\t<\/div>\n\t\t<\/section>\n\t\t\t\t<section class=\"elementor-section elementor-top-section elementor-element elementor-element-621e3bf3 elementor-section-boxed elementor-section-height-default elementor-section-height-default\" data-id=\"621e3bf3\" data-element_type=\"section\" data-e-type=\"section\">\n\t\t\t\t\t\t<div class=\"elementor-container elementor-column-gap-default\">\n\t\t\t\t\t<div class=\"elementor-column elementor-col-100 elementor-top-column elementor-element elementor-element-103e3040\" data-id=\"103e3040\" data-element_type=\"column\" data-e-type=\"column\">\n\t\t\t<div class=\"elementor-widget-wrap elementor-element-populated\">\n\t\t\t\t\t\t<div class=\"elementor-element elementor-element-8737a76 elementor-widget elementor-widget-heading\" data-id=\"8737a76\" data-element_type=\"widget\" data-e-type=\"widget\" data-widget_type=\"heading.default\">\n\t\t\t\t<div class=\"elementor-widget-container\">\n\t\t\t\t\t<h2 class=\"elementor-heading-title elementor-size-default\"><span class=\"Style3\">BAC PRO SYST\u00c8MES NUM\u00c9RIQUES<\/span><\/h2>\t\t\t\t<\/div>\n\t\t\t\t<\/div>\n\t\t\t\t<div class=\"elementor-element elementor-element-1f4c093b elementor-tabs-view-horizontal elementor-widget elementor-widget-tabs\" data-id=\"1f4c093b\" data-element_type=\"widget\" data-e-type=\"widget\" data-widget_type=\"tabs.default\">\n\t\t\t\t<div class=\"elementor-widget-container\">\n\t\t\t\t\t\t\t<div class=\"elementor-tabs\">\n\t\t\t<div class=\"elementor-tabs-wrapper\" role=\"tablist\" >\n\t\t\t\t\t\t\t\t\t<div id=\"elementor-tab-title-5251\" class=\"elementor-tab-title elementor-tab-desktop-title\" aria-selected=\"true\" data-tab=\"1\" role=\"tab\" tabindex=\"0\" aria-controls=\"elementor-tab-content-5251\" aria-expanded=\"false\">Objectifs<\/div>\n\t\t\t\t\t\t\t\t\t<div id=\"elementor-tab-title-5252\" class=\"elementor-tab-title elementor-tab-desktop-title\" aria-selected=\"false\" data-tab=\"2\" role=\"tab\" tabindex=\"-1\" aria-controls=\"elementor-tab-content-5252\" aria-expanded=\"false\">Admission<\/div>\n\t\t\t\t\t\t\t\t\t<div id=\"elementor-tab-title-5253\" class=\"elementor-tab-title elementor-tab-desktop-title\" aria-selected=\"false\" data-tab=\"3\" role=\"tab\" tabindex=\"-1\" aria-controls=\"elementor-tab-content-5253\" aria-expanded=\"false\">Contenu<\/div>\n\t\t\t\t\t\t\t\t\t<div id=\"elementor-tab-title-5254\" class=\"elementor-tab-title elementor-tab-desktop-title\" aria-selected=\"false\" data-tab=\"4\" role=\"tab\" tabindex=\"-1\" aria-controls=\"elementor-tab-content-5254\" aria-expanded=\"false\">Apr\u00e8s le BAC<\/div>\n\t\t\t\t\t\t\t\t\t<div id=\"elementor-tab-title-5255\" class=\"elementor-tab-title elementor-tab-desktop-title\" aria-selected=\"false\" data-tab=\"5\" role=\"tab\" tabindex=\"-1\" aria-controls=\"elementor-tab-content-5255\" aria-expanded=\"false\">Onisep<\/div>\n\t\t\t\t\t\t\t<\/div>\n\t\t\t<div class=\"elementor-tabs-content-wrapper\" role=\"tablist\" aria-orientation=\"vertical\">\n\t\t\t\t\t\t\t\t\t<div class=\"elementor-tab-title elementor-tab-mobile-title\" aria-selected=\"true\" data-tab=\"1\" role=\"tab\" tabindex=\"0\" aria-controls=\"elementor-tab-content-5251\" aria-expanded=\"false\">Objectifs<\/div>\n\t\t\t\t\t<div id=\"elementor-tab-content-5251\" class=\"elementor-tab-content elementor-clearfix\" data-tab=\"1\" role=\"tabpanel\" aria-labelledby=\"elementor-tab-title-5251\" tabindex=\"0\" hidden=\"false\"><div id=\"CalqueOnglet1\"><p>Le bac professionnel SN pr\u00e9pare les \u00e9l\u00e8ves \u00e0 devenir des techniciens polyvalents capables d\u2019intervenir dans tous les domaines o\u00f9 l\u2019\u00e9lectronique est pr\u00e9sente\u00a0: t\u00e9l\u00e9communications et r\u00e9seaux, audiovisuel multim\u00e9dia, alarme s\u00e9curit\u00e9 incendie, \u00e9lectronique embarqu\u00e9e, domotique, etc. A l\u2019issue de cette formation, ils devront \u00eatre capables de r\u00e9aliser l\u2019installation, la mise en service et la maintenance des syst\u00e8mes \u00e9lectroniques.<\/p><ul type=\"disc\"><li>L\u2019installation\u00a0: r\u00e9aliser, \u00e0 partir des notices du constructeur, le c\u00e2blage des appareils entre eux<\/li><li>La mise en service\u00a0: r\u00e9gler, configurer et tester les diff\u00e9rents \u00e9l\u00e9ments \u00e9lectroniques afin de rendre le syst\u00e8me fonctionnel<\/li><li>La maintenance\u00a0: \u00e9tablir un diagnostic pour localiser l\u2019origine de la panne, y rem\u00e9dier par un changement de l\u2019\u00e9l\u00e9ment d\u00e9fectueux ou une modification de param\u00e9trage ou du logiciel<\/li><\/ul><\/div><\/div>\n\t\t\t\t\t\t\t\t\t<div class=\"elementor-tab-title elementor-tab-mobile-title\" aria-selected=\"false\" data-tab=\"2\" role=\"tab\" tabindex=\"-1\" aria-controls=\"elementor-tab-content-5252\" aria-expanded=\"false\">Admission<\/div>\n\t\t\t\t\t<div id=\"elementor-tab-content-5252\" class=\"elementor-tab-content elementor-clearfix\" data-tab=\"2\" role=\"tabpanel\" aria-labelledby=\"elementor-tab-title-5252\" tabindex=\"0\" hidden=\"hidden\"><div id=\"CalqueOnglet2\"><p>L&rsquo;admission se fait \u00e0 l&rsquo;issue de la classe de 3\u00e8me apr\u00e8s :<\/p><ul><li>la <strong>d\u00e9cision d&rsquo;orientation<\/strong> favorable \u00e0 la seconde professionnelle, prononc\u00e9e par le conseil de classe du troisi\u00e8me trimestre,<\/li><li>et, apr\u00e8s la <strong>d\u00e9cision d&rsquo;affectation<\/strong> qui consiste \u00e0 \u00eatre admis dans un lyc\u00e9e professionnel.<\/li><\/ul><p>L&rsquo;affectation est le r\u00e9sultat d&rsquo;un processus de s\u00e9lection informatis\u00e9e bas\u00e9 sur trois crit\u00e8res :<\/p><ul><li>les r\u00e9sultats scolaires de l&rsquo;ann\u00e9e de troisi\u00e8me,<\/li><li>l&rsquo;avis du chef d&rsquo;\u00e9tablissement (coll\u00e8ge)<\/li><li>et les capacit\u00e9s prioritairement attendues pour la formation demand\u00e9e.<\/li><\/ul><p>L&rsquo;admission en lyc\u00e9e professionnel doit \u00eatre obligatoirement suivie d&rsquo;une inscription de l&rsquo;\u00e9l\u00e8ve (dans un d\u00e9lai de 8 jours maximum).<\/p><\/div><\/div>\n\t\t\t\t\t\t\t\t\t<div class=\"elementor-tab-title elementor-tab-mobile-title\" aria-selected=\"false\" data-tab=\"3\" role=\"tab\" tabindex=\"-1\" aria-controls=\"elementor-tab-content-5253\" aria-expanded=\"false\">Contenu<\/div>\n\t\t\t\t\t<div id=\"elementor-tab-content-5253\" class=\"elementor-tab-content elementor-clearfix\" data-tab=\"3\" role=\"tabpanel\" aria-labelledby=\"elementor-tab-title-5253\" tabindex=\"0\" hidden=\"hidden\"><div id=\"CalqueOnglet3\"><p>Durant les trois ann\u00e9es de formation, les \u00e9l\u00e8ves recevront, en plus des enseignements g\u00e9n\u00e9raux (lettres, langue vivante, math\u00e9matiques, &#8230;) un enseignement professionnel de 13 heures par semaine, constitu\u00e9 \u00e0 la fois d\u2019activit\u00e9s pratiques et d\u2019apports th\u00e9oriques. <br \/>Durant cet enseignement les \u00e9l\u00e8ves se verront proposer des activit\u00e9s professionnelles dans l\u2019ensemble des trois options suivantes\u00a0:<\/p><ul><li><strong>Option A : S\u00fbret\u00e9 et S\u00e9curit\u00e9 des Infrastructures de l&rsquo;Habitat et du Tertiaire (SSIHT) domaine de l&rsquo;alarme, s\u00fbret\u00e9 s\u00e9curit\u00e9, incendie, domotique li\u00e9 \u00e0 l&rsquo;habitat (vid\u00e9o-surveillance, cam\u00e9ra,alarme incendie, d\u00e9tecteur&#8230;)<\/strong><\/li><li><strong>Option B : Audiovisuels, R\u00e9seau et \u00c9quipement Domestiques (ARED) domaine de l&rsquo;audiovisuel multim\u00e9dia, \u00e9lectrodomestique, \u00e9clairage et sonorisation, domotique li\u00e9 \u00e0 l&rsquo;\u00e9nergie (Home cin\u00e9ma, lecteur DVD, t\u00e9l\u00e9viseur LCD, lave linge, lave vaisselle, s\u00e8che linge, projecteurs, jeu de lumi\u00e8re, console d&rsquo;\u00e9clairage DMX\u2026)<\/strong><\/li><li><strong>Option C : R\u00e9seaux Informatiques et Syst\u00e8mes Communicants (RISC) domaine des T\u00e9l\u00e9communications et R\u00e9seaux, de l&rsquo;\u00e9lectronique industrielle et embarqu\u00e9e (t\u00e9l\u00e9phonie, PC, box, switch, routeur, GPS, \u00e9lectronique embarqu\u00e9e d&rsquo;une voiture&#8230;)<\/strong><\/li><\/ul><p>Durant la premi\u00e8re ann\u00e9e, ces trois options seront trait\u00e9es de fa\u00e7on \u00e9gale puis, les deux derni\u00e8res ann\u00e9es, l&rsquo;accent sera mis sur <strong>l&rsquo;option C \u00ab R\u00e9seaux Informatiques et Syst\u00e8mes Communicants \u00bb <\/strong>qui donne son option au Bac Pro SN pr\u00e9par\u00e9 dans notre \u00e9tablissement.<\/p><p>Durant les trois ann\u00e9es de formation, l\u2019\u00e9l\u00e8ve devra \u00e9galement effectuer une p\u00e9riode de formation en milieu professionnel (PMFP) d\u2019une dur\u00e9e totale de 22 semaines et dont l\u2019\u00e9valuation (par le tuteur et l\u2019enseignant) est prise en compte pour la validation du dipl\u00f4me.<\/p><p>En cours de cursus, les \u00e9l\u00e8ves pourront \u00e9galement pr\u00e9senter un dipl\u00f4me de niveau V (BEP des Syst\u00e8mes \u00c9lectroniques Num\u00e9riques), ce dipl\u00f4me comme le Bac Pro, \u00e9tant \u00e9valu\u00e9 pour partie en CCF (Contr\u00f4le en Cours de Formation), pour partie en \u00e9preuves ponctuelles en fin d\u2019ann\u00e9e.<\/p><\/div><\/div>\n\t\t\t\t\t\t\t\t\t<div class=\"elementor-tab-title elementor-tab-mobile-title\" aria-selected=\"false\" data-tab=\"4\" role=\"tab\" tabindex=\"-1\" aria-controls=\"elementor-tab-content-5254\" aria-expanded=\"false\">Apr\u00e8s le BAC<\/div>\n\t\t\t\t\t<div id=\"elementor-tab-content-5254\" class=\"elementor-tab-content elementor-clearfix\" data-tab=\"4\" role=\"tabpanel\" aria-labelledby=\"elementor-tab-title-5254\" tabindex=\"0\" hidden=\"hidden\"><div id=\"CalqueOnglet4\"><p>Bien que le BAC PRO soit \u00e0 finalit\u00e9 professionnelle, une grande partie des \u00e9l\u00e8ves peut pr\u00e9tendre \u00e0 acc\u00e9der \u00e0 des \u00e9tudes sup\u00e9rieures.<\/p><ul><li>BTS SN (Syst\u00e8mes Num\u00e9riques).<\/li><li>BTS SIO (Services Informatiques aux Organisations).<ul><li>sp\u00e9cialit\u00e9 d\u00e9veloppeur d&rsquo;application.<\/li><li>sp\u00e9cialit\u00e9 administrateur de r\u00e9seau local.<\/li><\/ul><\/li><li>BTS IRIS (Informatique et R\u00e9seaux pour l&rsquo;Industrie et les Services techniques).<\/li><li>BTS M\u00e9tiers de l&rsquo;audiovisuel option image, son\u2026<\/li><li>BTS Domotique.<\/li><li>IUT.<\/li><li>Mention compl\u00e9mentaire (dur\u00e9e d\u2019\u00e9tude 1 an).<\/li><\/ul><p>Les \u00e9l\u00e8ves peuvent \u00e9galement choisir de rentrer dans la vie active en tant que\u00a0:<\/p><ul><li>Technicien conseil.<\/li><li>Technicien d\u2019installation.<\/li><li>Technicien de mise en service, de maintenance de syst\u00e8mes dans un SAV.<\/li><li>Technicien de mise en service, de maintenance de syst\u00e8mes dans un centre d\u2019appels.<\/li><li>Technicien pr\u00e9parateur pr\u00e9-diagnostic.<\/li><\/ul><p>Tous ces emplois se retrouvent chez les commer\u00e7ants, en TPE, PME, dans la distribution (grande ou petite), dans les entreprises industrielles, en centre de maintenance \u00e0 distance\u2026<\/p><\/div><\/div>\n\t\t\t\t\t\t\t\t\t<div class=\"elementor-tab-title elementor-tab-mobile-title\" aria-selected=\"false\" data-tab=\"5\" role=\"tab\" tabindex=\"-1\" aria-controls=\"elementor-tab-content-5255\" aria-expanded=\"false\">Onisep<\/div>\n\t\t\t\t\t<div id=\"elementor-tab-content-5255\" class=\"elementor-tab-content elementor-clearfix\" data-tab=\"5\" role=\"tabpanel\" aria-labelledby=\"elementor-tab-title-5255\" tabindex=\"0\" hidden=\"hidden\"><p><a href=\"https:\/\/www.onisep.fr\/ressources\/univers-formation\/formations\/lycees\/bac-pro-cybersecurite-informatique-et-reseaux-electronique\" target=\"_blank\" rel=\"noopener\">https:\/\/www.onisep.fr\/ressources\/univers-formation\/formations\/lycees\/bac-pro-cybersecurite-informatique-et-reseaux-electronique<\/a><\/p><\/div>\n\t\t\t\t\t\t\t<\/div>\n\t\t<\/div>\n\t\t\t\t\t\t<\/div>\n\t\t\t\t<\/div>\n\t\t\t\t<div class=\"elementor-element elementor-element-eda4d9e elementor-widget elementor-widget-image\" data-id=\"eda4d9e\" data-element_type=\"widget\" data-e-type=\"widget\" data-widget_type=\"image.default\">\n\t\t\t\t<div class=\"elementor-widget-container\">\n\t\t\t\t\t\t\t\t\t\t\t\t<figure class=\"wp-caption\">\n\t\t\t\t\t\t\t\t\t\t\t<a href=\"http:\/\/www.lyceecharlescoulomb.fr\/site\/wp-content\/uploads\/2022\/01\/Plaquette-BP-SN-modifiee-2021-2022v2.pdf\" target=\"_blank\">\n\t\t\t\t\t\t\t<img fetchpriority=\"high\" decoding=\"async\" width=\"595\" height=\"842\" src=\"https:\/\/www.lyceecharlescoulomb.fr\/site\/wp-content\/uploads\/2022\/01\/Plaquette-BP-SN-modifiee-2021-2022.png\" class=\"attachment-medium_large size-medium_large wp-image-3548\" alt=\"\" srcset=\"https:\/\/www.lyceecharlescoulomb.fr\/site\/wp-content\/uploads\/2022\/01\/Plaquette-BP-SN-modifiee-2021-2022.png 595w, https:\/\/www.lyceecharlescoulomb.fr\/site\/wp-content\/uploads\/2022\/01\/Plaquette-BP-SN-modifiee-2021-2022-212x300.png 212w\" sizes=\"(max-width: 595px) 100vw, 595px\" \/>\t\t\t\t\t\t\t\t<\/a>\n\t\t\t\t\t\t\t\t\t\t\t<figcaption class=\"widget-image-caption wp-caption-text\"><strong>Plaquette t\u00e9l\u00e9chargeable en cliquant sur l'image<\/strong><\/figcaption>\n\t\t\t\t\t\t\t\t\t\t<\/figure>\n\t\t\t\t\t\t\t\t\t<\/div>\n\t\t\t\t<\/div>\n\t\t\t\t\t<\/div>\n\t\t<\/div>\n\t\t\t\t\t<\/div>\n\t\t<\/section>\n\t\t\t\t<\/div>\n\t\t","protected":false},"excerpt":{"rendered":"<p>Vid\u00e9o issue du site de l\u2019onisep. http:\/\/www.lyceecharlescoulomb.fr\/site\/videos\/2021\/Bac%20pro%20syst\u00e8mes%20num\u00e9riques.mp4 BAC PRO SYST\u00c8MES NUM\u00c9RIQUES Objectifs Admission Contenu Apr\u00e8s le BAC Onisep Objectifs Le bac professionnel SN pr\u00e9pare les \u00e9l\u00e8ves \u00e0 devenir des techniciens [&hellip;]<\/p>\n","protected":false},"author":9,"featured_media":0,"parent":1179,"menu_order":2,"comment_status":"closed","ping_status":"closed","template":"","meta":{"ocean_post_layout":"","ocean_both_sidebars_style":"","ocean_both_sidebars_content_width":0,"ocean_both_sidebars_sidebars_width":0,"ocean_sidebar":"0","ocean_second_sidebar":"0","ocean_disable_margins":"enable","ocean_add_body_class":"","ocean_shortcode_before_top_bar":"","ocean_shortcode_after_top_bar":"","ocean_shortcode_before_header":"","ocean_shortcode_after_header":"","ocean_has_shortcode":"","ocean_shortcode_after_title":"","ocean_shortcode_before_footer_widgets":"","ocean_shortcode_after_footer_widgets":"","ocean_shortcode_before_footer_bottom":"","ocean_shortcode_after_footer_bottom":"","ocean_display_top_bar":"default","ocean_display_header":"default","ocean_header_style":"","ocean_center_header_left_menu":"0","ocean_custom_header_template":"0","ocean_custom_logo":0,"ocean_custom_retina_logo":0,"ocean_custom_logo_max_width":0,"ocean_custom_logo_tablet_max_width":0,"ocean_custom_logo_mobile_max_width":0,"ocean_custom_logo_max_height":0,"ocean_custom_logo_tablet_max_height":0,"ocean_custom_logo_mobile_max_height":0,"ocean_header_custom_menu":"0","ocean_menu_typo_font_family":"0","ocean_menu_typo_font_subset":"","ocean_menu_typo_font_size":0,"ocean_menu_typo_font_size_tablet":0,"ocean_menu_typo_font_size_mobile":0,"ocean_menu_typo_font_size_unit":"px","ocean_menu_typo_font_weight":"","ocean_menu_typo_font_weight_tablet":"","ocean_menu_typo_font_weight_mobile":"","ocean_menu_typo_transform":"","ocean_menu_typo_transform_tablet":"","ocean_menu_typo_transform_mobile":"","ocean_menu_typo_line_height":0,"ocean_menu_typo_line_height_tablet":0,"ocean_menu_typo_line_height_mobile":0,"ocean_menu_typo_line_height_unit":"","ocean_menu_typo_spacing":0,"ocean_menu_typo_spacing_tablet":0,"ocean_menu_typo_spacing_mobile":0,"ocean_menu_typo_spacing_unit":"","ocean_menu_link_color":"","ocean_menu_link_color_hover":"","ocean_menu_link_color_active":"","ocean_menu_link_background":"","ocean_menu_link_hover_background":"","ocean_menu_link_active_background":"","ocean_menu_social_links_bg":"","ocean_menu_social_hover_links_bg":"","ocean_menu_social_links_color":"","ocean_menu_social_hover_links_color":"","ocean_disable_title":"default","ocean_disable_heading":"default","ocean_post_title":"","ocean_post_subheading":"","ocean_post_title_style":"","ocean_post_title_background_color":"","ocean_post_title_background":0,"ocean_post_title_bg_image_position":"","ocean_post_title_bg_image_attachment":"","ocean_post_title_bg_image_repeat":"","ocean_post_title_bg_image_size":"","ocean_post_title_height":0,"ocean_post_title_bg_overlay":0.5,"ocean_post_title_bg_overlay_color":"","ocean_disable_breadcrumbs":"default","ocean_breadcrumbs_color":"","ocean_breadcrumbs_separator_color":"","ocean_breadcrumbs_links_color":"","ocean_breadcrumbs_links_hover_color":"","ocean_display_footer_widgets":"default","ocean_display_footer_bottom":"default","ocean_custom_footer_template":"0","footnotes":""},"class_list":["post-569","page","type-page","status-publish","hentry","entry"],"_links":{"self":[{"href":"https:\/\/www.lyceecharlescoulomb.fr\/site\/index.php?rest_route=\/wp\/v2\/pages\/569","targetHints":{"allow":["GET"]}}],"collection":[{"href":"https:\/\/www.lyceecharlescoulomb.fr\/site\/index.php?rest_route=\/wp\/v2\/pages"}],"about":[{"href":"https:\/\/www.lyceecharlescoulomb.fr\/site\/index.php?rest_route=\/wp\/v2\/types\/page"}],"author":[{"embeddable":true,"href":"https:\/\/www.lyceecharlescoulomb.fr\/site\/index.php?rest_route=\/wp\/v2\/users\/9"}],"replies":[{"embeddable":true,"href":"https:\/\/www.lyceecharlescoulomb.fr\/site\/index.php?rest_route=%2Fwp%2Fv2%2Fcomments&post=569"}],"version-history":[{"count":35,"href":"https:\/\/www.lyceecharlescoulomb.fr\/site\/index.php?rest_route=\/wp\/v2\/pages\/569\/revisions"}],"predecessor-version":[{"id":6169,"href":"https:\/\/www.lyceecharlescoulomb.fr\/site\/index.php?rest_route=\/wp\/v2\/pages\/569\/revisions\/6169"}],"up":[{"embeddable":true,"href":"https:\/\/www.lyceecharlescoulomb.fr\/site\/index.php?rest_route=\/wp\/v2\/pages\/1179"}],"wp:attachment":[{"href":"https:\/\/www.lyceecharlescoulomb.fr\/site\/index.php?rest_route=%2Fwp%2Fv2%2Fmedia&parent=569"}],"curies":[{"name":"wp","href":"https:\/\/api.w.org\/{rel}","templated":true}]}}